{"id":309,"date":"2023-02-09T13:47:18","date_gmt":"2023-02-09T13:47:18","guid":{"rendered":"https:\/\/www.lediamant.ca\/?page_id=309"},"modified":"2025-09-24T11:59:58","modified_gmt":"2025-09-24T15:59:58","slug":"lieu","status":"publish","type":"page","link":"https:\/\/www.lediamant.ca\/fr\/lieu","title":{"rendered":"Le lieu"},"content":{"rendered":"<div class=\"item wysiwyg component-paragraph\" >\n<p>Lieu de diffusion culturelle unique, Le Diamant est vou\u00e9 \u00e0 pr\u00e9senter le meilleur des cr\u00e9ations contemporaines nationales et internationales. Cette salle \u00e0 g\u00e9om\u00e9trie variable permet d\u2019attirer des productions in\u00e9dites et des \u00e9v\u00e8nements \u00e0 grand d\u00e9ploiement dans un contexte intimiste.<\/p>\n<\/div>\n\n<div class=\"item wysiwyg component-paragraph\" >\n<p>Ouvert sur sa communaut\u00e9 et serti au c\u0153ur du centre-ville historique, ce lieu de rayonnement est un point d\u2019ancrage pour le public, les artistes de la rel\u00e8ve et les cr\u00e9ateurs de tous les horizons.<\/p>\n<\/div>\n\n<div class=\"item wysiwyg component-images-slider\" >    <div class=\"js-images-slider images-slider images-slider--landscape\">\n\n        <nav data-slider-nav class=\"images-slider__navigation\" data-aria-label=\"Navigation du carrousel\">\n                            <button type=\"button\" aria-label=\"Pr\u00e9c\u00e9dent\" class=\"images-slider__button images-slider__button--prev\">\n                    <svg aria-hidden=\"true\" focusable=\"false\" width=\"20px\" height=\"19px\">\n                        <use xlink:href=\"#ico-arrow-right\"><\/use>\n                    <\/svg>\n                <\/button>\n                <button type=\"button\" aria-label=\"Suivant\" class=\"images-slider__button images-slider__button--next\">\n                    <svg aria-hidden=\"true\" focusable=\"false\" width=\"20px\" height=\"19px\">\n                        <use xlink:href=\"#ico-arrow-right\"><\/use>\n                    <\/svg>\n                <\/button>\n                    <\/nav>\n        <div class=\"images-slider__wrapper\" data-slider-items role=\"list\">\n                                            <div class=\"images-slider__item\">\n                    <img decoding=\"async\" src=\"https:\/\/www.lediamant.ca\/wp-content\/uploads\/2023\/05\/lieu-carrousel-stephanegroleau-10.jpg\" data-src=\"https:\/\/www.lediamant.ca\/wp-content\/uploads\/2023\/05\/lieu-carrousel-stephanegroleau-10.jpg\" alt=\"\" class=\"images-slider__img tns-lazy-img\" loading=\"lazy\">\n                                            <span class=\"images-slider__copyright\">Photo \u2014 St\u00e9phane Groleau<\/span>\n                                    <\/div>\n                                            <div class=\"images-slider__item\">\n                    <img decoding=\"async\" src=\"\" data-src=\"https:\/\/www.lediamant.ca\/wp-content\/uploads\/2023\/04\/Batiment-Billetterie-StephaneGroleau-Original-1-scaled.jpg\" alt=\"La billetterie du Diamant\" class=\"images-slider__img tns-lazy-img\" loading=\"lazy\">\n                                            <span class=\"images-slider__copyright\">Photo \u2014 St\u00e9phane Groleau<\/span>\n                                    <\/div>\n                                            <div class=\"images-slider__item\">\n                    <img decoding=\"async\" src=\"\" data-src=\"https:\/\/www.lediamant.ca\/wp-content\/uploads\/2023\/05\/lieu-carrousel-stephanegroleau-02.jpg\" alt=\"\" class=\"images-slider__img tns-lazy-img\" loading=\"lazy\">\n                                            <span class=\"images-slider__copyright\">Photo \u2014 St\u00e9phane Groleau<\/span>\n                                    <\/div>\n                                            <div class=\"images-slider__item\">\n                    <img decoding=\"async\" src=\"\" data-src=\"https:\/\/www.lediamant.ca\/wp-content\/uploads\/2023\/05\/lieu-carrousel-elias-03.jpg\" alt=\"\" class=\"images-slider__img tns-lazy-img\" loading=\"lazy\">\n                                            <span class=\"images-slider__copyright\">Photo \u2014 Elias Djemil<\/span>\n                                    <\/div>\n                                            <div class=\"images-slider__item\">\n                    <img decoding=\"async\" src=\"\" data-src=\"https:\/\/www.lediamant.ca\/wp-content\/uploads\/2023\/04\/Batiment-FoyerBMO5-StephaneGroleau-Original-1-scaled.jpg\" alt=\"Le foyer BMO\" class=\"images-slider__img tns-lazy-img\" loading=\"lazy\">\n                                            <span class=\"images-slider__copyright\">Photo \u2014 St\u00e9phane Groleau<\/span>\n                                    <\/div>\n                                            <div class=\"images-slider__item\">\n                    <img decoding=\"async\" src=\"\" data-src=\"https:\/\/www.lediamant.ca\/wp-content\/uploads\/2023\/05\/lieu-carrousel-stephanegroleau-09.jpg\" alt=\"\" class=\"images-slider__img tns-lazy-img\" loading=\"lazy\">\n                                            <span class=\"images-slider__copyright\">Photo \u2014 St\u00e9phane Groleau<\/span>\n                                    <\/div>\n                                            <div class=\"images-slider__item\">\n                    <img decoding=\"async\" src=\"\" data-src=\"https:\/\/www.lediamant.ca\/wp-content\/uploads\/2023\/05\/lieu-carrousel-elias-01.jpg\" alt=\"\" class=\"images-slider__img tns-lazy-img\" loading=\"lazy\">\n                                            <span class=\"images-slider__copyright\">Photo \u2014 Elias Djemil<\/span>\n                                    <\/div>\n                                            <div class=\"images-slider__item\">\n                    <img decoding=\"async\" src=\"\" data-src=\"https:\/\/www.lediamant.ca\/wp-content\/uploads\/2023\/05\/lieu-carrousel-stephanegroleau-04.jpg\" alt=\"\" class=\"images-slider__img tns-lazy-img\" loading=\"lazy\">\n                                            <span class=\"images-slider__copyright\">Photo \u2014 St\u00e9phane Groleau<\/span>\n                                    <\/div>\n                                            <div class=\"images-slider__item\">\n                    <img decoding=\"async\" src=\"\" data-src=\"https:\/\/www.lediamant.ca\/wp-content\/uploads\/2023\/05\/lieu-carrousel-stephanegroleau-01.jpg\" alt=\"\" class=\"images-slider__img tns-lazy-img\" loading=\"lazy\">\n                                            <span class=\"images-slider__copyright\">Photo \u2014 St\u00e9phane Groleau<\/span>\n                                    <\/div>\n                                            <div class=\"images-slider__item\">\n                    <img decoding=\"async\" src=\"\" data-src=\"https:\/\/www.lediamant.ca\/wp-content\/uploads\/2023\/05\/lieu-carrousel-elias-05.jpg\" alt=\"\" class=\"images-slider__img tns-lazy-img\" loading=\"lazy\">\n                                            <span class=\"images-slider__copyright\">Photo \u2014 Elias Djemil<\/span>\n                                    <\/div>\n                                            <div class=\"images-slider__item\">\n                    <img decoding=\"async\" src=\"\" data-src=\"https:\/\/www.lediamant.ca\/wp-content\/uploads\/2023\/05\/lieu-carrousel-elias-02.jpg\" alt=\"\" class=\"images-slider__img tns-lazy-img\" loading=\"lazy\">\n                                            <span class=\"images-slider__copyright\">Photo \u2014 Elias Djemil<\/span>\n                                    <\/div>\n                                            <div class=\"images-slider__item\">\n                    <img decoding=\"async\" src=\"\" data-src=\"https:\/\/www.lediamant.ca\/wp-content\/uploads\/2023\/05\/lieu-carrousel-stephanegroleau-07.jpg\" alt=\"\" class=\"images-slider__img tns-lazy-img\" loading=\"lazy\">\n                                            <span class=\"images-slider__copyright\">Photo \u2014 St\u00e9phane Groleau<\/span>\n                                    <\/div>\n                                            <div class=\"images-slider__item\">\n                    <img decoding=\"async\" src=\"\" data-src=\"https:\/\/www.lediamant.ca\/wp-content\/uploads\/2023\/05\/lieu-carrousel-stephanegroleau-05-scaled.jpg\" alt=\"\" class=\"images-slider__img tns-lazy-img\" loading=\"lazy\">\n                                            <span class=\"images-slider__copyright\">Photo \u2014 St\u00e9phane Groleau<\/span>\n                                    <\/div>\n                                            <div class=\"images-slider__item\">\n                    <img decoding=\"async\" src=\"\" data-src=\"https:\/\/www.lediamant.ca\/wp-content\/uploads\/2023\/05\/lieu-carrousel-stephanegroleau-06.jpg\" alt=\"\" class=\"images-slider__img tns-lazy-img\" loading=\"lazy\">\n                                            <span class=\"images-slider__copyright\">Photo \u2014 St\u00e9phane Groleau<\/span>\n                                    <\/div>\n                                            <div class=\"images-slider__item\">\n                    <img decoding=\"async\" src=\"\" data-src=\"https:\/\/www.lediamant.ca\/wp-content\/uploads\/2023\/05\/lieu-carrousel-stephanegroleau-08.jpg\" alt=\"\" class=\"images-slider__img tns-lazy-img\" loading=\"lazy\">\n                                            <span class=\"images-slider__copyright\">Photo \u2014 St\u00e9phane Groleau<\/span>\n                                    <\/div>\n                                            <div class=\"images-slider__item\">\n                    <img decoding=\"async\" src=\"\" data-src=\"https:\/\/www.lediamant.ca\/wp-content\/uploads\/2023\/05\/lieu-terrasse-stephanebourgeois.jpg\" alt=\"\" class=\"images-slider__img tns-lazy-img\" loading=\"lazy\">\n                                            <span class=\"images-slider__copyright\">Photo \u2014 St\u00e9phane Bourgeois<\/span>\n                                    <\/div>\n                                            <div class=\"images-slider__item\">\n                    <img decoding=\"async\" src=\"\" data-src=\"https:\/\/www.lediamant.ca\/wp-content\/uploads\/2023\/05\/lieu-batisse-stephanebourgeois.jpg\" alt=\"\" class=\"images-slider__img tns-lazy-img\" loading=\"lazy\">\n                                            <span class=\"images-slider__copyright\">Photo \u2014 St\u00e9phane Bourgeois<\/span>\n                                    <\/div>\n                    <\/div>\n    <\/div>\n<\/div>\n\n<div class=\"item wysiwyg component-heading\" >\n<h3 class=\"wp-block-heading\">5 faits int\u00e9ressants sur le diamant<\/h3>\n<\/div>\n\n<div class=\"item wysiwyg component-list\" >\n<ol class=\"wp-block-list\">\n<li>Le Diamant est un diffuseur et le lieu de cr\u00e9ation d\u2019<a href=\"https:\/\/exmachina.ca\/\">Ex Machina<\/a>, compagnie de production au rayonnement international dirig\u00e9e par Robert Lepage. <\/li>\n\n\n\n<li>Le lieu est dot\u00e9 d\u2019une salle de diffusion \u00e0 g\u00e9om\u00e9trie variable de 642 si\u00e8ges et d\u2019un studio de cr\u00e9ation. <\/li>\n\n\n\n<li>Ex Machina est la r\u00e9sidente principale du Studio Lepage Beaulieu et Le Diamant abrite \u00e9galement les bureaux administratifs de la compagnie. <\/li>\n\n\n\n<li>L\u2019architecture unique du Diamant allie patrimoine et modernit\u00e9 et a \u00e9t\u00e9 prim\u00e9e \u00e0 plusieurs reprises, notamment par l\u2019<a href=\"https:\/\/www.oaq.com\/article-magazine\/le-diamant\/\">Ordre des architectes du Qu\u00e9bec<\/a> et les <a href=\"https:\/\/winners.architizer.com\/2020\/\">Architizer A+ Awards.<\/a><\/li>\n\n\n\n<li>La signature architecturale exceptionnelle du Diamant est une r\u00e9alisation du consortium Coarchitecture, In Situ et Jacques Plante Architecte.<\/li>\n<\/ol>\n<\/div>\n\n<div class=\"item component-spacer\" ><div class=\"container\">\n<div style=\"height:100px\" aria-hidden=\"true\" class=\"wp-block-spacer\"><\/div>\n<\/div><\/div>","protected":false},"excerpt":{"rendered":"Lieu de diffusion culturelle unique, Le Diamant est vou\u00e9 \u00e0 pr\u00e9senter le meilleur des cr\u00e9ations contemporaines nationales et internationales. Cette salle \u00e0 g\u00e9om\u00e9trie variable permet d\u2019attirer des productions in\u00e9dites et des \u00e9v\u00e8nements \u00e0 grand d\u00e9ploiement dans un contexte intimiste. Ouvert sur sa communaut\u00e9 et serti au c\u0153ur du centre-ville historique, ce lieu de rayonnement est [&hellip;]","protected":false},"author":2,"featured_media":2905,"parent":0,"menu_order":0,"comment_status":"closed","ping_status":"closed","template":"","meta":{"_acf_changed":false,"footnotes":""},"class_list":["post-309","page","type-page","status-publish","has-post-thumbnail","hentry"],"acf":[],"yoast_head":"<!-- This site is optimized with the Yoast SEO plugin v26.5 - https:\/\/yoast.com\/wordpress\/plugins\/seo\/ -->\n<title>Le lieu - Le Diamant<\/title>\n<meta name=\"description\" content=\"Lieu de diffusion culturelle unique, Le Diamant est vou\u00e9 \u00e0 pr\u00e9senter le meilleur des cr\u00e9ations contemporaines nationales et internationales.\" \/>\n<meta name=\"robots\" content=\"index, follow, max-snippet:-1, max-image-preview:large, max-video-preview:-1\" \/>\n<link rel=\"canonical\" href=\"https:\/\/www.lediamant.ca\/fr\/lieu\" \/>\n<meta property=\"og:locale\" content=\"fr_FR\" \/>\n<meta property=\"og:type\" content=\"article\" \/>\n<meta property=\"og:title\" content=\"Le lieu | Le Diamant\" \/>\n<meta property=\"og:description\" content=\"Lieu de diffusion culturelle unique, Le Diamant est vou\u00e9 \u00e0 pr\u00e9senter le meilleur des cr\u00e9ations contemporaines nationales et internationales.\" \/>\n<meta property=\"og:url\" content=\"https:\/\/www.lediamant.ca\/fr\/lieu\" \/>\n<meta property=\"og:site_name\" content=\"Le Diamant\" \/>\n<meta property=\"article:publisher\" content=\"https:\/\/www.facebook.com\/lediamantqc\/\" \/>\n<meta property=\"article:modified_time\" content=\"2025-09-24T15:59:58+00:00\" \/>\n<meta property=\"og:image\" content=\"https:\/\/www.lediamant.ca\/wp-content\/uploads\/2023\/05\/lieu-opengraph.jpg\" \/>\n\t<meta property=\"og:image:width\" content=\"1200\" \/>\n\t<meta property=\"og:image:height\" content=\"630\" \/>\n\t<meta property=\"og:image:type\" content=\"image\/jpeg\" \/>\n<meta name=\"twitter:card\" content=\"summary_large_image\" \/>\n<meta name=\"twitter:site\" content=\"@lediamant_qc\" \/>\n<meta name=\"twitter:label1\" content=\"Dur\u00e9e de lecture estim\u00e9e\" \/>\n\t<meta name=\"twitter:data1\" content=\"2 minutes\" \/>\n<script type=\"application\/ld+json\" class=\"yoast-schema-graph\">{\"@context\":\"https:\/\/schema.org\",\"@graph\":[{\"@type\":\"WebPage\",\"@id\":\"https:\/\/www.lediamant.ca\/fr\/lieu\",\"url\":\"https:\/\/www.lediamant.ca\/fr\/lieu\",\"name\":\"Le lieu - Le Diamant\",\"isPartOf\":{\"@id\":\"https:\/\/www.lediamant.ca\/fr\/#website\"},\"primaryImageOfPage\":{\"@id\":\"https:\/\/www.lediamant.ca\/fr\/lieu#primaryimage\"},\"image\":{\"@id\":\"https:\/\/www.lediamant.ca\/fr\/lieu#primaryimage\"},\"thumbnailUrl\":\"https:\/\/www.lediamant.ca\/wp-content\/uploads\/2023\/05\/lelieu-bandeau-scaled.jpg\",\"datePublished\":\"2023-02-09T13:47:18+00:00\",\"dateModified\":\"2025-09-24T15:59:58+00:00\",\"description\":\"Lieu de diffusion culturelle unique, Le Diamant est vou\u00e9 \u00e0 pr\u00e9senter le meilleur des cr\u00e9ations contemporaines nationales et internationales.\",\"breadcrumb\":{\"@id\":\"https:\/\/www.lediamant.ca\/fr\/lieu#breadcrumb\"},\"inLanguage\":\"fr-FR\",\"potentialAction\":[{\"@type\":\"ReadAction\",\"target\":[\"https:\/\/www.lediamant.ca\/fr\/lieu\"]}]},{\"@type\":\"ImageObject\",\"inLanguage\":\"fr-FR\",\"@id\":\"https:\/\/www.lediamant.ca\/fr\/lieu#primaryimage\",\"url\":\"https:\/\/www.lediamant.ca\/wp-content\/uploads\/2023\/05\/lelieu-bandeau-scaled.jpg\",\"contentUrl\":\"https:\/\/www.lediamant.ca\/wp-content\/uploads\/2023\/05\/lelieu-bandeau-scaled.jpg\",\"width\":2560,\"height\":914},{\"@type\":\"BreadcrumbList\",\"@id\":\"https:\/\/www.lediamant.ca\/fr\/lieu#breadcrumb\",\"itemListElement\":[{\"@type\":\"ListItem\",\"position\":1,\"name\":\"Accueil\",\"item\":\"https:\/\/www.lediamant.ca\/fr\"},{\"@type\":\"ListItem\",\"position\":2,\"name\":\"Le lieu\"}]},{\"@type\":\"WebSite\",\"@id\":\"https:\/\/www.lediamant.ca\/fr\/#website\",\"url\":\"https:\/\/www.lediamant.ca\/fr\/\",\"name\":\"Le Diamant\",\"description\":\"Salle de spectacle situ\u00e9e \u00e0 place D&#039;Youville, Qu\u00e9bec (Canada). D\u00e9couvrez notre programmation.\",\"publisher\":{\"@id\":\"https:\/\/www.lediamant.ca\/fr\/#organization\"},\"potentialAction\":[{\"@type\":\"SearchAction\",\"target\":{\"@type\":\"EntryPoint\",\"urlTemplate\":\"https:\/\/www.lediamant.ca\/fr\/?s={search_term_string}\"},\"query-input\":{\"@type\":\"PropertyValueSpecification\",\"valueRequired\":true,\"valueName\":\"search_term_string\"}}],\"inLanguage\":\"fr-FR\"},{\"@type\":\"Organization\",\"@id\":\"https:\/\/www.lediamant.ca\/fr\/#organization\",\"name\":\"Le Diamant\",\"url\":\"https:\/\/www.lediamant.ca\/fr\/\",\"logo\":{\"@type\":\"ImageObject\",\"inLanguage\":\"fr-FR\",\"@id\":\"https:\/\/www.lediamant.ca\/fr\/#\/schema\/logo\/image\/\",\"url\":\"https:\/\/www.lediamant.ca\/wp-content\/uploads\/2023\/05\/le-diamant-logo.png\",\"contentUrl\":\"https:\/\/www.lediamant.ca\/wp-content\/uploads\/2023\/05\/le-diamant-logo.png\",\"width\":1000,\"height\":750,\"caption\":\"Le Diamant\"},\"image\":{\"@id\":\"https:\/\/www.lediamant.ca\/fr\/#\/schema\/logo\/image\/\"},\"sameAs\":[\"https:\/\/www.facebook.com\/lediamantqc\/\",\"https:\/\/x.com\/lediamant_qc\"]}]}<\/script>\n<!-- \/ Yoast SEO plugin. -->","yoast_head_json":{"title":"Le lieu - Le Diamant","description":"Lieu de diffusion culturelle unique, Le Diamant est vou\u00e9 \u00e0 pr\u00e9senter le meilleur des cr\u00e9ations contemporaines nationales et internationales.","robots":{"index":"index","follow":"follow","max-snippet":"max-snippet:-1","max-image-preview":"max-image-preview:large","max-video-preview":"max-video-preview:-1"},"canonical":"https:\/\/www.lediamant.ca\/fr\/lieu","og_locale":"fr_FR","og_type":"article","og_title":"Le lieu | Le Diamant","og_description":"Lieu de diffusion culturelle unique, Le Diamant est vou\u00e9 \u00e0 pr\u00e9senter le meilleur des cr\u00e9ations contemporaines nationales et internationales.","og_url":"https:\/\/www.lediamant.ca\/fr\/lieu","og_site_name":"Le Diamant","article_publisher":"https:\/\/www.facebook.com\/lediamantqc\/","article_modified_time":"2025-09-24T15:59:58+00:00","og_image":[{"width":1200,"height":630,"url":"https:\/\/www.lediamant.ca\/wp-content\/uploads\/2023\/05\/lieu-opengraph.jpg","type":"image\/jpeg"}],"twitter_card":"summary_large_image","twitter_site":"@lediamant_qc","twitter_misc":{"Dur\u00e9e de lecture estim\u00e9e":"2 minutes"},"schema":{"@context":"https:\/\/schema.org","@graph":[{"@type":"WebPage","@id":"https:\/\/www.lediamant.ca\/fr\/lieu","url":"https:\/\/www.lediamant.ca\/fr\/lieu","name":"Le lieu - Le Diamant","isPartOf":{"@id":"https:\/\/www.lediamant.ca\/fr\/#website"},"primaryImageOfPage":{"@id":"https:\/\/www.lediamant.ca\/fr\/lieu#primaryimage"},"image":{"@id":"https:\/\/www.lediamant.ca\/fr\/lieu#primaryimage"},"thumbnailUrl":"https:\/\/www.lediamant.ca\/wp-content\/uploads\/2023\/05\/lelieu-bandeau-scaled.jpg","datePublished":"2023-02-09T13:47:18+00:00","dateModified":"2025-09-24T15:59:58+00:00","description":"Lieu de diffusion culturelle unique, Le Diamant est vou\u00e9 \u00e0 pr\u00e9senter le meilleur des cr\u00e9ations contemporaines nationales et internationales.","breadcrumb":{"@id":"https:\/\/www.lediamant.ca\/fr\/lieu#breadcrumb"},"inLanguage":"fr-FR","potentialAction":[{"@type":"ReadAction","target":["https:\/\/www.lediamant.ca\/fr\/lieu"]}]},{"@type":"ImageObject","inLanguage":"fr-FR","@id":"https:\/\/www.lediamant.ca\/fr\/lieu#primaryimage","url":"https:\/\/www.lediamant.ca\/wp-content\/uploads\/2023\/05\/lelieu-bandeau-scaled.jpg","contentUrl":"https:\/\/www.lediamant.ca\/wp-content\/uploads\/2023\/05\/lelieu-bandeau-scaled.jpg","width":2560,"height":914},{"@type":"BreadcrumbList","@id":"https:\/\/www.lediamant.ca\/fr\/lieu#breadcrumb","itemListElement":[{"@type":"ListItem","position":1,"name":"Accueil","item":"https:\/\/www.lediamant.ca\/fr"},{"@type":"ListItem","position":2,"name":"Le lieu"}]},{"@type":"WebSite","@id":"https:\/\/www.lediamant.ca\/fr\/#website","url":"https:\/\/www.lediamant.ca\/fr\/","name":"Le Diamant","description":"Salle de spectacle situ\u00e9e \u00e0 place D&#039;Youville, Qu\u00e9bec (Canada). D\u00e9couvrez notre programmation.","publisher":{"@id":"https:\/\/www.lediamant.ca\/fr\/#organization"},"potentialAction":[{"@type":"SearchAction","target":{"@type":"EntryPoint","urlTemplate":"https:\/\/www.lediamant.ca\/fr\/?s={search_term_string}"},"query-input":{"@type":"PropertyValueSpecification","valueRequired":true,"valueName":"search_term_string"}}],"inLanguage":"fr-FR"},{"@type":"Organization","@id":"https:\/\/www.lediamant.ca\/fr\/#organization","name":"Le Diamant","url":"https:\/\/www.lediamant.ca\/fr\/","logo":{"@type":"ImageObject","inLanguage":"fr-FR","@id":"https:\/\/www.lediamant.ca\/fr\/#\/schema\/logo\/image\/","url":"https:\/\/www.lediamant.ca\/wp-content\/uploads\/2023\/05\/le-diamant-logo.png","contentUrl":"https:\/\/www.lediamant.ca\/wp-content\/uploads\/2023\/05\/le-diamant-logo.png","width":1000,"height":750,"caption":"Le Diamant"},"image":{"@id":"https:\/\/www.lediamant.ca\/fr\/#\/schema\/logo\/image\/"},"sameAs":["https:\/\/www.facebook.com\/lediamantqc\/","https:\/\/x.com\/lediamant_qc"]}]}},"_links":{"self":[{"href":"https:\/\/www.lediamant.ca\/fr\/wp-json\/wp\/v2\/pages\/309","targetHints":{"allow":["GET"]}}],"collection":[{"href":"https:\/\/www.lediamant.ca\/fr\/wp-json\/wp\/v2\/pages"}],"about":[{"href":"https:\/\/www.lediamant.ca\/fr\/wp-json\/wp\/v2\/types\/page"}],"author":[{"embeddable":true,"href":"https:\/\/www.lediamant.ca\/fr\/wp-json\/wp\/v2\/users\/2"}],"replies":[{"embeddable":true,"href":"https:\/\/www.lediamant.ca\/fr\/wp-json\/wp\/v2\/comments?post=309"}],"version-history":[{"count":47,"href":"https:\/\/www.lediamant.ca\/fr\/wp-json\/wp\/v2\/pages\/309\/revisions"}],"predecessor-version":[{"id":19521,"href":"https:\/\/www.lediamant.ca\/fr\/wp-json\/wp\/v2\/pages\/309\/revisions\/19521"}],"wp:featuredmedia":[{"embeddable":true,"href":"https:\/\/www.lediamant.ca\/fr\/wp-json\/wp\/v2\/media\/2905"}],"wp:attachment":[{"href":"https:\/\/www.lediamant.ca\/fr\/wp-json\/wp\/v2\/media?parent=309"}],"curies":[{"name":"wp","href":"https:\/\/api.w.org\/{rel}","templated":true}]}}