{"id":299,"date":"2023-02-09T13:46:07","date_gmt":"2023-02-09T13:46:07","guid":{"rendered":"https:\/\/www.lediamant.ca\/?page_id=299"},"modified":"2025-10-31T10:02:44","modified_gmt":"2025-10-31T14:02:44","slug":"visite-guidee","status":"publish","type":"page","link":"https:\/\/www.lediamant.ca\/fr\/visite-guidee","title":{"rendered":"Visite guid\u00e9e"},"content":{"rendered":"<div class=\"item component-columns\">\n<div class=\"wp-block-columns is-layout-flex wp-container-core-columns-is-layout-9d6595d7 wp-block-columns-is-layout-flex\">\n<div class=\"wp-block-column is-layout-flow wp-block-column-is-layout-flow\" style=\"flex-basis:66.66%\"><div class=\"item wysiwyg component-heading\" >\n<h3 class=\"wp-block-heading\">Le Diamant se d\u00e9voile<\/h3>\n<\/div>\n\n<div class=\"item wysiwyg component-paragraph\" >\n<p>Du riche patrimoine historique du b\u00e2timent \u00e0 l&rsquo;effervescence qui r\u00e8gne dans le quartier, d\u00e9couvrez les diff\u00e9rentes facettes du Diamant le temps d&rsquo;une visite.<\/p>\n<\/div><\/div>\n\n\n\n<div class=\"wp-block-column is-vertically-aligned-top is-layout-flow wp-block-column-is-layout-flow\" style=\"flex-basis:33.33%\"><div class=\"item wysiwyg component-heading\" >\n<h4 class=\"wp-block-heading\">25\u2009$ <small>+&nbsp;taxes<\/small><\/h4>\n<\/div>\n\n<div class=\"item wysiwyg component-link-button\" >\n<p><a class=\"btn btn--regular\" href=\"https:\/\/billets.lediamant.ca\/dia\/#\/073aee0b-e05c-4459-b1fa-ee7748047f57?fac=DIA&#038;locale=fr-CA&#038;skin=dia\" target=\"_blank\">R\u00e9server<\/a><\/p><\/div><\/div>\n<\/div>\n<\/div>\n\n\n<div class=\"wp-block-group has-light-gray-background-color has-background\"><div class=\"wp-block-group__inner-container is-layout-constrained wp-block-group-is-layout-constrained\"><div class=\"item component-columns\">\n<div class=\"wp-block-columns is-layout-flex wp-container-core-columns-is-layout-9d6595d7 wp-block-columns-is-layout-flex\">\n<div class=\"wp-block-column is-layout-flow wp-block-column-is-layout-flow\"><div class=\"item wysiwyg component-images-slider\" >    <div class=\"js-images-slider images-slider images-slider--square\">\n\n        <nav data-slider-nav class=\"images-slider__navigation\" data-aria-label=\"Navigation du carrousel\">\n                            <button type=\"button\" aria-label=\"Pr\u00e9c\u00e9dent\" class=\"images-slider__button images-slider__button--prev\">\n                    <svg aria-hidden=\"true\" focusable=\"false\" width=\"20px\" height=\"19px\">\n                        <use xlink:href=\"#ico-arrow-right\"><\/use>\n                    <\/svg>\n                <\/button>\n                <button type=\"button\" aria-label=\"Suivant\" class=\"images-slider__button images-slider__button--next\">\n                    <svg aria-hidden=\"true\" focusable=\"false\" width=\"20px\" height=\"19px\">\n                        <use xlink:href=\"#ico-arrow-right\"><\/use>\n                    <\/svg>\n                <\/button>\n                    <\/nav>\n        <div class=\"images-slider__wrapper\" data-slider-items role=\"list\">\n                                            <div class=\"images-slider__item\">\n                    <img decoding=\"async\" src=\"https:\/\/www.lediamant.ca\/wp-content\/uploads\/2025\/10\/visite-guidee-Raphaelle-Morin-le-diamant.jpg\" data-src=\"https:\/\/www.lediamant.ca\/wp-content\/uploads\/2025\/10\/visite-guidee-Raphaelle-Morin-le-diamant.jpg\" alt=\"\" class=\"images-slider__img tns-lazy-img\" loading=\"lazy\">\n                                            <span class=\"images-slider__copyright\">Photo \u2014 Raphae\u0308lle Morin<\/span>\n                                    <\/div>\n                                            <div class=\"images-slider__item\">\n                    <img decoding=\"async\" src=\"\" data-src=\"https:\/\/www.lediamant.ca\/wp-content\/uploads\/2023\/10\/Atrium-Sandra-et-Alain-Bouchard.jpg\" alt=\"Atrium Sandra et Alain Bouchard\" class=\"images-slider__img tns-lazy-img\" loading=\"lazy\">\n                                    <\/div>\n                                            <div class=\"images-slider__item\">\n                    <img decoding=\"async\" src=\"\" data-src=\"https:\/\/www.lediamant.ca\/wp-content\/uploads\/2025\/10\/visite-guidee-Raphaelle-Morin-le-diamant-04.jpg\" alt=\"\" class=\"images-slider__img tns-lazy-img\" loading=\"lazy\">\n                                            <span class=\"images-slider__copyright\">Photo \u2014 Raphae\u0308lle Morin<\/span>\n                                    <\/div>\n                                            <div class=\"images-slider__item\">\n                    <img decoding=\"async\" src=\"\" data-src=\"https:\/\/www.lediamant.ca\/wp-content\/uploads\/2023\/04\/Batiment-FoyerBMO4-StephaneGroleau-Original-1-scaled.jpg\" alt=\"Le foyer BMO\" class=\"images-slider__img tns-lazy-img\" loading=\"lazy\">\n                                            <span class=\"images-slider__copyright\">Photo \u2014 St\u00e9phane Groleau<\/span>\n                                    <\/div>\n                                            <div class=\"images-slider__item\">\n                    <img decoding=\"async\" src=\"\" data-src=\"https:\/\/www.lediamant.ca\/wp-content\/uploads\/2025\/10\/visite-guidee-Raphaelle-Morin-le-diamant-02.jpg\" alt=\"\" class=\"images-slider__img tns-lazy-img\" loading=\"lazy\">\n                                            <span class=\"images-slider__copyright\">Photo \u2014 Raphae\u0308lle Morin<\/span>\n                                    <\/div>\n                                            <div class=\"images-slider__item\">\n                    <img decoding=\"async\" src=\"\" data-src=\"https:\/\/www.lediamant.ca\/wp-content\/uploads\/2025\/10\/visite-guidee-Raphaelle-Morin-le-diamant-03.jpg\" alt=\"\" class=\"images-slider__img tns-lazy-img\" loading=\"lazy\">\n                                            <span class=\"images-slider__copyright\">Photo \u2014 Raphae\u0308lle Morin<\/span>\n                                    <\/div>\n                                            <div class=\"images-slider__item\">\n                    <img decoding=\"async\" src=\"\" data-src=\"https:\/\/www.lediamant.ca\/wp-content\/uploads\/2025\/10\/visite-guidee-Raphaelle-Morin-le-diamant-05-1.jpg\" alt=\"\" class=\"images-slider__img tns-lazy-img\" loading=\"lazy\">\n                                            <span class=\"images-slider__copyright\">Photo \u2014 Raphae\u0308lle Morin<\/span>\n                                    <\/div>\n                                            <div class=\"images-slider__item\">\n                    <img decoding=\"async\" src=\"\" data-src=\"https:\/\/www.lediamant.ca\/wp-content\/uploads\/2023\/05\/Batiment-Foyer5e-StephaneGroleau-Original-scaled.jpg\" alt=\"Le foyer du 5e \u00e9tage\" class=\"images-slider__img tns-lazy-img\" loading=\"lazy\">\n                                            <span class=\"images-slider__copyright\">Photo \u2014 St\u00e9phane Groleau<\/span>\n                                    <\/div>\n                                            <div class=\"images-slider__item\">\n                    <img decoding=\"async\" src=\"\" data-src=\"https:\/\/www.lediamant.ca\/wp-content\/uploads\/2023\/05\/Batiment-StudioLepageBeaulieu-StephaneGroleau-Original-scaled.jpg\" alt=\"Le studio Lepage Beaulieu\" class=\"images-slider__img tns-lazy-img\" loading=\"lazy\">\n                                            <span class=\"images-slider__copyright\">Photo \u2014 St\u00e9phane Groleau<\/span>\n                                    <\/div>\n                                            <div class=\"images-slider__item\">\n                    <img decoding=\"async\" src=\"\" data-src=\"https:\/\/www.lediamant.ca\/wp-content\/uploads\/2023\/05\/visiteguidee-terrasse-stephanebourgeois.jpg\" alt=\"\" class=\"images-slider__img tns-lazy-img\" loading=\"lazy\">\n                                            <span class=\"images-slider__copyright\">Photo \u2014 St\u00e9phane Bourgeois<\/span>\n                                    <\/div>\n                                            <div class=\"images-slider__item\">\n                    <img decoding=\"async\" src=\"\" data-src=\"https:\/\/www.lediamant.ca\/wp-content\/uploads\/2025\/10\/visite-guidee-Raphaelle-Morin-le-diamant-bulle.jpg\" alt=\"\" class=\"images-slider__img tns-lazy-img\" loading=\"lazy\">\n                                            <span class=\"images-slider__copyright\">Photo \u2014 Raphae\u0308lle Morin<\/span>\n                                    <\/div>\n                                            <div class=\"images-slider__item\">\n                    <img decoding=\"async\" src=\"\" data-src=\"https:\/\/www.lediamant.ca\/wp-content\/uploads\/2025\/10\/visite-guidee-Raphaelle-Morin-le-diamant-07.jpg\" alt=\"\" class=\"images-slider__img tns-lazy-img\" loading=\"lazy\">\n                                            <span class=\"images-slider__copyright\">Photo \u2014 Raphae\u0308lle Morin<\/span>\n                                    <\/div>\n                    <\/div>\n    <\/div>\n<\/div><\/div>\n\n\n\n<div class=\"wp-block-column is-layout-flow wp-block-column-is-layout-flow\"><div class=\"item wysiwyg component-paragraph\" >\n<p>Cette visite guid\u00e9e, d&rsquo;une dur\u00e9e approximative de 75&nbsp;minutes, abordera le patrimoine du lieu, de 1879&nbsp;\u00e0 aujourd\u2019hui, l\u2019architecture du b\u00e2timent et ses clins d\u2019\u0153il \u00e0 l\u2019histoire, la naissance du projet jusqu\u2019\u00e0 l\u2019inauguration, les r\u00e9flexions derri\u00e8re la programmation et plus encore.&nbsp;<\/p>\n<\/div>\n\n<div class=\"item wysiwyg component-paragraph\" >\n<p>Votre guide vous accompagnera dans les lieux suivants (selon leur disponibilit\u00e9).<\/p>\n<\/div>\n\n<div class=\"item wysiwyg component-list\" >\n<ul class=\"wp-block-list\">\n<li>Atrium Sandra et Alain Bouchard<\/li>\n\n\n\n<li>Foyer BMO et Foyer Desjardins<\/li>\n\n\n\n<li>Salle Hydro-Qu\u00e9bec<\/li>\n\n\n\n<li>Studio Lepage Beaulieu<\/li>\n\n\n\n<li>Toit-terrasse<\/li>\n<\/ul>\n<\/div>\n\n<div class=\"item wysiwyg component-paragraph\" >\n<p>Afin de conclure en beaut\u00e9 votre visite, des bulles et mignardises vous seront servies au foyer en fin de parcours. Vous pourrez profiter de ce moment pour \u00e9changer avec votre guide et lui poser toutes vos questions.&nbsp;\u200bLa visite est gratuite pour les personnes de 13 ans et moins accompagn\u00e9es d&rsquo;un-e adulte.<\/p>\n<\/div>\n\n<div class=\"item wysiwyg component-paragraph\" >\n<p>Notre lieu est accessible pour les personnes \u00e0 mobilit\u00e9 r\u00e9duite.<\/p>\n<\/div><\/div>\n<\/div>\n<\/div><\/div><\/div>\n\n\n<div class=\"item component-columns\">\n<div class=\"wp-block-columns is-layout-flex wp-container-core-columns-is-layout-9d6595d7 wp-block-columns-is-layout-flex\">\n<div class=\"wp-block-column is-layout-flow wp-block-column-is-layout-flow\"><div class=\"item wysiwyg component-paragraph\" >\n<p>\u00ab <em>J&rsquo;ai beaucoup aim\u00e9 les r\u00e9f\u00e9rences au pass\u00e9, \u00e0 l&rsquo;histoire, aux \u00e9difices ayant pr\u00e9c\u00e9d\u00e9 Le Diamant; j&rsquo;ai aim\u00e9 le caract\u00e8re \u00e9pur\u00e9, la place donn\u00e9e \u00e0 la lumi\u00e8re qui habite les lieux, les espaces vitr\u00e9s des \u00e9tages sup\u00e9rieurs, les vues magnifiques sur la place D&rsquo;Youville.<\/em> \u00bb<\/p>\n<\/div>\n\n<div class=\"item wysiwyg component-paragraph\" >\n<p>\u2014 Denise<\/p>\n<\/div><\/div>\n\n\n\n<div class=\"wp-block-column is-layout-flow wp-block-column-is-layout-flow\"><div class=\"item wysiwyg component-paragraph\" >\n<p>\u00ab <em>Informations tr\u00e8s pertinentes et importantes \u00e0 conna\u00eetre. Robert Lepage est un ambassadeur hors du commun \u00e0 Qu\u00e9bec et pour le Qu\u00e9bec. De conna\u00eetre tout ce qu\u2019il apporte \u00e0 notre culture, c\u2019est tout simplement extraordinaire.<\/em> \u00bb<\/p>\n<\/div>\n\n<div class=\"item wysiwyg component-paragraph\" >\n<p>\u2014 Jasmine<\/p>\n<\/div><\/div>\n\n\n\n<div class=\"wp-block-column is-layout-flow wp-block-column-is-layout-flow\"><div class=\"item wysiwyg component-paragraph\" >\n<p>\u00ab <em>Merci infiniment de nous accorder un tel privil\u00e8ge et de nous donner acc\u00e8s \u00e0 l\u2019envers du d\u00e9cor!<\/em> \u00bb<\/p>\n<\/div>\n\n<div class=\"item wysiwyg component-paragraph\" >\n<p>\u2014 Lucie<\/p>\n<\/div><\/div>\n<\/div>\n<\/div>\n\n\n\n<div class=\"bloc-banner-text wysiwyg \">\n            <img decoding=\"async\" src=\"https:\/\/www.lediamant.ca\/wp-content\/uploads\/2025\/09\/visite-anniebaillargeon-bande.jpg\" alt=\"\" loading=\"lazy\">\n                <div class=\"container\">\n        <div class=\"row\">\n            <div class=\"col-xs-12 col-md-6 push-b-xs-20 push-b-md-reset\">\n                <strong class=\"bloc-banner-text__title h2\">S\u2019unir pour faire rayonner l\u2019art d\u2019ici<\/strong>\n            <\/div>\n            <div class=\"col-xs-12 col-md-6\">\n                                    <p>Le Diamant collabore avec la galerie Chiguer Art Contemporain afin de s\u00e9lectionner un artiste qui exposera ses \u0153uvres au Foyer Desjardins. Cette fois, c\u2019est Annie Baillargeon, une artiste multidisciplinaire, qui expose trois de ses \u0153uvres sur le mur rideau du deuxi\u00e8me \u00e9tage. Il est possible de les observer avant ou apr\u00e8s un spectacle de notre programmation, ou encore, lors d\u2019une visite guid\u00e9e.<\/p>\n                \n                                    <a class=\"btn btn--white\" href=\"https:\/\/www.lediamant.ca\/fr\/trois-oeuvres-dannie-baillargeon-au-diamant\" target=\"\">En savoir plus<\/a>\n                            <\/div>\n        <\/div>\n    <\/div>\n<\/div>","protected":false},"excerpt":{"rendered":"Le Diamant se d\u00e9voile Du riche patrimoine historique du b\u00e2timent \u00e0 l&rsquo;effervescence qui r\u00e8gne dans le quartier, d\u00e9couvrez les diff\u00e9rentes facettes du Diamant le temps d&rsquo;une visite. 25\u2009$ +&nbsp;taxes Cette visite guid\u00e9e, d&rsquo;une dur\u00e9e approximative de 75&nbsp;minutes, abordera le patrimoine du lieu, de 1879&nbsp;\u00e0 aujourd\u2019hui, l\u2019architecture du b\u00e2timent et ses clins d\u2019\u0153il \u00e0 l\u2019histoire, la [&hellip;]","protected":false},"author":2,"featured_media":1172,"parent":0,"menu_order":0,"comment_status":"closed","ping_status":"closed","template":"","meta":{"_acf_changed":false,"footnotes":""},"class_list":["post-299","page","type-page","status-publish","has-post-thumbnail","hentry"],"acf":[],"yoast_head":"<!-- This site is optimized with the Yoast SEO plugin v26.5 - https:\/\/yoast.com\/wordpress\/plugins\/seo\/ -->\n<title>Visite guid\u00e9e - Le Diamant<\/title>\n<meta name=\"description\" content=\"Cette visite guid\u00e9e du Diamant, d\u2019une dur\u00e9e approximative de 75 minutes, abordera le patrimoine du lieu, de 1879 \u00e0 aujourd\u2019hui.\" \/>\n<meta name=\"robots\" content=\"index, follow, max-snippet:-1, max-image-preview:large, max-video-preview:-1\" \/>\n<link rel=\"canonical\" href=\"https:\/\/www.lediamant.ca\/fr\/visite-guidee\" \/>\n<meta property=\"og:locale\" content=\"fr_FR\" \/>\n<meta property=\"og:type\" content=\"article\" \/>\n<meta property=\"og:title\" content=\"Visite guid\u00e9e | Le Diamant\" \/>\n<meta property=\"og:description\" content=\"D\u00e9couvrez l\u2019histoire, les espaces et les artisans du Diamant. Du riche patrimoine historique du b\u00e2timent \u00e0 l\u2019effervescence qui r\u00e8gne dans le quartier, d\u00e9couvrez les diff\u00e9rentes facettes du Diamant et apprenez-en plus sur l\u2019\u00e2me du lieu et ses artisans.\" \/>\n<meta property=\"og:url\" content=\"https:\/\/www.lediamant.ca\/fr\/visite-guidee\" \/>\n<meta property=\"og:site_name\" content=\"Le Diamant\" \/>\n<meta property=\"article:publisher\" content=\"https:\/\/www.facebook.com\/lediamantqc\/\" \/>\n<meta property=\"article:modified_time\" content=\"2025-10-31T14:02:44+00:00\" \/>\n<meta property=\"og:image\" content=\"https:\/\/www.lediamant.ca\/wp-content\/uploads\/2023\/05\/Visiteguidee-opengraph.jpeg\" \/>\n\t<meta property=\"og:image:width\" content=\"1200\" \/>\n\t<meta property=\"og:image:height\" content=\"630\" \/>\n\t<meta property=\"og:image:type\" content=\"image\/jpeg\" \/>\n<meta name=\"twitter:card\" content=\"summary_large_image\" \/>\n<meta name=\"twitter:site\" content=\"@lediamant_qc\" \/>\n<meta name=\"twitter:label1\" content=\"Dur\u00e9e de lecture estim\u00e9e\" \/>\n\t<meta name=\"twitter:data1\" content=\"2 minutes\" \/>\n<script type=\"application\/ld+json\" class=\"yoast-schema-graph\">{\"@context\":\"https:\/\/schema.org\",\"@graph\":[{\"@type\":\"WebPage\",\"@id\":\"https:\/\/www.lediamant.ca\/fr\/visite-guidee\",\"url\":\"https:\/\/www.lediamant.ca\/fr\/visite-guidee\",\"name\":\"Visite guid\u00e9e - Le Diamant\",\"isPartOf\":{\"@id\":\"https:\/\/www.lediamant.ca\/fr\/#website\"},\"primaryImageOfPage\":{\"@id\":\"https:\/\/www.lediamant.ca\/fr\/visite-guidee#primaryimage\"},\"image\":{\"@id\":\"https:\/\/www.lediamant.ca\/fr\/visite-guidee#primaryimage\"},\"thumbnailUrl\":\"https:\/\/www.lediamant.ca\/wp-content\/uploads\/2023\/04\/Batiment-FoyerBMO6-StephaneGroleau-Original-1-scaled.jpg\",\"datePublished\":\"2023-02-09T13:46:07+00:00\",\"dateModified\":\"2025-10-31T14:02:44+00:00\",\"description\":\"Cette visite guid\u00e9e du Diamant, d\u2019une dur\u00e9e approximative de 75 minutes, abordera le patrimoine du lieu, de 1879 \u00e0 aujourd\u2019hui.\",\"breadcrumb\":{\"@id\":\"https:\/\/www.lediamant.ca\/fr\/visite-guidee#breadcrumb\"},\"inLanguage\":\"fr-FR\",\"potentialAction\":[{\"@type\":\"ReadAction\",\"target\":[\"https:\/\/www.lediamant.ca\/fr\/visite-guidee\"]}]},{\"@type\":\"ImageObject\",\"inLanguage\":\"fr-FR\",\"@id\":\"https:\/\/www.lediamant.ca\/fr\/visite-guidee#primaryimage\",\"url\":\"https:\/\/www.lediamant.ca\/wp-content\/uploads\/2023\/04\/Batiment-FoyerBMO6-StephaneGroleau-Original-1-scaled.jpg\",\"contentUrl\":\"https:\/\/www.lediamant.ca\/wp-content\/uploads\/2023\/04\/Batiment-FoyerBMO6-StephaneGroleau-Original-1-scaled.jpg\",\"width\":2560,\"height\":2540,\"caption\":\"Photo \u2014 St\u00e9phane Groleau\"},{\"@type\":\"BreadcrumbList\",\"@id\":\"https:\/\/www.lediamant.ca\/fr\/visite-guidee#breadcrumb\",\"itemListElement\":[{\"@type\":\"ListItem\",\"position\":1,\"name\":\"Accueil\",\"item\":\"https:\/\/www.lediamant.ca\/fr\"},{\"@type\":\"ListItem\",\"position\":2,\"name\":\"Visite guid\u00e9e\"}]},{\"@type\":\"WebSite\",\"@id\":\"https:\/\/www.lediamant.ca\/fr\/#website\",\"url\":\"https:\/\/www.lediamant.ca\/fr\/\",\"name\":\"Le Diamant\",\"description\":\"Salle de spectacle situ\u00e9e \u00e0 place D&#039;Youville, Qu\u00e9bec (Canada). D\u00e9couvrez notre programmation.\",\"publisher\":{\"@id\":\"https:\/\/www.lediamant.ca\/fr\/#organization\"},\"potentialAction\":[{\"@type\":\"SearchAction\",\"target\":{\"@type\":\"EntryPoint\",\"urlTemplate\":\"https:\/\/www.lediamant.ca\/fr\/?s={search_term_string}\"},\"query-input\":{\"@type\":\"PropertyValueSpecification\",\"valueRequired\":true,\"valueName\":\"search_term_string\"}}],\"inLanguage\":\"fr-FR\"},{\"@type\":\"Organization\",\"@id\":\"https:\/\/www.lediamant.ca\/fr\/#organization\",\"name\":\"Le Diamant\",\"url\":\"https:\/\/www.lediamant.ca\/fr\/\",\"logo\":{\"@type\":\"ImageObject\",\"inLanguage\":\"fr-FR\",\"@id\":\"https:\/\/www.lediamant.ca\/fr\/#\/schema\/logo\/image\/\",\"url\":\"https:\/\/www.lediamant.ca\/wp-content\/uploads\/2023\/05\/le-diamant-logo.png\",\"contentUrl\":\"https:\/\/www.lediamant.ca\/wp-content\/uploads\/2023\/05\/le-diamant-logo.png\",\"width\":1000,\"height\":750,\"caption\":\"Le Diamant\"},\"image\":{\"@id\":\"https:\/\/www.lediamant.ca\/fr\/#\/schema\/logo\/image\/\"},\"sameAs\":[\"https:\/\/www.facebook.com\/lediamantqc\/\",\"https:\/\/x.com\/lediamant_qc\"]}]}<\/script>\n<!-- \/ Yoast SEO plugin. -->","yoast_head_json":{"title":"Visite guid\u00e9e - Le Diamant","description":"Cette visite guid\u00e9e du Diamant, d\u2019une dur\u00e9e approximative de 75 minutes, abordera le patrimoine du lieu, de 1879 \u00e0 aujourd\u2019hui.","robots":{"index":"index","follow":"follow","max-snippet":"max-snippet:-1","max-image-preview":"max-image-preview:large","max-video-preview":"max-video-preview:-1"},"canonical":"https:\/\/www.lediamant.ca\/fr\/visite-guidee","og_locale":"fr_FR","og_type":"article","og_title":"Visite guid\u00e9e | Le Diamant","og_description":"D\u00e9couvrez l\u2019histoire, les espaces et les artisans du Diamant. Du riche patrimoine historique du b\u00e2timent \u00e0 l\u2019effervescence qui r\u00e8gne dans le quartier, d\u00e9couvrez les diff\u00e9rentes facettes du Diamant et apprenez-en plus sur l\u2019\u00e2me du lieu et ses artisans.","og_url":"https:\/\/www.lediamant.ca\/fr\/visite-guidee","og_site_name":"Le Diamant","article_publisher":"https:\/\/www.facebook.com\/lediamantqc\/","article_modified_time":"2025-10-31T14:02:44+00:00","og_image":[{"width":1200,"height":630,"url":"https:\/\/www.lediamant.ca\/wp-content\/uploads\/2023\/05\/Visiteguidee-opengraph.jpeg","type":"image\/jpeg"}],"twitter_card":"summary_large_image","twitter_site":"@lediamant_qc","twitter_misc":{"Dur\u00e9e de lecture estim\u00e9e":"2 minutes"},"schema":{"@context":"https:\/\/schema.org","@graph":[{"@type":"WebPage","@id":"https:\/\/www.lediamant.ca\/fr\/visite-guidee","url":"https:\/\/www.lediamant.ca\/fr\/visite-guidee","name":"Visite guid\u00e9e - Le Diamant","isPartOf":{"@id":"https:\/\/www.lediamant.ca\/fr\/#website"},"primaryImageOfPage":{"@id":"https:\/\/www.lediamant.ca\/fr\/visite-guidee#primaryimage"},"image":{"@id":"https:\/\/www.lediamant.ca\/fr\/visite-guidee#primaryimage"},"thumbnailUrl":"https:\/\/www.lediamant.ca\/wp-content\/uploads\/2023\/04\/Batiment-FoyerBMO6-StephaneGroleau-Original-1-scaled.jpg","datePublished":"2023-02-09T13:46:07+00:00","dateModified":"2025-10-31T14:02:44+00:00","description":"Cette visite guid\u00e9e du Diamant, d\u2019une dur\u00e9e approximative de 75 minutes, abordera le patrimoine du lieu, de 1879 \u00e0 aujourd\u2019hui.","breadcrumb":{"@id":"https:\/\/www.lediamant.ca\/fr\/visite-guidee#breadcrumb"},"inLanguage":"fr-FR","potentialAction":[{"@type":"ReadAction","target":["https:\/\/www.lediamant.ca\/fr\/visite-guidee"]}]},{"@type":"ImageObject","inLanguage":"fr-FR","@id":"https:\/\/www.lediamant.ca\/fr\/visite-guidee#primaryimage","url":"https:\/\/www.lediamant.ca\/wp-content\/uploads\/2023\/04\/Batiment-FoyerBMO6-StephaneGroleau-Original-1-scaled.jpg","contentUrl":"https:\/\/www.lediamant.ca\/wp-content\/uploads\/2023\/04\/Batiment-FoyerBMO6-StephaneGroleau-Original-1-scaled.jpg","width":2560,"height":2540,"caption":"Photo \u2014 St\u00e9phane Groleau"},{"@type":"BreadcrumbList","@id":"https:\/\/www.lediamant.ca\/fr\/visite-guidee#breadcrumb","itemListElement":[{"@type":"ListItem","position":1,"name":"Accueil","item":"https:\/\/www.lediamant.ca\/fr"},{"@type":"ListItem","position":2,"name":"Visite guid\u00e9e"}]},{"@type":"WebSite","@id":"https:\/\/www.lediamant.ca\/fr\/#website","url":"https:\/\/www.lediamant.ca\/fr\/","name":"Le Diamant","description":"Salle de spectacle situ\u00e9e \u00e0 place D&#039;Youville, Qu\u00e9bec (Canada). D\u00e9couvrez notre programmation.","publisher":{"@id":"https:\/\/www.lediamant.ca\/fr\/#organization"},"potentialAction":[{"@type":"SearchAction","target":{"@type":"EntryPoint","urlTemplate":"https:\/\/www.lediamant.ca\/fr\/?s={search_term_string}"},"query-input":{"@type":"PropertyValueSpecification","valueRequired":true,"valueName":"search_term_string"}}],"inLanguage":"fr-FR"},{"@type":"Organization","@id":"https:\/\/www.lediamant.ca\/fr\/#organization","name":"Le Diamant","url":"https:\/\/www.lediamant.ca\/fr\/","logo":{"@type":"ImageObject","inLanguage":"fr-FR","@id":"https:\/\/www.lediamant.ca\/fr\/#\/schema\/logo\/image\/","url":"https:\/\/www.lediamant.ca\/wp-content\/uploads\/2023\/05\/le-diamant-logo.png","contentUrl":"https:\/\/www.lediamant.ca\/wp-content\/uploads\/2023\/05\/le-diamant-logo.png","width":1000,"height":750,"caption":"Le Diamant"},"image":{"@id":"https:\/\/www.lediamant.ca\/fr\/#\/schema\/logo\/image\/"},"sameAs":["https:\/\/www.facebook.com\/lediamantqc\/","https:\/\/x.com\/lediamant_qc"]}]}},"_links":{"self":[{"href":"https:\/\/www.lediamant.ca\/fr\/wp-json\/wp\/v2\/pages\/299","targetHints":{"allow":["GET"]}}],"collection":[{"href":"https:\/\/www.lediamant.ca\/fr\/wp-json\/wp\/v2\/pages"}],"about":[{"href":"https:\/\/www.lediamant.ca\/fr\/wp-json\/wp\/v2\/types\/page"}],"author":[{"embeddable":true,"href":"https:\/\/www.lediamant.ca\/fr\/wp-json\/wp\/v2\/users\/2"}],"replies":[{"embeddable":true,"href":"https:\/\/www.lediamant.ca\/fr\/wp-json\/wp\/v2\/comments?post=299"}],"version-history":[{"count":96,"href":"https:\/\/www.lediamant.ca\/fr\/wp-json\/wp\/v2\/pages\/299\/revisions"}],"predecessor-version":[{"id":20166,"href":"https:\/\/www.lediamant.ca\/fr\/wp-json\/wp\/v2\/pages\/299\/revisions\/20166"}],"wp:featuredmedia":[{"embeddable":true,"href":"https:\/\/www.lediamant.ca\/fr\/wp-json\/wp\/v2\/media\/1172"}],"wp:attachment":[{"href":"https:\/\/www.lediamant.ca\/fr\/wp-json\/wp\/v2\/media?parent=299"}],"curies":[{"name":"wp","href":"https:\/\/api.w.org\/{rel}","templated":true}]}}