{"id":2201,"date":"2023-05-03T16:57:17","date_gmt":"2023-05-03T20:57:17","guid":{"rendered":"https:\/\/www.lediamant.ca\/?page_id=2201"},"modified":"2026-01-30T12:02:14","modified_gmt":"2026-01-30T16:02:14","slug":"partenaires","status":"publish","type":"page","link":"https:\/\/www.lediamant.ca\/fr\/partenaires","title":{"rendered":"Partenaires et donateurs-trices"},"content":{"rendered":"<div class=\"item wysiwyg component-paragraph\" >\n<p>Parce que Le Diamant croit profond\u00e9ment \u00e0 la richesse de la synergie dans le milieu culturel, il est fier de s\u2019associer \u00e0 des partenaires d\u2019envergure du paysage artistique de Qu\u00e9bec et de compter sur l\u2019appui indispensable de partenaires publics et priv\u00e9s.<\/p>\n<\/div>\n\n<div class=\"item wysiwyg component-heading\" >\n<h3 class=\"wp-block-heading\">Compagnie en r\u00e9sidence<\/h3>\n<\/div>\n\n<div class=\"item wysiwyg component-heading\" >\n<h4 class=\"wp-block-heading\">Ex Machina<\/h4>\n<\/div>\n\n<div class=\"item wysiwyg component-paragraph\" >\n<p><a href=\"https:\/\/exmachina.ca\/\" target=\"_blank\" rel=\"noreferrer noopener\">Ex&nbsp;Machina<\/a> est le r\u00e9sident principal du Diamant. Compagnie de cr\u00e9ation fond\u00e9e en 1994, elle regroupe informellement, sous la direction du metteur en sc\u00e8ne Robert&nbsp;Lepage, des cr\u00e9ateurs et des techniciens de plusieurs champs d\u2019activit\u00e9. La compagnie d\u00e9veloppe ses spectacles \u00e0 Qu\u00e9bec, puis les diffuse abondamment au Qu\u00e9bec, au Canada et \u00e0 l\u2019\u00e9tranger. Au cours des trois derni\u00e8res d\u00e9cennies, Ex Machina a cr\u00e9\u00e9, cocr\u00e9\u00e9 et coproduit 50 \u0153uvres dans tous les secteurs des arts de la sc\u00e8ne, pr\u00e9sent\u00e9es dans 201 villes et 40 pays.<\/p>\n<\/div>\n\n<div class=\"item wysiwyg component-paragraph\" >\n<p>Depuis sa fondation, Ex Machina a r\u00eav\u00e9 d&rsquo;avoir son propre lieu de diffusion. Pour en savoir davantage sur la gen\u00e8se du Diamant, <a href=\"https:\/\/youtu.be\/YTC7G9FPfgo?si=Gsp2vLFhgf1gQiqp\">visionnez cette vid\u00e9o<\/a>.<\/p>\n<\/div>\n\n<div class=\"item wysiwyg component-heading\" >\n<h3 class=\"wp-block-heading\">\u00c9v\u00e9nements partenaires<\/h3>\n<\/div>\n\n<div class=\"item wysiwyg component-paragraph\" >\n<p>\u00c0 chaque ann\u00e9e, Le Diamant collabore et tisse des liens privil\u00e9gi\u00e9s avec des organismes culturels s\u00e9lectionn\u00e9s afin de diffuser leurs spectacles. Ces \u00e9v\u00e9nements partenaires s\u2019inscrivent parfaitement dans la vision artistique du lieu, mais ils ne font pas partie de la programmation r\u00e9guli\u00e8re du Diamant et ne sont pas assujettis \u00e0 sa politique de <a href=\"https:\/\/www.lediamant.ca\/fr\/billetterie\">tarification accessible<\/a> (Billets MIDI50, 20 $ pour les 20 ans et moins, etc.).<\/p>\n<\/div>\n\n<div class=\"item wysiwyg component-heading\" >\n<h4 class=\"wp-block-heading\">Le Festival Carrefour<\/h4>\n<\/div>\n\n<div class=\"item wysiwyg component-paragraph\" >\n<p>Le <a href=\"https:\/\/carrefourtheatre.qc.ca\/\">Festival Carrefour<\/a> est un \u00e9v\u00e9nement majeur du printemps \u00e0 Qu\u00e9bec, pr\u00e9sent\u00e9 dans plusieurs salles et lieux de la ville, dont Le Diamant. Ses choix artistiques s\u2019inscrivent dans les courants actuels de la cr\u00e9ation contemporaine et mettent de l\u2019avant des d\u00e9marches artistiques singuli\u00e8res. \u00c0 la fois lieu de rencontres professionnelles et espace de d\u00e9couvertes pour le public, le Festival Carrefour c\u00e9l\u00e8bre le th\u00e9\u00e2tre et la cr\u00e9ation contemporaine. Il pr\u00e9sente, seul ou en collaboration avec des partenaires, des \u0153uvres marquantes qui sont rarement diffus\u00e9es \u00e0 Qu\u00e9bec ou au Qu\u00e9bec.<\/p>\n<\/div>\n\n<div class=\"item wysiwyg component-heading\" >\n<h4 class=\"wp-block-heading\">Le Festival de Cin\u00e9ma de la Ville de Qu\u00e9bec (FCVQ)<\/h4>\n<\/div>\n\n<div class=\"item wysiwyg component-paragraph\" >\n<p>Cr\u00e9\u00e9 en 2011, le <a href=\"https:\/\/www.fcvq.ca\/\" target=\"_blank\" rel=\"noreferrer noopener\">FCVQ<\/a> offre \u00e0 sa ville et aux visiteurs un \u00e9v\u00e9nement cin\u00e9matographique d\u2019envergure. Il se d\u00e9ploie sur un site exceptionnel o\u00f9 une multitude d\u2019oeuvres de grande qualit\u00e9 \u00e9voluent avec un petit parti pris sympathique pour les artistes et artisans de Qu\u00e9bec.<\/p>\n<\/div>\n\n<div class=\"item wysiwyg component-heading\" >\n<h4 class=\"wp-block-heading\">L&rsquo;\u00c9cole de cirque de Qu\u00e9bec<\/h4>\n<\/div>\n\n<div class=\"item wysiwyg component-paragraph\" >\n<p>L\u2019<a href=\"https:\/\/www.ecoledecirque.com\/\">\u00c9cole de cirque de Qu\u00e9bec<\/a> stimule l\u2019\u00e9mergence de nouvelles g\u00e9n\u00e9rations et soutient les artistes professionnels. Des activit\u00e9s de formation de nature professionnelle et r\u00e9cr\u00e9ative y sont offertes. L\u2019\u00e9cole d\u00e9veloppe \u00e9galement des ateliers en collaboration avec des intervenants sp\u00e9cialis\u00e9s afin de favoriser l\u2019\u00e9panouissement par le cirque, d\u2019enfants et d\u2019adolescents ayant des besoins sp\u00e9cifiques (autisme, d\u00e9crochage scolaire, handicaps intellectuels et\/ou physiques, etc.).<\/p>\n<\/div>\n\n<div class=\"item wysiwyg component-heading\" >\n<h3 class=\"wp-block-heading\">Partenaires pRIV\u00c9S<\/h3>\n<\/div>\n\n<div class=\"item wysiwyg component-paragraph\" >\n<p>Gr\u00e2ce \u00e0 l\u2019engagement de pr\u00e9cieux partenaires et donateurs, Le Diamant continue de remplir ses promesses.&nbsp;Il est un point d\u2019ancrage pour le public, les artistes et les cr\u00e9ateurs issus de tous les milieux.&nbsp;Il offre des productions audacieuses d\u2019ici et d\u2019ailleurs \u00e0 la population de Qu\u00e9bec ainsi qu\u2019\u00e0 la client\u00e8le touristique.&nbsp;Il participe activement \u00e0 l\u2019inclusion, au d\u00e9veloppement de la communaut\u00e9 et \u00e0 l\u2019effervescence \u00e9conomique de la r\u00e9gion.<\/p>\n<\/div>\n\n<div class=\"item wysiwyg component-paragraph\" >\n<p>Les sommes obtenues servent notamment \u00e0 bonifier la programmation du lieu, \u00e0 diversifier les activit\u00e9s de m\u00e9diation culturelle, \u00e0 soutenir le programme d&rsquo;acc\u00e8s \u00e0 la culture (<a href=\"https:\/\/www.lediamant.ca\/fr\/soutenir-le-diamant#donnez-au-suivant\" target=\"_blank\" rel=\"noreferrer noopener\">Donnez au suivant<\/a>) et mettre en place des <a href=\"https:\/\/www.lediamant.ca\/fr\/contribution-majeure-a-la-campagne-de-financement-prive\" target=\"_blank\" rel=\"noreferrer noopener\">programmes vou\u00e9s \u00e0 l\u2019\u00e9panouissement des enfants et des adultes vivant avec des limitations fonctionnelles<\/a>. Le Diamant remercie chaleureusement tous ses partenaires et donateurs.<\/p>\n<\/div>\n\n<div class=\"item component-spacer\" ><div class=\"container\">\n<div style=\"height:25px\" aria-hidden=\"true\" class=\"wp-block-spacer\"><\/div>\n<\/div><\/div>\n\n<div class=\"item wysiwyg component-html\" >\n<div style=\"list-style: none; display: flex; align-items: center; flex-wrap: wrap;\">\n    <img src=\"https:\/\/www.lediamant.ca\/wp-content\/uploads\/2023\/05\/Hydro-Quebec.svg\" class=\"\" alt=\"Hydro-Qu\u00e9bec\" decoding=\"async\" loading=\"lazy\" style=\"margin-right: 6rem; margin-bottom: 6rem;\">\n    <img src=\"https:\/\/www.lediamant.ca\/wp-content\/uploads\/2023\/08\/Fondation-Sandra-et-Alain-Bouchard.svg\" class=\"\" alt=\"Fondation Sandra et Alain Bouchard\" decoding=\"async\" loading=\"lazy\" style=\"margin-right: 6rem; margin-bottom: 6rem;\">\n    <img src=\"https:\/\/www.lediamant.ca\/wp-content\/uploads\/2023\/05\/Power-Corporation-du-Canada.svg\" class=\"\" alt=\"Power Corporation du Canada\" decoding=\"async\" loading=\"lazy\" style=\"margin-right: 6rem; margin-bottom: 6rem; margin-bottom: 6rem; margin-bottom: 6rem;\">\n    <img src=\"https:\/\/www.lediamant.ca\/wp-content\/uploads\/2025\/03\/Beneva-1.svg\" class=\"\" alt=\"Beneva\" decoding=\"async\" loading=\"lazy\" style=\"margin-right: 6rem; margin-bottom: 6rem; margin-bottom: 6rem; margin-bottom: 6rem;\">\n    <img src=\"https:\/\/www.lediamant.ca\/wp-content\/uploads\/2023\/12\/Caisse-de-depot-et-placement-du-Quebec.svg\" class=\"\" alt=\"Caisse de d\u00e9p\u00f4t et placement du Qu\u00e9bec\" decoding=\"async\" loading=\"lazy\" style=\"margin-right: 6rem; margin-bottom: 6rem;\">\n    <img src=\"https:\/\/www.lediamant.ca\/wp-content\/uploads\/2025\/04\/Ellipse-assurances.svg\" class=\"\" alt=\"Ellipse Assurances\" decoding=\"async\" loading=\"lazy\" style=\"margin-right: 6rem; margin-bottom: 6rem;\">\n    <img src=\"https:\/\/www.lediamant.ca\/wp-content\/uploads\/2023\/12\/Caisse-deconomie-solidaire.svg\" class=\"\" alt=\"Caisse d'\u00e9conomie solidaire\" decoding=\"async\" loading=\"lazy\" style=\"margin-right: 6rem; margin-bottom: 6rem;\">\n    <img src=\"https:\/\/www.lediamant.ca\/wp-content\/uploads\/2023\/12\/Caisse-de-Quebec.svg\" class=\"\" alt=\"Caisse de Qu\u00e9bec\" decoding=\"async\" loading=\"lazy\" style=\"margin-right: 6rem; margin-bottom: 6rem;\">\n    <img src=\"https:\/\/www.lediamant.ca\/wp-content\/uploads\/2025\/04\/Fondation-Atura.svg\" class=\"\" alt=\"Fondation Atura\" decoding=\"async\" loading=\"lazy\" style=\"margin-right: 6rem; margin-bottom: 6rem;\">\n    <img src=\"https:\/\/www.lediamant.ca\/wp-content\/uploads\/2026\/01\/CGI.svg\" class=\"\" alt=\"CGI\" decoding=\"async\" loading=\"lazy\" style=\"margin-right: 6rem; margin-bottom: 6rem;\">\n    <img src=\"https:\/\/www.lediamant.ca\/wp-content\/uploads\/2025\/01\/Aeroport-international-Jean-Lesage-de-Quebec.svg\" class=\"\" alt=\"A\u00e9roport international Jean-Lesage de Qu\u00e9bec (YQB)\" decoding=\"async\" loading=\"lazy\" style=\"margin-right: 6rem; margin-bottom: 6rem;\">\n<\/div>\n<\/div>\n\n<div class=\"item wysiwyg component-heading\" >\n<h3 class=\"wp-block-heading\">Partenaires publics<\/h3>\n<\/div>\n\n<div class=\"item wysiwyg component-paragraph\" >\n<p>Le Diamant tient \u00e0 rappeler la participation essentielle du gouvernement du Canada, du gouvernement du Qu\u00e9bec et de la Ville de Qu\u00e9bec au succ\u00e8s de ce projet.<\/p>\n<\/div>\n\n<div class=\"item component-spacer\" ><div class=\"container\">\n<div style=\"height:25px\" aria-hidden=\"true\" class=\"wp-block-spacer\"><\/div>\n<\/div><\/div>\n\n<div class=\"item wysiwyg component-html\" >\n<div style=\"list-style: none; display: flex; align-items: center; flex-wrap: wrap;\">\n    <img src=\"https:\/\/www.lediamant.ca\/wp-content\/uploads\/2023\/03\/canada.svg\" class=\"\" alt=\"Canada\" decoding=\"async\" loading=\"lazy\" style=\"margin-right: 6rem; margin-bottom: 6rem;\">\n    <img src=\"https:\/\/www.lediamant.ca\/wp-content\/uploads\/2023\/05\/Quebec.svg\" class=\"\" alt=\"Qu\u00e9bec\" decoding=\"async\" loading=\"lazy\" style=\"margin-right: 6rem; margin-bottom: 6rem;\">\n    <img src=\"https:\/\/www.lediamant.ca\/wp-content\/uploads\/2023\/03\/ville-qc.svg\" class=\"\" alt=\"Ville de Qu\u00e9bec\" decoding=\"async\" loading=\"lazy\" style=\"margin-right: 6rem; margin-bottom: 6rem;\">\n<\/div>\n<\/div>\n\n\n\n<div class=\"bloc-banner-text wysiwyg  bloc-banner-text--no-image\">\n                <div class=\"container\">\n        <div class=\"row\">\n            <div class=\"col-xs-12 col-md-6 push-b-xs-20 push-b-md-reset\">\n                <strong class=\"bloc-banner-text__title h2\">Campagne majeure de financement priv\u00e9<\/strong>\n            <\/div>\n            <div class=\"col-xs-12 col-md-6\">\n                                    <p>Pilot\u00e9e \u00e0 l\u2019origine par l\u2019alliance de deux figures incontournables de la finance au Qu\u00e9bec, le regrett\u00e9\u00a0M. L. Jacques M\u00e9nard, ancien pr\u00e9sident de BMO Groupe financier, Qu\u00e9bec, et pr\u00e9sident du conseil de BMO Nesbitt Burns, et\u00a0Mme Monique Leroux, ancienne pr\u00e9sidente et chef de la direction du Mouvement Desjardins, la campagne visait \u00e0 r\u00e9unir un groupe de grands b\u00e2tisseurs autour de ce projet des plus porteurs.<\/p>\n                \n                                    <a class=\"btn btn--white\" href=\"https:\/\/www.lediamant.ca\/fr\/soutenir-le-diamant\/campagne-majeure-de-financement-prive\" target=\"\">En savoir plus<\/a>\n                            <\/div>\n        <\/div>\n    <\/div>\n<\/div>","protected":false},"excerpt":{"rendered":"Parce que Le Diamant croit profond\u00e9ment \u00e0 la richesse de la synergie dans le milieu culturel, il est fier de s\u2019associer \u00e0 des partenaires d\u2019envergure du paysage artistique de Qu\u00e9bec et de compter sur l\u2019appui indispensable de partenaires publics et priv\u00e9s. Compagnie en r\u00e9sidence Ex Machina Ex&nbsp;Machina est le r\u00e9sident principal du Diamant. Compagnie de [&hellip;]","protected":false},"author":2,"featured_media":3079,"parent":0,"menu_order":0,"comment_status":"closed","ping_status":"closed","template":"","meta":{"_acf_changed":false,"footnotes":""},"class_list":["post-2201","page","type-page","status-publish","has-post-thumbnail","hentry"],"acf":[],"yoast_head":"<!-- This site is optimized with the Yoast SEO plugin v26.5 - https:\/\/yoast.com\/wordpress\/plugins\/seo\/ -->\n<title>Partenaires et donateurs-trices - Le Diamant<\/title>\n<meta name=\"description\" content=\"Un Diamant ancr\u00e9 dans la vie culturelle de Qu\u00e9bec.\" \/>\n<meta name=\"robots\" content=\"index, follow, max-snippet:-1, max-video-preview:-1, noimageindex, noarchive\" \/>\n<link rel=\"canonical\" href=\"https:\/\/www.lediamant.ca\/fr\/partenaires\" \/>\n<meta property=\"og:locale\" content=\"fr_FR\" \/>\n<meta property=\"og:type\" content=\"article\" \/>\n<meta property=\"og:title\" content=\"Partenaires et donateurs-trices | Le Diamant\" \/>\n<meta property=\"og:description\" content=\"Un Diamant ancr\u00e9 dans la vie culturelle de Qu\u00e9bec.\" \/>\n<meta property=\"og:url\" content=\"https:\/\/www.lediamant.ca\/fr\/partenaires\" \/>\n<meta property=\"og:site_name\" content=\"Le Diamant\" \/>\n<meta property=\"article:publisher\" content=\"https:\/\/www.facebook.com\/lediamantqc\/\" \/>\n<meta property=\"article:modified_time\" content=\"2026-01-30T16:02:14+00:00\" \/>\n<meta property=\"og:image\" content=\"https:\/\/www.lediamant.ca\/wp-content\/uploads\/2023\/05\/partenaires-opengraph.jpg\" \/>\n\t<meta property=\"og:image:width\" content=\"1200\" \/>\n\t<meta property=\"og:image:height\" content=\"630\" \/>\n\t<meta property=\"og:image:type\" content=\"image\/jpeg\" \/>\n<meta name=\"twitter:card\" content=\"summary_large_image\" \/>\n<meta name=\"twitter:site\" content=\"@lediamant_qc\" \/>\n<meta name=\"twitter:label1\" content=\"Dur\u00e9e de lecture estim\u00e9e\" \/>\n\t<meta name=\"twitter:data1\" content=\"7 minutes\" \/>\n<script type=\"application\/ld+json\" class=\"yoast-schema-graph\">{\"@context\":\"https:\/\/schema.org\",\"@graph\":[{\"@type\":\"WebPage\",\"@id\":\"https:\/\/www.lediamant.ca\/fr\/partenaires\",\"url\":\"https:\/\/www.lediamant.ca\/fr\/partenaires\",\"name\":\"Partenaires et donateurs-trices - Le Diamant\",\"isPartOf\":{\"@id\":\"https:\/\/www.lediamant.ca\/fr\/#website\"},\"primaryImageOfPage\":{\"@id\":\"https:\/\/www.lediamant.ca\/fr\/partenaires#primaryimage\"},\"image\":{\"@id\":\"https:\/\/www.lediamant.ca\/fr\/partenaires#primaryimage\"},\"thumbnailUrl\":\"https:\/\/www.lediamant.ca\/wp-content\/uploads\/2023\/05\/partenaires-bandeau-scaled.jpg\",\"datePublished\":\"2023-05-03T20:57:17+00:00\",\"dateModified\":\"2026-01-30T16:02:14+00:00\",\"description\":\"Un Diamant ancr\u00e9 dans la vie culturelle de Qu\u00e9bec.\",\"breadcrumb\":{\"@id\":\"https:\/\/www.lediamant.ca\/fr\/partenaires#breadcrumb\"},\"inLanguage\":\"fr-FR\",\"potentialAction\":[{\"@type\":\"ReadAction\",\"target\":[\"https:\/\/www.lediamant.ca\/fr\/partenaires\"]}]},{\"@type\":\"ImageObject\",\"inLanguage\":\"fr-FR\",\"@id\":\"https:\/\/www.lediamant.ca\/fr\/partenaires#primaryimage\",\"url\":\"https:\/\/www.lediamant.ca\/wp-content\/uploads\/2023\/05\/partenaires-bandeau-scaled.jpg\",\"contentUrl\":\"https:\/\/www.lediamant.ca\/wp-content\/uploads\/2023\/05\/partenaires-bandeau-scaled.jpg\",\"width\":2560,\"height\":914},{\"@type\":\"BreadcrumbList\",\"@id\":\"https:\/\/www.lediamant.ca\/fr\/partenaires#breadcrumb\",\"itemListElement\":[{\"@type\":\"ListItem\",\"position\":1,\"name\":\"Accueil\",\"item\":\"https:\/\/www.lediamant.ca\/fr\"},{\"@type\":\"ListItem\",\"position\":2,\"name\":\"Partenaires et donateurs-trices\"}]},{\"@type\":\"WebSite\",\"@id\":\"https:\/\/www.lediamant.ca\/fr\/#website\",\"url\":\"https:\/\/www.lediamant.ca\/fr\/\",\"name\":\"Le Diamant\",\"description\":\"Salle de spectacle situ\u00e9e \u00e0 place D&#039;Youville, Qu\u00e9bec (Canada). D\u00e9couvrez notre programmation.\",\"publisher\":{\"@id\":\"https:\/\/www.lediamant.ca\/fr\/#organization\"},\"potentialAction\":[{\"@type\":\"SearchAction\",\"target\":{\"@type\":\"EntryPoint\",\"urlTemplate\":\"https:\/\/www.lediamant.ca\/fr\/?s={search_term_string}\"},\"query-input\":{\"@type\":\"PropertyValueSpecification\",\"valueRequired\":true,\"valueName\":\"search_term_string\"}}],\"inLanguage\":\"fr-FR\"},{\"@type\":\"Organization\",\"@id\":\"https:\/\/www.lediamant.ca\/fr\/#organization\",\"name\":\"Le Diamant\",\"url\":\"https:\/\/www.lediamant.ca\/fr\/\",\"logo\":{\"@type\":\"ImageObject\",\"inLanguage\":\"fr-FR\",\"@id\":\"https:\/\/www.lediamant.ca\/fr\/#\/schema\/logo\/image\/\",\"url\":\"https:\/\/www.lediamant.ca\/wp-content\/uploads\/2023\/05\/le-diamant-logo.png\",\"contentUrl\":\"https:\/\/www.lediamant.ca\/wp-content\/uploads\/2023\/05\/le-diamant-logo.png\",\"width\":1000,\"height\":750,\"caption\":\"Le Diamant\"},\"image\":{\"@id\":\"https:\/\/www.lediamant.ca\/fr\/#\/schema\/logo\/image\/\"},\"sameAs\":[\"https:\/\/www.facebook.com\/lediamantqc\/\",\"https:\/\/x.com\/lediamant_qc\"]}]}<\/script>\n<!-- \/ Yoast SEO plugin. -->","yoast_head_json":{"title":"Partenaires et donateurs-trices - Le Diamant","description":"Un Diamant ancr\u00e9 dans la vie culturelle de Qu\u00e9bec.","robots":{"index":"index","follow":"follow","max-snippet":"max-snippet:-1","max-video-preview":"max-video-preview:-1","imageindex":"noimageindex","archive":"noarchive"},"canonical":"https:\/\/www.lediamant.ca\/fr\/partenaires","og_locale":"fr_FR","og_type":"article","og_title":"Partenaires et donateurs-trices | Le Diamant","og_description":"Un Diamant ancr\u00e9 dans la vie culturelle de Qu\u00e9bec.","og_url":"https:\/\/www.lediamant.ca\/fr\/partenaires","og_site_name":"Le Diamant","article_publisher":"https:\/\/www.facebook.com\/lediamantqc\/","article_modified_time":"2026-01-30T16:02:14+00:00","og_image":[{"width":1200,"height":630,"url":"https:\/\/www.lediamant.ca\/wp-content\/uploads\/2023\/05\/partenaires-opengraph.jpg","type":"image\/jpeg"}],"twitter_card":"summary_large_image","twitter_site":"@lediamant_qc","twitter_misc":{"Dur\u00e9e de lecture estim\u00e9e":"7 minutes"},"schema":{"@context":"https:\/\/schema.org","@graph":[{"@type":"WebPage","@id":"https:\/\/www.lediamant.ca\/fr\/partenaires","url":"https:\/\/www.lediamant.ca\/fr\/partenaires","name":"Partenaires et donateurs-trices - Le Diamant","isPartOf":{"@id":"https:\/\/www.lediamant.ca\/fr\/#website"},"primaryImageOfPage":{"@id":"https:\/\/www.lediamant.ca\/fr\/partenaires#primaryimage"},"image":{"@id":"https:\/\/www.lediamant.ca\/fr\/partenaires#primaryimage"},"thumbnailUrl":"https:\/\/www.lediamant.ca\/wp-content\/uploads\/2023\/05\/partenaires-bandeau-scaled.jpg","datePublished":"2023-05-03T20:57:17+00:00","dateModified":"2026-01-30T16:02:14+00:00","description":"Un Diamant ancr\u00e9 dans la vie culturelle de Qu\u00e9bec.","breadcrumb":{"@id":"https:\/\/www.lediamant.ca\/fr\/partenaires#breadcrumb"},"inLanguage":"fr-FR","potentialAction":[{"@type":"ReadAction","target":["https:\/\/www.lediamant.ca\/fr\/partenaires"]}]},{"@type":"ImageObject","inLanguage":"fr-FR","@id":"https:\/\/www.lediamant.ca\/fr\/partenaires#primaryimage","url":"https:\/\/www.lediamant.ca\/wp-content\/uploads\/2023\/05\/partenaires-bandeau-scaled.jpg","contentUrl":"https:\/\/www.lediamant.ca\/wp-content\/uploads\/2023\/05\/partenaires-bandeau-scaled.jpg","width":2560,"height":914},{"@type":"BreadcrumbList","@id":"https:\/\/www.lediamant.ca\/fr\/partenaires#breadcrumb","itemListElement":[{"@type":"ListItem","position":1,"name":"Accueil","item":"https:\/\/www.lediamant.ca\/fr"},{"@type":"ListItem","position":2,"name":"Partenaires et donateurs-trices"}]},{"@type":"WebSite","@id":"https:\/\/www.lediamant.ca\/fr\/#website","url":"https:\/\/www.lediamant.ca\/fr\/","name":"Le Diamant","description":"Salle de spectacle situ\u00e9e \u00e0 place D&#039;Youville, Qu\u00e9bec (Canada). D\u00e9couvrez notre programmation.","publisher":{"@id":"https:\/\/www.lediamant.ca\/fr\/#organization"},"potentialAction":[{"@type":"SearchAction","target":{"@type":"EntryPoint","urlTemplate":"https:\/\/www.lediamant.ca\/fr\/?s={search_term_string}"},"query-input":{"@type":"PropertyValueSpecification","valueRequired":true,"valueName":"search_term_string"}}],"inLanguage":"fr-FR"},{"@type":"Organization","@id":"https:\/\/www.lediamant.ca\/fr\/#organization","name":"Le Diamant","url":"https:\/\/www.lediamant.ca\/fr\/","logo":{"@type":"ImageObject","inLanguage":"fr-FR","@id":"https:\/\/www.lediamant.ca\/fr\/#\/schema\/logo\/image\/","url":"https:\/\/www.lediamant.ca\/wp-content\/uploads\/2023\/05\/le-diamant-logo.png","contentUrl":"https:\/\/www.lediamant.ca\/wp-content\/uploads\/2023\/05\/le-diamant-logo.png","width":1000,"height":750,"caption":"Le Diamant"},"image":{"@id":"https:\/\/www.lediamant.ca\/fr\/#\/schema\/logo\/image\/"},"sameAs":["https:\/\/www.facebook.com\/lediamantqc\/","https:\/\/x.com\/lediamant_qc"]}]}},"_links":{"self":[{"href":"https:\/\/www.lediamant.ca\/fr\/wp-json\/wp\/v2\/pages\/2201","targetHints":{"allow":["GET"]}}],"collection":[{"href":"https:\/\/www.lediamant.ca\/fr\/wp-json\/wp\/v2\/pages"}],"about":[{"href":"https:\/\/www.lediamant.ca\/fr\/wp-json\/wp\/v2\/types\/page"}],"author":[{"embeddable":true,"href":"https:\/\/www.lediamant.ca\/fr\/wp-json\/wp\/v2\/users\/2"}],"replies":[{"embeddable":true,"href":"https:\/\/www.lediamant.ca\/fr\/wp-json\/wp\/v2\/comments?post=2201"}],"version-history":[{"count":103,"href":"https:\/\/www.lediamant.ca\/fr\/wp-json\/wp\/v2\/pages\/2201\/revisions"}],"predecessor-version":[{"id":21246,"href":"https:\/\/www.lediamant.ca\/fr\/wp-json\/wp\/v2\/pages\/2201\/revisions\/21246"}],"wp:featuredmedia":[{"embeddable":true,"href":"https:\/\/www.lediamant.ca\/fr\/wp-json\/wp\/v2\/media\/3079"}],"wp:attachment":[{"href":"https:\/\/www.lediamant.ca\/fr\/wp-json\/wp\/v2\/media?parent=2201"}],"curies":[{"name":"wp","href":"https:\/\/api.w.org\/{rel}","templated":true}]}}