{"id":2097,"date":"2023-05-03T15:27:04","date_gmt":"2023-05-03T19:27:04","guid":{"rendered":"https:\/\/www.lediamant.ca\/?page_id=2097"},"modified":"2024-02-01T17:53:32","modified_gmt":"2024-02-01T21:53:32","slug":"guide-utilisation-mon-compte","status":"publish","type":"page","link":"https:\/\/www.lediamant.ca\/fr\/billetterie\/guide-utilisation-mon-compte","title":{"rendered":"Guide d&rsquo;utilisation \u00e0 mon compte"},"content":{"rendered":"<div class=\"item wysiwyg component-paragraph\" >\n<p>Le portail <strong>Mon compte<\/strong> vous permet d\u2019avoir acc\u00e8s \u00e0 une foule d\u2019informations sur vos transactions avec Le Diamant, sur les billets achet\u00e9s et sur le cr\u00e9dit au compte disponible.&nbsp;Vous pourrez cr\u00e9er votre compte seulement lors de votre premier achat en ligne.<\/p>\n<\/div>\n\n<div class=\"item wysiwyg component-paragraph\" >\n<p>Apr\u00e8s avoir compl\u00e9t\u00e9 votre transaction, vous recevrez un courriel intitul\u00e9&nbsp;\u00ab Votre confirmation d&rsquo;achat &#8211; 001-000X XXXX \u00bb. Ensuite, vous pourrez vous connecter \u00e0 votre compte, en suivant les \u00e9tapes suivantes, et y retrouver l&rsquo;historique de vos achats.<\/p>\n<\/div>\n\n<div class=\"item wysiwyg component-heading\" >\n<h3 class=\"wp-block-heading\">1 \u2014 CONNECTEZ-VOUS \u00c0 \u00ab\u2009<strong>MON COMPTE<\/strong>\u2009\u00bb<\/h3>\n<\/div>\n\n<div class=\"item component-spacer\" ><div class=\"container\">\n<div style=\"height:30px\" aria-hidden=\"true\" class=\"wp-block-spacer\"><\/div>\n<\/div><\/div>\n\n<div class=\"item component-columns\">\n<div class=\"wp-block-columns is-layout-flex wp-container-core-columns-is-layout-9d6595d7 wp-block-columns-is-layout-flex\">\n<div class=\"wp-block-column is-layout-flow wp-block-column-is-layout-flow\" style=\"flex-basis:50%\"><div class=\"item wysiwyg component-image\" >\n<figure class=\"wp-block-image size-large\"><img decoding=\"async\" width=\"1024\" height=\"733\" src=\"https:\/\/www.lediamant.ca\/wp-content\/uploads\/2024\/02\/Connexion_FR_Accueil-1024x733.jpg\" alt=\"\" class=\"wp-image-8880\"\/ loading=\"lazy\" srcset=\"https:\/\/www.lediamant.ca\/wp-content\/uploads\/2024\/02\/Connexion_FR_Accueil-1024x733.jpg 1024w, https:\/\/www.lediamant.ca\/wp-content\/uploads\/2024\/02\/Connexion_FR_Accueil-700x501.jpg 700w, https:\/\/www.lediamant.ca\/wp-content\/uploads\/2024\/02\/Connexion_FR_Accueil-768x550.jpg 768w, https:\/\/www.lediamant.ca\/wp-content\/uploads\/2024\/02\/Connexion_FR_Accueil-1536x1100.jpg 1536w, https:\/\/www.lediamant.ca\/wp-content\/uploads\/2024\/02\/Connexion_FR_Accueil-2048x1466.jpg 2048w, https:\/\/www.lediamant.ca\/wp-content\/uploads\/2024\/02\/Connexion_FR_Accueil-400x286.jpg 400w\" sizes=\"auto, (max-width: 1024px) 100vw, 1024px\" \/><\/figure>\n<\/div><\/div>\n\n\n\n<div class=\"wp-block-column is-layout-flow wp-block-column-is-layout-flow\" style=\"flex-basis:50%\"><div class=\"item wysiwyg component-paragraph\" >\n<p>\u00c0 partir du menu principal, cliquez sur <strong><a rel=\"noreferrer noopener\" href=\"https:\/\/moncompte.lediamant.ca\/\" target=\"_blank\">MON COMPTE<\/a><\/strong>, situ\u00e9 dans le dans le coin sup\u00e9rieur droit de la page. <\/p>\n<\/div>\n\n<div class=\"item wysiwyg component-paragraph\" >\n<p>Si vous \u00eates sur mobile, cliquez sur les 3 barres horizontales dans le coin sup\u00e9rieur droit de la page, puis s\u00e9lectionnez&nbsp;<strong><a rel=\"noreferrer noopener\" href=\"https:\/\/moncompte.lediamant.ca\/\" target=\"_blank\">MON COMPTE<\/a><\/strong> dans le bas compl\u00e8tement.<\/p>\n<\/div><\/div>\n<\/div>\n<\/div>\n\n<div class=\"item wysiwyg component-heading\" >\n<h3 class=\"wp-block-heading\">2 \u2014 Bienvenue sur votre portail<\/h3>\n<\/div>\n\n<div class=\"item component-spacer\" ><div class=\"container\">\n<div style=\"height:32px\" aria-hidden=\"true\" class=\"wp-block-spacer\"><\/div>\n<\/div><\/div>\n\n<div class=\"item component-columns\">\n<div class=\"wp-block-columns is-layout-flex wp-container-core-columns-is-layout-9d6595d7 wp-block-columns-is-layout-flex\">\n<div class=\"wp-block-column is-layout-flow wp-block-column-is-layout-flow\" style=\"flex-basis:50%\"><div class=\"item wysiwyg component-image\" >\n<figure class=\"wp-block-image size-large\"><img decoding=\"async\" width=\"1024\" height=\"752\" src=\"https:\/\/www.lediamant.ca\/wp-content\/uploads\/2024\/02\/Connexion_FR_Connexion-1024x752.jpg\" alt=\"\" class=\"wp-image-8908\"\/ loading=\"lazy\" srcset=\"https:\/\/www.lediamant.ca\/wp-content\/uploads\/2024\/02\/Connexion_FR_Connexion-1024x752.jpg 1024w, https:\/\/www.lediamant.ca\/wp-content\/uploads\/2024\/02\/Connexion_FR_Connexion-700x514.jpg 700w, https:\/\/www.lediamant.ca\/wp-content\/uploads\/2024\/02\/Connexion_FR_Connexion-768x564.jpg 768w, https:\/\/www.lediamant.ca\/wp-content\/uploads\/2024\/02\/Connexion_FR_Connexion-1536x1128.jpg 1536w, https:\/\/www.lediamant.ca\/wp-content\/uploads\/2024\/02\/Connexion_FR_Connexion-2048x1504.jpg 2048w, https:\/\/www.lediamant.ca\/wp-content\/uploads\/2024\/02\/Connexion_FR_Connexion-400x294.jpg 400w\" sizes=\"auto, (max-width: 1024px) 100vw, 1024px\" \/><\/figure>\n<\/div><\/div>\n\n\n\n<div class=\"wp-block-column is-layout-flow wp-block-column-is-layout-flow\" style=\"flex-basis:50%\"><div class=\"item wysiwyg component-paragraph\" >\n<p>Si c\u2019est la premi\u00e8re fois que vous vous connectez \u00e0 ce portail :&nbsp;<\/p>\n<\/div>\n\n<div class=\"item wysiwyg component-list\" >\n<ul class=\"wp-block-list\">\n<li>Cliquez sur&nbsp;<strong>Premi\u00e8re utilisation ?<\/strong>&nbsp;pour activer votre compte et vous serez redirig\u00e9 vers la deuxi\u00e8me fen\u00eatre.<\/li>\n<\/ul>\n<\/div>\n\n<div class=\"item wysiwyg component-paragraph\" >\n<p>Si vous \u00eates une ou un habitu\u00e9-e, inscrivez l\u2019adresse de courriel avec laquelle vous avez proc\u00e9d\u00e9 \u00e0 votre transaction et votre mot de passe usuel, puis&nbsp;passez d\u00e8s maintenant \u00e0 la troisi\u00e8me \u00e9tape.<\/p>\n<\/div><\/div>\n<\/div>\n<\/div>\n\n<div class=\"item component-columns\">\n<div class=\"wp-block-columns is-layout-flex wp-container-core-columns-is-layout-9d6595d7 wp-block-columns-is-layout-flex\">\n<div class=\"wp-block-column is-layout-flow wp-block-column-is-layout-flow\" style=\"flex-basis:50%\"><div class=\"item wysiwyg component-image\" >\n<figure class=\"wp-block-image size-large\"><img decoding=\"async\" width=\"1024\" height=\"752\" src=\"https:\/\/www.lediamant.ca\/wp-content\/uploads\/2024\/02\/Connexion_FR_Inscription-1024x752.jpg\" alt=\"\" class=\"wp-image-8904\"\/ loading=\"lazy\" srcset=\"https:\/\/www.lediamant.ca\/wp-content\/uploads\/2024\/02\/Connexion_FR_Inscription-1024x752.jpg 1024w, https:\/\/www.lediamant.ca\/wp-content\/uploads\/2024\/02\/Connexion_FR_Inscription-700x514.jpg 700w, https:\/\/www.lediamant.ca\/wp-content\/uploads\/2024\/02\/Connexion_FR_Inscription-768x564.jpg 768w, https:\/\/www.lediamant.ca\/wp-content\/uploads\/2024\/02\/Connexion_FR_Inscription-1536x1128.jpg 1536w, https:\/\/www.lediamant.ca\/wp-content\/uploads\/2024\/02\/Connexion_FR_Inscription-2048x1504.jpg 2048w, https:\/\/www.lediamant.ca\/wp-content\/uploads\/2024\/02\/Connexion_FR_Inscription-400x294.jpg 400w\" sizes=\"auto, (max-width: 1024px) 100vw, 1024px\" \/><\/figure>\n<\/div><\/div>\n\n\n\n<div class=\"wp-block-column is-layout-flow wp-block-column-is-layout-flow\" style=\"flex-basis:50%\"><div class=\"item wysiwyg component-paragraph\" >\n<p>Inscrivez l\u2019adresse de courriel avec laquelle vous avez proc\u00e9d\u00e9 \u00e0 votre transaction.&nbsp;<\/p>\n<\/div><\/div>\n<\/div>\n<\/div>\n\n<div class=\"item component-columns\">\n<div class=\"wp-block-columns is-layout-flex wp-container-core-columns-is-layout-9d6595d7 wp-block-columns-is-layout-flex\">\n<div class=\"wp-block-column is-layout-flow wp-block-column-is-layout-flow\" style=\"flex-basis:50%\"><div class=\"item wysiwyg component-image\" >\n<figure class=\"wp-block-image size-large\"><img decoding=\"async\" width=\"1024\" height=\"752\" src=\"https:\/\/www.lediamant.ca\/wp-content\/uploads\/2024\/02\/Connexion_FR_Courriel-envoye-1024x752.jpg\" alt=\"\" class=\"wp-image-8900\"\/ loading=\"lazy\" srcset=\"https:\/\/www.lediamant.ca\/wp-content\/uploads\/2024\/02\/Connexion_FR_Courriel-envoye-1024x752.jpg 1024w, https:\/\/www.lediamant.ca\/wp-content\/uploads\/2024\/02\/Connexion_FR_Courriel-envoye-700x514.jpg 700w, https:\/\/www.lediamant.ca\/wp-content\/uploads\/2024\/02\/Connexion_FR_Courriel-envoye-768x564.jpg 768w, https:\/\/www.lediamant.ca\/wp-content\/uploads\/2024\/02\/Connexion_FR_Courriel-envoye-1536x1128.jpg 1536w, https:\/\/www.lediamant.ca\/wp-content\/uploads\/2024\/02\/Connexion_FR_Courriel-envoye-2048x1504.jpg 2048w, https:\/\/www.lediamant.ca\/wp-content\/uploads\/2024\/02\/Connexion_FR_Courriel-envoye-400x294.jpg 400w\" sizes=\"auto, (max-width: 1024px) 100vw, 1024px\" \/><\/figure>\n<\/div><\/div>\n\n\n\n<div class=\"wp-block-column is-layout-flow wp-block-column-is-layout-flow\" style=\"flex-basis:50%\"><div class=\"item wysiwyg component-paragraph\" >\n<p>Cliquez sur&nbsp;<strong>Envoyez le courriel<\/strong>&nbsp;et suivez les instructions que vous recevrez dans votre bo\u00eete courriel pour cr\u00e9er votre mot de passe.<\/p>\n<\/div><\/div>\n<\/div>\n<\/div>\n\n<div class=\"item wysiwyg component-heading\" >\n<h3 class=\"wp-block-heading\">3 \u2014 Une fois dans \u00ab <strong>Mon compte<\/strong> \u00bb (Tableau de bord)<\/h3>\n<\/div>\n\n<div class=\"item component-spacer\" ><div class=\"container\">\n<div style=\"height:30px\" aria-hidden=\"true\" class=\"wp-block-spacer\"><\/div>\n<\/div><\/div>\n\n<div class=\"item component-columns\">\n<div class=\"wp-block-columns is-layout-flex wp-container-core-columns-is-layout-9d6595d7 wp-block-columns-is-layout-flex\">\n<div class=\"wp-block-column is-layout-flow wp-block-column-is-layout-flow\" style=\"flex-basis:50%\"><div class=\"item wysiwyg component-image\" >\n<figure class=\"wp-block-image size-large\"><img decoding=\"async\" width=\"1024\" height=\"752\" src=\"https:\/\/www.lediamant.ca\/wp-content\/uploads\/2024\/02\/Connexion_FR_Tableau-de-bord-1024x752.jpg\" alt=\"\" class=\"wp-image-8896\"\/ loading=\"lazy\" srcset=\"https:\/\/www.lediamant.ca\/wp-content\/uploads\/2024\/02\/Connexion_FR_Tableau-de-bord-1024x752.jpg 1024w, https:\/\/www.lediamant.ca\/wp-content\/uploads\/2024\/02\/Connexion_FR_Tableau-de-bord-700x514.jpg 700w, https:\/\/www.lediamant.ca\/wp-content\/uploads\/2024\/02\/Connexion_FR_Tableau-de-bord-768x564.jpg 768w, https:\/\/www.lediamant.ca\/wp-content\/uploads\/2024\/02\/Connexion_FR_Tableau-de-bord-1536x1128.jpg 1536w, https:\/\/www.lediamant.ca\/wp-content\/uploads\/2024\/02\/Connexion_FR_Tableau-de-bord-2048x1504.jpg 2048w, https:\/\/www.lediamant.ca\/wp-content\/uploads\/2024\/02\/Connexion_FR_Tableau-de-bord-400x294.jpg 400w\" sizes=\"auto, (max-width: 1024px) 100vw, 1024px\" \/><\/figure>\n<\/div><\/div>\n\n\n\n<div class=\"wp-block-column is-layout-flow wp-block-column-is-layout-flow\" style=\"flex-basis:50%\"><div class=\"item wysiwyg component-paragraph\" >\n<p>Acc\u00e9dez \u00e0 vos \u00e9v\u00e9nements \u00e0 partir du tableau de bord, sous&nbsp;<strong>\u00c9v\u00e9nements \u00e0 venir<\/strong>&nbsp;ou en cliquant sur&nbsp;<strong>\u00c9v\u00e9nements<\/strong>&nbsp;dans le menu de gauche.<\/p>\n<\/div><\/div>\n<\/div>\n<\/div>\n\n<div class=\"item wysiwyg component-heading\" >\n<h3 class=\"wp-block-heading\">4 \u2014 Vos \u00c9V\u00c9NEMENTS<\/h3>\n<\/div>\n\n<div class=\"item component-spacer\" ><div class=\"container\">\n<div style=\"height:30px\" aria-hidden=\"true\" class=\"wp-block-spacer\"><\/div>\n<\/div><\/div>\n\n<div class=\"item component-columns\">\n<div class=\"wp-block-columns is-layout-flex wp-container-core-columns-is-layout-9d6595d7 wp-block-columns-is-layout-flex\">\n<div class=\"wp-block-column is-layout-flow wp-block-column-is-layout-flow\" style=\"flex-basis:50%\"><div class=\"item wysiwyg component-image\" >\n<figure class=\"wp-block-image size-large\"><img decoding=\"async\" width=\"1024\" height=\"752\" src=\"https:\/\/www.lediamant.ca\/wp-content\/uploads\/2024\/02\/Connexion_FR_Evenements-1024x752.jpg\" alt=\"\" class=\"wp-image-8892\"\/ loading=\"lazy\" srcset=\"https:\/\/www.lediamant.ca\/wp-content\/uploads\/2024\/02\/Connexion_FR_Evenements-1024x752.jpg 1024w, https:\/\/www.lediamant.ca\/wp-content\/uploads\/2024\/02\/Connexion_FR_Evenements-700x514.jpg 700w, https:\/\/www.lediamant.ca\/wp-content\/uploads\/2024\/02\/Connexion_FR_Evenements-768x564.jpg 768w, https:\/\/www.lediamant.ca\/wp-content\/uploads\/2024\/02\/Connexion_FR_Evenements-1536x1128.jpg 1536w, https:\/\/www.lediamant.ca\/wp-content\/uploads\/2024\/02\/Connexion_FR_Evenements-2048x1504.jpg 2048w, https:\/\/www.lediamant.ca\/wp-content\/uploads\/2024\/02\/Connexion_FR_Evenements-400x294.jpg 400w\" sizes=\"auto, (max-width: 1024px) 100vw, 1024px\" \/><\/figure>\n<\/div><\/div>\n\n\n\n<div class=\"wp-block-column is-layout-flow wp-block-column-is-layout-flow\" style=\"flex-basis:50%\"><div class=\"item wysiwyg component-paragraph\" >\n<p>Vous pouvez voir, dans cette section, tous vos \u00e9v\u00e9nements \u00e0 venir et vos \u00e9v\u00e9nements pass\u00e9s.<\/p>\n<\/div>\n\n<div class=\"item wysiwyg component-paragraph\" >\n<p>Vous pouvez aussi offrir le spectacle \u00e0 un \u00eatre cher en cliquant sur&nbsp;<strong>Transf\u00e9rer<\/strong>.<\/p>\n<\/div><\/div>\n<\/div>\n<\/div>\n\n<div class=\"item wysiwyg component-heading\" >\n<h3 class=\"wp-block-heading\">5 \u2014 Mon compte<\/h3>\n<\/div>\n\n<div class=\"item component-columns\">\n<div class=\"wp-block-columns is-layout-flex wp-container-core-columns-is-layout-9d6595d7 wp-block-columns-is-layout-flex\">\n<div class=\"wp-block-column is-layout-flow wp-block-column-is-layout-flow\" style=\"flex-basis:50%\"><div class=\"item wysiwyg component-image\" >\n<figure class=\"wp-block-image size-large\"><img decoding=\"async\" width=\"1024\" height=\"752\" src=\"https:\/\/www.lediamant.ca\/wp-content\/uploads\/2024\/02\/Connexion_FR_MonCompte-1024x752.jpg\" alt=\"\" class=\"wp-image-8913\"\/ loading=\"lazy\" srcset=\"https:\/\/www.lediamant.ca\/wp-content\/uploads\/2024\/02\/Connexion_FR_MonCompte-1024x752.jpg 1024w, https:\/\/www.lediamant.ca\/wp-content\/uploads\/2024\/02\/Connexion_FR_MonCompte-700x514.jpg 700w, https:\/\/www.lediamant.ca\/wp-content\/uploads\/2024\/02\/Connexion_FR_MonCompte-768x564.jpg 768w, https:\/\/www.lediamant.ca\/wp-content\/uploads\/2024\/02\/Connexion_FR_MonCompte-1536x1128.jpg 1536w, https:\/\/www.lediamant.ca\/wp-content\/uploads\/2024\/02\/Connexion_FR_MonCompte-2048x1504.jpg 2048w, https:\/\/www.lediamant.ca\/wp-content\/uploads\/2024\/02\/Connexion_FR_MonCompte-400x294.jpg 400w\" sizes=\"auto, (max-width: 1024px) 100vw, 1024px\" \/><\/figure>\n<\/div><\/div>\n\n\n\n<div class=\"wp-block-column is-layout-flow wp-block-column-is-layout-flow\" style=\"flex-basis:50%\"><div class=\"item wysiwyg component-paragraph\" >\n<p>Vous trouverez dans la section\u00a0<strong>Mon compte<\/strong>\u00a0les informations sur votre compte, le solde du cr\u00e9dit d&rsquo;achat \u00e0 votre compte et pourrez y modifier votre mot de passe ainsi que vos pr\u00e9f\u00e9rences.<\/p>\n<\/div><\/div>\n<\/div>\n<\/div>\n\n<div class=\"item component-spacer\" ><div class=\"container\">\n<div style=\"height:100px\" aria-hidden=\"true\" class=\"wp-block-spacer\"><\/div>\n<\/div><\/div>","protected":false},"excerpt":{"rendered":"Le portail Mon compte vous permet d\u2019avoir acc\u00e8s \u00e0 une foule d\u2019informations sur vos transactions avec Le Diamant, sur les billets achet\u00e9s et sur le cr\u00e9dit au compte disponible.&nbsp;Vous pourrez cr\u00e9er votre compte seulement lors de votre premier achat en ligne. Apr\u00e8s avoir compl\u00e9t\u00e9 votre transaction, vous recevrez un courriel intitul\u00e9&nbsp;\u00ab Votre confirmation d&rsquo;achat &#8211; [&hellip;]","protected":false},"author":2,"featured_media":1965,"parent":494,"menu_order":0,"comment_status":"closed","ping_status":"closed","template":"","meta":{"_acf_changed":false,"footnotes":""},"class_list":["post-2097","page","type-page","status-publish","has-post-thumbnail","hentry"],"acf":[],"yoast_head":"<!-- This site is optimized with the Yoast SEO plugin v26.5 - https:\/\/yoast.com\/wordpress\/plugins\/seo\/ -->\n<title>Guide d&#039;utilisation \u00e0 mon compte - Le Diamant<\/title>\n<meta name=\"description\" content=\"Le portail Mon compte vous permet d\u2019avoir acc\u00e8s \u00e0 une foule d\u2019informations sur vos transactions avec Le Diamant.\" \/>\n<meta name=\"robots\" content=\"index, follow, max-snippet:-1, max-image-preview:large, max-video-preview:-1\" \/>\n<link rel=\"canonical\" href=\"https:\/\/www.lediamant.ca\/fr\/billetterie\/guide-utilisation-mon-compte\" \/>\n<meta property=\"og:locale\" content=\"fr_FR\" \/>\n<meta property=\"og:type\" content=\"article\" \/>\n<meta property=\"og:title\" content=\"Guide d&#039;utilisation \u00e0 mon compte | Le Diamant\" \/>\n<meta property=\"og:description\" content=\"Le portail Mon compte vous permet d\u2019avoir acc\u00e8s \u00e0 une foule d\u2019informations sur vos transactions avec Le Diamant\" \/>\n<meta property=\"og:url\" content=\"https:\/\/www.lediamant.ca\/fr\/billetterie\/guide-utilisation-mon-compte\" \/>\n<meta property=\"og:site_name\" content=\"Le Diamant\" \/>\n<meta property=\"article:publisher\" content=\"https:\/\/www.facebook.com\/lediamantqc\/\" \/>\n<meta property=\"article:modified_time\" content=\"2024-02-01T21:53:32+00:00\" \/>\n<meta property=\"og:image\" content=\"https:\/\/www.lediamant.ca\/wp-content\/uploads\/2023\/05\/Le-Diamant-opengraph.jpeg\" \/>\n\t<meta property=\"og:image:width\" content=\"1200\" \/>\n\t<meta property=\"og:image:height\" content=\"630\" \/>\n\t<meta property=\"og:image:type\" content=\"image\/jpeg\" \/>\n<meta name=\"twitter:card\" content=\"summary_large_image\" \/>\n<meta name=\"twitter:site\" content=\"@lediamant_qc\" \/>\n<meta name=\"twitter:label1\" content=\"Dur\u00e9e de lecture estim\u00e9e\" \/>\n\t<meta name=\"twitter:data1\" content=\"4 minutes\" \/>\n<script type=\"application\/ld+json\" class=\"yoast-schema-graph\">{\"@context\":\"https:\/\/schema.org\",\"@graph\":[{\"@type\":\"WebPage\",\"@id\":\"https:\/\/www.lediamant.ca\/fr\/billetterie\/guide-utilisation-mon-compte\",\"url\":\"https:\/\/www.lediamant.ca\/fr\/billetterie\/guide-utilisation-mon-compte\",\"name\":\"Guide d'utilisation \u00e0 mon compte - Le Diamant\",\"isPartOf\":{\"@id\":\"https:\/\/www.lediamant.ca\/fr\/#website\"},\"primaryImageOfPage\":{\"@id\":\"https:\/\/www.lediamant.ca\/fr\/billetterie\/guide-utilisation-mon-compte#primaryimage\"},\"image\":{\"@id\":\"https:\/\/www.lediamant.ca\/fr\/billetterie\/guide-utilisation-mon-compte#primaryimage\"},\"thumbnailUrl\":\"https:\/\/www.lediamant.ca\/wp-content\/uploads\/2023\/05\/Batiment-2-StephaneGroleau-Banniere-scaled.jpg\",\"datePublished\":\"2023-05-03T19:27:04+00:00\",\"dateModified\":\"2024-02-01T21:53:32+00:00\",\"description\":\"Le portail Mon compte vous permet d\u2019avoir acc\u00e8s \u00e0 une foule d\u2019informations sur vos transactions avec Le Diamant.\",\"breadcrumb\":{\"@id\":\"https:\/\/www.lediamant.ca\/fr\/billetterie\/guide-utilisation-mon-compte#breadcrumb\"},\"inLanguage\":\"fr-FR\",\"potentialAction\":[{\"@type\":\"ReadAction\",\"target\":[\"https:\/\/www.lediamant.ca\/fr\/billetterie\/guide-utilisation-mon-compte\"]}]},{\"@type\":\"ImageObject\",\"inLanguage\":\"fr-FR\",\"@id\":\"https:\/\/www.lediamant.ca\/fr\/billetterie\/guide-utilisation-mon-compte#primaryimage\",\"url\":\"https:\/\/www.lediamant.ca\/wp-content\/uploads\/2023\/05\/Batiment-2-StephaneGroleau-Banniere-scaled.jpg\",\"contentUrl\":\"https:\/\/www.lediamant.ca\/wp-content\/uploads\/2023\/05\/Batiment-2-StephaneGroleau-Banniere-scaled.jpg\",\"width\":2560,\"height\":989,\"caption\":\"Photo \u2014 St\u00e9phane Groleau\"},{\"@type\":\"BreadcrumbList\",\"@id\":\"https:\/\/www.lediamant.ca\/fr\/billetterie\/guide-utilisation-mon-compte#breadcrumb\",\"itemListElement\":[{\"@type\":\"ListItem\",\"position\":1,\"name\":\"Accueil\",\"item\":\"https:\/\/www.lediamant.ca\/fr\"},{\"@type\":\"ListItem\",\"position\":2,\"name\":\"Info billetterie\",\"item\":\"https:\/\/www.lediamant.ca\/fr\/billetterie\"},{\"@type\":\"ListItem\",\"position\":3,\"name\":\"Guide d&rsquo;utilisation \u00e0 mon compte\"}]},{\"@type\":\"WebSite\",\"@id\":\"https:\/\/www.lediamant.ca\/fr\/#website\",\"url\":\"https:\/\/www.lediamant.ca\/fr\/\",\"name\":\"Le Diamant\",\"description\":\"Salle de spectacle situ\u00e9e \u00e0 place D&#039;Youville, Qu\u00e9bec (Canada). D\u00e9couvrez notre programmation.\",\"publisher\":{\"@id\":\"https:\/\/www.lediamant.ca\/fr\/#organization\"},\"potentialAction\":[{\"@type\":\"SearchAction\",\"target\":{\"@type\":\"EntryPoint\",\"urlTemplate\":\"https:\/\/www.lediamant.ca\/fr\/?s={search_term_string}\"},\"query-input\":{\"@type\":\"PropertyValueSpecification\",\"valueRequired\":true,\"valueName\":\"search_term_string\"}}],\"inLanguage\":\"fr-FR\"},{\"@type\":\"Organization\",\"@id\":\"https:\/\/www.lediamant.ca\/fr\/#organization\",\"name\":\"Le Diamant\",\"url\":\"https:\/\/www.lediamant.ca\/fr\/\",\"logo\":{\"@type\":\"ImageObject\",\"inLanguage\":\"fr-FR\",\"@id\":\"https:\/\/www.lediamant.ca\/fr\/#\/schema\/logo\/image\/\",\"url\":\"https:\/\/www.lediamant.ca\/wp-content\/uploads\/2023\/05\/le-diamant-logo.png\",\"contentUrl\":\"https:\/\/www.lediamant.ca\/wp-content\/uploads\/2023\/05\/le-diamant-logo.png\",\"width\":1000,\"height\":750,\"caption\":\"Le Diamant\"},\"image\":{\"@id\":\"https:\/\/www.lediamant.ca\/fr\/#\/schema\/logo\/image\/\"},\"sameAs\":[\"https:\/\/www.facebook.com\/lediamantqc\/\",\"https:\/\/x.com\/lediamant_qc\"]}]}<\/script>\n<!-- \/ Yoast SEO plugin. -->","yoast_head_json":{"title":"Guide d'utilisation \u00e0 mon compte - Le Diamant","description":"Le portail Mon compte vous permet d\u2019avoir acc\u00e8s \u00e0 une foule d\u2019informations sur vos transactions avec Le Diamant.","robots":{"index":"index","follow":"follow","max-snippet":"max-snippet:-1","max-image-preview":"max-image-preview:large","max-video-preview":"max-video-preview:-1"},"canonical":"https:\/\/www.lediamant.ca\/fr\/billetterie\/guide-utilisation-mon-compte","og_locale":"fr_FR","og_type":"article","og_title":"Guide d'utilisation \u00e0 mon compte | Le Diamant","og_description":"Le portail Mon compte vous permet d\u2019avoir acc\u00e8s \u00e0 une foule d\u2019informations sur vos transactions avec Le Diamant","og_url":"https:\/\/www.lediamant.ca\/fr\/billetterie\/guide-utilisation-mon-compte","og_site_name":"Le Diamant","article_publisher":"https:\/\/www.facebook.com\/lediamantqc\/","article_modified_time":"2024-02-01T21:53:32+00:00","og_image":[{"width":1200,"height":630,"url":"https:\/\/www.lediamant.ca\/wp-content\/uploads\/2023\/05\/Le-Diamant-opengraph.jpeg","type":"image\/jpeg"}],"twitter_card":"summary_large_image","twitter_site":"@lediamant_qc","twitter_misc":{"Dur\u00e9e de lecture estim\u00e9e":"4 minutes"},"schema":{"@context":"https:\/\/schema.org","@graph":[{"@type":"WebPage","@id":"https:\/\/www.lediamant.ca\/fr\/billetterie\/guide-utilisation-mon-compte","url":"https:\/\/www.lediamant.ca\/fr\/billetterie\/guide-utilisation-mon-compte","name":"Guide d'utilisation \u00e0 mon compte - Le Diamant","isPartOf":{"@id":"https:\/\/www.lediamant.ca\/fr\/#website"},"primaryImageOfPage":{"@id":"https:\/\/www.lediamant.ca\/fr\/billetterie\/guide-utilisation-mon-compte#primaryimage"},"image":{"@id":"https:\/\/www.lediamant.ca\/fr\/billetterie\/guide-utilisation-mon-compte#primaryimage"},"thumbnailUrl":"https:\/\/www.lediamant.ca\/wp-content\/uploads\/2023\/05\/Batiment-2-StephaneGroleau-Banniere-scaled.jpg","datePublished":"2023-05-03T19:27:04+00:00","dateModified":"2024-02-01T21:53:32+00:00","description":"Le portail Mon compte vous permet d\u2019avoir acc\u00e8s \u00e0 une foule d\u2019informations sur vos transactions avec Le Diamant.","breadcrumb":{"@id":"https:\/\/www.lediamant.ca\/fr\/billetterie\/guide-utilisation-mon-compte#breadcrumb"},"inLanguage":"fr-FR","potentialAction":[{"@type":"ReadAction","target":["https:\/\/www.lediamant.ca\/fr\/billetterie\/guide-utilisation-mon-compte"]}]},{"@type":"ImageObject","inLanguage":"fr-FR","@id":"https:\/\/www.lediamant.ca\/fr\/billetterie\/guide-utilisation-mon-compte#primaryimage","url":"https:\/\/www.lediamant.ca\/wp-content\/uploads\/2023\/05\/Batiment-2-StephaneGroleau-Banniere-scaled.jpg","contentUrl":"https:\/\/www.lediamant.ca\/wp-content\/uploads\/2023\/05\/Batiment-2-StephaneGroleau-Banniere-scaled.jpg","width":2560,"height":989,"caption":"Photo \u2014 St\u00e9phane Groleau"},{"@type":"BreadcrumbList","@id":"https:\/\/www.lediamant.ca\/fr\/billetterie\/guide-utilisation-mon-compte#breadcrumb","itemListElement":[{"@type":"ListItem","position":1,"name":"Accueil","item":"https:\/\/www.lediamant.ca\/fr"},{"@type":"ListItem","position":2,"name":"Info billetterie","item":"https:\/\/www.lediamant.ca\/fr\/billetterie"},{"@type":"ListItem","position":3,"name":"Guide d&rsquo;utilisation \u00e0 mon compte"}]},{"@type":"WebSite","@id":"https:\/\/www.lediamant.ca\/fr\/#website","url":"https:\/\/www.lediamant.ca\/fr\/","name":"Le Diamant","description":"Salle de spectacle situ\u00e9e \u00e0 place D&#039;Youville, Qu\u00e9bec (Canada). D\u00e9couvrez notre programmation.","publisher":{"@id":"https:\/\/www.lediamant.ca\/fr\/#organization"},"potentialAction":[{"@type":"SearchAction","target":{"@type":"EntryPoint","urlTemplate":"https:\/\/www.lediamant.ca\/fr\/?s={search_term_string}"},"query-input":{"@type":"PropertyValueSpecification","valueRequired":true,"valueName":"search_term_string"}}],"inLanguage":"fr-FR"},{"@type":"Organization","@id":"https:\/\/www.lediamant.ca\/fr\/#organization","name":"Le Diamant","url":"https:\/\/www.lediamant.ca\/fr\/","logo":{"@type":"ImageObject","inLanguage":"fr-FR","@id":"https:\/\/www.lediamant.ca\/fr\/#\/schema\/logo\/image\/","url":"https:\/\/www.lediamant.ca\/wp-content\/uploads\/2023\/05\/le-diamant-logo.png","contentUrl":"https:\/\/www.lediamant.ca\/wp-content\/uploads\/2023\/05\/le-diamant-logo.png","width":1000,"height":750,"caption":"Le Diamant"},"image":{"@id":"https:\/\/www.lediamant.ca\/fr\/#\/schema\/logo\/image\/"},"sameAs":["https:\/\/www.facebook.com\/lediamantqc\/","https:\/\/x.com\/lediamant_qc"]}]}},"_links":{"self":[{"href":"https:\/\/www.lediamant.ca\/fr\/wp-json\/wp\/v2\/pages\/2097","targetHints":{"allow":["GET"]}}],"collection":[{"href":"https:\/\/www.lediamant.ca\/fr\/wp-json\/wp\/v2\/pages"}],"about":[{"href":"https:\/\/www.lediamant.ca\/fr\/wp-json\/wp\/v2\/types\/page"}],"author":[{"embeddable":true,"href":"https:\/\/www.lediamant.ca\/fr\/wp-json\/wp\/v2\/users\/2"}],"replies":[{"embeddable":true,"href":"https:\/\/www.lediamant.ca\/fr\/wp-json\/wp\/v2\/comments?post=2097"}],"version-history":[{"count":5,"href":"https:\/\/www.lediamant.ca\/fr\/wp-json\/wp\/v2\/pages\/2097\/revisions"}],"predecessor-version":[{"id":8916,"href":"https:\/\/www.lediamant.ca\/fr\/wp-json\/wp\/v2\/pages\/2097\/revisions\/8916"}],"up":[{"embeddable":true,"href":"https:\/\/www.lediamant.ca\/fr\/wp-json\/wp\/v2\/pages\/494"}],"wp:featuredmedia":[{"embeddable":true,"href":"https:\/\/www.lediamant.ca\/fr\/wp-json\/wp\/v2\/media\/1965"}],"wp:attachment":[{"href":"https:\/\/www.lediamant.ca\/fr\/wp-json\/wp\/v2\/media?parent=2097"}],"curies":[{"name":"wp","href":"https:\/\/api.w.org\/{rel}","templated":true}]}}