{"id":2037,"date":"2023-05-03T13:48:35","date_gmt":"2023-05-03T17:48:35","guid":{"rendered":"https:\/\/www.lediamant.ca\/?page_id=2037"},"modified":"2023-05-12T15:48:57","modified_gmt":"2023-05-12T19:48:57","slug":"netiquette","status":"publish","type":"page","link":"https:\/\/www.lediamant.ca\/fr\/netiquette","title":{"rendered":"N\u00e9tiquette des plateformes m\u00e9dias sociaux"},"content":{"rendered":"<div class=\"item wysiwyg component-paragraph\" >\n<p>Cette n\u00e9tiquette pr\u00e9sente les codes de biens\u00e9ance&nbsp;et les r\u00e8gles de conduite \u00e0 respecter lors d\u2019interactions sur les plateformes de m\u00e9dias sociaux administr\u00e9es par Le Diamant. Nous comptons sur votre jugement afin de faire preuve du plus grand respect dans vos propos.<\/p>\n<\/div>\n\n<div class=\"item wysiwyg component-list\" >\n<ol class=\"wp-block-list\">\n<li>Les propos jug\u00e9s diffamatoires, haineux, racistes, x\u00e9nophobes, homophobes, sexistes, ou disgracieux seront supprim\u00e9s sans pr\u00e9avis.<\/li>\n\n\n\n<li>La vulgarit\u00e9 n\u2019a pas non plus sa place. Nous consid\u00e9rons qu\u2019il est possible de s\u2019exprimer sans blasph\u00e9mer ou employer un langage choquant.\u00a0Nous nous r\u00e9servons le droit, au b\u00e9n\u00e9fice de tous, de supprimer sans pr\u00e9avis les commentaires jug\u00e9s insultants ou choquants.<\/li>\n\n\n\n<li>N\u2019oubliez pas que l\u2019utilisation des majuscules dans un message est consid\u00e9r\u00e9e comme un cri. Un commentaire sera tout aussi bon s\u2019il est \u00e9crit en minuscules.<\/li>\n\n\n\n<li>Les messages traitant de sujets sans lien de pr\u00e8s ou de loin avec la nature de cette page seront supprim\u00e9s. La publicit\u00e9 sous toutes ses formes n\u2019est aucunement tol\u00e9r\u00e9e.<\/li>\n\n\n\n<li>Tous vos commentaires sont lus et consid\u00e9r\u00e9s, le plus rapidement possible, sans pour autant tous faire l\u2019objet d\u2019une r\u00e9ponse.<\/li>\n\n\n\n<li>L\u2019ajout d\u2019hyperliens vers d\u2019autres sites est autoris\u00e9, pourvu que le contenu soit en lien avec les sujets abord\u00e9s et avec les champs d\u2019activit\u00e9 du Diamant. Notez que nous ne sommes pas responsables du contenu de ces sites et nous nous r\u00e9servons le droit de supprimer tout contenu inappropri\u00e9.<\/li>\n\n\n\n<li>En vue de favoriser le bon fonctionnement et l\u2019harmonie sur ces pages, le Diamant se r\u00e9serve le droit de supprimer un commentaire, bannir un utilisateur ou m\u00eame de modifier ces r\u00e8gles d\u2019utilisation en tout temps et sans avertissement pr\u00e9alable.<\/li>\n<\/ol>\n<\/div>\n\n<div class=\"item wysiwyg component-paragraph\" >\n<p>Cette n\u00e9tiquette est inspir\u00e9e de celle recommand\u00e9e par l&rsquo;<a href=\"http:\/\/www.omsrp.com.ulaval.ca\/netiquette\/\" target=\"_blank\" rel=\"noreferrer noopener\">Observatoire des m\u00e9dias sociaux en relations publiques (OMSRP)<\/a>.&nbsp;<\/p>\n<\/div>\n\n<div class=\"item component-spacer\" ><div class=\"container\">\n<div style=\"height:100px\" aria-hidden=\"true\" class=\"wp-block-spacer\"><\/div>\n<\/div><\/div>","protected":false},"excerpt":{"rendered":"Cette n\u00e9tiquette pr\u00e9sente les codes de biens\u00e9ance&nbsp;et les r\u00e8gles de conduite \u00e0 respecter lors d\u2019interactions sur les plateformes de m\u00e9dias sociaux administr\u00e9es par Le Diamant. Nous comptons sur votre jugement afin de faire preuve du plus grand respect dans vos propos. Cette n\u00e9tiquette est inspir\u00e9e de celle recommand\u00e9e par l&rsquo;Observatoire des m\u00e9dias sociaux en relations [&hellip;]","protected":false},"author":2,"featured_media":0,"parent":0,"menu_order":0,"comment_status":"closed","ping_status":"closed","template":"","meta":{"_acf_changed":false,"footnotes":""},"class_list":["post-2037","page","type-page","status-publish","hentry"],"acf":[],"yoast_head":"<!-- This site is optimized with the Yoast SEO plugin v26.5 - https:\/\/yoast.com\/wordpress\/plugins\/seo\/ -->\n<title>N\u00e9tiquette des plateformes m\u00e9dias sociaux - Le Diamant<\/title>\n<meta name=\"description\" content=\"Cette n\u00e9tiquette pr\u00e9sente les codes de biens\u00e9ance\u00a0et les r\u00e8gles de conduite \u00e0 respecter lors d\u2019interactions sur les plateformes de m\u00e9dias sociaux.\" \/>\n<meta name=\"robots\" content=\"index, follow, max-snippet:-1, max-image-preview:large, max-video-preview:-1\" \/>\n<link rel=\"canonical\" href=\"https:\/\/www.lediamant.ca\/fr\/netiquette\" \/>\n<meta property=\"og:locale\" content=\"fr_FR\" \/>\n<meta property=\"og:type\" content=\"article\" \/>\n<meta property=\"og:title\" content=\"N\u00e9tiquette des plateformes m\u00e9dias sociaux\" \/>\n<meta property=\"og:description\" content=\"Cette n\u00e9tiquette pr\u00e9sente les codes de biens\u00e9ance\u00a0et les r\u00e8gles de conduite \u00e0 respecter lors d\u2019interactions sur les plateformes de m\u00e9dias sociaux.\" \/>\n<meta property=\"og:url\" content=\"https:\/\/www.lediamant.ca\/fr\/netiquette\" \/>\n<meta property=\"og:site_name\" content=\"Le Diamant\" \/>\n<meta property=\"article:publisher\" content=\"https:\/\/www.facebook.com\/lediamantqc\/\" \/>\n<meta property=\"article:modified_time\" content=\"2023-05-12T19:48:57+00:00\" \/>\n<meta property=\"og:image\" content=\"https:\/\/www.lediamant.ca\/wp-content\/uploads\/2023\/05\/Le-Diamant-opengraph.jpeg\" \/>\n\t<meta property=\"og:image:width\" content=\"1200\" \/>\n\t<meta property=\"og:image:height\" content=\"630\" \/>\n\t<meta property=\"og:image:type\" content=\"image\/jpeg\" \/>\n<meta name=\"twitter:card\" content=\"summary_large_image\" \/>\n<meta name=\"twitter:site\" content=\"@lediamant_qc\" \/>\n<meta name=\"twitter:label1\" content=\"Dur\u00e9e de lecture estim\u00e9e\" \/>\n\t<meta name=\"twitter:data1\" content=\"2 minutes\" \/>\n<script type=\"application\/ld+json\" class=\"yoast-schema-graph\">{\"@context\":\"https:\/\/schema.org\",\"@graph\":[{\"@type\":\"WebPage\",\"@id\":\"https:\/\/www.lediamant.ca\/fr\/netiquette\",\"url\":\"https:\/\/www.lediamant.ca\/fr\/netiquette\",\"name\":\"N\u00e9tiquette des plateformes m\u00e9dias sociaux - Le Diamant\",\"isPartOf\":{\"@id\":\"https:\/\/www.lediamant.ca\/fr\/#website\"},\"datePublished\":\"2023-05-03T17:48:35+00:00\",\"dateModified\":\"2023-05-12T19:48:57+00:00\",\"description\":\"Cette n\u00e9tiquette pr\u00e9sente les codes de biens\u00e9ance\u00a0et les r\u00e8gles de conduite \u00e0 respecter lors d\u2019interactions sur les plateformes de m\u00e9dias sociaux.\",\"breadcrumb\":{\"@id\":\"https:\/\/www.lediamant.ca\/fr\/netiquette#breadcrumb\"},\"inLanguage\":\"fr-FR\",\"potentialAction\":[{\"@type\":\"ReadAction\",\"target\":[\"https:\/\/www.lediamant.ca\/fr\/netiquette\"]}]},{\"@type\":\"BreadcrumbList\",\"@id\":\"https:\/\/www.lediamant.ca\/fr\/netiquette#breadcrumb\",\"itemListElement\":[{\"@type\":\"ListItem\",\"position\":1,\"name\":\"Accueil\",\"item\":\"https:\/\/www.lediamant.ca\/fr\"},{\"@type\":\"ListItem\",\"position\":2,\"name\":\"N\u00e9tiquette des plateformes m\u00e9dias sociaux\"}]},{\"@type\":\"WebSite\",\"@id\":\"https:\/\/www.lediamant.ca\/fr\/#website\",\"url\":\"https:\/\/www.lediamant.ca\/fr\/\",\"name\":\"Le Diamant\",\"description\":\"Salle de spectacle situ\u00e9e \u00e0 place D&#039;Youville, Qu\u00e9bec (Canada). D\u00e9couvrez notre programmation.\",\"publisher\":{\"@id\":\"https:\/\/www.lediamant.ca\/fr\/#organization\"},\"potentialAction\":[{\"@type\":\"SearchAction\",\"target\":{\"@type\":\"EntryPoint\",\"urlTemplate\":\"https:\/\/www.lediamant.ca\/fr\/?s={search_term_string}\"},\"query-input\":{\"@type\":\"PropertyValueSpecification\",\"valueRequired\":true,\"valueName\":\"search_term_string\"}}],\"inLanguage\":\"fr-FR\"},{\"@type\":\"Organization\",\"@id\":\"https:\/\/www.lediamant.ca\/fr\/#organization\",\"name\":\"Le Diamant\",\"url\":\"https:\/\/www.lediamant.ca\/fr\/\",\"logo\":{\"@type\":\"ImageObject\",\"inLanguage\":\"fr-FR\",\"@id\":\"https:\/\/www.lediamant.ca\/fr\/#\/schema\/logo\/image\/\",\"url\":\"https:\/\/www.lediamant.ca\/wp-content\/uploads\/2023\/05\/le-diamant-logo.png\",\"contentUrl\":\"https:\/\/www.lediamant.ca\/wp-content\/uploads\/2023\/05\/le-diamant-logo.png\",\"width\":1000,\"height\":750,\"caption\":\"Le Diamant\"},\"image\":{\"@id\":\"https:\/\/www.lediamant.ca\/fr\/#\/schema\/logo\/image\/\"},\"sameAs\":[\"https:\/\/www.facebook.com\/lediamantqc\/\",\"https:\/\/x.com\/lediamant_qc\"]}]}<\/script>\n<!-- \/ Yoast SEO plugin. -->","yoast_head_json":{"title":"N\u00e9tiquette des plateformes m\u00e9dias sociaux - Le Diamant","description":"Cette n\u00e9tiquette pr\u00e9sente les codes de biens\u00e9ance\u00a0et les r\u00e8gles de conduite \u00e0 respecter lors d\u2019interactions sur les plateformes de m\u00e9dias sociaux.","robots":{"index":"index","follow":"follow","max-snippet":"max-snippet:-1","max-image-preview":"max-image-preview:large","max-video-preview":"max-video-preview:-1"},"canonical":"https:\/\/www.lediamant.ca\/fr\/netiquette","og_locale":"fr_FR","og_type":"article","og_title":"N\u00e9tiquette des plateformes m\u00e9dias sociaux","og_description":"Cette n\u00e9tiquette pr\u00e9sente les codes de biens\u00e9ance\u00a0et les r\u00e8gles de conduite \u00e0 respecter lors d\u2019interactions sur les plateformes de m\u00e9dias sociaux.","og_url":"https:\/\/www.lediamant.ca\/fr\/netiquette","og_site_name":"Le Diamant","article_publisher":"https:\/\/www.facebook.com\/lediamantqc\/","article_modified_time":"2023-05-12T19:48:57+00:00","og_image":[{"width":1200,"height":630,"url":"https:\/\/www.lediamant.ca\/wp-content\/uploads\/2023\/05\/Le-Diamant-opengraph.jpeg","type":"image\/jpeg"}],"twitter_card":"summary_large_image","twitter_site":"@lediamant_qc","twitter_misc":{"Dur\u00e9e de lecture estim\u00e9e":"2 minutes"},"schema":{"@context":"https:\/\/schema.org","@graph":[{"@type":"WebPage","@id":"https:\/\/www.lediamant.ca\/fr\/netiquette","url":"https:\/\/www.lediamant.ca\/fr\/netiquette","name":"N\u00e9tiquette des plateformes m\u00e9dias sociaux - Le Diamant","isPartOf":{"@id":"https:\/\/www.lediamant.ca\/fr\/#website"},"datePublished":"2023-05-03T17:48:35+00:00","dateModified":"2023-05-12T19:48:57+00:00","description":"Cette n\u00e9tiquette pr\u00e9sente les codes de biens\u00e9ance\u00a0et les r\u00e8gles de conduite \u00e0 respecter lors d\u2019interactions sur les plateformes de m\u00e9dias sociaux.","breadcrumb":{"@id":"https:\/\/www.lediamant.ca\/fr\/netiquette#breadcrumb"},"inLanguage":"fr-FR","potentialAction":[{"@type":"ReadAction","target":["https:\/\/www.lediamant.ca\/fr\/netiquette"]}]},{"@type":"BreadcrumbList","@id":"https:\/\/www.lediamant.ca\/fr\/netiquette#breadcrumb","itemListElement":[{"@type":"ListItem","position":1,"name":"Accueil","item":"https:\/\/www.lediamant.ca\/fr"},{"@type":"ListItem","position":2,"name":"N\u00e9tiquette des plateformes m\u00e9dias sociaux"}]},{"@type":"WebSite","@id":"https:\/\/www.lediamant.ca\/fr\/#website","url":"https:\/\/www.lediamant.ca\/fr\/","name":"Le Diamant","description":"Salle de spectacle situ\u00e9e \u00e0 place D&#039;Youville, Qu\u00e9bec (Canada). D\u00e9couvrez notre programmation.","publisher":{"@id":"https:\/\/www.lediamant.ca\/fr\/#organization"},"potentialAction":[{"@type":"SearchAction","target":{"@type":"EntryPoint","urlTemplate":"https:\/\/www.lediamant.ca\/fr\/?s={search_term_string}"},"query-input":{"@type":"PropertyValueSpecification","valueRequired":true,"valueName":"search_term_string"}}],"inLanguage":"fr-FR"},{"@type":"Organization","@id":"https:\/\/www.lediamant.ca\/fr\/#organization","name":"Le Diamant","url":"https:\/\/www.lediamant.ca\/fr\/","logo":{"@type":"ImageObject","inLanguage":"fr-FR","@id":"https:\/\/www.lediamant.ca\/fr\/#\/schema\/logo\/image\/","url":"https:\/\/www.lediamant.ca\/wp-content\/uploads\/2023\/05\/le-diamant-logo.png","contentUrl":"https:\/\/www.lediamant.ca\/wp-content\/uploads\/2023\/05\/le-diamant-logo.png","width":1000,"height":750,"caption":"Le Diamant"},"image":{"@id":"https:\/\/www.lediamant.ca\/fr\/#\/schema\/logo\/image\/"},"sameAs":["https:\/\/www.facebook.com\/lediamantqc\/","https:\/\/x.com\/lediamant_qc"]}]}},"_links":{"self":[{"href":"https:\/\/www.lediamant.ca\/fr\/wp-json\/wp\/v2\/pages\/2037","targetHints":{"allow":["GET"]}}],"collection":[{"href":"https:\/\/www.lediamant.ca\/fr\/wp-json\/wp\/v2\/pages"}],"about":[{"href":"https:\/\/www.lediamant.ca\/fr\/wp-json\/wp\/v2\/types\/page"}],"author":[{"embeddable":true,"href":"https:\/\/www.lediamant.ca\/fr\/wp-json\/wp\/v2\/users\/2"}],"replies":[{"embeddable":true,"href":"https:\/\/www.lediamant.ca\/fr\/wp-json\/wp\/v2\/comments?post=2037"}],"version-history":[{"count":4,"href":"https:\/\/www.lediamant.ca\/fr\/wp-json\/wp\/v2\/pages\/2037\/revisions"}],"predecessor-version":[{"id":3285,"href":"https:\/\/www.lediamant.ca\/fr\/wp-json\/wp\/v2\/pages\/2037\/revisions\/3285"}],"wp:attachment":[{"href":"https:\/\/www.lediamant.ca\/fr\/wp-json\/wp\/v2\/media?parent=2037"}],"curies":[{"name":"wp","href":"https:\/\/api.w.org\/{rel}","templated":true}]}}