{"id":2021,"date":"2023-05-03T13:38:16","date_gmt":"2023-05-03T17:38:16","guid":{"rendered":"https:\/\/www.lediamant.ca\/?page_id=2021"},"modified":"2025-10-15T16:39:05","modified_gmt":"2025-10-15T20:39:05","slug":"medias","status":"publish","type":"page","link":"https:\/\/www.lediamant.ca\/fr\/medias","title":{"rendered":"M\u00e9dias"},"content":{"rendered":"<div class=\"item wysiwyg component-heading\" >\n<h3 class=\"wp-block-heading\">Demandes d&rsquo;entrevue<\/h3>\n<\/div>\n\n<div class=\"item wysiwyg component-paragraph\" >\n<p>Toutes les demandes d\u2019entrevue ou de suivis m\u00e9dias doivent \u00eatre adress\u00e9es par courriel \u00e0 la direction des communications du Diamant.<\/p>\n<\/div>\n\n<div class=\"item wysiwyg component-paragraph\" >\n<p>Un dossier de presse complet peut aussi \u00eatre mis \u00e0 la disposition des journalistes, sur demande.<\/p>\n<\/div>\n\n<div class=\"item wysiwyg component-paragraph\" >\n<p>Les invitations aux conf\u00e9rences de presse sont envoy\u00e9es sur la base d\u2019une liste m\u00e9dia. Pour en faire partie, faites-en la demande aupr\u00e8s de l&rsquo;\u00e9quipe des communications au&nbsp;<a rel=\"noreferrer noopener\" href=\"mailto:communication@lediamant.ca\" target=\"_blank\">communication@lediamant.ca<\/a><\/p>\n<\/div>\n\n<div class=\"item wysiwyg component-heading\" >\n<h3 class=\"wp-block-heading\">Photos, vid\u00e9os et logos<\/h3>\n<\/div>\n\n<div class=\"item wysiwyg component-paragraph\" >\n<p>Pour les besoins en mati\u00e8re de photos, de vid\u00e9os, de logos ou pour des propositions de partenariat, pri\u00e8re de vous adresser \u00e0 l&rsquo;\u00e9quipe des communications au&nbsp;<a rel=\"noreferrer noopener\" href=\"mailto:communication@lediamant.ca\" target=\"_blank\">communication@lediamant.ca<\/a><\/p>\n<\/div>\n\n<div class=\"item wysiwyg component-paragraph\" >\n<p>Aucun contenu tir\u00e9 des r\u00e9seaux sociaux du Diamant ne peut \u00eatre utilis\u00e9 sans approbation et les mentions des cr\u00e9dits sont obligatoires.<\/p>\n<\/div>\n\n<div class=\"item wysiwyg component-heading\" >\n<h3 class=\"wp-block-heading\">Communiqu\u00e9 de presse<\/h3>\n<\/div>\n\n<div class=\"item wysiwyg component-paragraph\" >\n<p>Tous les communiqu\u00e9s de presse peuvent \u00eatre consult\u00e9s dans la section \u00ab\u2009<a href=\"https:\/\/www.lediamant.ca\/fr\/nouvelles\">Nouvelles<\/a>\u2009\u00bb.<\/p>\n<\/div>\n\n<div class=\"item wysiwyg component-heading\" >\n<h3 class=\"wp-block-heading\">Pr\u00e9sence sur les r\u00e9seaux sociaux<\/h3>\n<\/div>\n\n<div class=\"item wysiwyg component-paragraph\" >\n<p>Suivez Le Diamant sur :<\/p>\n<\/div>\n\n<div class=\"item wysiwyg component-paragraph\" >\n<p><a href=\"https:\/\/www.facebook.com\/lediamantqc\/\" target=\"_blank\" rel=\"noreferrer noopener\">Facebook<\/a><br><a href=\"https:\/\/www.instagram.com\/lediamant_qc\/\" target=\"_blank\" rel=\"noreferrer noopener\">Instagram<\/a><br><a href=\"https:\/\/www.linkedin.com\/company\/le-diamant\/\">LinkedIn<\/a><br><a href=\"https:\/\/www.tiktok.com\/@lediamant_qc\">TikTok<\/a><br><a href=\"https:\/\/www.youtube.com\/channel\/UCjB4MMQfkB6zAQW_2MUCYkQ\" target=\"_blank\" rel=\"noreferrer noopener\">YouTube<\/a><\/p>\n<\/div>\n\n<div class=\"item wysiwyg component-link-button\" >\n<p><a class=\"btn btn--regular\" href=\"https:\/\/www.lediamant.ca\/fr\/netiquette\" target=\"\">Consulter la n\u00e9tiquette des m\u00e9dias sociaux<\/a><\/p><\/div>\n\n<div class=\"item component-spacer\" ><div class=\"container\">\n<div style=\"height:100px\" aria-hidden=\"true\" class=\"wp-block-spacer\"><\/div>\n<\/div><\/div>","protected":false},"excerpt":{"rendered":"Demandes d&rsquo;entrevue Toutes les demandes d\u2019entrevue ou de suivis m\u00e9dias doivent \u00eatre adress\u00e9es par courriel \u00e0 la direction des communications du Diamant. Un dossier de presse complet peut aussi \u00eatre mis \u00e0 la disposition des journalistes, sur demande. Les invitations aux conf\u00e9rences de presse sont envoy\u00e9es sur la base d\u2019une liste m\u00e9dia. Pour en faire [&hellip;]","protected":false},"author":2,"featured_media":0,"parent":0,"menu_order":0,"comment_status":"closed","ping_status":"closed","template":"","meta":{"_acf_changed":false,"footnotes":""},"class_list":["post-2021","page","type-page","status-publish","hentry"],"acf":[],"yoast_head":"<!-- This site is optimized with the Yoast SEO plugin v26.5 - https:\/\/yoast.com\/wordpress\/plugins\/seo\/ -->\n<title>M\u00e9dias - Le Diamant<\/title>\n<meta name=\"description\" content=\"Toutes les demandes d\u2019entrevue ou de suivis m\u00e9dias doivent \u00eatre adress\u00e9es par courriel \u00e0 la direction des communications du Diamant.\" \/>\n<meta name=\"robots\" content=\"index, follow, max-snippet:-1, max-image-preview:large, max-video-preview:-1\" \/>\n<link rel=\"canonical\" href=\"https:\/\/www.lediamant.ca\/fr\/medias\" \/>\n<meta property=\"og:locale\" content=\"fr_FR\" \/>\n<meta property=\"og:type\" content=\"article\" \/>\n<meta property=\"og:title\" content=\"M\u00e9dias | Le Diamant\" \/>\n<meta property=\"og:description\" content=\"Toutes les demandes d\u2019entrevue ou de suivis m\u00e9dias doivent \u00eatre adress\u00e9es par courriel \u00e0 la direction des communications du Diamant.\" \/>\n<meta property=\"og:url\" content=\"https:\/\/www.lediamant.ca\/fr\/medias\" \/>\n<meta property=\"og:site_name\" content=\"Le Diamant\" \/>\n<meta property=\"article:publisher\" content=\"https:\/\/www.facebook.com\/lediamantqc\/\" \/>\n<meta property=\"article:modified_time\" content=\"2025-10-15T20:39:05+00:00\" \/>\n<meta property=\"og:image\" content=\"https:\/\/www.lediamant.ca\/wp-content\/uploads\/2023\/05\/Le-Diamant-opengraph.jpeg\" \/>\n\t<meta property=\"og:image:width\" content=\"1200\" \/>\n\t<meta property=\"og:image:height\" content=\"630\" \/>\n\t<meta property=\"og:image:type\" content=\"image\/jpeg\" \/>\n<meta name=\"twitter:card\" content=\"summary_large_image\" \/>\n<meta name=\"twitter:site\" content=\"@lediamant_qc\" \/>\n<meta name=\"twitter:label1\" content=\"Dur\u00e9e de lecture estim\u00e9e\" \/>\n\t<meta name=\"twitter:data1\" content=\"1 minute\" \/>\n<script type=\"application\/ld+json\" class=\"yoast-schema-graph\">{\"@context\":\"https:\/\/schema.org\",\"@graph\":[{\"@type\":\"WebPage\",\"@id\":\"https:\/\/www.lediamant.ca\/fr\/medias\",\"url\":\"https:\/\/www.lediamant.ca\/fr\/medias\",\"name\":\"M\u00e9dias - Le Diamant\",\"isPartOf\":{\"@id\":\"https:\/\/www.lediamant.ca\/fr\/#website\"},\"datePublished\":\"2023-05-03T17:38:16+00:00\",\"dateModified\":\"2025-10-15T20:39:05+00:00\",\"description\":\"Toutes les demandes d\u2019entrevue ou de suivis m\u00e9dias doivent \u00eatre adress\u00e9es par courriel \u00e0 la direction des communications du Diamant.\",\"breadcrumb\":{\"@id\":\"https:\/\/www.lediamant.ca\/fr\/medias#breadcrumb\"},\"inLanguage\":\"fr-FR\",\"potentialAction\":[{\"@type\":\"ReadAction\",\"target\":[\"https:\/\/www.lediamant.ca\/fr\/medias\"]}]},{\"@type\":\"BreadcrumbList\",\"@id\":\"https:\/\/www.lediamant.ca\/fr\/medias#breadcrumb\",\"itemListElement\":[{\"@type\":\"ListItem\",\"position\":1,\"name\":\"Accueil\",\"item\":\"https:\/\/www.lediamant.ca\/fr\"},{\"@type\":\"ListItem\",\"position\":2,\"name\":\"M\u00e9dias\"}]},{\"@type\":\"WebSite\",\"@id\":\"https:\/\/www.lediamant.ca\/fr\/#website\",\"url\":\"https:\/\/www.lediamant.ca\/fr\/\",\"name\":\"Le Diamant\",\"description\":\"Salle de spectacle situ\u00e9e \u00e0 place D&#039;Youville, Qu\u00e9bec (Canada). D\u00e9couvrez notre programmation.\",\"publisher\":{\"@id\":\"https:\/\/www.lediamant.ca\/fr\/#organization\"},\"potentialAction\":[{\"@type\":\"SearchAction\",\"target\":{\"@type\":\"EntryPoint\",\"urlTemplate\":\"https:\/\/www.lediamant.ca\/fr\/?s={search_term_string}\"},\"query-input\":{\"@type\":\"PropertyValueSpecification\",\"valueRequired\":true,\"valueName\":\"search_term_string\"}}],\"inLanguage\":\"fr-FR\"},{\"@type\":\"Organization\",\"@id\":\"https:\/\/www.lediamant.ca\/fr\/#organization\",\"name\":\"Le Diamant\",\"url\":\"https:\/\/www.lediamant.ca\/fr\/\",\"logo\":{\"@type\":\"ImageObject\",\"inLanguage\":\"fr-FR\",\"@id\":\"https:\/\/www.lediamant.ca\/fr\/#\/schema\/logo\/image\/\",\"url\":\"https:\/\/www.lediamant.ca\/wp-content\/uploads\/2023\/05\/le-diamant-logo.png\",\"contentUrl\":\"https:\/\/www.lediamant.ca\/wp-content\/uploads\/2023\/05\/le-diamant-logo.png\",\"width\":1000,\"height\":750,\"caption\":\"Le Diamant\"},\"image\":{\"@id\":\"https:\/\/www.lediamant.ca\/fr\/#\/schema\/logo\/image\/\"},\"sameAs\":[\"https:\/\/www.facebook.com\/lediamantqc\/\",\"https:\/\/x.com\/lediamant_qc\"]}]}<\/script>\n<!-- \/ Yoast SEO plugin. -->","yoast_head_json":{"title":"M\u00e9dias - Le Diamant","description":"Toutes les demandes d\u2019entrevue ou de suivis m\u00e9dias doivent \u00eatre adress\u00e9es par courriel \u00e0 la direction des communications du Diamant.","robots":{"index":"index","follow":"follow","max-snippet":"max-snippet:-1","max-image-preview":"max-image-preview:large","max-video-preview":"max-video-preview:-1"},"canonical":"https:\/\/www.lediamant.ca\/fr\/medias","og_locale":"fr_FR","og_type":"article","og_title":"M\u00e9dias | Le Diamant","og_description":"Toutes les demandes d\u2019entrevue ou de suivis m\u00e9dias doivent \u00eatre adress\u00e9es par courriel \u00e0 la direction des communications du Diamant.","og_url":"https:\/\/www.lediamant.ca\/fr\/medias","og_site_name":"Le Diamant","article_publisher":"https:\/\/www.facebook.com\/lediamantqc\/","article_modified_time":"2025-10-15T20:39:05+00:00","og_image":[{"width":1200,"height":630,"url":"https:\/\/www.lediamant.ca\/wp-content\/uploads\/2023\/05\/Le-Diamant-opengraph.jpeg","type":"image\/jpeg"}],"twitter_card":"summary_large_image","twitter_site":"@lediamant_qc","twitter_misc":{"Dur\u00e9e de lecture estim\u00e9e":"1 minute"},"schema":{"@context":"https:\/\/schema.org","@graph":[{"@type":"WebPage","@id":"https:\/\/www.lediamant.ca\/fr\/medias","url":"https:\/\/www.lediamant.ca\/fr\/medias","name":"M\u00e9dias - Le Diamant","isPartOf":{"@id":"https:\/\/www.lediamant.ca\/fr\/#website"},"datePublished":"2023-05-03T17:38:16+00:00","dateModified":"2025-10-15T20:39:05+00:00","description":"Toutes les demandes d\u2019entrevue ou de suivis m\u00e9dias doivent \u00eatre adress\u00e9es par courriel \u00e0 la direction des communications du Diamant.","breadcrumb":{"@id":"https:\/\/www.lediamant.ca\/fr\/medias#breadcrumb"},"inLanguage":"fr-FR","potentialAction":[{"@type":"ReadAction","target":["https:\/\/www.lediamant.ca\/fr\/medias"]}]},{"@type":"BreadcrumbList","@id":"https:\/\/www.lediamant.ca\/fr\/medias#breadcrumb","itemListElement":[{"@type":"ListItem","position":1,"name":"Accueil","item":"https:\/\/www.lediamant.ca\/fr"},{"@type":"ListItem","position":2,"name":"M\u00e9dias"}]},{"@type":"WebSite","@id":"https:\/\/www.lediamant.ca\/fr\/#website","url":"https:\/\/www.lediamant.ca\/fr\/","name":"Le Diamant","description":"Salle de spectacle situ\u00e9e \u00e0 place D&#039;Youville, Qu\u00e9bec (Canada). D\u00e9couvrez notre programmation.","publisher":{"@id":"https:\/\/www.lediamant.ca\/fr\/#organization"},"potentialAction":[{"@type":"SearchAction","target":{"@type":"EntryPoint","urlTemplate":"https:\/\/www.lediamant.ca\/fr\/?s={search_term_string}"},"query-input":{"@type":"PropertyValueSpecification","valueRequired":true,"valueName":"search_term_string"}}],"inLanguage":"fr-FR"},{"@type":"Organization","@id":"https:\/\/www.lediamant.ca\/fr\/#organization","name":"Le Diamant","url":"https:\/\/www.lediamant.ca\/fr\/","logo":{"@type":"ImageObject","inLanguage":"fr-FR","@id":"https:\/\/www.lediamant.ca\/fr\/#\/schema\/logo\/image\/","url":"https:\/\/www.lediamant.ca\/wp-content\/uploads\/2023\/05\/le-diamant-logo.png","contentUrl":"https:\/\/www.lediamant.ca\/wp-content\/uploads\/2023\/05\/le-diamant-logo.png","width":1000,"height":750,"caption":"Le Diamant"},"image":{"@id":"https:\/\/www.lediamant.ca\/fr\/#\/schema\/logo\/image\/"},"sameAs":["https:\/\/www.facebook.com\/lediamantqc\/","https:\/\/x.com\/lediamant_qc"]}]}},"_links":{"self":[{"href":"https:\/\/www.lediamant.ca\/fr\/wp-json\/wp\/v2\/pages\/2021","targetHints":{"allow":["GET"]}}],"collection":[{"href":"https:\/\/www.lediamant.ca\/fr\/wp-json\/wp\/v2\/pages"}],"about":[{"href":"https:\/\/www.lediamant.ca\/fr\/wp-json\/wp\/v2\/types\/page"}],"author":[{"embeddable":true,"href":"https:\/\/www.lediamant.ca\/fr\/wp-json\/wp\/v2\/users\/2"}],"replies":[{"embeddable":true,"href":"https:\/\/www.lediamant.ca\/fr\/wp-json\/wp\/v2\/comments?post=2021"}],"version-history":[{"count":15,"href":"https:\/\/www.lediamant.ca\/fr\/wp-json\/wp\/v2\/pages\/2021\/revisions"}],"predecessor-version":[{"id":19873,"href":"https:\/\/www.lediamant.ca\/fr\/wp-json\/wp\/v2\/pages\/2021\/revisions\/19873"}],"wp:attachment":[{"href":"https:\/\/www.lediamant.ca\/fr\/wp-json\/wp\/v2\/media?parent=2021"}],"curies":[{"name":"wp","href":"https:\/\/api.w.org\/{rel}","templated":true}]}}