{"id":1972,"date":"2023-05-03T12:02:13","date_gmt":"2023-05-03T16:02:13","guid":{"rendered":"https:\/\/www.lediamant.ca\/?page_id=1972"},"modified":"2026-01-12T13:38:08","modified_gmt":"2026-01-12T17:38:08","slug":"nous-joindre","status":"publish","type":"page","link":"https:\/\/www.lediamant.ca\/fr\/nous-joindre","title":{"rendered":"Nous joindre"},"content":{"rendered":"<div class=\"item component-columns\">\n<div class=\"wp-block-columns is-layout-flex wp-container-core-columns-is-layout-9d6595d7 wp-block-columns-is-layout-flex\">\n<div class=\"wp-block-column is-layout-flow wp-block-column-is-layout-flow\" style=\"flex-basis:66.66%\"><div class=\"item wysiwyg component-images-slider\" >    <div class=\"js-images-slider images-slider images-slider--square\">\n\n        <nav data-slider-nav class=\"images-slider__navigation\" data-aria-label=\"Navigation du carrousel\">\n                            <button type=\"button\" aria-label=\"Pr\u00e9c\u00e9dent\" class=\"images-slider__button images-slider__button--prev\">\n                    <svg aria-hidden=\"true\" focusable=\"false\" width=\"20px\" height=\"19px\">\n                        <use xlink:href=\"#ico-arrow-right\"><\/use>\n                    <\/svg>\n                <\/button>\n                <button type=\"button\" aria-label=\"Suivant\" class=\"images-slider__button images-slider__button--next\">\n                    <svg aria-hidden=\"true\" focusable=\"false\" width=\"20px\" height=\"19px\">\n                        <use xlink:href=\"#ico-arrow-right\"><\/use>\n                    <\/svg>\n                <\/button>\n                    <\/nav>\n        <div class=\"images-slider__wrapper\" data-slider-items role=\"list\">\n                                            <div class=\"images-slider__item\">\n                    <img decoding=\"async\" src=\"https:\/\/www.lediamant.ca\/wp-content\/uploads\/2023\/04\/Batiment-DesGlacis1-StephaneGroleau-Original-1-scaled.jpg\" data-src=\"https:\/\/www.lediamant.ca\/wp-content\/uploads\/2023\/04\/Batiment-DesGlacis1-StephaneGroleau-Original-1-scaled.jpg\" alt=\"Le Diamant\" class=\"images-slider__img tns-lazy-img\" loading=\"lazy\">\n                                            <span class=\"images-slider__copyright\">Photo \u2014 St\u00e9phane Groleau<\/span>\n                                    <\/div>\n                    <\/div>\n    <\/div>\n<\/div><\/div>\n\n\n\n<div class=\"wp-block-column is-layout-flow wp-block-column-is-layout-flow\" style=\"flex-basis:33.33%\"><div class=\"item wysiwyg component-icon-text\" >\n\n<div class=\"bloc-text-icon\">\n            <img decoding=\"async\" src=\"\" alt=\"\" loading=\"lazy\">\n        <strong class=\"bloc-text-icon__title h4\">Adresse<\/strong>\n\n            <p>966, rue Saint-Jean<br \/>\nQu\u00e9bec (QC) G1R 1R5 Canada<\/p>\n    \n            <a class=\"btn btn--simple\" href=\"https:\/\/goo.gl\/maps\/MxmvLgUJes2vhAj27\" target=\"_blank\">Voir sur la carte<\/a>\n    <\/div><\/div>\n\n<div class=\"item wysiwyg component-icon-text\" >\n\n<div class=\"bloc-text-icon\">\n            <img decoding=\"async\" src=\"\" alt=\"\" loading=\"lazy\">\n        <strong class=\"bloc-text-icon__title h4\">Billetterie<\/strong>\n\n            <p>Du mercredi au vendredi :<br \/>\n12\u2009h \u00e0 17\u2009h<\/p>\n<p>Samedi :<br \/>\n12\u2009h \u00e0 16\u2009h<\/p>\n<p>T\u00e9l\u00e9phone : <a href=\"tel:4186925353\">418 692-5353<\/a><br \/>\nCourriel : <a href=\"mailto:billetterie@lediamant.ca\">billetterie@lediamant.ca<\/a><\/p>\n    \n    <\/div><\/div>\n\n<div class=\"item wysiwyg component-icon-text\" >\n\n<div class=\"bloc-text-icon\">\n            <img decoding=\"async\" src=\"\" alt=\"\" loading=\"lazy\">\n        <strong class=\"bloc-text-icon__title h4\">Administration<\/strong>\n\n            <p>Du lundi au jeudi :<br \/>\n8\u2009h\u200930 \u00e0 12\u2009h \u2014 13\u2009h \u00e0 16\u2009h\u200930<\/p>\n<p>Vendredi :<br \/>\n8\u2009h\u200930 \u00e0 12\u2009h \u2014 13\u2009h \u00e0 16\u2009h<\/p>\n<p>T\u00e9l\u00e9phone : <a href=\"tel:4186920330\">418 692-0330<\/a><\/p>\n    \n    <\/div><\/div><\/div>\n<\/div>\n<\/div>\n\n<div class=\"item wysiwyg component-heading\" >\n<h4 class=\"wp-block-heading\">Situ\u00e9 \u00e0 la place d&rsquo;Youville \u00e0 Qu\u00e9bec.<br>L&rsquo;entr\u00e9e se trouve entre le restaurant Niji Sushi et Le Capitole.<\/h4>\n<\/div>\n\n<div class=\"item wysiwyg component-google-map\" >\n<div class=\"google-map__wrapper\">\n    <div data-google-map-key=\"AIzaSyC78CDfPLs4xuFzTpu_DQWvbahv7S_FqLg\" class=\"google-map js-google-map\"  data-lat=\"46.812860445202745 \" data-lng=\"-71.2140686490044\" ><\/div>\n<\/div><\/div>","protected":false},"excerpt":{"rendered":"Situ\u00e9 \u00e0 la place d&rsquo;Youville \u00e0 Qu\u00e9bec.L&rsquo;entr\u00e9e se trouve entre le restaurant Niji Sushi et Le Capitole.","protected":false},"author":2,"featured_media":2976,"parent":0,"menu_order":0,"comment_status":"closed","ping_status":"closed","template":"","meta":{"_acf_changed":false,"footnotes":""},"class_list":["post-1972","page","type-page","status-publish","has-post-thumbnail","hentry"],"acf":[],"yoast_head":"<!-- This site is optimized with the Yoast SEO plugin v26.5 - https:\/\/yoast.com\/wordpress\/plugins\/seo\/ -->\n<title>Nous joindre - Le Diamant<\/title>\n<meta name=\"description\" content=\"Le Diamant est situ\u00e9 \u00e0 la place d&#039;Youville \u00e0 Qu\u00e9bec. L&#039;entr\u00e9e se trouve entre le restaurant B\u014c cuisine et Le Capitole.\" \/>\n<meta name=\"robots\" content=\"index, follow, max-snippet:-1, max-image-preview:large, max-video-preview:-1\" \/>\n<link rel=\"canonical\" href=\"https:\/\/www.lediamant.ca\/fr\/nous-joindre\" \/>\n<meta property=\"og:locale\" content=\"fr_FR\" \/>\n<meta property=\"og:type\" content=\"article\" \/>\n<meta property=\"og:title\" content=\"Nous joindre | Le Diamant\" \/>\n<meta property=\"og:description\" content=\"Le Diamant est situ\u00e9 \u00e0 la place d&#039;Youville \u00e0 Qu\u00e9bec. L&#039;entr\u00e9e se trouve entre le restaurant B\u014c cuisine et Le Capitole.\" \/>\n<meta property=\"og:url\" content=\"https:\/\/www.lediamant.ca\/fr\/nous-joindre\" \/>\n<meta property=\"og:site_name\" content=\"Le Diamant\" \/>\n<meta property=\"article:publisher\" content=\"https:\/\/www.facebook.com\/lediamantqc\/\" \/>\n<meta property=\"article:modified_time\" content=\"2026-01-12T17:38:08+00:00\" \/>\n<meta property=\"og:image\" content=\"https:\/\/www.lediamant.ca\/wp-content\/uploads\/2023\/05\/nousjoindre-opengraph-1.jpg\" \/>\n\t<meta property=\"og:image:width\" content=\"1200\" \/>\n\t<meta property=\"og:image:height\" content=\"630\" \/>\n\t<meta property=\"og:image:type\" content=\"image\/jpeg\" \/>\n<meta name=\"twitter:card\" content=\"summary_large_image\" \/>\n<meta name=\"twitter:site\" content=\"@lediamant_qc\" \/>\n<meta name=\"twitter:label1\" content=\"Dur\u00e9e de lecture estim\u00e9e\" \/>\n\t<meta name=\"twitter:data1\" content=\"1 minute\" \/>\n<script type=\"application\/ld+json\" class=\"yoast-schema-graph\">{\"@context\":\"https:\/\/schema.org\",\"@graph\":[{\"@type\":[\"WebPage\",\"ContactPage\"],\"@id\":\"https:\/\/www.lediamant.ca\/fr\/nous-joindre\",\"url\":\"https:\/\/www.lediamant.ca\/fr\/nous-joindre\",\"name\":\"Nous joindre - Le Diamant\",\"isPartOf\":{\"@id\":\"https:\/\/www.lediamant.ca\/fr\/#website\"},\"primaryImageOfPage\":{\"@id\":\"https:\/\/www.lediamant.ca\/fr\/nous-joindre#primaryimage\"},\"image\":{\"@id\":\"https:\/\/www.lediamant.ca\/fr\/nous-joindre#primaryimage\"},\"thumbnailUrl\":\"https:\/\/www.lediamant.ca\/wp-content\/uploads\/2023\/05\/nousjoindre-bandeau-scaled.jpg\",\"datePublished\":\"2023-05-03T16:02:13+00:00\",\"dateModified\":\"2026-01-12T17:38:08+00:00\",\"description\":\"Le Diamant est situ\u00e9 \u00e0 la place d'Youville \u00e0 Qu\u00e9bec. L'entr\u00e9e se trouve entre le restaurant B\u014c cuisine et Le Capitole.\",\"breadcrumb\":{\"@id\":\"https:\/\/www.lediamant.ca\/fr\/nous-joindre#breadcrumb\"},\"inLanguage\":\"fr-FR\",\"potentialAction\":[{\"@type\":\"ReadAction\",\"target\":[\"https:\/\/www.lediamant.ca\/fr\/nous-joindre\"]}]},{\"@type\":\"ImageObject\",\"inLanguage\":\"fr-FR\",\"@id\":\"https:\/\/www.lediamant.ca\/fr\/nous-joindre#primaryimage\",\"url\":\"https:\/\/www.lediamant.ca\/wp-content\/uploads\/2023\/05\/nousjoindre-bandeau-scaled.jpg\",\"contentUrl\":\"https:\/\/www.lediamant.ca\/wp-content\/uploads\/2023\/05\/nousjoindre-bandeau-scaled.jpg\",\"width\":2560,\"height\":914},{\"@type\":\"BreadcrumbList\",\"@id\":\"https:\/\/www.lediamant.ca\/fr\/nous-joindre#breadcrumb\",\"itemListElement\":[{\"@type\":\"ListItem\",\"position\":1,\"name\":\"Accueil\",\"item\":\"https:\/\/www.lediamant.ca\/fr\"},{\"@type\":\"ListItem\",\"position\":2,\"name\":\"Nous joindre\"}]},{\"@type\":\"WebSite\",\"@id\":\"https:\/\/www.lediamant.ca\/fr\/#website\",\"url\":\"https:\/\/www.lediamant.ca\/fr\/\",\"name\":\"Le Diamant\",\"description\":\"Salle de spectacle situ\u00e9e \u00e0 place D&#039;Youville, Qu\u00e9bec (Canada). D\u00e9couvrez notre programmation.\",\"publisher\":{\"@id\":\"https:\/\/www.lediamant.ca\/fr\/#organization\"},\"potentialAction\":[{\"@type\":\"SearchAction\",\"target\":{\"@type\":\"EntryPoint\",\"urlTemplate\":\"https:\/\/www.lediamant.ca\/fr\/?s={search_term_string}\"},\"query-input\":{\"@type\":\"PropertyValueSpecification\",\"valueRequired\":true,\"valueName\":\"search_term_string\"}}],\"inLanguage\":\"fr-FR\"},{\"@type\":\"Organization\",\"@id\":\"https:\/\/www.lediamant.ca\/fr\/#organization\",\"name\":\"Le Diamant\",\"url\":\"https:\/\/www.lediamant.ca\/fr\/\",\"logo\":{\"@type\":\"ImageObject\",\"inLanguage\":\"fr-FR\",\"@id\":\"https:\/\/www.lediamant.ca\/fr\/#\/schema\/logo\/image\/\",\"url\":\"https:\/\/www.lediamant.ca\/wp-content\/uploads\/2023\/05\/le-diamant-logo.png\",\"contentUrl\":\"https:\/\/www.lediamant.ca\/wp-content\/uploads\/2023\/05\/le-diamant-logo.png\",\"width\":1000,\"height\":750,\"caption\":\"Le Diamant\"},\"image\":{\"@id\":\"https:\/\/www.lediamant.ca\/fr\/#\/schema\/logo\/image\/\"},\"sameAs\":[\"https:\/\/www.facebook.com\/lediamantqc\/\",\"https:\/\/x.com\/lediamant_qc\"]}]}<\/script>\n<!-- \/ Yoast SEO plugin. -->","yoast_head_json":{"title":"Nous joindre - Le Diamant","description":"Le Diamant est situ\u00e9 \u00e0 la place d'Youville \u00e0 Qu\u00e9bec. L'entr\u00e9e se trouve entre le restaurant B\u014c cuisine et Le Capitole.","robots":{"index":"index","follow":"follow","max-snippet":"max-snippet:-1","max-image-preview":"max-image-preview:large","max-video-preview":"max-video-preview:-1"},"canonical":"https:\/\/www.lediamant.ca\/fr\/nous-joindre","og_locale":"fr_FR","og_type":"article","og_title":"Nous joindre | Le Diamant","og_description":"Le Diamant est situ\u00e9 \u00e0 la place d'Youville \u00e0 Qu\u00e9bec. L'entr\u00e9e se trouve entre le restaurant B\u014c cuisine et Le Capitole.","og_url":"https:\/\/www.lediamant.ca\/fr\/nous-joindre","og_site_name":"Le Diamant","article_publisher":"https:\/\/www.facebook.com\/lediamantqc\/","article_modified_time":"2026-01-12T17:38:08+00:00","og_image":[{"width":1200,"height":630,"url":"https:\/\/www.lediamant.ca\/wp-content\/uploads\/2023\/05\/nousjoindre-opengraph-1.jpg","type":"image\/jpeg"}],"twitter_card":"summary_large_image","twitter_site":"@lediamant_qc","twitter_misc":{"Dur\u00e9e de lecture estim\u00e9e":"1 minute"},"schema":{"@context":"https:\/\/schema.org","@graph":[{"@type":["WebPage","ContactPage"],"@id":"https:\/\/www.lediamant.ca\/fr\/nous-joindre","url":"https:\/\/www.lediamant.ca\/fr\/nous-joindre","name":"Nous joindre - Le Diamant","isPartOf":{"@id":"https:\/\/www.lediamant.ca\/fr\/#website"},"primaryImageOfPage":{"@id":"https:\/\/www.lediamant.ca\/fr\/nous-joindre#primaryimage"},"image":{"@id":"https:\/\/www.lediamant.ca\/fr\/nous-joindre#primaryimage"},"thumbnailUrl":"https:\/\/www.lediamant.ca\/wp-content\/uploads\/2023\/05\/nousjoindre-bandeau-scaled.jpg","datePublished":"2023-05-03T16:02:13+00:00","dateModified":"2026-01-12T17:38:08+00:00","description":"Le Diamant est situ\u00e9 \u00e0 la place d'Youville \u00e0 Qu\u00e9bec. L'entr\u00e9e se trouve entre le restaurant B\u014c cuisine et Le Capitole.","breadcrumb":{"@id":"https:\/\/www.lediamant.ca\/fr\/nous-joindre#breadcrumb"},"inLanguage":"fr-FR","potentialAction":[{"@type":"ReadAction","target":["https:\/\/www.lediamant.ca\/fr\/nous-joindre"]}]},{"@type":"ImageObject","inLanguage":"fr-FR","@id":"https:\/\/www.lediamant.ca\/fr\/nous-joindre#primaryimage","url":"https:\/\/www.lediamant.ca\/wp-content\/uploads\/2023\/05\/nousjoindre-bandeau-scaled.jpg","contentUrl":"https:\/\/www.lediamant.ca\/wp-content\/uploads\/2023\/05\/nousjoindre-bandeau-scaled.jpg","width":2560,"height":914},{"@type":"BreadcrumbList","@id":"https:\/\/www.lediamant.ca\/fr\/nous-joindre#breadcrumb","itemListElement":[{"@type":"ListItem","position":1,"name":"Accueil","item":"https:\/\/www.lediamant.ca\/fr"},{"@type":"ListItem","position":2,"name":"Nous joindre"}]},{"@type":"WebSite","@id":"https:\/\/www.lediamant.ca\/fr\/#website","url":"https:\/\/www.lediamant.ca\/fr\/","name":"Le Diamant","description":"Salle de spectacle situ\u00e9e \u00e0 place D&#039;Youville, Qu\u00e9bec (Canada). D\u00e9couvrez notre programmation.","publisher":{"@id":"https:\/\/www.lediamant.ca\/fr\/#organization"},"potentialAction":[{"@type":"SearchAction","target":{"@type":"EntryPoint","urlTemplate":"https:\/\/www.lediamant.ca\/fr\/?s={search_term_string}"},"query-input":{"@type":"PropertyValueSpecification","valueRequired":true,"valueName":"search_term_string"}}],"inLanguage":"fr-FR"},{"@type":"Organization","@id":"https:\/\/www.lediamant.ca\/fr\/#organization","name":"Le Diamant","url":"https:\/\/www.lediamant.ca\/fr\/","logo":{"@type":"ImageObject","inLanguage":"fr-FR","@id":"https:\/\/www.lediamant.ca\/fr\/#\/schema\/logo\/image\/","url":"https:\/\/www.lediamant.ca\/wp-content\/uploads\/2023\/05\/le-diamant-logo.png","contentUrl":"https:\/\/www.lediamant.ca\/wp-content\/uploads\/2023\/05\/le-diamant-logo.png","width":1000,"height":750,"caption":"Le Diamant"},"image":{"@id":"https:\/\/www.lediamant.ca\/fr\/#\/schema\/logo\/image\/"},"sameAs":["https:\/\/www.facebook.com\/lediamantqc\/","https:\/\/x.com\/lediamant_qc"]}]}},"_links":{"self":[{"href":"https:\/\/www.lediamant.ca\/fr\/wp-json\/wp\/v2\/pages\/1972","targetHints":{"allow":["GET"]}}],"collection":[{"href":"https:\/\/www.lediamant.ca\/fr\/wp-json\/wp\/v2\/pages"}],"about":[{"href":"https:\/\/www.lediamant.ca\/fr\/wp-json\/wp\/v2\/types\/page"}],"author":[{"embeddable":true,"href":"https:\/\/www.lediamant.ca\/fr\/wp-json\/wp\/v2\/users\/2"}],"replies":[{"embeddable":true,"href":"https:\/\/www.lediamant.ca\/fr\/wp-json\/wp\/v2\/comments?post=1972"}],"version-history":[{"count":67,"href":"https:\/\/www.lediamant.ca\/fr\/wp-json\/wp\/v2\/pages\/1972\/revisions"}],"predecessor-version":[{"id":21046,"href":"https:\/\/www.lediamant.ca\/fr\/wp-json\/wp\/v2\/pages\/1972\/revisions\/21046"}],"wp:featuredmedia":[{"embeddable":true,"href":"https:\/\/www.lediamant.ca\/fr\/wp-json\/wp\/v2\/media\/2976"}],"wp:attachment":[{"href":"https:\/\/www.lediamant.ca\/fr\/wp-json\/wp\/v2\/media?parent=1972"}],"curies":[{"name":"wp","href":"https:\/\/api.w.org\/{rel}","templated":true}]}}