{"id":8539,"date":"2023-02-17T18:21:00","date_gmt":"2023-02-17T22:21:00","guid":{"rendered":"https:\/\/www.lediamant.ca\/box-office"},"modified":"2026-04-13T10:20:27","modified_gmt":"2026-04-13T14:20:27","slug":"box-office","status":"publish","type":"page","link":"https:\/\/www.lediamant.ca\/en\/box-office","title":{"rendered":"Box Office Info"},"content":{"rendered":"<div class=\"item component-columns\">\n<div class=\"wp-block-columns is-layout-flex wp-container-core-columns-is-layout-9d6595d7 wp-block-columns-is-layout-flex\">\n<div class=\"wp-block-column is-layout-flow wp-block-column-is-layout-flow\" style=\"flex-basis:66.66%\"><div class=\"item wysiwyg component-image\" >\n<figure class=\"wp-block-image size-large\"><img decoding=\"async\" width=\"1024\" height=\"965\" src=\"https:\/\/www.lediamant.ca\/wp-content\/uploads\/2023\/04\/Batiment-Billetterie-StephaneGroleau-Original-1-1024x965.jpg\" alt=\"La billetterie du Diamant\" class=\"wp-image-1160\"\/ loading=\"lazy\" srcset=\"https:\/\/www.lediamant.ca\/wp-content\/uploads\/2023\/04\/Batiment-Billetterie-StephaneGroleau-Original-1-1024x965.jpg 1024w, https:\/\/www.lediamant.ca\/wp-content\/uploads\/2023\/04\/Batiment-Billetterie-StephaneGroleau-Original-1-700x660.jpg 700w, https:\/\/www.lediamant.ca\/wp-content\/uploads\/2023\/04\/Batiment-Billetterie-StephaneGroleau-Original-1-768x724.jpg 768w, https:\/\/www.lediamant.ca\/wp-content\/uploads\/2023\/04\/Batiment-Billetterie-StephaneGroleau-Original-1-1536x1448.jpg 1536w, https:\/\/www.lediamant.ca\/wp-content\/uploads\/2023\/04\/Batiment-Billetterie-StephaneGroleau-Original-1-2048x1931.jpg 2048w, https:\/\/www.lediamant.ca\/wp-content\/uploads\/2023\/04\/Batiment-Billetterie-StephaneGroleau-Original-1-400x377.jpg 400w\" sizes=\"auto, (max-width: 1024px) 100vw, 1024px\" \/><\/figure>\n<\/div><\/div>\n\n\n\n<div class=\"wp-block-column is-layout-flow wp-block-column-is-layout-flow\" style=\"flex-basis:33.33%\"><div class=\"item wysiwyg component-icon-text\" >\n\n<div class=\"bloc-text-icon\">\n            <img decoding=\"async\" src=\"\" alt=\"\" loading=\"lazy\">\n        <strong class=\"bloc-text-icon__title h4\">Address<\/strong>\n\n            <p>966, Saint-Jean<br \/>\nQu\u00e9bec (QC) G1R 1R5<br \/>\nCanada<\/p>\n    \n    <\/div><\/div>\n\n<div class=\"item wysiwyg component-icon-text\" >\n\n<div class=\"bloc-text-icon\">\n            <img decoding=\"async\" src=\"\" alt=\"\" loading=\"lazy\">\n        <strong class=\"bloc-text-icon__title h4\">Opening Hours<\/strong>\n\n            <p>Thursday &#038; Friday:<br \/>\n12:00&nbsp;PM to 5:30&nbsp;PM<\/p>\n<p>Saturday:<br \/>\n12:00&nbsp;PM to 4:00&nbsp;PM<\/p>\n    \n    <\/div><\/div>\n\n<div class=\"item wysiwyg component-icon-text\" >\n\n<div class=\"bloc-text-icon\">\n            <img decoding=\"async\" src=\"\" alt=\"\" loading=\"lazy\">\n        <strong class=\"bloc-text-icon__title h4\">Phone<\/strong>\n\n            <p><a href=\"tel:14186925353\">\u202d418 692-5353\u202c<\/a><\/p>\n    \n    <\/div><\/div>\n\n<div class=\"item wysiwyg component-icon-text\" >\n\n<div class=\"bloc-text-icon\">\n            <img decoding=\"async\" src=\"\" alt=\"\" loading=\"lazy\">\n        <strong class=\"bloc-text-icon__title h4\">Email<\/strong>\n\n            <p><a href=\"mailto:billetterie@lediamant.ca\">billetterie@lediamant.ca<\/a><\/p>\n    \n    <\/div><\/div>\n\n<div class=\"item wysiwyg component-icon-text\" >\n\n<div class=\"bloc-text-icon\">\n            <img decoding=\"async\" src=\"\" alt=\"\" loading=\"lazy\">\n        <strong class=\"bloc-text-icon__title h4\">Buy Tickets Online<\/strong>\n\n            <p>To buy your tickets online, consult the full calendar and select the show of your choice.<\/p>\n    \n            <a class=\"btn btn--simple\" href=\"https:\/\/www.lediamant.ca\/en\/calendar\/full\" target=\"\">Full Calendar<\/a>\n    <\/div><\/div><\/div>\n<\/div>\n<\/div>\n\n\n<div id=\"tarificationaccessible\" class=\"wp-block-group has-light-gray-background-color has-background\"><div class=\"wp-block-group__inner-container is-layout-constrained wp-block-group-is-layout-constrained\"><div class=\"item wysiwyg component-heading\" >\n<h2 class=\"wp-block-heading\" id=\"affordableprices\">Affordable Prices<\/h2>\n<\/div>\n\n<div class=\"item wysiwyg component-paragraph\" >\n<p>Committed to cultural accessibility, Le Diamant offers performances priced from $20 to $95, including taxes and service fees. Various initiatives are also in place to enable people with low income or those less familiar with the performing arts to experience the joys of live performance.<\/p>\n<\/div>\n\n<div class=\"item component-columns\">\n<div class=\"wp-block-columns is-layout-flex wp-container-core-columns-is-layout-9d6595d7 wp-block-columns-is-layout-flex\">\n<div class=\"wp-block-column is-layout-flow wp-block-column-is-layout-flow\" id=\"midi50\"><div class=\"item wysiwyg component-icon-text\" >\n\n<div class=\"bloc-text-icon\">\n            <img decoding=\"async\" src=\"\" alt=\"\" loading=\"lazy\">\n        <strong class=\"bloc-text-icon__title h4\">MIDI\u00a050 Tickets<\/strong>\n\n            <p><span style=\"font-weight: 400;\">At noon on the day of a show, dozens of seats are put on sale for approximately 50 % of the average of the regularly priced tickets at Le Diamant\u2019s box office. There is a maximum of four tickets per person because quantities are limited. Pre-selected seats and purchase at the box office only.<\/span><\/p>\n    \n    <\/div><\/div>\n\n<div class=\"item wysiwyg component-icon-text\" >\n\n<div class=\"bloc-text-icon\">\n            <img decoding=\"async\" src=\"\" alt=\"\" loading=\"lazy\">\n        <strong class=\"bloc-text-icon__title h4\">$20 for 20 and under*<\/strong>\n\n            <p><span style=\"font-weight: 400;\">For those 20 years old or under, we offer tickets at $20\u2014taxes and service fees included\u2014for most shows. A maximum of 4 tickets per transaction. Those 15 years old or under must be accompanied by an adult. An ID might be required to confirm your age.<\/span><\/p>\n<p>*This youth initiative is made possible by <strong>Fondation Atura <\/strong>and<strong> CGI<\/strong>.<\/p>\n    \n    <\/div><\/div><\/div>\n\n\n\n<div class=\"wp-block-column is-layout-flow wp-block-column-is-layout-flow\"><div class=\"item wysiwyg component-icon-text\" >\n\n<div class=\"bloc-text-icon\">\n            <img decoding=\"async\" src=\"\" alt=\"\" loading=\"lazy\">\n        <strong class=\"bloc-text-icon__title h4\">Student Rate<\/strong>\n\n            <p><span style=\"font-weight: 400;\">With the presentation of a student identity card, a 25 % discount is applied to the cost of a regularly priced ticket.<\/span><\/p>\n    \n    <\/div><\/div>\n\n<div class=\"item wysiwyg component-icon-text\" >\n\n<div class=\"bloc-text-icon\">\n            <img decoding=\"async\" src=\"\" alt=\"\" loading=\"lazy\">\n        <strong class=\"bloc-text-icon__title h4\">Group Rate<\/strong>\n\n            <p><span style=\"font-weight: 400;\">We offer a 15 % discount for groups of 20 people or more. Contact the box office at<\/span> <a href=\"tel:4186925353\">418 692-5353<\/a> <span style=\"font-weight: 400;\">for more information<\/span>.<\/p>\n    \n    <\/div><\/div><\/div>\n<\/div>\n<\/div>\n\n<div class=\"item wysiwyg component-heading\" >\n<h2 class=\"wp-block-heading\">Universal Accessibility<\/h2>\n<\/div>\n\n<div class=\"item wysiwyg component-paragraph\" >\n<p>In an effort to invite audiences to discover theatricality in all its forms in an accessible and welcoming environment, Le Diamant has a number of offerings to suit every need.<\/p>\n<\/div>\n\n<div class=\"item wysiwyg component-list\" >\n<ul class=\"wp-block-list\">\n<li>Reserved seats on our seating plan for people with reduced mobility;<\/li>\n\n\n\n<li>If you have a Carte Accompagnement Loisir, your ticket is free as an accompanying guest;&nbsp;<\/li>\n\n\n\n<li>Unique signage;<\/li>\n\n\n\n<li>Hearing aid for all shows part of the regular programming;<\/li>\n\n\n\n<li>Easy access to all floors, including the roof terrace thanks to a ramp;<\/li>\n\n\n\n<li>An elevator and automatic door openers;<\/li>\n\n\n\n<li>Adapted washrooms.<\/li>\n<\/ul>\n<\/div>\n\n<div class=\"item wysiwyg component-html\" >\n<div style=\"list-style: none; display: flex; align-items: center; flex-wrap: wrap;\">\n    <img src=\"https:\/\/www.lediamant.ca\/wp-content\/uploads\/2024\/06\/Carte-accompagnement-loisir-CAL.svg\" class=\"\" alt=\"Carte accompagnement loisir (CAL)\" decoding=\"async\" loading=\"lazy\" style=\"margin-right: 6rem; margin-bottom: 6rem;\">\n<\/div>\n<\/div>\n\n<div class=\"item wysiwyg component-paragraph\" >\n<p>For all information or questions concerning universal accessibility, please contact the ticket office at the following address: <a href=\"mailto:billetterie@lediamant.ca\">billetterie@lediamant.ca<\/a><\/p>\n<\/div><\/div><\/div>\n\n\n\n\n<div class=\"bloc-infos bloc-infos--one-third-two-third wysiwyg\">\n\n    <div class=\"bloc-info bloc-info--black\">\n                    <div class=\"bloc-info__content\">\n                <strong class=\"d-block h3\">Visit Our Boutique<\/strong>\n                <p><span style=\"font-weight: 400;\">Bring elements of Le Diamant home or offer them as a gift!<\/span><\/p>\n                                    <a class=\"btn btn--white-inverse\" href=\"https:\/\/www.lediamant.ca\/en\/boutique\/\" target=\"\">Shop Now<\/a>\n                            <\/div>\n                                <\/div>\n\n    <div class=\"bloc-info bloc-info--grey\">\n                    <div class=\"bloc-info__content\">\n                <strong class=\"d-block h3\">Buy Tickets Online<\/strong>\n                <p>To buy your tickets online, consult the full calendar and select the show of your choice.<\/p>\n                                    <a class=\"btn btn--white-inverse\" href=\"https:\/\/www.lediamant.ca\/en\/calendar\/full\" target=\"\">Full Calendar<\/a>\n                            <\/div>\n            \n                    <\/div>\n<\/div>\n\n<div class=\"item component-spacer\" ><div class=\"container\">\n<div style=\"height:100px\" aria-hidden=\"true\" class=\"wp-block-spacer\"><\/div>\n<\/div><\/div>\n\n<div class=\"item component-columns\">\n<div class=\"wp-block-columns is-layout-flex wp-container-core-columns-is-layout-9d6595d7 wp-block-columns-is-layout-flex\">\n<div class=\"wp-block-column is-layout-flow wp-block-column-is-layout-flow\" style=\"flex-basis:66.66%\"><div class=\"item wysiwyg component-heading\" >\n<h2 class=\"wp-block-heading\">Informations<\/h2>\n<\/div>\n\n<div class=\"item component-columns\">\n<div class=\"wp-block-columns is-layout-flex wp-container-core-columns-is-layout-9d6595d7 wp-block-columns-is-layout-flex\">\n<div class=\"wp-block-column is-layout-flow wp-block-column-is-layout-flow\"><div class=\"item wysiwyg component-icon-text\" >\n\n<div class=\"bloc-text-icon\">\n            <img decoding=\"async\" src=\"\" alt=\"\" loading=\"lazy\">\n        <strong class=\"bloc-text-icon__title h4\">Practical Information<\/strong>\n\n            <p><span style=\"font-weight: 400;\">We have a page that can help you plan your trip and visit to Le Diamant.<\/span><\/p>\n    \n            <a class=\"btn btn--simple\" href=\"https:\/\/www.lediamant.ca\/en\/practical-information\" target=\"\">See More<\/a>\n    <\/div><\/div>\n\n<div class=\"item wysiwyg component-icon-text\" >\n\n<div class=\"bloc-text-icon\">\n            <img decoding=\"async\" src=\"\" alt=\"\" loading=\"lazy\">\n        <strong class=\"bloc-text-icon__title h4\">Terms of Use<\/strong>\n\n            <p><span style=\"font-weight: 400;\">Make sure you understand the conditions governing ticket purchases.<\/span><\/p>\n    \n            <a class=\"btn btn--simple\" href=\"https:\/\/www.lediamant.ca\/en\/terms-of-use\" target=\"\">See More<\/a>\n    <\/div><\/div><\/div>\n\n\n\n<div class=\"wp-block-column is-layout-flow wp-block-column-is-layout-flow\"><div class=\"item wysiwyg component-icon-text\" >\n\n<div class=\"bloc-text-icon\">\n            <img decoding=\"async\" src=\"\" alt=\"\" loading=\"lazy\">\n        <strong class=\"bloc-text-icon__title h4\">Log-In Guide<\/strong>\n\n            <p><span style=\"font-weight: 400;\">In this guide, you\u2019ll find all the steps you need to use your client account.<\/span><\/p>\n    \n            <a class=\"btn btn--simple\" href=\"https:\/\/www.lediamant.ca\/en\/box-office\/user-guide-my-account\" target=\"\">See More<\/a>\n    <\/div><\/div>\n\n<div class=\"item wysiwyg component-icon-text\" >\n\n<div class=\"bloc-text-icon\">\n            <img decoding=\"async\" src=\"\" alt=\"\" loading=\"lazy\">\n        <strong class=\"bloc-text-icon__title h4\">Purchase Agreement<\/strong>\n\n            <p><span style=\"font-weight: 400;\">By purchasing tickets through the Service, you agree to be bound by the Agreement.<\/span><\/p>\n    \n            <a class=\"btn btn--simple\" href=\"https:\/\/www.lediamant.ca\/en\/box-office\/purchasing-agreement\" target=\"\">See More<\/a>\n    <\/div><\/div><\/div>\n<\/div>\n<\/div>\n\n<div class=\"item wysiwyg component-icon-text\" >\n\n<div class=\"bloc-text-icon\">\n            <img decoding=\"async\" src=\"\" alt=\"\" loading=\"lazy\">\n        <strong class=\"bloc-text-icon__title h4\">Seating Plan<\/strong>\n\n            <p>Want to get an idea of our Hydro-Qu\u00e9bec Auditorium before you buy your tickets? Take a look at our seating plan. Please note that the configuration depicted is <em>Large Proscenium<\/em>. The seating plan may vary depending on the production. In this case, go to the page of the show of your choice and begin the purchase procedure so that the seating plan is displayed.<\/p>\n    \n            <a class=\"btn btn--simple\" href=\"https:\/\/www.lediamant.ca\/wp-content\/uploads\/2024\/01\/Salle-Hydro-Quebec-WEB.pdf\" target=\"_blank\">See the Seating Plan<\/a>\n    <\/div><\/div>\n\n<div class=\"item component-spacer\" ><div class=\"container\">\n<div style=\"height:30px\" aria-hidden=\"true\" class=\"wp-block-spacer\"><\/div>\n<\/div><\/div>\n\n<div class=\"item wysiwyg component-icon-text\" >\n\n<div class=\"bloc-text-icon\">\n            <img decoding=\"async\" src=\"\" alt=\"\" loading=\"lazy\">\n        <strong class=\"bloc-text-icon__title h4\">Ticket Resale<\/strong>\n\n            <p>Le Diamant wishes to remind you that it is not responsible for tickets purchased through resales from individuals or platforms other than our official box office. We encourage you to exercise caution, as cases of fraud and unauthorized ticket resales are on the rise across Quebec.<\/p>\n<p>If you believe you have been a victim of such situations, we recommend filing a complaint with the Office de la protection du consommateur by calling 1-888 OPC-ALLO or by filling out the form <a href=\"https:\/\/www.opc.gouv.qc.ca\/en\/contact\/form-complete\/\" target=\"_blank\" rel=\"noopener\">available here<\/a>.<\/p>\n    \n    <\/div><\/div><\/div>\n<\/div>\n<\/div>\n\n<div class=\"item component-spacer\" ><div class=\"container\">\n<div style=\"height:50px\" aria-hidden=\"true\" class=\"wp-block-spacer\"><\/div>\n<\/div><\/div>","protected":false},"excerpt":{"rendered":"Affordable Prices Committed to cultural accessibility, Le Diamant offers performances priced from $20 to $95, including taxes and service fees. Various initiatives are also in place to enable people with low income or those less familiar with the performing arts to experience the joys of live performance. Universal Accessibility In an effort to invite audiences [&hellip;]","protected":false},"author":2,"featured_media":1185,"parent":0,"menu_order":0,"comment_status":"closed","ping_status":"closed","template":"","meta":{"_acf_changed":false,"footnotes":""},"class_list":["post-8539","page","type-page","status-publish","has-post-thumbnail","hentry"],"acf":[],"yoast_head":"<!-- This site is optimized with the Yoast SEO plugin v26.5 - https:\/\/yoast.com\/wordpress\/plugins\/seo\/ -->\n<title>Box Office Info - Le Diamant<\/title>\n<meta name=\"description\" content=\"Sensible \u00e0 l\u2019accessibilit\u00e9 \u00e0 la culture, Le Diamant offre des spectacles \u00e0 des prix variant de 20\u2009$ \u00e0 85\u2009$, taxes et frais de service inclus.\" \/>\n<meta name=\"robots\" content=\"index, follow, max-snippet:-1, max-image-preview:large, max-video-preview:-1\" \/>\n<link rel=\"canonical\" href=\"https:\/\/www.lediamant.ca\/en\/box-office\" \/>\n<meta property=\"og:locale\" content=\"en_US\" \/>\n<meta property=\"og:type\" content=\"article\" \/>\n<meta property=\"og:title\" content=\"Box office | Le Diamant\" \/>\n<meta property=\"og:description\" content=\"Sensible \u00e0 l\u2019accessibilit\u00e9 \u00e0 la culture, Le Diamant offre des spectacles \u00e0 des prix variant de 20\u2009$ \u00e0 85\u2009$, taxes et frais de service inclus.\" \/>\n<meta property=\"og:url\" content=\"https:\/\/www.lediamant.ca\/en\/box-office\" \/>\n<meta property=\"og:site_name\" content=\"Le Diamant\" \/>\n<meta property=\"article:publisher\" content=\"https:\/\/www.facebook.com\/lediamantqc\/\" \/>\n<meta property=\"article:modified_time\" content=\"2026-04-13T14:20:27+00:00\" \/>\n<meta property=\"og:image\" content=\"https:\/\/www.lediamant.ca\/wp-content\/uploads\/2023\/05\/billetterie-opengraph-1-1024x538.jpg\" \/>\n<meta name=\"twitter:card\" content=\"summary_large_image\" \/>\n<meta name=\"twitter:site\" content=\"@lediamant_qc\" \/>\n<meta name=\"twitter:label1\" content=\"Est. reading time\" \/>\n\t<meta name=\"twitter:data1\" content=\"2 minutes\" \/>\n<script type=\"application\/ld+json\" class=\"yoast-schema-graph\">{\"@context\":\"https:\/\/schema.org\",\"@graph\":[{\"@type\":\"WebPage\",\"@id\":\"https:\/\/www.lediamant.ca\/en\/box-office\",\"url\":\"https:\/\/www.lediamant.ca\/en\/box-office\",\"name\":\"Box Office Info - Le Diamant\",\"isPartOf\":{\"@id\":\"https:\/\/www.lediamant.ca\/en#website\"},\"primaryImageOfPage\":{\"@id\":\"https:\/\/www.lediamant.ca\/en\/box-office#primaryimage\"},\"image\":{\"@id\":\"https:\/\/www.lediamant.ca\/en\/box-office#primaryimage\"},\"thumbnailUrl\":\"https:\/\/www.lediamant.ca\/wp-content\/uploads\/2023\/04\/Batiment-3-StephaneGroleau-Original-1-scaled.jpg\",\"datePublished\":\"2023-02-17T22:21:00+00:00\",\"dateModified\":\"2026-04-13T14:20:27+00:00\",\"description\":\"Sensible \u00e0 l\u2019accessibilit\u00e9 \u00e0 la culture, Le Diamant offre des spectacles \u00e0 des prix variant de 20\u2009$ \u00e0 85\u2009$, taxes et frais de service inclus.\",\"breadcrumb\":{\"@id\":\"https:\/\/www.lediamant.ca\/en\/box-office#breadcrumb\"},\"inLanguage\":\"en-US\",\"potentialAction\":[{\"@type\":\"ReadAction\",\"target\":[\"https:\/\/www.lediamant.ca\/en\/box-office\"]}]},{\"@type\":\"ImageObject\",\"inLanguage\":\"en-US\",\"@id\":\"https:\/\/www.lediamant.ca\/en\/box-office#primaryimage\",\"url\":\"https:\/\/www.lediamant.ca\/wp-content\/uploads\/2023\/04\/Batiment-3-StephaneGroleau-Original-1-scaled.jpg\",\"contentUrl\":\"https:\/\/www.lediamant.ca\/wp-content\/uploads\/2023\/04\/Batiment-3-StephaneGroleau-Original-1-scaled.jpg\",\"width\":2285,\"height\":2560,\"caption\":\"Photo \u2014 St\u00e9phane Groleau\"},{\"@type\":\"BreadcrumbList\",\"@id\":\"https:\/\/www.lediamant.ca\/en\/box-office#breadcrumb\",\"itemListElement\":[{\"@type\":\"ListItem\",\"position\":1,\"name\":\"Accueil\",\"item\":\"https:\/\/www.lediamant.ca\/en\"},{\"@type\":\"ListItem\",\"position\":2,\"name\":\"Box Office Info\"}]},{\"@type\":\"WebSite\",\"@id\":\"https:\/\/www.lediamant.ca\/en#website\",\"url\":\"https:\/\/www.lediamant.ca\/en\",\"name\":\"Le Diamant\",\"description\":\"Salle de spectacle situ\u00e9e \u00e0 place D&#039;Youville, Qu\u00e9bec (Canada). D\u00e9couvrez notre programmation.\",\"publisher\":{\"@id\":\"https:\/\/www.lediamant.ca\/en#organization\"},\"potentialAction\":[{\"@type\":\"SearchAction\",\"target\":{\"@type\":\"EntryPoint\",\"urlTemplate\":\"https:\/\/www.lediamant.ca\/en?s={search_term_string}\"},\"query-input\":{\"@type\":\"PropertyValueSpecification\",\"valueRequired\":true,\"valueName\":\"search_term_string\"}}],\"inLanguage\":\"en-US\"},{\"@type\":\"Organization\",\"@id\":\"https:\/\/www.lediamant.ca\/en#organization\",\"name\":\"Le Diamant\",\"url\":\"https:\/\/www.lediamant.ca\/en\",\"logo\":{\"@type\":\"ImageObject\",\"inLanguage\":\"en-US\",\"@id\":\"https:\/\/www.lediamant.ca\/en#\/schema\/logo\/image\/\",\"url\":\"https:\/\/www.lediamant.ca\/wp-content\/uploads\/2023\/05\/le-diamant-logo.png\",\"contentUrl\":\"https:\/\/www.lediamant.ca\/wp-content\/uploads\/2023\/05\/le-diamant-logo.png\",\"width\":1000,\"height\":750,\"caption\":\"Le Diamant\"},\"image\":{\"@id\":\"https:\/\/www.lediamant.ca\/en#\/schema\/logo\/image\/\"},\"sameAs\":[\"https:\/\/www.facebook.com\/lediamantqc\/\",\"https:\/\/x.com\/lediamant_qc\"]}]}<\/script>\n<!-- \/ Yoast SEO plugin. -->","yoast_head_json":{"title":"Box Office Info - Le Diamant","description":"Sensible \u00e0 l\u2019accessibilit\u00e9 \u00e0 la culture, Le Diamant offre des spectacles \u00e0 des prix variant de 20\u2009$ \u00e0 85\u2009$, taxes et frais de service inclus.","robots":{"index":"index","follow":"follow","max-snippet":"max-snippet:-1","max-image-preview":"max-image-preview:large","max-video-preview":"max-video-preview:-1"},"canonical":"https:\/\/www.lediamant.ca\/en\/box-office","og_locale":"en_US","og_type":"article","og_title":"Box office | Le Diamant","og_description":"Sensible \u00e0 l\u2019accessibilit\u00e9 \u00e0 la culture, Le Diamant offre des spectacles \u00e0 des prix variant de 20\u2009$ \u00e0 85\u2009$, taxes et frais de service inclus.","og_url":"https:\/\/www.lediamant.ca\/en\/box-office","og_site_name":"Le Diamant","article_publisher":"https:\/\/www.facebook.com\/lediamantqc\/","article_modified_time":"2026-04-13T14:20:27+00:00","og_image":[{"url":"https:\/\/www.lediamant.ca\/wp-content\/uploads\/2023\/05\/billetterie-opengraph-1-1024x538.jpg","type":"","width":"","height":""}],"twitter_card":"summary_large_image","twitter_site":"@lediamant_qc","twitter_misc":{"Est. reading time":"2 minutes"},"schema":{"@context":"https:\/\/schema.org","@graph":[{"@type":"WebPage","@id":"https:\/\/www.lediamant.ca\/en\/box-office","url":"https:\/\/www.lediamant.ca\/en\/box-office","name":"Box Office Info - Le Diamant","isPartOf":{"@id":"https:\/\/www.lediamant.ca\/en#website"},"primaryImageOfPage":{"@id":"https:\/\/www.lediamant.ca\/en\/box-office#primaryimage"},"image":{"@id":"https:\/\/www.lediamant.ca\/en\/box-office#primaryimage"},"thumbnailUrl":"https:\/\/www.lediamant.ca\/wp-content\/uploads\/2023\/04\/Batiment-3-StephaneGroleau-Original-1-scaled.jpg","datePublished":"2023-02-17T22:21:00+00:00","dateModified":"2026-04-13T14:20:27+00:00","description":"Sensible \u00e0 l\u2019accessibilit\u00e9 \u00e0 la culture, Le Diamant offre des spectacles \u00e0 des prix variant de 20\u2009$ \u00e0 85\u2009$, taxes et frais de service inclus.","breadcrumb":{"@id":"https:\/\/www.lediamant.ca\/en\/box-office#breadcrumb"},"inLanguage":"en-US","potentialAction":[{"@type":"ReadAction","target":["https:\/\/www.lediamant.ca\/en\/box-office"]}]},{"@type":"ImageObject","inLanguage":"en-US","@id":"https:\/\/www.lediamant.ca\/en\/box-office#primaryimage","url":"https:\/\/www.lediamant.ca\/wp-content\/uploads\/2023\/04\/Batiment-3-StephaneGroleau-Original-1-scaled.jpg","contentUrl":"https:\/\/www.lediamant.ca\/wp-content\/uploads\/2023\/04\/Batiment-3-StephaneGroleau-Original-1-scaled.jpg","width":2285,"height":2560,"caption":"Photo \u2014 St\u00e9phane Groleau"},{"@type":"BreadcrumbList","@id":"https:\/\/www.lediamant.ca\/en\/box-office#breadcrumb","itemListElement":[{"@type":"ListItem","position":1,"name":"Accueil","item":"https:\/\/www.lediamant.ca\/en"},{"@type":"ListItem","position":2,"name":"Box Office Info"}]},{"@type":"WebSite","@id":"https:\/\/www.lediamant.ca\/en#website","url":"https:\/\/www.lediamant.ca\/en","name":"Le Diamant","description":"Salle de spectacle situ\u00e9e \u00e0 place D&#039;Youville, Qu\u00e9bec (Canada). D\u00e9couvrez notre programmation.","publisher":{"@id":"https:\/\/www.lediamant.ca\/en#organization"},"potentialAction":[{"@type":"SearchAction","target":{"@type":"EntryPoint","urlTemplate":"https:\/\/www.lediamant.ca\/en?s={search_term_string}"},"query-input":{"@type":"PropertyValueSpecification","valueRequired":true,"valueName":"search_term_string"}}],"inLanguage":"en-US"},{"@type":"Organization","@id":"https:\/\/www.lediamant.ca\/en#organization","name":"Le Diamant","url":"https:\/\/www.lediamant.ca\/en","logo":{"@type":"ImageObject","inLanguage":"en-US","@id":"https:\/\/www.lediamant.ca\/en#\/schema\/logo\/image\/","url":"https:\/\/www.lediamant.ca\/wp-content\/uploads\/2023\/05\/le-diamant-logo.png","contentUrl":"https:\/\/www.lediamant.ca\/wp-content\/uploads\/2023\/05\/le-diamant-logo.png","width":1000,"height":750,"caption":"Le Diamant"},"image":{"@id":"https:\/\/www.lediamant.ca\/en#\/schema\/logo\/image\/"},"sameAs":["https:\/\/www.facebook.com\/lediamantqc\/","https:\/\/x.com\/lediamant_qc"]}]}},"_links":{"self":[{"href":"https:\/\/www.lediamant.ca\/en\/wp-json\/wp\/v2\/pages\/8539","targetHints":{"allow":["GET"]}}],"collection":[{"href":"https:\/\/www.lediamant.ca\/en\/wp-json\/wp\/v2\/pages"}],"about":[{"href":"https:\/\/www.lediamant.ca\/en\/wp-json\/wp\/v2\/types\/page"}],"author":[{"embeddable":true,"href":"https:\/\/www.lediamant.ca\/en\/wp-json\/wp\/v2\/users\/2"}],"replies":[{"embeddable":true,"href":"https:\/\/www.lediamant.ca\/en\/wp-json\/wp\/v2\/comments?post=8539"}],"version-history":[{"count":32,"href":"https:\/\/www.lediamant.ca\/en\/wp-json\/wp\/v2\/pages\/8539\/revisions"}],"predecessor-version":[{"id":22064,"href":"https:\/\/www.lediamant.ca\/en\/wp-json\/wp\/v2\/pages\/8539\/revisions\/22064"}],"wp:featuredmedia":[{"embeddable":true,"href":"https:\/\/www.lediamant.ca\/en\/wp-json\/wp\/v2\/media\/1185"}],"wp:attachment":[{"href":"https:\/\/www.lediamant.ca\/en\/wp-json\/wp\/v2\/media?parent=8539"}],"curies":[{"name":"wp","href":"https:\/\/api.w.org\/{rel}","templated":true}]}}