{"id":8439,"date":"2023-05-12T09:13:33","date_gmt":"2023-05-12T13:13:33","guid":{"rendered":"https:\/\/www.lediamant.ca\/ambiance"},"modified":"2024-01-24T16:04:17","modified_gmt":"2024-01-24T20:04:17","slug":"audio-guided-tour","status":"publish","type":"page","link":"https:\/\/www.lediamant.ca\/en\/audio-guided-tour","title":{"rendered":"Audio-guided Tour"},"content":{"rendered":"<div class=\"item component-columns\">\n<div class=\"wp-block-columns reverse-mobile is-layout-flex wp-container-core-columns-is-layout-9d6595d7 wp-block-columns-is-layout-flex\">\n<div class=\"wp-block-column reverse-mobile is-layout-flow wp-block-column-is-layout-flow\"><div class=\"item wysiwyg component-heading\" >\n<h3 class=\"wp-block-heading\">Audio tour of Le Diamant with composer Antoine B\u00e9dard<\/h3>\n<\/div>\n\n<div class=\"item wysiwyg component-paragraph\" >\n<p>Composer Antoine B\u00e9dard accompanies you on a sound journey based on the sound environment he developed for Le Diamant.<\/p>\n<\/div>\n\n<div class=\"item wysiwyg component-paragraph\" >\n<p>Please note that the audio guided tour is in French only.<\/p>\n<\/div>\n\n<div class=\"item wysiwyg component-link-button\" >\n<p><a class=\"btn btn--simple\" href=\"https:\/\/podcasts.apple.com\/ca\/podcast\/le-diamant-le-balado\/id1605171761\" target=\"_blank\">Apple Podcasts<\/a><\/p><\/div>\n\n<div class=\"item wysiwyg component-link-button\" >\n<p><a class=\"btn btn--simple\" href=\"https:\/\/open.spotify.com\/episode\/52RwkHQUPdpMI3GES91gmH\" target=\"_blank\">Spotify<\/a><\/p><\/div>\n\n<div class=\"item wysiwyg component-link-button\" >\n<p><a class=\"btn btn--simple\" href=\"https:\/\/podcasts.google.com\/feed\/aHR0cHM6Ly9iYWxhZG9xdWViZWMuY2EvbGVkaWFtYW50L3Jzcw\/episode\/bGVkaWFtYW50MjA5OTIyNQ\" target=\"_blank\">Google Podcasts<\/a><\/p><\/div>\n\n<div class=\"item wysiwyg component-link-button\" >\n<p><a class=\"btn btn--simple\" href=\"https:\/\/www.youtube.com\/watch?v=gweEDcEmKkQ\" target=\"_blank\">YouTube<\/a><\/p><\/div>\n\n<div class=\"item wysiwyg component-link-button\" >\n<p><a class=\"btn btn--simple\" href=\"https:\/\/baladoquebec.ca\/le-theatre-de-la-lutte-a-lopera-le-balado-du-diamant\/visite-audio-du-diamant-avec-le-compositeur-antoine-bedard\" target=\"_blank\">Balado Qu\u00e9bec<\/a><\/p><\/div><\/div>\n\n\n\n<div class=\"wp-block-column is-layout-flow wp-block-column-is-layout-flow\"><div class=\"item wysiwyg component-image\" >\n<figure class=\"wp-block-image size-large\"><img decoding=\"async\" width=\"1024\" height=\"881\" src=\"https:\/\/www.lediamant.ca\/wp-content\/uploads\/2022\/06\/2023-Journaldecreation-Ambiance-Antoine-1024x881.jpg\" alt=\"\" class=\"wp-image-2337\"\/ loading=\"lazy\" srcset=\"https:\/\/www.lediamant.ca\/wp-content\/uploads\/2022\/06\/2023-Journaldecreation-Ambiance-Antoine-1024x881.jpg 1024w, https:\/\/www.lediamant.ca\/wp-content\/uploads\/2022\/06\/2023-Journaldecreation-Ambiance-Antoine-700x602.jpg 700w, https:\/\/www.lediamant.ca\/wp-content\/uploads\/2022\/06\/2023-Journaldecreation-Ambiance-Antoine-768x660.jpg 768w, https:\/\/www.lediamant.ca\/wp-content\/uploads\/2022\/06\/2023-Journaldecreation-Ambiance-Antoine-400x344.jpg 400w, https:\/\/www.lediamant.ca\/wp-content\/uploads\/2022\/06\/2023-Journaldecreation-Ambiance-Antoine.jpg 1500w\" sizes=\"auto, (max-width: 1024px) 100vw, 1024px\" \/><\/figure>\n<\/div><\/div>\n<\/div>\n<\/div>\n\n<div class=\"item component-spacer\" ><div class=\"container\">\n<div style=\"height:100px\" aria-hidden=\"true\" class=\"wp-block-spacer\"><\/div>\n<\/div><\/div>","protected":false},"excerpt":{"rendered":"Audio tour of Le Diamant with composer Antoine B\u00e9dard Composer Antoine B\u00e9dard accompanies you on a sound journey based on the sound environment he developed for Le Diamant. Please note that the audio guided tour is in French only.","protected":false},"author":2,"featured_media":0,"parent":0,"menu_order":0,"comment_status":"closed","ping_status":"closed","template":"","meta":{"_acf_changed":false,"footnotes":""},"class_list":["post-8439","page","type-page","status-publish","hentry"],"acf":[],"yoast_head":"<!-- This site is optimized with the Yoast SEO plugin v26.5 - https:\/\/yoast.com\/wordpress\/plugins\/seo\/ -->\n<title>Audio-guided Tour - Le Diamant<\/title>\n<meta name=\"description\" content=\"Composer Antoine B\u00e9dard accompanies you on a sound journey based on the sound environment he developed for Le Diamant.\" \/>\n<meta name=\"robots\" content=\"index, follow, max-snippet:-1, max-image-preview:large, max-video-preview:-1\" \/>\n<link rel=\"canonical\" href=\"https:\/\/www.lediamant.ca\/en\/audio-guided-tour\" \/>\n<meta property=\"og:locale\" content=\"en_US\" \/>\n<meta property=\"og:type\" content=\"article\" \/>\n<meta property=\"og:title\" content=\"Visite audio du Diamant avec le compositeur Antoine B\u00e9dard\" \/>\n<meta property=\"og:description\" content=\"Le compositeur Antoine B\u00e9dard vous accompagne lors d\u2019un parcours sonore bas\u00e9 sur l\u2019ambiance qu\u2019il a d\u00e9velopp\u00e9e pour Le Diamant.\" \/>\n<meta property=\"og:url\" content=\"https:\/\/www.lediamant.ca\/en\/audio-guided-tour\" \/>\n<meta property=\"og:site_name\" content=\"Le Diamant\" \/>\n<meta property=\"article:publisher\" content=\"https:\/\/www.facebook.com\/lediamantqc\/\" \/>\n<meta property=\"article:modified_time\" content=\"2024-01-24T20:04:17+00:00\" \/>\n<meta property=\"og:image\" content=\"https:\/\/www.lediamant.ca\/wp-content\/uploads\/2022\/06\/2023-journaldecreative-ambiancesonore-opengraph.jpeg\" \/>\n\t<meta property=\"og:image:width\" content=\"1200\" \/>\n\t<meta property=\"og:image:height\" content=\"630\" \/>\n\t<meta property=\"og:image:type\" content=\"image\/jpeg\" \/>\n<meta name=\"twitter:card\" content=\"summary_large_image\" \/>\n<meta name=\"twitter:site\" content=\"@lediamant_qc\" \/>\n<meta name=\"twitter:label1\" content=\"Est. reading time\" \/>\n\t<meta name=\"twitter:data1\" content=\"1 minute\" \/>\n<script type=\"application\/ld+json\" class=\"yoast-schema-graph\">{\"@context\":\"https:\/\/schema.org\",\"@graph\":[{\"@type\":\"WebPage\",\"@id\":\"https:\/\/www.lediamant.ca\/en\/audio-guided-tour\",\"url\":\"https:\/\/www.lediamant.ca\/en\/audio-guided-tour\",\"name\":\"Audio-guided Tour - Le Diamant\",\"isPartOf\":{\"@id\":\"https:\/\/www.lediamant.ca\/en#website\"},\"primaryImageOfPage\":{\"@id\":\"https:\/\/www.lediamant.ca\/en\/audio-guided-tour#primaryimage\"},\"image\":{\"@id\":\"https:\/\/www.lediamant.ca\/en\/audio-guided-tour#primaryimage\"},\"thumbnailUrl\":\"https:\/\/www.lediamant.ca\/wp-content\/uploads\/2022\/06\/2023-Journaldecreation-Ambiance-Antoine-1024x881.jpg\",\"datePublished\":\"2023-05-12T13:13:33+00:00\",\"dateModified\":\"2024-01-24T20:04:17+00:00\",\"description\":\"Composer Antoine B\u00e9dard accompanies you on a sound journey based on the sound environment he developed for Le Diamant.\",\"breadcrumb\":{\"@id\":\"https:\/\/www.lediamant.ca\/en\/audio-guided-tour#breadcrumb\"},\"inLanguage\":\"en-US\",\"potentialAction\":[{\"@type\":\"ReadAction\",\"target\":[\"https:\/\/www.lediamant.ca\/en\/audio-guided-tour\"]}]},{\"@type\":\"ImageObject\",\"inLanguage\":\"en-US\",\"@id\":\"https:\/\/www.lediamant.ca\/en\/audio-guided-tour#primaryimage\",\"url\":\"https:\/\/www.lediamant.ca\/wp-content\/uploads\/2022\/06\/2023-Journaldecreation-Ambiance-Antoine-1024x881.jpg\",\"contentUrl\":\"https:\/\/www.lediamant.ca\/wp-content\/uploads\/2022\/06\/2023-Journaldecreation-Ambiance-Antoine-1024x881.jpg\"},{\"@type\":\"BreadcrumbList\",\"@id\":\"https:\/\/www.lediamant.ca\/en\/audio-guided-tour#breadcrumb\",\"itemListElement\":[{\"@type\":\"ListItem\",\"position\":1,\"name\":\"Accueil\",\"item\":\"https:\/\/www.lediamant.ca\/en\"},{\"@type\":\"ListItem\",\"position\":2,\"name\":\"Audio-guided Tour\"}]},{\"@type\":\"WebSite\",\"@id\":\"https:\/\/www.lediamant.ca\/en#website\",\"url\":\"https:\/\/www.lediamant.ca\/en\",\"name\":\"Le Diamant\",\"description\":\"Salle de spectacle situ\u00e9e \u00e0 place D&#039;Youville, Qu\u00e9bec (Canada). D\u00e9couvrez notre programmation.\",\"publisher\":{\"@id\":\"https:\/\/www.lediamant.ca\/en#organization\"},\"potentialAction\":[{\"@type\":\"SearchAction\",\"target\":{\"@type\":\"EntryPoint\",\"urlTemplate\":\"https:\/\/www.lediamant.ca\/en?s={search_term_string}\"},\"query-input\":{\"@type\":\"PropertyValueSpecification\",\"valueRequired\":true,\"valueName\":\"search_term_string\"}}],\"inLanguage\":\"en-US\"},{\"@type\":\"Organization\",\"@id\":\"https:\/\/www.lediamant.ca\/en#organization\",\"name\":\"Le Diamant\",\"url\":\"https:\/\/www.lediamant.ca\/en\",\"logo\":{\"@type\":\"ImageObject\",\"inLanguage\":\"en-US\",\"@id\":\"https:\/\/www.lediamant.ca\/en#\/schema\/logo\/image\/\",\"url\":\"https:\/\/www.lediamant.ca\/wp-content\/uploads\/2023\/05\/le-diamant-logo.png\",\"contentUrl\":\"https:\/\/www.lediamant.ca\/wp-content\/uploads\/2023\/05\/le-diamant-logo.png\",\"width\":1000,\"height\":750,\"caption\":\"Le Diamant\"},\"image\":{\"@id\":\"https:\/\/www.lediamant.ca\/en#\/schema\/logo\/image\/\"},\"sameAs\":[\"https:\/\/www.facebook.com\/lediamantqc\/\",\"https:\/\/x.com\/lediamant_qc\"]}]}<\/script>\n<!-- \/ Yoast SEO plugin. -->","yoast_head_json":{"title":"Audio-guided Tour - Le Diamant","description":"Composer Antoine B\u00e9dard accompanies you on a sound journey based on the sound environment he developed for Le Diamant.","robots":{"index":"index","follow":"follow","max-snippet":"max-snippet:-1","max-image-preview":"max-image-preview:large","max-video-preview":"max-video-preview:-1"},"canonical":"https:\/\/www.lediamant.ca\/en\/audio-guided-tour","og_locale":"en_US","og_type":"article","og_title":"Visite audio du Diamant avec le compositeur Antoine B\u00e9dard","og_description":"Le compositeur Antoine B\u00e9dard vous accompagne lors d\u2019un parcours sonore bas\u00e9 sur l\u2019ambiance qu\u2019il a d\u00e9velopp\u00e9e pour Le Diamant.","og_url":"https:\/\/www.lediamant.ca\/en\/audio-guided-tour","og_site_name":"Le Diamant","article_publisher":"https:\/\/www.facebook.com\/lediamantqc\/","article_modified_time":"2024-01-24T20:04:17+00:00","og_image":[{"width":1200,"height":630,"url":"https:\/\/www.lediamant.ca\/wp-content\/uploads\/2022\/06\/2023-journaldecreative-ambiancesonore-opengraph.jpeg","type":"image\/jpeg"}],"twitter_card":"summary_large_image","twitter_site":"@lediamant_qc","twitter_misc":{"Est. reading time":"1 minute"},"schema":{"@context":"https:\/\/schema.org","@graph":[{"@type":"WebPage","@id":"https:\/\/www.lediamant.ca\/en\/audio-guided-tour","url":"https:\/\/www.lediamant.ca\/en\/audio-guided-tour","name":"Audio-guided Tour - Le Diamant","isPartOf":{"@id":"https:\/\/www.lediamant.ca\/en#website"},"primaryImageOfPage":{"@id":"https:\/\/www.lediamant.ca\/en\/audio-guided-tour#primaryimage"},"image":{"@id":"https:\/\/www.lediamant.ca\/en\/audio-guided-tour#primaryimage"},"thumbnailUrl":"https:\/\/www.lediamant.ca\/wp-content\/uploads\/2022\/06\/2023-Journaldecreation-Ambiance-Antoine-1024x881.jpg","datePublished":"2023-05-12T13:13:33+00:00","dateModified":"2024-01-24T20:04:17+00:00","description":"Composer Antoine B\u00e9dard accompanies you on a sound journey based on the sound environment he developed for Le Diamant.","breadcrumb":{"@id":"https:\/\/www.lediamant.ca\/en\/audio-guided-tour#breadcrumb"},"inLanguage":"en-US","potentialAction":[{"@type":"ReadAction","target":["https:\/\/www.lediamant.ca\/en\/audio-guided-tour"]}]},{"@type":"ImageObject","inLanguage":"en-US","@id":"https:\/\/www.lediamant.ca\/en\/audio-guided-tour#primaryimage","url":"https:\/\/www.lediamant.ca\/wp-content\/uploads\/2022\/06\/2023-Journaldecreation-Ambiance-Antoine-1024x881.jpg","contentUrl":"https:\/\/www.lediamant.ca\/wp-content\/uploads\/2022\/06\/2023-Journaldecreation-Ambiance-Antoine-1024x881.jpg"},{"@type":"BreadcrumbList","@id":"https:\/\/www.lediamant.ca\/en\/audio-guided-tour#breadcrumb","itemListElement":[{"@type":"ListItem","position":1,"name":"Accueil","item":"https:\/\/www.lediamant.ca\/en"},{"@type":"ListItem","position":2,"name":"Audio-guided Tour"}]},{"@type":"WebSite","@id":"https:\/\/www.lediamant.ca\/en#website","url":"https:\/\/www.lediamant.ca\/en","name":"Le Diamant","description":"Salle de spectacle situ\u00e9e \u00e0 place D&#039;Youville, Qu\u00e9bec (Canada). D\u00e9couvrez notre programmation.","publisher":{"@id":"https:\/\/www.lediamant.ca\/en#organization"},"potentialAction":[{"@type":"SearchAction","target":{"@type":"EntryPoint","urlTemplate":"https:\/\/www.lediamant.ca\/en?s={search_term_string}"},"query-input":{"@type":"PropertyValueSpecification","valueRequired":true,"valueName":"search_term_string"}}],"inLanguage":"en-US"},{"@type":"Organization","@id":"https:\/\/www.lediamant.ca\/en#organization","name":"Le Diamant","url":"https:\/\/www.lediamant.ca\/en","logo":{"@type":"ImageObject","inLanguage":"en-US","@id":"https:\/\/www.lediamant.ca\/en#\/schema\/logo\/image\/","url":"https:\/\/www.lediamant.ca\/wp-content\/uploads\/2023\/05\/le-diamant-logo.png","contentUrl":"https:\/\/www.lediamant.ca\/wp-content\/uploads\/2023\/05\/le-diamant-logo.png","width":1000,"height":750,"caption":"Le Diamant"},"image":{"@id":"https:\/\/www.lediamant.ca\/en#\/schema\/logo\/image\/"},"sameAs":["https:\/\/www.facebook.com\/lediamantqc\/","https:\/\/x.com\/lediamant_qc"]}]}},"_links":{"self":[{"href":"https:\/\/www.lediamant.ca\/en\/wp-json\/wp\/v2\/pages\/8439","targetHints":{"allow":["GET"]}}],"collection":[{"href":"https:\/\/www.lediamant.ca\/en\/wp-json\/wp\/v2\/pages"}],"about":[{"href":"https:\/\/www.lediamant.ca\/en\/wp-json\/wp\/v2\/types\/page"}],"author":[{"embeddable":true,"href":"https:\/\/www.lediamant.ca\/en\/wp-json\/wp\/v2\/users\/2"}],"replies":[{"embeddable":true,"href":"https:\/\/www.lediamant.ca\/en\/wp-json\/wp\/v2\/comments?post=8439"}],"version-history":[{"count":5,"href":"https:\/\/www.lediamant.ca\/en\/wp-json\/wp\/v2\/pages\/8439\/revisions"}],"predecessor-version":[{"id":8448,"href":"https:\/\/www.lediamant.ca\/en\/wp-json\/wp\/v2\/pages\/8439\/revisions\/8448"}],"wp:attachment":[{"href":"https:\/\/www.lediamant.ca\/en\/wp-json\/wp\/v2\/media?parent=8439"}],"curies":[{"name":"wp","href":"https:\/\/api.w.org\/{rel}","templated":true}]}}