{"id":8360,"date":"2023-02-09T13:45:43","date_gmt":"2023-02-09T17:45:43","guid":{"rendered":"https:\/\/www.lediamant.ca\/explorez-autrement"},"modified":"2024-01-24T13:15:03","modified_gmt":"2024-01-24T17:15:03","slug":"explore","status":"publish","type":"page","link":"https:\/\/www.lediamant.ca\/en\/explore","title":{"rendered":"Explore"},"content":{"rendered":"","protected":false},"excerpt":{"rendered":"","protected":false},"author":2,"featured_media":0,"parent":0,"menu_order":0,"comment_status":"closed","ping_status":"closed","template":"","meta":{"_acf_changed":false,"footnotes":""},"class_list":["post-8360","page","type-page","status-publish","hentry"],"acf":[],"yoast_head":"<!-- This site is optimized with the Yoast SEO plugin v26.5 - https:\/\/yoast.com\/wordpress\/plugins\/seo\/ -->\n<title>Explore - Le Diamant<\/title>\n<meta name=\"robots\" content=\"noindex, nofollow\" \/>\n<meta property=\"og:locale\" content=\"en_US\" \/>\n<meta property=\"og:type\" content=\"article\" \/>\n<meta property=\"og:title\" content=\"Explore - Le Diamant\" \/>\n<meta property=\"og:url\" content=\"https:\/\/www.lediamant.ca\/en\/explore\" \/>\n<meta property=\"og:site_name\" content=\"Le Diamant\" \/>\n<meta property=\"article:publisher\" content=\"https:\/\/www.facebook.com\/lediamantqc\/\" \/>\n<meta property=\"article:modified_time\" content=\"2024-01-24T17:15:03+00:00\" \/>\n<meta name=\"twitter:card\" content=\"summary_large_image\" \/>\n<meta name=\"twitter:site\" content=\"@lediamant_qc\" \/>\n<script type=\"application\/ld+json\" class=\"yoast-schema-graph\">{\"@context\":\"https:\/\/schema.org\",\"@graph\":[{\"@type\":\"WebPage\",\"@id\":\"https:\/\/www.lediamant.ca\/en\/explore\",\"url\":\"https:\/\/www.lediamant.ca\/en\/explore\",\"name\":\"Explore - Le Diamant\",\"isPartOf\":{\"@id\":\"https:\/\/www.lediamant.ca\/en#website\"},\"datePublished\":\"2023-02-09T17:45:43+00:00\",\"dateModified\":\"2024-01-24T17:15:03+00:00\",\"breadcrumb\":{\"@id\":\"https:\/\/www.lediamant.ca\/en\/explore#breadcrumb\"},\"inLanguage\":\"en-US\",\"potentialAction\":[{\"@type\":\"ReadAction\",\"target\":[\"https:\/\/www.lediamant.ca\/en\/explore\"]}]},{\"@type\":\"BreadcrumbList\",\"@id\":\"https:\/\/www.lediamant.ca\/en\/explore#breadcrumb\",\"itemListElement\":[{\"@type\":\"ListItem\",\"position\":1,\"name\":\"Accueil\",\"item\":\"https:\/\/www.lediamant.ca\/en\"},{\"@type\":\"ListItem\",\"position\":2,\"name\":\"Explore\"}]},{\"@type\":\"WebSite\",\"@id\":\"https:\/\/www.lediamant.ca\/en#website\",\"url\":\"https:\/\/www.lediamant.ca\/en\",\"name\":\"Le Diamant\",\"description\":\"Salle de spectacle situ\u00e9e \u00e0 place D&#039;Youville, Qu\u00e9bec (Canada). D\u00e9couvrez notre programmation.\",\"publisher\":{\"@id\":\"https:\/\/www.lediamant.ca\/en#organization\"},\"potentialAction\":[{\"@type\":\"SearchAction\",\"target\":{\"@type\":\"EntryPoint\",\"urlTemplate\":\"https:\/\/www.lediamant.ca\/en?s={search_term_string}\"},\"query-input\":{\"@type\":\"PropertyValueSpecification\",\"valueRequired\":true,\"valueName\":\"search_term_string\"}}],\"inLanguage\":\"en-US\"},{\"@type\":\"Organization\",\"@id\":\"https:\/\/www.lediamant.ca\/en#organization\",\"name\":\"Le Diamant\",\"url\":\"https:\/\/www.lediamant.ca\/en\",\"logo\":{\"@type\":\"ImageObject\",\"inLanguage\":\"en-US\",\"@id\":\"https:\/\/www.lediamant.ca\/en#\/schema\/logo\/image\/\",\"url\":\"https:\/\/www.lediamant.ca\/wp-content\/uploads\/2023\/05\/le-diamant-logo.png\",\"contentUrl\":\"https:\/\/www.lediamant.ca\/wp-content\/uploads\/2023\/05\/le-diamant-logo.png\",\"width\":1000,\"height\":750,\"caption\":\"Le Diamant\"},\"image\":{\"@id\":\"https:\/\/www.lediamant.ca\/en#\/schema\/logo\/image\/\"},\"sameAs\":[\"https:\/\/www.facebook.com\/lediamantqc\/\",\"https:\/\/x.com\/lediamant_qc\"]}]}<\/script>\n<!-- \/ Yoast SEO plugin. -->","yoast_head_json":{"title":"Explore - Le Diamant","robots":{"index":"noindex","follow":"nofollow"},"og_locale":"en_US","og_type":"article","og_title":"Explore - Le Diamant","og_url":"https:\/\/www.lediamant.ca\/en\/explore","og_site_name":"Le Diamant","article_publisher":"https:\/\/www.facebook.com\/lediamantqc\/","article_modified_time":"2024-01-24T17:15:03+00:00","twitter_card":"summary_large_image","twitter_site":"@lediamant_qc","schema":{"@context":"https:\/\/schema.org","@graph":[{"@type":"WebPage","@id":"https:\/\/www.lediamant.ca\/en\/explore","url":"https:\/\/www.lediamant.ca\/en\/explore","name":"Explore - Le Diamant","isPartOf":{"@id":"https:\/\/www.lediamant.ca\/en#website"},"datePublished":"2023-02-09T17:45:43+00:00","dateModified":"2024-01-24T17:15:03+00:00","breadcrumb":{"@id":"https:\/\/www.lediamant.ca\/en\/explore#breadcrumb"},"inLanguage":"en-US","potentialAction":[{"@type":"ReadAction","target":["https:\/\/www.lediamant.ca\/en\/explore"]}]},{"@type":"BreadcrumbList","@id":"https:\/\/www.lediamant.ca\/en\/explore#breadcrumb","itemListElement":[{"@type":"ListItem","position":1,"name":"Accueil","item":"https:\/\/www.lediamant.ca\/en"},{"@type":"ListItem","position":2,"name":"Explore"}]},{"@type":"WebSite","@id":"https:\/\/www.lediamant.ca\/en#website","url":"https:\/\/www.lediamant.ca\/en","name":"Le Diamant","description":"Salle de spectacle situ\u00e9e \u00e0 place D&#039;Youville, Qu\u00e9bec (Canada). D\u00e9couvrez notre programmation.","publisher":{"@id":"https:\/\/www.lediamant.ca\/en#organization"},"potentialAction":[{"@type":"SearchAction","target":{"@type":"EntryPoint","urlTemplate":"https:\/\/www.lediamant.ca\/en?s={search_term_string}"},"query-input":{"@type":"PropertyValueSpecification","valueRequired":true,"valueName":"search_term_string"}}],"inLanguage":"en-US"},{"@type":"Organization","@id":"https:\/\/www.lediamant.ca\/en#organization","name":"Le Diamant","url":"https:\/\/www.lediamant.ca\/en","logo":{"@type":"ImageObject","inLanguage":"en-US","@id":"https:\/\/www.lediamant.ca\/en#\/schema\/logo\/image\/","url":"https:\/\/www.lediamant.ca\/wp-content\/uploads\/2023\/05\/le-diamant-logo.png","contentUrl":"https:\/\/www.lediamant.ca\/wp-content\/uploads\/2023\/05\/le-diamant-logo.png","width":1000,"height":750,"caption":"Le Diamant"},"image":{"@id":"https:\/\/www.lediamant.ca\/en#\/schema\/logo\/image\/"},"sameAs":["https:\/\/www.facebook.com\/lediamantqc\/","https:\/\/x.com\/lediamant_qc"]}]}},"_links":{"self":[{"href":"https:\/\/www.lediamant.ca\/en\/wp-json\/wp\/v2\/pages\/8360","targetHints":{"allow":["GET"]}}],"collection":[{"href":"https:\/\/www.lediamant.ca\/en\/wp-json\/wp\/v2\/pages"}],"about":[{"href":"https:\/\/www.lediamant.ca\/en\/wp-json\/wp\/v2\/types\/page"}],"author":[{"embeddable":true,"href":"https:\/\/www.lediamant.ca\/en\/wp-json\/wp\/v2\/users\/2"}],"replies":[{"embeddable":true,"href":"https:\/\/www.lediamant.ca\/en\/wp-json\/wp\/v2\/comments?post=8360"}],"version-history":[{"count":1,"href":"https:\/\/www.lediamant.ca\/en\/wp-json\/wp\/v2\/pages\/8360\/revisions"}],"predecessor-version":[{"id":8361,"href":"https:\/\/www.lediamant.ca\/en\/wp-json\/wp\/v2\/pages\/8360\/revisions\/8361"}],"wp:attachment":[{"href":"https:\/\/www.lediamant.ca\/en\/wp-json\/wp\/v2\/media?parent=8360"}],"curies":[{"name":"wp","href":"https:\/\/api.w.org\/{rel}","templated":true}]}}