{"id":8314,"date":"2023-05-03T13:48:35","date_gmt":"2023-05-03T17:48:35","guid":{"rendered":"https:\/\/www.lediamant.ca\/netiquette"},"modified":"2024-01-24T11:44:24","modified_gmt":"2024-01-24T15:44:24","slug":"netiquette","status":"publish","type":"page","link":"https:\/\/www.lediamant.ca\/en\/netiquette","title":{"rendered":"Netiquette for Social-Media Platforms"},"content":{"rendered":"<div class=\"item wysiwyg component-paragraph\" >\n<p>These Netiquette Guidelines are our\u00a0rules of decorum and conduct for interactions on the social-media platforms operated by Le Diamant. We are counting on you to treat others with the utmost respect when you comment.<\/p>\n<\/div>\n\n<div class=\"item wysiwyg component-list\" >\n<ol class=\"wp-block-list\">\n<li>Defamatory, hateful, racist, xenophobic, homophobic, sexist, or disrespectful comments will be deleted without warning.<\/li>\n\n\n\n<li>Profanity is not appropriate. We believe it is possible to express oneself without using obscenities or offensive language. For the benefit of all, we reserve the right to delete, without warning, comments deemed insulting or offensive.<\/li>\n\n\n\n<li>Remember that using all caps in a message is perceived as yelling. A comment will be just as good written in conventional sentence-case format.<\/li>\n\n\n\n<li>Remarks with no direct or indirect link to the subject matter will be deleted. Advertising in any form will not be tolerated.<\/li>\n\n\n\n<li>Your comments are read and considered as quickly as possible, even if there is not a response to every comment.<\/li>\n\n\n\n<li>Adding hyperlinks to other sites is allowed as long as the content is related to the subjects mentioned or the activities of Le Diamant. We are not responsible for the content on these external sites, and we reserve the right to delete any inappropriate content on our sites.<\/li>\n\n\n\n<li>In order to maintain smooth functioning and harmony on these pages, Le Diamant reserves the right to delete a comment, ban a user, or even modify these guidelines at any time without prior notification.<\/li>\n<\/ol>\n<\/div>\n\n<div class=\"item wysiwyg component-paragraph\" >\n<p>These netiquette guidelines are inspired by the ones recommended by the <a href=\"http:\/\/www.omsrp.com.ulaval.ca\/netiquette\/\" target=\"_blank\" rel=\"noreferrer noopener\">Observatoire des m\u00e9dias sociaux en relations publiques (OMSRP)<\/a>.\u00a0<\/p>\n<\/div>\n\n<div class=\"item component-spacer\" ><div class=\"container\">\n<div style=\"height:100px\" aria-hidden=\"true\" class=\"wp-block-spacer\"><\/div>\n<\/div><\/div>","protected":false},"excerpt":{"rendered":"These Netiquette Guidelines are our\u00a0rules of decorum and conduct for interactions on the social-media platforms operated by Le Diamant. We are counting on you to treat others with the utmost respect when you comment. These netiquette guidelines are inspired by the ones recommended by the Observatoire des m\u00e9dias sociaux en relations publiques (OMSRP).\u00a0","protected":false},"author":2,"featured_media":0,"parent":0,"menu_order":0,"comment_status":"closed","ping_status":"closed","template":"","meta":{"_acf_changed":false,"footnotes":""},"class_list":["post-8314","page","type-page","status-publish","hentry"],"acf":[],"yoast_head":"<!-- This site is optimized with the Yoast SEO plugin v26.5 - https:\/\/yoast.com\/wordpress\/plugins\/seo\/ -->\n<title>Netiquette for Social-Media Platforms - Le Diamant<\/title>\n<meta name=\"description\" content=\"Cette n\u00e9tiquette pr\u00e9sente les codes de biens\u00e9ance\u00a0et les r\u00e8gles de conduite \u00e0 respecter lors d\u2019interactions sur les plateformes de m\u00e9dias sociaux.\" \/>\n<meta name=\"robots\" content=\"index, follow, max-snippet:-1, max-image-preview:large, max-video-preview:-1\" \/>\n<link rel=\"canonical\" href=\"https:\/\/www.lediamant.ca\/en\/netiquette\" \/>\n<meta property=\"og:locale\" content=\"en_US\" \/>\n<meta property=\"og:type\" content=\"article\" \/>\n<meta property=\"og:title\" content=\"N\u00e9tiquette des plateformes m\u00e9dias sociaux\" \/>\n<meta property=\"og:description\" content=\"Cette n\u00e9tiquette pr\u00e9sente les codes de biens\u00e9ance\u00a0et les r\u00e8gles de conduite \u00e0 respecter lors d\u2019interactions sur les plateformes de m\u00e9dias sociaux.\" \/>\n<meta property=\"og:url\" content=\"https:\/\/www.lediamant.ca\/en\/netiquette\" \/>\n<meta property=\"og:site_name\" content=\"Le Diamant\" \/>\n<meta property=\"article:publisher\" content=\"https:\/\/www.facebook.com\/lediamantqc\/\" \/>\n<meta property=\"article:modified_time\" content=\"2024-01-24T15:44:24+00:00\" \/>\n<meta property=\"og:image\" content=\"https:\/\/www.lediamant.ca\/wp-content\/uploads\/2023\/05\/Le-Diamant-opengraph.jpeg\" \/>\n\t<meta property=\"og:image:width\" content=\"1200\" \/>\n\t<meta property=\"og:image:height\" content=\"630\" \/>\n\t<meta property=\"og:image:type\" content=\"image\/jpeg\" \/>\n<meta name=\"twitter:card\" content=\"summary_large_image\" \/>\n<meta name=\"twitter:site\" content=\"@lediamant_qc\" \/>\n<meta name=\"twitter:label1\" content=\"Est. reading time\" \/>\n\t<meta name=\"twitter:data1\" content=\"2 minutes\" \/>\n<script type=\"application\/ld+json\" class=\"yoast-schema-graph\">{\"@context\":\"https:\/\/schema.org\",\"@graph\":[{\"@type\":\"WebPage\",\"@id\":\"https:\/\/www.lediamant.ca\/en\/netiquette\",\"url\":\"https:\/\/www.lediamant.ca\/en\/netiquette\",\"name\":\"Netiquette for Social-Media Platforms - Le Diamant\",\"isPartOf\":{\"@id\":\"https:\/\/www.lediamant.ca\/en#website\"},\"datePublished\":\"2023-05-03T17:48:35+00:00\",\"dateModified\":\"2024-01-24T15:44:24+00:00\",\"description\":\"Cette n\u00e9tiquette pr\u00e9sente les codes de biens\u00e9ance\u00a0et les r\u00e8gles de conduite \u00e0 respecter lors d\u2019interactions sur les plateformes de m\u00e9dias sociaux.\",\"breadcrumb\":{\"@id\":\"https:\/\/www.lediamant.ca\/en\/netiquette#breadcrumb\"},\"inLanguage\":\"en-US\",\"potentialAction\":[{\"@type\":\"ReadAction\",\"target\":[\"https:\/\/www.lediamant.ca\/en\/netiquette\"]}]},{\"@type\":\"BreadcrumbList\",\"@id\":\"https:\/\/www.lediamant.ca\/en\/netiquette#breadcrumb\",\"itemListElement\":[{\"@type\":\"ListItem\",\"position\":1,\"name\":\"Accueil\",\"item\":\"https:\/\/www.lediamant.ca\/en\"},{\"@type\":\"ListItem\",\"position\":2,\"name\":\"Netiquette for Social-Media Platforms\"}]},{\"@type\":\"WebSite\",\"@id\":\"https:\/\/www.lediamant.ca\/en#website\",\"url\":\"https:\/\/www.lediamant.ca\/en\",\"name\":\"Le Diamant\",\"description\":\"Salle de spectacle situ\u00e9e \u00e0 place D&#039;Youville, Qu\u00e9bec (Canada). D\u00e9couvrez notre programmation.\",\"publisher\":{\"@id\":\"https:\/\/www.lediamant.ca\/en#organization\"},\"potentialAction\":[{\"@type\":\"SearchAction\",\"target\":{\"@type\":\"EntryPoint\",\"urlTemplate\":\"https:\/\/www.lediamant.ca\/en?s={search_term_string}\"},\"query-input\":{\"@type\":\"PropertyValueSpecification\",\"valueRequired\":true,\"valueName\":\"search_term_string\"}}],\"inLanguage\":\"en-US\"},{\"@type\":\"Organization\",\"@id\":\"https:\/\/www.lediamant.ca\/en#organization\",\"name\":\"Le Diamant\",\"url\":\"https:\/\/www.lediamant.ca\/en\",\"logo\":{\"@type\":\"ImageObject\",\"inLanguage\":\"en-US\",\"@id\":\"https:\/\/www.lediamant.ca\/en#\/schema\/logo\/image\/\",\"url\":\"https:\/\/www.lediamant.ca\/wp-content\/uploads\/2023\/05\/le-diamant-logo.png\",\"contentUrl\":\"https:\/\/www.lediamant.ca\/wp-content\/uploads\/2023\/05\/le-diamant-logo.png\",\"width\":1000,\"height\":750,\"caption\":\"Le Diamant\"},\"image\":{\"@id\":\"https:\/\/www.lediamant.ca\/en#\/schema\/logo\/image\/\"},\"sameAs\":[\"https:\/\/www.facebook.com\/lediamantqc\/\",\"https:\/\/x.com\/lediamant_qc\"]}]}<\/script>\n<!-- \/ Yoast SEO plugin. -->","yoast_head_json":{"title":"Netiquette for Social-Media Platforms - Le Diamant","description":"Cette n\u00e9tiquette pr\u00e9sente les codes de biens\u00e9ance\u00a0et les r\u00e8gles de conduite \u00e0 respecter lors d\u2019interactions sur les plateformes de m\u00e9dias sociaux.","robots":{"index":"index","follow":"follow","max-snippet":"max-snippet:-1","max-image-preview":"max-image-preview:large","max-video-preview":"max-video-preview:-1"},"canonical":"https:\/\/www.lediamant.ca\/en\/netiquette","og_locale":"en_US","og_type":"article","og_title":"N\u00e9tiquette des plateformes m\u00e9dias sociaux","og_description":"Cette n\u00e9tiquette pr\u00e9sente les codes de biens\u00e9ance\u00a0et les r\u00e8gles de conduite \u00e0 respecter lors d\u2019interactions sur les plateformes de m\u00e9dias sociaux.","og_url":"https:\/\/www.lediamant.ca\/en\/netiquette","og_site_name":"Le Diamant","article_publisher":"https:\/\/www.facebook.com\/lediamantqc\/","article_modified_time":"2024-01-24T15:44:24+00:00","og_image":[{"width":1200,"height":630,"url":"https:\/\/www.lediamant.ca\/wp-content\/uploads\/2023\/05\/Le-Diamant-opengraph.jpeg","type":"image\/jpeg"}],"twitter_card":"summary_large_image","twitter_site":"@lediamant_qc","twitter_misc":{"Est. reading time":"2 minutes"},"schema":{"@context":"https:\/\/schema.org","@graph":[{"@type":"WebPage","@id":"https:\/\/www.lediamant.ca\/en\/netiquette","url":"https:\/\/www.lediamant.ca\/en\/netiquette","name":"Netiquette for Social-Media Platforms - Le Diamant","isPartOf":{"@id":"https:\/\/www.lediamant.ca\/en#website"},"datePublished":"2023-05-03T17:48:35+00:00","dateModified":"2024-01-24T15:44:24+00:00","description":"Cette n\u00e9tiquette pr\u00e9sente les codes de biens\u00e9ance\u00a0et les r\u00e8gles de conduite \u00e0 respecter lors d\u2019interactions sur les plateformes de m\u00e9dias sociaux.","breadcrumb":{"@id":"https:\/\/www.lediamant.ca\/en\/netiquette#breadcrumb"},"inLanguage":"en-US","potentialAction":[{"@type":"ReadAction","target":["https:\/\/www.lediamant.ca\/en\/netiquette"]}]},{"@type":"BreadcrumbList","@id":"https:\/\/www.lediamant.ca\/en\/netiquette#breadcrumb","itemListElement":[{"@type":"ListItem","position":1,"name":"Accueil","item":"https:\/\/www.lediamant.ca\/en"},{"@type":"ListItem","position":2,"name":"Netiquette for Social-Media Platforms"}]},{"@type":"WebSite","@id":"https:\/\/www.lediamant.ca\/en#website","url":"https:\/\/www.lediamant.ca\/en","name":"Le Diamant","description":"Salle de spectacle situ\u00e9e \u00e0 place D&#039;Youville, Qu\u00e9bec (Canada). D\u00e9couvrez notre programmation.","publisher":{"@id":"https:\/\/www.lediamant.ca\/en#organization"},"potentialAction":[{"@type":"SearchAction","target":{"@type":"EntryPoint","urlTemplate":"https:\/\/www.lediamant.ca\/en?s={search_term_string}"},"query-input":{"@type":"PropertyValueSpecification","valueRequired":true,"valueName":"search_term_string"}}],"inLanguage":"en-US"},{"@type":"Organization","@id":"https:\/\/www.lediamant.ca\/en#organization","name":"Le Diamant","url":"https:\/\/www.lediamant.ca\/en","logo":{"@type":"ImageObject","inLanguage":"en-US","@id":"https:\/\/www.lediamant.ca\/en#\/schema\/logo\/image\/","url":"https:\/\/www.lediamant.ca\/wp-content\/uploads\/2023\/05\/le-diamant-logo.png","contentUrl":"https:\/\/www.lediamant.ca\/wp-content\/uploads\/2023\/05\/le-diamant-logo.png","width":1000,"height":750,"caption":"Le Diamant"},"image":{"@id":"https:\/\/www.lediamant.ca\/en#\/schema\/logo\/image\/"},"sameAs":["https:\/\/www.facebook.com\/lediamantqc\/","https:\/\/x.com\/lediamant_qc"]}]}},"_links":{"self":[{"href":"https:\/\/www.lediamant.ca\/en\/wp-json\/wp\/v2\/pages\/8314","targetHints":{"allow":["GET"]}}],"collection":[{"href":"https:\/\/www.lediamant.ca\/en\/wp-json\/wp\/v2\/pages"}],"about":[{"href":"https:\/\/www.lediamant.ca\/en\/wp-json\/wp\/v2\/types\/page"}],"author":[{"embeddable":true,"href":"https:\/\/www.lediamant.ca\/en\/wp-json\/wp\/v2\/users\/2"}],"replies":[{"embeddable":true,"href":"https:\/\/www.lediamant.ca\/en\/wp-json\/wp\/v2\/comments?post=8314"}],"version-history":[{"count":1,"href":"https:\/\/www.lediamant.ca\/en\/wp-json\/wp\/v2\/pages\/8314\/revisions"}],"predecessor-version":[{"id":8316,"href":"https:\/\/www.lediamant.ca\/en\/wp-json\/wp\/v2\/pages\/8314\/revisions\/8316"}],"wp:attachment":[{"href":"https:\/\/www.lediamant.ca\/en\/wp-json\/wp\/v2\/media?parent=8314"}],"curies":[{"name":"wp","href":"https:\/\/api.w.org\/{rel}","templated":true}]}}