{"id":8304,"date":"2023-05-03T13:38:16","date_gmt":"2023-05-03T17:38:16","guid":{"rendered":"https:\/\/www.lediamant.ca\/medias"},"modified":"2024-04-30T13:09:32","modified_gmt":"2024-04-30T17:09:32","slug":"media","status":"publish","type":"page","link":"https:\/\/www.lediamant.ca\/en\/media","title":{"rendered":"Media"},"content":{"rendered":"<div class=\"item wysiwyg component-heading\" >\n<h3 class=\"wp-block-heading\">INTERVIEW REQUESTS<\/h3>\n<\/div>\n\n<div class=\"item wysiwyg component-paragraph\" >\n<p>All interview requests and media inquiries should be sent to&nbsp;the&nbsp;communications team&nbsp;of Le Diamant.<\/p>\n<\/div>\n\n<div class=\"item wysiwyg component-paragraph\" >\n<p>Press kits are available to journalists upon request.<\/p>\n<\/div>\n\n<div class=\"item wysiwyg component-paragraph\" >\n<p>Invitations to press conferences are sent to those on our media list. To inquire about being added to the list, communicate with the&nbsp;communications team at&nbsp;<a href=\"mailto:communication@lediamant.ca\" target=\"_blank\" rel=\"noreferrer noopener\">communication@lediamant.ca<\/a>.<\/p>\n<\/div>\n\n<div class=\"item wysiwyg component-heading\" >\n<h3 class=\"wp-block-heading\">Pictures, Videos and Logos<\/h3>\n<\/div>\n\n<div class=\"item wysiwyg component-paragraph\" >\n<p>Requests related to photographs, videos, logos, or partnership proposals should be directed to the&nbsp;team at&nbsp;<a href=\"mailto:communication@lediamant.ca\" target=\"_blank\" rel=\"noreferrer noopener\">communication@lediamant.ca<\/a>.<\/p>\n<\/div>\n\n<div class=\"item wysiwyg component-paragraph\" >\n<p>Prior approval is required for any use of content published on the social-media platforms of Le Diamant, and crediting is always required.<\/p>\n<\/div>\n\n<div class=\"item wysiwyg component-heading\" >\n<h3 class=\"wp-block-heading\">CommuniquPRESS RELEASES<\/h3>\n<\/div>\n\n<div class=\"item wysiwyg component-paragraph\" >\n<p>All press releases are available in the&nbsp;<a href=\"https:\/\/www.lediamant.ca\/en\/news\">News section<\/a>.<\/p>\n<\/div>\n\n<div class=\"item wysiwyg component-heading\" >\n<h3 class=\"wp-block-heading\">SOCIAL-MEDIA PRESENCE<\/h3>\n<\/div>\n\n<div class=\"item wysiwyg component-paragraph\" >\n<p>Follow Le Diamant on:<\/p>\n<\/div>\n\n<div class=\"item wysiwyg component-paragraph\" >\n<p><a href=\"https:\/\/www.facebook.com\/lediamantqc\/\" target=\"_blank\" rel=\"noreferrer noopener\">Facebook<\/a><br><a href=\"https:\/\/www.instagram.com\/lediamant_qc\/\" target=\"_blank\" rel=\"noreferrer noopener\">Instagram<\/a><br><a href=\"https:\/\/www.linkedin.com\/company\/le-diamant\/\">LinkedIn<\/a><br><a href=\"https:\/\/www.tiktok.com\/@lediamant_qc\">TikTok<\/a><br><a href=\"https:\/\/www.youtube.com\/channel\/UCjB4MMQfkB6zAQW_2MUCYkQ\" target=\"_blank\" rel=\"noreferrer noopener\">YouTube<\/a><\/p>\n<\/div>\n\n<div class=\"item wysiwyg component-link-button\" >\n<p><a class=\"btn btn--regular\" href=\"https:\/\/www.lediamant.ca\/en\/netiquette\" target=\"\">Consult the Social-media Netiquette<\/a><\/p><\/div>\n\n<div class=\"item component-spacer\" ><div class=\"container\">\n<div style=\"height:100px\" aria-hidden=\"true\" class=\"wp-block-spacer\"><\/div>\n<\/div><\/div>","protected":false},"excerpt":{"rendered":"INTERVIEW REQUESTS All interview requests and media inquiries should be sent to&nbsp;the&nbsp;communications team&nbsp;of Le Diamant. Press kits are available to journalists upon request. Invitations to press conferences are sent to those on our media list. To inquire about being added to the list, communicate with the&nbsp;communications team at&nbsp;communication@lediamant.ca. Pictures, Videos and Logos Requests related to [&hellip;]","protected":false},"author":2,"featured_media":0,"parent":0,"menu_order":0,"comment_status":"closed","ping_status":"closed","template":"","meta":{"_acf_changed":false,"footnotes":""},"class_list":["post-8304","page","type-page","status-publish","hentry"],"acf":[],"yoast_head":"<!-- This site is optimized with the Yoast SEO plugin v26.5 - https:\/\/yoast.com\/wordpress\/plugins\/seo\/ -->\n<title>Media - Le Diamant<\/title>\n<meta name=\"description\" content=\"All requests for interviews or media follow-ups must be sent by email to the Le Diamant communications department.\" \/>\n<meta name=\"robots\" content=\"index, follow, max-snippet:-1, max-image-preview:large, max-video-preview:-1\" \/>\n<link rel=\"canonical\" href=\"https:\/\/www.lediamant.ca\/en\/media\" \/>\n<meta property=\"og:locale\" content=\"en_US\" \/>\n<meta property=\"og:type\" content=\"article\" \/>\n<meta property=\"og:title\" content=\"M\u00e9dias | Le Diamant\" \/>\n<meta property=\"og:description\" content=\"Toutes les demandes d\u2019entrevue ou de suivis m\u00e9dias doivent \u00eatre adress\u00e9es par courriel \u00e0 la direction des communications du Diamant.\" \/>\n<meta property=\"og:url\" content=\"https:\/\/www.lediamant.ca\/en\/media\" \/>\n<meta property=\"og:site_name\" content=\"Le Diamant\" \/>\n<meta property=\"article:publisher\" content=\"https:\/\/www.facebook.com\/lediamantqc\/\" \/>\n<meta property=\"article:modified_time\" content=\"2024-04-30T17:09:32+00:00\" \/>\n<meta property=\"og:image\" content=\"https:\/\/www.lediamant.ca\/wp-content\/uploads\/2023\/05\/Le-Diamant-opengraph.jpeg\" \/>\n\t<meta property=\"og:image:width\" content=\"1200\" \/>\n\t<meta property=\"og:image:height\" content=\"630\" \/>\n\t<meta property=\"og:image:type\" content=\"image\/jpeg\" \/>\n<meta name=\"twitter:card\" content=\"summary_large_image\" \/>\n<meta name=\"twitter:site\" content=\"@lediamant_qc\" \/>\n<meta name=\"twitter:label1\" content=\"Est. reading time\" \/>\n\t<meta name=\"twitter:data1\" content=\"1 minute\" \/>\n<script type=\"application\/ld+json\" class=\"yoast-schema-graph\">{\"@context\":\"https:\/\/schema.org\",\"@graph\":[{\"@type\":\"WebPage\",\"@id\":\"https:\/\/www.lediamant.ca\/en\/media\",\"url\":\"https:\/\/www.lediamant.ca\/en\/media\",\"name\":\"Media - Le Diamant\",\"isPartOf\":{\"@id\":\"https:\/\/www.lediamant.ca\/en#website\"},\"datePublished\":\"2023-05-03T17:38:16+00:00\",\"dateModified\":\"2024-04-30T17:09:32+00:00\",\"description\":\"All requests for interviews or media follow-ups must be sent by email to the Le Diamant communications department.\",\"breadcrumb\":{\"@id\":\"https:\/\/www.lediamant.ca\/en\/media#breadcrumb\"},\"inLanguage\":\"en-US\",\"potentialAction\":[{\"@type\":\"ReadAction\",\"target\":[\"https:\/\/www.lediamant.ca\/en\/media\"]}]},{\"@type\":\"BreadcrumbList\",\"@id\":\"https:\/\/www.lediamant.ca\/en\/media#breadcrumb\",\"itemListElement\":[{\"@type\":\"ListItem\",\"position\":1,\"name\":\"Accueil\",\"item\":\"https:\/\/www.lediamant.ca\/en\"},{\"@type\":\"ListItem\",\"position\":2,\"name\":\"Media\"}]},{\"@type\":\"WebSite\",\"@id\":\"https:\/\/www.lediamant.ca\/en#website\",\"url\":\"https:\/\/www.lediamant.ca\/en\",\"name\":\"Le Diamant\",\"description\":\"Salle de spectacle situ\u00e9e \u00e0 place D&#039;Youville, Qu\u00e9bec (Canada). D\u00e9couvrez notre programmation.\",\"publisher\":{\"@id\":\"https:\/\/www.lediamant.ca\/en#organization\"},\"potentialAction\":[{\"@type\":\"SearchAction\",\"target\":{\"@type\":\"EntryPoint\",\"urlTemplate\":\"https:\/\/www.lediamant.ca\/en?s={search_term_string}\"},\"query-input\":{\"@type\":\"PropertyValueSpecification\",\"valueRequired\":true,\"valueName\":\"search_term_string\"}}],\"inLanguage\":\"en-US\"},{\"@type\":\"Organization\",\"@id\":\"https:\/\/www.lediamant.ca\/en#organization\",\"name\":\"Le Diamant\",\"url\":\"https:\/\/www.lediamant.ca\/en\",\"logo\":{\"@type\":\"ImageObject\",\"inLanguage\":\"en-US\",\"@id\":\"https:\/\/www.lediamant.ca\/en#\/schema\/logo\/image\/\",\"url\":\"https:\/\/www.lediamant.ca\/wp-content\/uploads\/2023\/05\/le-diamant-logo.png\",\"contentUrl\":\"https:\/\/www.lediamant.ca\/wp-content\/uploads\/2023\/05\/le-diamant-logo.png\",\"width\":1000,\"height\":750,\"caption\":\"Le Diamant\"},\"image\":{\"@id\":\"https:\/\/www.lediamant.ca\/en#\/schema\/logo\/image\/\"},\"sameAs\":[\"https:\/\/www.facebook.com\/lediamantqc\/\",\"https:\/\/x.com\/lediamant_qc\"]}]}<\/script>\n<!-- \/ Yoast SEO plugin. -->","yoast_head_json":{"title":"Media - Le Diamant","description":"All requests for interviews or media follow-ups must be sent by email to the Le Diamant communications department.","robots":{"index":"index","follow":"follow","max-snippet":"max-snippet:-1","max-image-preview":"max-image-preview:large","max-video-preview":"max-video-preview:-1"},"canonical":"https:\/\/www.lediamant.ca\/en\/media","og_locale":"en_US","og_type":"article","og_title":"M\u00e9dias | Le Diamant","og_description":"Toutes les demandes d\u2019entrevue ou de suivis m\u00e9dias doivent \u00eatre adress\u00e9es par courriel \u00e0 la direction des communications du Diamant.","og_url":"https:\/\/www.lediamant.ca\/en\/media","og_site_name":"Le Diamant","article_publisher":"https:\/\/www.facebook.com\/lediamantqc\/","article_modified_time":"2024-04-30T17:09:32+00:00","og_image":[{"width":1200,"height":630,"url":"https:\/\/www.lediamant.ca\/wp-content\/uploads\/2023\/05\/Le-Diamant-opengraph.jpeg","type":"image\/jpeg"}],"twitter_card":"summary_large_image","twitter_site":"@lediamant_qc","twitter_misc":{"Est. reading time":"1 minute"},"schema":{"@context":"https:\/\/schema.org","@graph":[{"@type":"WebPage","@id":"https:\/\/www.lediamant.ca\/en\/media","url":"https:\/\/www.lediamant.ca\/en\/media","name":"Media - Le Diamant","isPartOf":{"@id":"https:\/\/www.lediamant.ca\/en#website"},"datePublished":"2023-05-03T17:38:16+00:00","dateModified":"2024-04-30T17:09:32+00:00","description":"All requests for interviews or media follow-ups must be sent by email to the Le Diamant communications department.","breadcrumb":{"@id":"https:\/\/www.lediamant.ca\/en\/media#breadcrumb"},"inLanguage":"en-US","potentialAction":[{"@type":"ReadAction","target":["https:\/\/www.lediamant.ca\/en\/media"]}]},{"@type":"BreadcrumbList","@id":"https:\/\/www.lediamant.ca\/en\/media#breadcrumb","itemListElement":[{"@type":"ListItem","position":1,"name":"Accueil","item":"https:\/\/www.lediamant.ca\/en"},{"@type":"ListItem","position":2,"name":"Media"}]},{"@type":"WebSite","@id":"https:\/\/www.lediamant.ca\/en#website","url":"https:\/\/www.lediamant.ca\/en","name":"Le Diamant","description":"Salle de spectacle situ\u00e9e \u00e0 place D&#039;Youville, Qu\u00e9bec (Canada). D\u00e9couvrez notre programmation.","publisher":{"@id":"https:\/\/www.lediamant.ca\/en#organization"},"potentialAction":[{"@type":"SearchAction","target":{"@type":"EntryPoint","urlTemplate":"https:\/\/www.lediamant.ca\/en?s={search_term_string}"},"query-input":{"@type":"PropertyValueSpecification","valueRequired":true,"valueName":"search_term_string"}}],"inLanguage":"en-US"},{"@type":"Organization","@id":"https:\/\/www.lediamant.ca\/en#organization","name":"Le Diamant","url":"https:\/\/www.lediamant.ca\/en","logo":{"@type":"ImageObject","inLanguage":"en-US","@id":"https:\/\/www.lediamant.ca\/en#\/schema\/logo\/image\/","url":"https:\/\/www.lediamant.ca\/wp-content\/uploads\/2023\/05\/le-diamant-logo.png","contentUrl":"https:\/\/www.lediamant.ca\/wp-content\/uploads\/2023\/05\/le-diamant-logo.png","width":1000,"height":750,"caption":"Le Diamant"},"image":{"@id":"https:\/\/www.lediamant.ca\/en#\/schema\/logo\/image\/"},"sameAs":["https:\/\/www.facebook.com\/lediamantqc\/","https:\/\/x.com\/lediamant_qc"]}]}},"_links":{"self":[{"href":"https:\/\/www.lediamant.ca\/en\/wp-json\/wp\/v2\/pages\/8304","targetHints":{"allow":["GET"]}}],"collection":[{"href":"https:\/\/www.lediamant.ca\/en\/wp-json\/wp\/v2\/pages"}],"about":[{"href":"https:\/\/www.lediamant.ca\/en\/wp-json\/wp\/v2\/types\/page"}],"author":[{"embeddable":true,"href":"https:\/\/www.lediamant.ca\/en\/wp-json\/wp\/v2\/users\/2"}],"replies":[{"embeddable":true,"href":"https:\/\/www.lediamant.ca\/en\/wp-json\/wp\/v2\/comments?post=8304"}],"version-history":[{"count":11,"href":"https:\/\/www.lediamant.ca\/en\/wp-json\/wp\/v2\/pages\/8304\/revisions"}],"predecessor-version":[{"id":10724,"href":"https:\/\/www.lediamant.ca\/en\/wp-json\/wp\/v2\/pages\/8304\/revisions\/10724"}],"wp:attachment":[{"href":"https:\/\/www.lediamant.ca\/en\/wp-json\/wp\/v2\/media?parent=8304"}],"curies":[{"name":"wp","href":"https:\/\/api.w.org\/{rel}","templated":true}]}}