{"id":8148,"date":"2023-02-09T13:46:41","date_gmt":"2023-02-09T17:46:41","guid":{"rendered":"https:\/\/www.lediamant.ca\/amants"},"modified":"2026-04-30T16:31:40","modified_gmt":"2026-04-30T20:31:40","slug":"amants","status":"publish","type":"page","link":"https:\/\/www.lediamant.ca\/en\/amants","title":{"rendered":"Infidelity Program"},"content":{"rendered":"<div class=\"item component-columns\">\n<div class=\"wp-block-columns is-layout-flex wp-container-core-columns-is-layout-9d6595d7 wp-block-columns-is-layout-flex\">\n<div class=\"wp-block-column is-layout-flow wp-block-column-is-layout-flow\"><div class=\"item wysiwyg component-heading\" >\n<h2 class=\"wp-block-heading\">Infidelity Program<\/h2>\n<\/div><\/div>\n\n\n\n<div class=\"wp-block-column is-layout-flow wp-block-column-is-layout-flow\"><div class=\"item wysiwyg component-paragraph\" >\n<p>Openly unfaithful, the <em>Amants du Diamant<\/em> enjoy attachment without commitment. Audacity inspires them. The most <em>avant-garde<\/em> propositions stir their desire. They know that the more pleasure is shared, the more it increases \u2014and that mixing genres enhances them.<\/p>\n<\/div><\/div>\n<\/div>\n<\/div>\n\n<div class=\"item wysiwyg component-embed\" >\n<figure class=\"wp-block-embed is-type-video is-provider-youtube wp-block-embed-youtube wp-embed-aspect-16-9 wp-has-aspect-ratio\"><div class=\"wp-block-embed__wrapper\">\n<iframe loading=\"lazy\" title=\"Les Amants du Diamant | Programme d&#039;infid\u00e9lit\u00e9\" width=\"500\" height=\"281\" src=\"https:\/\/www.youtube.com\/embed\/ynpMxny3O8Y?feature=oembed\" frameborder=\"0\" allow=\"accelerometer; autoplay; clipboard-write; encrypted-media; gyroscope; picture-in-picture; web-share\" referrerpolicy=\"strict-origin-when-cross-origin\" allowfullscreen><\/iframe>\n<\/div><\/figure>\n<\/div>\n\n\n<div class=\"wp-block-group has-light-gray-color has-dark-gray-background-color has-text-color has-background\"><div class=\"wp-block-group__inner-container is-layout-constrained wp-block-group-is-layout-constrained\"><div class=\"item component-columns\">\n<div class=\"wp-block-columns is-layout-flex wp-container-core-columns-is-layout-9d6595d7 wp-block-columns-is-layout-flex\">\n<div class=\"wp-block-column is-layout-flow wp-block-column-is-layout-flow\"><div class=\"item wysiwyg component-heading\" >\n<h2 class=\"wp-block-heading\">THE PROGRAM<\/h2>\n<\/div>\n\n<div class=\"item wysiwyg component-paragraph\" >\n<p>The 2026\u2009\u2013\u20092027 edition of the <em>Les Amants du Diamant<\/em> Infidelity Program is for those who are passionate about making discoveries. The membership includes tour premieres, discounts, exclusive events, and rewards for privileged experiences.<\/p>\n<\/div>\n\n<div class=\"item wysiwyg component-link-button\" >\n<p><a class=\"btn btn--red\" href=\"https:\/\/billets.lediamant.ca\/dia\/go\/34d37cd2-d389-478d-8311-ae6086dcefb6\/shop\/search?fac=DIA&#038;locale=en-CA&#038;skin=dia\" target=\"\">I&#8217;m in<\/a><\/p><\/div>\n\n<div class=\"item wysiwyg component-link-button\" >\n<p><a class=\"btn btn--red\" href=\"https:\/\/billets.lediamant.ca\/dia\/go\/74f16f10-eb7c-46aa-b64d-23db19210d9f\/shop\/search?fac=DIA&#038;locale=en-CA&#038;skin=dia\" target=\"\">Give as a gift<\/a><\/p><\/div>\n\n<div class=\"item wysiwyg component-image\" >\n<figure class=\"wp-block-image size-full\"><img decoding=\"async\" width=\"1000\" height=\"1000\" src=\"https:\/\/www.lediamant.ca\/wp-content\/uploads\/2025\/04\/2025-2026-amants-image-programme-infidelite.jpg\" alt=\"\" class=\"wp-image-17299\"\/ loading=\"lazy\" srcset=\"https:\/\/www.lediamant.ca\/wp-content\/uploads\/2025\/04\/2025-2026-amants-image-programme-infidelite.jpg 1000w, https:\/\/www.lediamant.ca\/wp-content\/uploads\/2025\/04\/2025-2026-amants-image-programme-infidelite-700x700.jpg 700w, https:\/\/www.lediamant.ca\/wp-content\/uploads\/2025\/04\/2025-2026-amants-image-programme-infidelite-768x768.jpg 768w, https:\/\/www.lediamant.ca\/wp-content\/uploads\/2025\/04\/2025-2026-amants-image-programme-infidelite-400x400.jpg 400w, https:\/\/www.lediamant.ca\/wp-content\/uploads\/2025\/04\/2025-2026-amants-image-programme-infidelite-300x300.jpg 300w, https:\/\/www.lediamant.ca\/wp-content\/uploads\/2025\/04\/2025-2026-amants-image-programme-infidelite-600x600.jpg 600w\" sizes=\"auto, (max-width: 1000px) 100vw, 1000px\" \/><figcaption class=\"wp-element-caption\">Photo &#8211; St\u00e9phane Bourgeois<\/figcaption><\/figure>\n<\/div><\/div>\n\n\n\n<div class=\"wp-block-column is-layout-flow wp-block-column-is-layout-flow\"><div class=\"item wysiwyg component-heading\" >\n<h2 class=\"wp-block-heading\">ADVANTAGES<\/h2>\n<\/div>\n\n<div class=\"item wysiwyg component-list\" >\n<ol class=\"wp-block-list\">\n<li>Infidelity rewarded: attend three shows from different disciplines and receive a <span style=\"color: #f04345;\">free ticket<\/span>!<sup>1<\/sup>\u2009<\/li>\n\n\n\n<li><span style=\"color: #f04345;\">$50 credit<\/span> redeemable at Le Diamant\u2019s box office or boutique\u2009<\/li>\n\n\n\n<li><span style=\"color: #f04345;\">Presale access<\/span> through our regular program, season 2026\u2009\u2013\u20092027<\/li>\n\n\n\n<li><span style=\"color: #f04345;\">15 % discount<\/span> on shows from Le Diamant regular program, season 2026\u2009\u2013\u20092027<sup>2<\/sup><\/li>\n\n\n\n<li><span style=\"color: #f04345;\">Advance notice<\/span> about future activities at Le Diamant\u2009<\/li>\n\n\n\n<li><span style=\"color: #f04345;\">Invitations<\/span> to exclusive events<\/li>\n<\/ol>\n<\/div>\n\n<div class=\"item wysiwyg component-heading\" >\n<h3 class=\"wp-block-heading\">AND MORE<\/h3>\n<\/div>\n\n<div class=\"item wysiwyg component-paragraph\" >\n<p>By presenting your <em>Proof of Attachment<\/em>, here are the partners offering you enticing discounts:<\/p>\n<\/div>\n\n<div class=\"item wysiwyg component-image\" >\n<figure class=\"wp-block-image size-large\"><img decoding=\"async\" width=\"1024\" height=\"683\" src=\"https:\/\/www.lediamant.ca\/wp-content\/uploads\/2025\/04\/amants-rabaispartenaires-1024x683.png\" alt=\"\" class=\"wp-image-17286\"\/ loading=\"lazy\" srcset=\"https:\/\/www.lediamant.ca\/wp-content\/uploads\/2025\/04\/amants-rabaispartenaires-1024x683.png 1024w, https:\/\/www.lediamant.ca\/wp-content\/uploads\/2025\/04\/amants-rabaispartenaires-700x467.png 700w, https:\/\/www.lediamant.ca\/wp-content\/uploads\/2025\/04\/amants-rabaispartenaires-768x512.png 768w, https:\/\/www.lediamant.ca\/wp-content\/uploads\/2025\/04\/amants-rabaispartenaires-1536x1024.png 1536w, https:\/\/www.lediamant.ca\/wp-content\/uploads\/2025\/04\/amants-rabaispartenaires-400x267.png 400w, https:\/\/www.lediamant.ca\/wp-content\/uploads\/2025\/04\/amants-rabaispartenaires.png 1920w\" sizes=\"auto, (max-width: 1024px) 100vw, 1024px\" \/><\/figure>\n<\/div>\n\n<div class=\"item component-spacer\" ><div class=\"container\">\n<div style=\"height:15px\" aria-hidden=\"true\" class=\"wp-block-spacer\"><\/div>\n<\/div><\/div>\n\n<div class=\"item wysiwyg component-list\" >\n<ul class=\"wp-block-list\">\n<li>15% at Le Diamant&#8217;s Desjardins Lobby bar and <a href=\"https:\/\/www.lediamant.ca\/en\/rooftop-terrace\"><span style=\"text-decoration: underline; color: #f04345;\">Rooftop Terrace<\/span><\/a><\/li>\n\n\n\n<li>25% on accommodation at <a href=\"https:\/\/lecapitole.com\/en\/\/\"><span style=\"text-decoration: underline; color: #f04345;\">Le Capitole Hotel<\/span><\/a><\/li>\n\n\n\n<li>10% at <a href=\"https:\/\/www.maryspopcorn.com\/en\"><span style=\"text-decoration: underline; color: #f04345;\">Mary&#8217;s Popcorn Saint-Jean<\/span><\/a><\/li>\n\n\n\n<li>15% at <a href=\"https:\/\/portofino.ca\/\"><span style=\"text-decoration: underline; color: #f04345;\">Portofino Saint-Jean<\/span><\/a><\/li>\n\n\n\n<li>15% at <a href=\"https:\/\/www.hortus.ca\/en\/\"><span style=\"text-decoration: underline; color: #f04345;\">Bistro Hortus<\/span><\/a><\/li>\n\n\n\n<li>20% off on home-brewed beers from the <a href=\"https:\/\/griendel.com\/accueil\/\"><span style=\"text-decoration: underline; color: #f04345;\">Griendel brewery<\/span><\/a> <\/li>\n<\/ul>\n<\/div>\n\n<div class=\"item wysiwyg component-paragraph\" >\n<p>Attach yourself for <strong>$110 + tax<\/strong> and enjoy the benefits of our partners until June 15, 2027. Your privileges will appear in your account within 48 business hours of purchase.<\/p>\n<\/div>\n\n<div class=\"item wysiwyg component-link-button\" >\n<p><a class=\"btn btn--red\" href=\"https:\/\/billets.lediamant.ca\/dia\/go\/34d37cd2-d389-478d-8311-ae6086dcefb6\/shop\/search?fac=DIA&#038;locale=en-CA&#038;skin=dia\" target=\"\">I&#8217;m in<\/a><\/p><\/div>\n\n<div class=\"item wysiwyg component-link-button\" >\n<p><a class=\"btn btn--red\" href=\"https:\/\/billets.lediamant.ca\/dia\/go\/74f16f10-eb7c-46aa-b64d-23db19210d9f\/shop\/search?fac=DIA&#038;locale=en-CA&#038;skin=dia\" target=\"\">Give as a gift<\/a><\/p><\/div>\n\n<div class=\"item component-spacer\" ><div class=\"container\">\n<div style=\"height:30px\" aria-hidden=\"true\" class=\"wp-block-spacer\"><\/div>\n<\/div><\/div>\n\n<div class=\"item wysiwyg component-paragraph\" >\n<p><small>1. Conditions: Attend three shows of different disciplines from the regular programming, season 2026\u2009\u2013\u20092027: circus, theatre, wrestling, multidisciplinary arts, and\/or lyrical arts from June 15, 2026, to June 15, 2027, excluding partner events and free ticketed events, to benefit from this privilege. Identify the classification of shows (disciplines) by consulting Le Diamant&#8217;s programming. This offer cannot be combined with any other promotion.<\/small><\/p>\n<\/div>\n\n<div class=\"item wysiwyg component-paragraph\" >\n<p><small>2. This offer cannot be combined with any other promotion.<\/small><\/p>\n<\/div><\/div>\n<\/div>\n<\/div><\/div><\/div>\n\n\n\n\n<div class=\"bloc-infos bloc-infos--half wysiwyg\">\n\n    <div class=\"bloc-info bloc-info--dark_red\">\n                    <div class=\"bloc-info__content\">\n                <strong class=\"d-block h3\">An unusual gift<\/strong>\n                <p>Offer artistic discovery and an enhanced experience at Le Diamant to your loved ones. Les Amants du Diamant program is a gift idea that they will remember for a long time&#8230;<\/p>\n                                    <a class=\"btn btn--white-inverse\" href=\"#membership\" target=\"\">Give a gift<\/a>\n                            <\/div>\n                                <\/div>\n\n    <div class=\"bloc-info bloc-info--dark_red\">\n                    <img decoding=\"async\" width=\"1500\" height=\"1000\" src=\"https:\/\/www.lediamant.ca\/wp-content\/uploads\/2023\/09\/Amants-Affaire-Header.jpg\" class=\"bloc-info__img cover\" alt=\"\" srcset=\"https:\/\/www.lediamant.ca\/wp-content\/uploads\/2023\/09\/Amants-Affaire-Header.jpg 1500w, https:\/\/www.lediamant.ca\/wp-content\/uploads\/2023\/09\/Amants-Affaire-Header-700x467.jpg 700w, https:\/\/www.lediamant.ca\/wp-content\/uploads\/2023\/09\/Amants-Affaire-Header-1024x683.jpg 1024w, https:\/\/www.lediamant.ca\/wp-content\/uploads\/2023\/09\/Amants-Affaire-Header-768x512.jpg 768w, https:\/\/www.lediamant.ca\/wp-content\/uploads\/2023\/09\/Amants-Affaire-Header-400x267.jpg 400w\" sizes=\"auto, (max-width: 1500px) 100vw, 1500px\" \/ loading=\"lazy\">                    <\/div>\n<\/div>\n\n<div class=\"item wysiwyg component-heading\" >\n<h3 class=\"wp-block-heading\">Business Privileges<\/h3>\n<\/div>\n\n<div class=\"item wysiwyg component-paragraph\" >\n<p>Are you part of a curious and generous company that wants to reward its employees and partners by supporting the performing arts? Exclusive privileges and outreach await you all year long, to keep the flame burning brightly.<\/p>\n<\/div>\n\n<div class=\"item wysiwyg component-html\" >\n<a class=\"btn btn--white-inverse\" href=\"mailto:amants@lediamant.ca\" target=\"_blank\" rel=\"noopener\">Contact Us<span class=\"visuallyhidden\">undefined<\/span><\/a>\n<\/div>\n\n<div class=\"item component-spacer\" ><div class=\"container\">\n<div style=\"height:63px\" aria-hidden=\"true\" class=\"wp-block-spacer\"><\/div>\n<\/div><\/div>\n\n<div class=\"item wysiwyg component-html\" >\n<div style=\"list-style: none; display: flex; align-items: left; flex-wrap: wrap; justify-content: left;\">\n    <img src=\"https:\/\/www.lediamant.ca\/wp-content\/uploads\/2024\/07\/amants-Coarchitecture-w.svg\" class=\"\" alt=\"Coarchitecture\" decoding=\"async\" loading=\"lazy\" style=\"margin-right: 6rem; margin-bottom: 6rem;\">\n<\/div>\n\n<div style=\"list-style: none; display: flex; align-items: left; flex-wrap: wrap; justify-content: left;\">\n    <img src=\"https:\/\/www.lediamant.ca\/wp-content\/uploads\/2024\/07\/amants-southshore-small-w.svg\" class=\"\" alt=\"South Shore Meubles\" decoding=\"async\" loading=\"lazy\" style=\"margin-right: 6rem; margin-bottom: 6rem;\">\n<\/div>\n\n<div style=\"text-align: left;\">\n    <small style=\"margin-right: 6rem;\">Caisse Desjardins de Qu\u00e9bec<\/small><br>\n    <small style=\"margin-right: 6rem;\">CTRL<\/small><br>\n    <small style=\"margin-right: 6rem;\">Gestion et Environnement GD<\/small><br>\n    <small style=\"margin-right: 6rem;\">Groupe de gestion de patrimoine Boulanger Le Bon<\/small><br>\n    <small style=\"margin-right: 6rem;\">H\u00f4tel Ch\u00e2teau Laurier Qu\u00e9bec<\/small><br>\n    <small style=\"margin-right: 6rem;\">H\u00f4tel Manoir Victoria<\/small><br>\n    <small style=\"margin-right: 6rem;\">iX<\/small><br>\n    <small style=\"margin-right: 6rem;\">JM Rouleau<\/small><br>\n    <small style=\"margin-right: 6rem;\">National Bank Financial<\/small><br>\n    <small style=\"margin-right: 6rem;\">Niji Sushi<\/small><br>\n    <small style=\"margin-right: 6rem;\">Qu\u00e9bec City Jean Lesage International Airport<\/small><br>\n    <small style=\"margin-right: 6rem;\">Style Libre Informatique<\/small><br>\n<\/div>\n<\/div>\n\n<div class=\"item component-spacer\" ><div class=\"container\">\n<div style=\"height:22px\" aria-hidden=\"true\" class=\"wp-block-spacer\"><\/div>\n<\/div><\/div>\n\n\n<div class=\"wp-block-group alignfull has-dark-gray-color has-light-gray-background-color has-text-color has-background\" id=\"membership\"><div class=\"wp-block-group__inner-container is-layout-constrained wp-block-group-is-layout-constrained\"><div class=\"item wysiwyg component-heading\" >\n<h2 class=\"wp-block-heading has-dark-gray-color has-text-color\">Membership<\/h2>\n<\/div>\n\n<div class=\"item wysiwyg component-paragraph\" >\n<p class=\"has-dark-gray-color has-text-color\">Membership for the Infidelity Program season 2024-2025 is now closed. However, if you would like to become an <em>Amants du Diamant<\/em> for season 2026-2027, sign up now to our newsletter to receive all the information to come.<\/p>\n<\/div>\n\n<div class=\"item wysiwyg component-paragraph\" >\n<p class=\"has-dark-gray-color has-text-color\"><\/p>\n<\/div>\n\n<div class=\"item wysiwyg component-link-button\" >\n<p><a class=\"btn btn--regular\" href=\"https:\/\/www.lediamant.ca\/en\/newsletter\" target=\"_blank\">Subscribe<\/a><\/p><\/div><\/div><\/div>\n\n\n\n<div class=\"wp-block-group alignfull has-light-gray-color has-dark-gray-background-color has-text-color has-background\"><div class=\"wp-block-group__inner-container is-layout-constrained wp-block-group-is-layout-constrained\"><div class=\"item wysiwyg component-heading\" >\n<h2 class=\"wp-block-heading has-light-gray-color has-text-color\">USER GUIDE<\/h2>\n<\/div>\n\n<div class=\"item wysiwyg component-paragraph\" >\n<p class=\"has-light-gray-color has-text-color\">If you have any questions about how to take advantage of these benefits, please consult the guide created for this purpose.<\/p>\n<\/div>\n\n<div class=\"item wysiwyg component-link-button\" >\n<p><a class=\"btn btn--red\" href=\"https:\/\/www.lediamant.ca\/en\/amants\/user-guide\" target=\"\">View user guide<\/a><\/p><\/div><\/div><\/div>\n","protected":false},"excerpt":{"rendered":"Infidelity Program Openly unfaithful, the Amants du Diamant enjoy attachment without commitment. Audacity inspires them. The most avant-garde propositions stir their desire. They know that the more pleasure is shared, the more it increases \u2014and that mixing genres enhances them. THE PROGRAM The 2026\u2009\u2013\u20092027 edition of the Les Amants du Diamant Infidelity Program is for [&hellip;]","protected":false},"author":2,"featured_media":1595,"parent":0,"menu_order":0,"comment_status":"closed","ping_status":"closed","template":"template-amant.php","meta":{"_acf_changed":false,"footnotes":""},"class_list":["post-8148","page","type-page","status-publish","has-post-thumbnail","hentry"],"acf":[],"yoast_head":"<!-- This site is optimized with the Yoast SEO plugin v26.5 - https:\/\/yoast.com\/wordpress\/plugins\/seo\/ -->\n<title>Infidelity Program - Le Diamant<\/title>\n<meta name=\"description\" content=\"Openly disloyal, les Amant-e-s du Diamant enjoy attachment without commitment. Audacity inspires them.\" \/>\n<meta name=\"robots\" content=\"index, follow, max-snippet:-1, max-image-preview:large, max-video-preview:-1\" \/>\n<link rel=\"canonical\" href=\"https:\/\/www.lediamant.ca\/en\/amants\" \/>\n<meta property=\"og:locale\" content=\"en_US\" \/>\n<meta property=\"og:type\" content=\"article\" \/>\n<meta property=\"og:title\" content=\"Les Amants du Diamant - Disloyalty Program\" \/>\n<meta property=\"og:description\" content=\"Openly disloyal, les Amant-e-s du Diamant enjoy attachment without commitment. Audacity inspires them. The most avant-garde propositions stir their desire.\" \/>\n<meta property=\"og:url\" content=\"https:\/\/www.lediamant.ca\/en\/amants\" \/>\n<meta property=\"og:site_name\" content=\"Le Diamant\" \/>\n<meta property=\"article:publisher\" content=\"https:\/\/www.facebook.com\/lediamantqc\/\" \/>\n<meta property=\"article:modified_time\" content=\"2026-04-30T20:31:40+00:00\" \/>\n<meta property=\"og:image\" content=\"https:\/\/www.lediamant.ca\/wp-content\/uploads\/2023\/05\/2023-Amantsdudiamant-opengraph.png\" \/>\n\t<meta property=\"og:image:width\" content=\"1200\" \/>\n\t<meta property=\"og:image:height\" content=\"630\" \/>\n\t<meta property=\"og:image:type\" content=\"image\/png\" \/>\n<meta name=\"twitter:card\" content=\"summary_large_image\" \/>\n<meta name=\"twitter:site\" content=\"@lediamant_qc\" \/>\n<meta name=\"twitter:label1\" content=\"Est. reading time\" \/>\n\t<meta name=\"twitter:data1\" content=\"4 minutes\" \/>\n<script type=\"application\/ld+json\" class=\"yoast-schema-graph\">{\"@context\":\"https:\/\/schema.org\",\"@graph\":[{\"@type\":\"WebPage\",\"@id\":\"https:\/\/www.lediamant.ca\/en\/amants\",\"url\":\"https:\/\/www.lediamant.ca\/en\/amants\",\"name\":\"Infidelity Program - Le Diamant\",\"isPartOf\":{\"@id\":\"https:\/\/www.lediamant.ca\/en#website\"},\"primaryImageOfPage\":{\"@id\":\"https:\/\/www.lediamant.ca\/en\/amants#primaryimage\"},\"image\":{\"@id\":\"https:\/\/www.lediamant.ca\/en\/amants#primaryimage\"},\"thumbnailUrl\":\"https:\/\/www.lediamant.ca\/wp-content\/uploads\/2023\/04\/AmantsduDiamant-Bandeau-scaled.jpg\",\"datePublished\":\"2023-02-09T17:46:41+00:00\",\"dateModified\":\"2026-04-30T20:31:40+00:00\",\"description\":\"Openly disloyal, les Amant-e-s du Diamant enjoy attachment without commitment. Audacity inspires them.\",\"breadcrumb\":{\"@id\":\"https:\/\/www.lediamant.ca\/en\/amants#breadcrumb\"},\"inLanguage\":\"en-US\",\"potentialAction\":[{\"@type\":\"ReadAction\",\"target\":[\"https:\/\/www.lediamant.ca\/en\/amants\"]}]},{\"@type\":\"ImageObject\",\"inLanguage\":\"en-US\",\"@id\":\"https:\/\/www.lediamant.ca\/en\/amants#primaryimage\",\"url\":\"https:\/\/www.lediamant.ca\/wp-content\/uploads\/2023\/04\/AmantsduDiamant-Bandeau-scaled.jpg\",\"contentUrl\":\"https:\/\/www.lediamant.ca\/wp-content\/uploads\/2023\/04\/AmantsduDiamant-Bandeau-scaled.jpg\",\"width\":2560,\"height\":914},{\"@type\":\"BreadcrumbList\",\"@id\":\"https:\/\/www.lediamant.ca\/en\/amants#breadcrumb\",\"itemListElement\":[{\"@type\":\"ListItem\",\"position\":1,\"name\":\"Accueil\",\"item\":\"https:\/\/www.lediamant.ca\/en\"},{\"@type\":\"ListItem\",\"position\":2,\"name\":\"Infidelity Program\"}]},{\"@type\":\"WebSite\",\"@id\":\"https:\/\/www.lediamant.ca\/en#website\",\"url\":\"https:\/\/www.lediamant.ca\/en\",\"name\":\"Le Diamant\",\"description\":\"Salle de spectacle situ\u00e9e \u00e0 place D&#039;Youville, Qu\u00e9bec (Canada). D\u00e9couvrez notre programmation.\",\"publisher\":{\"@id\":\"https:\/\/www.lediamant.ca\/en#organization\"},\"potentialAction\":[{\"@type\":\"SearchAction\",\"target\":{\"@type\":\"EntryPoint\",\"urlTemplate\":\"https:\/\/www.lediamant.ca\/en?s={search_term_string}\"},\"query-input\":{\"@type\":\"PropertyValueSpecification\",\"valueRequired\":true,\"valueName\":\"search_term_string\"}}],\"inLanguage\":\"en-US\"},{\"@type\":\"Organization\",\"@id\":\"https:\/\/www.lediamant.ca\/en#organization\",\"name\":\"Le Diamant\",\"url\":\"https:\/\/www.lediamant.ca\/en\",\"logo\":{\"@type\":\"ImageObject\",\"inLanguage\":\"en-US\",\"@id\":\"https:\/\/www.lediamant.ca\/en#\/schema\/logo\/image\/\",\"url\":\"https:\/\/www.lediamant.ca\/wp-content\/uploads\/2023\/05\/le-diamant-logo.png\",\"contentUrl\":\"https:\/\/www.lediamant.ca\/wp-content\/uploads\/2023\/05\/le-diamant-logo.png\",\"width\":1000,\"height\":750,\"caption\":\"Le Diamant\"},\"image\":{\"@id\":\"https:\/\/www.lediamant.ca\/en#\/schema\/logo\/image\/\"},\"sameAs\":[\"https:\/\/www.facebook.com\/lediamantqc\/\",\"https:\/\/x.com\/lediamant_qc\"]}]}<\/script>\n<!-- \/ Yoast SEO plugin. -->","yoast_head_json":{"title":"Infidelity Program - Le Diamant","description":"Openly disloyal, les Amant-e-s du Diamant enjoy attachment without commitment. Audacity inspires them.","robots":{"index":"index","follow":"follow","max-snippet":"max-snippet:-1","max-image-preview":"max-image-preview:large","max-video-preview":"max-video-preview:-1"},"canonical":"https:\/\/www.lediamant.ca\/en\/amants","og_locale":"en_US","og_type":"article","og_title":"Les Amants du Diamant - Disloyalty Program","og_description":"Openly disloyal, les Amant-e-s du Diamant enjoy attachment without commitment. Audacity inspires them. The most avant-garde propositions stir their desire.","og_url":"https:\/\/www.lediamant.ca\/en\/amants","og_site_name":"Le Diamant","article_publisher":"https:\/\/www.facebook.com\/lediamantqc\/","article_modified_time":"2026-04-30T20:31:40+00:00","og_image":[{"width":1200,"height":630,"url":"https:\/\/www.lediamant.ca\/wp-content\/uploads\/2023\/05\/2023-Amantsdudiamant-opengraph.png","type":"image\/png"}],"twitter_card":"summary_large_image","twitter_site":"@lediamant_qc","twitter_misc":{"Est. reading time":"4 minutes"},"schema":{"@context":"https:\/\/schema.org","@graph":[{"@type":"WebPage","@id":"https:\/\/www.lediamant.ca\/en\/amants","url":"https:\/\/www.lediamant.ca\/en\/amants","name":"Infidelity Program - Le Diamant","isPartOf":{"@id":"https:\/\/www.lediamant.ca\/en#website"},"primaryImageOfPage":{"@id":"https:\/\/www.lediamant.ca\/en\/amants#primaryimage"},"image":{"@id":"https:\/\/www.lediamant.ca\/en\/amants#primaryimage"},"thumbnailUrl":"https:\/\/www.lediamant.ca\/wp-content\/uploads\/2023\/04\/AmantsduDiamant-Bandeau-scaled.jpg","datePublished":"2023-02-09T17:46:41+00:00","dateModified":"2026-04-30T20:31:40+00:00","description":"Openly disloyal, les Amant-e-s du Diamant enjoy attachment without commitment. Audacity inspires them.","breadcrumb":{"@id":"https:\/\/www.lediamant.ca\/en\/amants#breadcrumb"},"inLanguage":"en-US","potentialAction":[{"@type":"ReadAction","target":["https:\/\/www.lediamant.ca\/en\/amants"]}]},{"@type":"ImageObject","inLanguage":"en-US","@id":"https:\/\/www.lediamant.ca\/en\/amants#primaryimage","url":"https:\/\/www.lediamant.ca\/wp-content\/uploads\/2023\/04\/AmantsduDiamant-Bandeau-scaled.jpg","contentUrl":"https:\/\/www.lediamant.ca\/wp-content\/uploads\/2023\/04\/AmantsduDiamant-Bandeau-scaled.jpg","width":2560,"height":914},{"@type":"BreadcrumbList","@id":"https:\/\/www.lediamant.ca\/en\/amants#breadcrumb","itemListElement":[{"@type":"ListItem","position":1,"name":"Accueil","item":"https:\/\/www.lediamant.ca\/en"},{"@type":"ListItem","position":2,"name":"Infidelity Program"}]},{"@type":"WebSite","@id":"https:\/\/www.lediamant.ca\/en#website","url":"https:\/\/www.lediamant.ca\/en","name":"Le Diamant","description":"Salle de spectacle situ\u00e9e \u00e0 place D&#039;Youville, Qu\u00e9bec (Canada). D\u00e9couvrez notre programmation.","publisher":{"@id":"https:\/\/www.lediamant.ca\/en#organization"},"potentialAction":[{"@type":"SearchAction","target":{"@type":"EntryPoint","urlTemplate":"https:\/\/www.lediamant.ca\/en?s={search_term_string}"},"query-input":{"@type":"PropertyValueSpecification","valueRequired":true,"valueName":"search_term_string"}}],"inLanguage":"en-US"},{"@type":"Organization","@id":"https:\/\/www.lediamant.ca\/en#organization","name":"Le Diamant","url":"https:\/\/www.lediamant.ca\/en","logo":{"@type":"ImageObject","inLanguage":"en-US","@id":"https:\/\/www.lediamant.ca\/en#\/schema\/logo\/image\/","url":"https:\/\/www.lediamant.ca\/wp-content\/uploads\/2023\/05\/le-diamant-logo.png","contentUrl":"https:\/\/www.lediamant.ca\/wp-content\/uploads\/2023\/05\/le-diamant-logo.png","width":1000,"height":750,"caption":"Le Diamant"},"image":{"@id":"https:\/\/www.lediamant.ca\/en#\/schema\/logo\/image\/"},"sameAs":["https:\/\/www.facebook.com\/lediamantqc\/","https:\/\/x.com\/lediamant_qc"]}]}},"_links":{"self":[{"href":"https:\/\/www.lediamant.ca\/en\/wp-json\/wp\/v2\/pages\/8148","targetHints":{"allow":["GET"]}}],"collection":[{"href":"https:\/\/www.lediamant.ca\/en\/wp-json\/wp\/v2\/pages"}],"about":[{"href":"https:\/\/www.lediamant.ca\/en\/wp-json\/wp\/v2\/types\/page"}],"author":[{"embeddable":true,"href":"https:\/\/www.lediamant.ca\/en\/wp-json\/wp\/v2\/users\/2"}],"replies":[{"embeddable":true,"href":"https:\/\/www.lediamant.ca\/en\/wp-json\/wp\/v2\/comments?post=8148"}],"version-history":[{"count":73,"href":"https:\/\/www.lediamant.ca\/en\/wp-json\/wp\/v2\/pages\/8148\/revisions"}],"predecessor-version":[{"id":22327,"href":"https:\/\/www.lediamant.ca\/en\/wp-json\/wp\/v2\/pages\/8148\/revisions\/22327"}],"wp:featuredmedia":[{"embeddable":true,"href":"https:\/\/www.lediamant.ca\/en\/wp-json\/wp\/v2\/media\/1595"}],"wp:attachment":[{"href":"https:\/\/www.lediamant.ca\/en\/wp-json\/wp\/v2\/media?parent=8148"}],"curies":[{"name":"wp","href":"https:\/\/api.w.org\/{rel}","templated":true}]}}