{"id":8007,"date":"2023-05-03T16:57:17","date_gmt":"2023-05-03T20:57:17","guid":{"rendered":"https:\/\/www.lediamant.ca\/partenaires"},"modified":"2026-01-30T12:05:41","modified_gmt":"2026-01-30T16:05:41","slug":"partners-and-donors","status":"publish","type":"page","link":"https:\/\/www.lediamant.ca\/en\/partners-and-donors","title":{"rendered":"Partners and Donors"},"content":{"rendered":"<div class=\"item wysiwyg component-paragraph\" >\n<p>Convinced of the power of synergy in the cultural milieu, Le Diamant is proud to have major cultural partners from the Qu\u00e9bec City arts scene and to be able to count on the support of vital public and private partners.<\/p>\n<\/div>\n\n<div class=\"item wysiwyg component-heading\" >\n<h3 class=\"wp-block-heading\">resident company<\/h3>\n<\/div>\n\n<div class=\"item wysiwyg component-heading\" >\n<h4 class=\"wp-block-heading\">Ex Machina<\/h4>\n<\/div>\n\n<div class=\"item wysiwyg component-paragraph\" >\n<p>Primary resident of Le Diamant, <a href=\"https:\/\/exmachina.ca\/en\">Ex Machina<\/a> is a multidisciplinary company founded in 1994. Under the leadership of theatre director Robert Lepage, the company brings together creators and technicians from multiple disciplines. The company develops its shows in Qu\u00e9bec City and then tours them extensively throughout the province, the country and the world.<\/p>\n<\/div>\n\n<div class=\"item wysiwyg component-paragraph\" >\n<p>Ex Machina has produced or co-produced more than 36 artistic productions over the course of more than 20 seasons. A better measure of the extent of its operations, however, is the company\u2019s number of performances. Since its beginning, Ex Machina has had an annual average of 129 performances in 6 to 14 countries, depending on the year. A little more than 1.6 million audience members have seen the company\u2019s work since 1994. The Image Mill\u2014a project excluded from the aforementioned statistics\u2014drew in more than a million spectators between its 2008 premiere and 2013. The company\u2019s annual revenue has been an average of 10 million dollars since the 2008\u20132009 fiscal year.<\/p>\n<\/div>\n\n<div class=\"item wysiwyg component-heading\" >\n<h3 class=\"wp-block-heading\">PARTNER EVENTS<\/h3>\n<\/div>\n\n<div class=\"item wysiwyg component-paragraph\" >\n<p>Each year, Le Diamant collaborates and creates close relationships with certain cultural organizations in order to present their shows. These partner events align perfectly with Le Diamant\u2019s artistic vision, but they are not a part of Le Diamant\u2019s regular programming and are not subject to its affordable pricing policy (MIDI50 tickets, $20 for 20 years and younger, etc.).<\/p>\n<\/div>\n\n<div class=\"item wysiwyg component-heading\" >\n<h4 class=\"wp-block-heading\">Le Festival Carrefour<\/h4>\n<\/div>\n\n<div class=\"item wysiwyg component-paragraph\" >\n<p>The <a href=\"https:\/\/carrefourtheatre.qc.ca\/\">Festival Carrefour<\/a> is a major spring event in Qu\u00e9bec City, presented in several venues across the city, including Le Diamant. Its artistic choices are rooted in current trends in contemporary creation and highlight distinctive artistic approaches. Both a professional meeting place and a space for discovery for audiences, the Festival Carrefour celebrates theatre and contemporary creation. It presents, on its own or in collaboration with partners, outstanding works that are rarely presented in Qu\u00e9bec City or elsewhere in Qu\u00e9bec.<\/p>\n<\/div>\n\n<div class=\"item wysiwyg component-heading\" >\n<h4 class=\"wp-block-heading\">Le Festival de Cin\u00e9ma de la Ville de Qu\u00e9bec (FCVQ)<\/h4>\n<\/div>\n\n<div class=\"item wysiwyg component-paragraph\" >\n<p>Founded in 2011, le <a href=\"https:\/\/fcvq.ca\/\">FCVQ<\/a> offers Qu\u00e9bec City and its visitors a major film event at an exceptional site. The FCVQ presents a multitude of high-quality works with a special focus on artists and artisans from Qu\u00e9bec City.<\/p>\n<\/div>\n\n<div class=\"item wysiwyg component-heading\" >\n<h4 class=\"wp-block-heading\">L&#8217;\u00c9cole de cirque de Qu\u00e9bec<\/h4>\n<\/div>\n\n<div class=\"item wysiwyg component-paragraph\" >\n<p>L\u2019<a href=\"https:\/\/www.ecoledecirque.com\/en\/home\/\">\u00c9cole de cirque de Qu\u00e9bec<\/a> encourages the development of younger generations and supports professional artists. Both professional and recreational training opportunities are offered. The school also develops workshops in collaboration with specialists in order to use circus arts to facilitate growth for children and teenagers with specific needs (autism, dropping out of school, physical or intellectual disabilities, etc.).<\/p>\n<\/div>\n\n<div class=\"item wysiwyg component-heading\" >\n<h3 class=\"wp-block-heading\">PRIVATE PARTNERS<\/h3>\n<\/div>\n\n<div class=\"item wysiwyg component-paragraph\" >\n<p>Thanks to the engagement of valued partners and donors, Le Diamant continues to fulfill its promises. It is a point of reference for the public, artists and creators of all kinds. It presents audacious productions from here and beyond to the population of Qu\u00e9bec City as well as to tourists. It participates actively in inclusion, in the community\u2019s development and in the region\u2019s economic vitality.<\/p>\n<\/div>\n\n<div class=\"item wysiwyg component-paragraph\" >\n<p>The amounts received will be used to enhance Diamant&#8217;s programming, diversify its cultural activities, support the cultural-access program (<a href=\"https:\/\/www.lediamant.ca\/en\/support-le-diamant#pay-it-forward\" target=\"_blank\" rel=\"noreferrer noopener\">Donnez au suivant<\/a>) and <a href=\"https:\/\/www.lediamant.ca\/en\/contribution-majeure-a-la-campagne-de-financement-prive\" target=\"_blank\" rel=\"noreferrer noopener\">set up programs dedicated to the development of children and adults living with functional limitations<\/a>. Le Diamant would like to warmly thank all its partners and donors.<\/p>\n<\/div>\n\n<div class=\"item component-spacer\" ><div class=\"container\">\n<div style=\"height:25px\" aria-hidden=\"true\" class=\"wp-block-spacer\"><\/div>\n<\/div><\/div>\n\n<div class=\"item wysiwyg component-html\" >\n<div style=\"list-style: none; display: flex; align-items: center; flex-wrap: wrap;\">\n    <img src=\"https:\/\/www.lediamant.ca\/wp-content\/uploads\/2023\/05\/Hydro-Quebec.svg\" class=\"\" alt=\"Hydro-Qu\u00e9bec\" decoding=\"async\" loading=\"lazy\" style=\"margin-right: 6rem; margin-bottom: 6rem;\">\n    <img src=\"https:\/\/www.lediamant.ca\/wp-content\/uploads\/2023\/08\/Fondation-Sandra-et-Alain-Bouchard.svg\" class=\"\" alt=\"Fondation Sandra et Alain Bouchard\" decoding=\"async\" loading=\"lazy\" style=\"margin-right: 6rem; margin-bottom: 6rem;\">\n    <img src=\"https:\/\/www.lediamant.ca\/wp-content\/uploads\/2023\/05\/Power-Corporation-du-Canada.svg\" class=\"\" alt=\"Power Corporation du Canada\" decoding=\"async\" loading=\"lazy\" style=\"margin-right: 6rem; margin-bottom: 6rem; margin-bottom: 6rem; margin-bottom: 6rem;\">\n    <img src=\"https:\/\/www.lediamant.ca\/wp-content\/uploads\/2025\/03\/Beneva-1.svg\" class=\"\" alt=\"Beneva\" decoding=\"async\" loading=\"lazy\" style=\"margin-right: 6rem; margin-bottom: 6rem; margin-bottom: 6rem; margin-bottom: 6rem;\">\n    <img src=\"https:\/\/www.lediamant.ca\/wp-content\/uploads\/2023\/12\/Caisse-de-depot-et-placement-du-Quebec.svg\" class=\"\" alt=\"Caisse de d\u00e9p\u00f4t et placement du Qu\u00e9bec\" decoding=\"async\" loading=\"lazy\" style=\"margin-right: 6rem; margin-bottom: 6rem;\">\n    <img src=\"https:\/\/www.lediamant.ca\/wp-content\/uploads\/2025\/04\/Ellipse-assurances.svg\" class=\"\" alt=\"Ellipse Assurances\" decoding=\"async\" loading=\"lazy\" style=\"margin-right: 6rem; margin-bottom: 6rem;\">\n    <img src=\"https:\/\/www.lediamant.ca\/wp-content\/uploads\/2023\/12\/Caisse-deconomie-solidaire.svg\" class=\"\" alt=\"Caisse d'\u00e9conomie solidaire\" decoding=\"async\" loading=\"lazy\" style=\"margin-right: 6rem; margin-bottom: 6rem;\">\n    <img src=\"https:\/\/www.lediamant.ca\/wp-content\/uploads\/2023\/12\/Caisse-de-Quebec.svg\" class=\"\" alt=\"Caisse de Qu\u00e9bec\" decoding=\"async\" loading=\"lazy\" style=\"margin-right: 6rem; margin-bottom: 6rem;\">\n    <img src=\"https:\/\/www.lediamant.ca\/wp-content\/uploads\/2025\/04\/Fondation-Atura.svg\" class=\"\" alt=\"Fondation Atura\" decoding=\"async\" loading=\"lazy\" style=\"margin-right: 6rem; margin-bottom: 6rem;\">\n    <img src=\"https:\/\/www.lediamant.ca\/wp-content\/uploads\/2026\/01\/CGI.svg\" class=\"\" alt=\"CGI\" decoding=\"async\" loading=\"lazy\" style=\"margin-right: 6rem; margin-bottom: 6rem;\">\n    <img src=\"https:\/\/www.lediamant.ca\/wp-content\/uploads\/2025\/01\/Quebec-City-Jean-Lesage-International-Airport.svg\" class=\"\" alt=\"Qu\u00e9bec City Jean Lesage International Airport (YQB)\" decoding=\"async\" loading=\"lazy\" style=\"margin-right: 6rem; margin-bottom: 6rem;\">\n<\/div>\n<\/div>\n\n<div class=\"item wysiwyg component-heading\" >\n<h3 class=\"wp-block-heading\">PUBLIC PARTNERS<\/h3>\n<\/div>\n\n<div class=\"item wysiwyg component-paragraph\" >\n<p>Le Diamant would like to recognize the essential contributions of the Government of Canada, the Government of Qu\u00e9bec and the City of Qu\u00e9bec to the success of this project.<\/p>\n<\/div>\n\n<div class=\"item component-spacer\" ><div class=\"container\">\n<div style=\"height:25px\" aria-hidden=\"true\" class=\"wp-block-spacer\"><\/div>\n<\/div><\/div>\n\n<div class=\"item wysiwyg component-html\" >\n<div style=\"list-style: none; display: flex; align-items: center; flex-wrap: wrap;\">\n    <img src=\"https:\/\/www.lediamant.ca\/wp-content\/uploads\/2023\/03\/canada.svg\" class=\"\" alt=\"Canada\" decoding=\"async\" loading=\"lazy\" style=\"margin-right: 6rem; margin-bottom: 6rem;\">\n    <img src=\"https:\/\/www.lediamant.ca\/wp-content\/uploads\/2023\/05\/Quebec.svg\" class=\"\" alt=\"Qu\u00e9bec\" decoding=\"async\" loading=\"lazy\" style=\"margin-right: 6rem; margin-bottom: 6rem;\">\n    <img src=\"https:\/\/www.lediamant.ca\/wp-content\/uploads\/2023\/03\/ville-qc.svg\" class=\"\" alt=\"Ville de Qu\u00e9bec\" decoding=\"async\" loading=\"lazy\" style=\"margin-right: 6rem; margin-bottom: 6rem;\">\n<\/div>\n<\/div>\n\n\n\n<div class=\"bloc-banner-text wysiwyg  bloc-banner-text--no-image\">\n                <div class=\"container\">\n        <div class=\"row\">\n            <div class=\"col-xs-12 col-md-6 push-b-xs-20 push-b-md-reset\">\n                <strong class=\"bloc-banner-text__title h2\">Major private funding campaign<\/strong>\n            <\/div>\n            <div class=\"col-xs-12 col-md-6\">\n                                    <p>Originally led by a partnership between two key figures in Qu\u00e9bec finance, the late Mr. L. Jacques M\u00e9nard, former president of BMO Financial Group, Qu\u00e9bec, and president of the board of BMO Nesbitt Burns, and Ms. Monique Leroux, former president and chief executive officer of Desjardins Group, the campaign aimed to bring great contributors together around this promising project.<\/p>\n                \n                                    <a class=\"btn btn--white\" href=\"https:\/\/www.lediamant.ca\/en\/support-le-diamant\/major-private-funding-campaign\" target=\"\">More information<\/a>\n                            <\/div>\n        <\/div>\n    <\/div>\n<\/div>","protected":false},"excerpt":{"rendered":"Convinced of the power of synergy in the cultural milieu, Le Diamant is proud to have major cultural partners from the Qu\u00e9bec City arts scene and to be able to count on the support of vital public and private partners. resident company Ex Machina Primary resident of Le Diamant, Ex Machina is a multidisciplinary company [&hellip;]","protected":false},"author":2,"featured_media":3080,"parent":0,"menu_order":0,"comment_status":"closed","ping_status":"closed","template":"","meta":{"_acf_changed":false,"footnotes":""},"class_list":["post-8007","page","type-page","status-publish","has-post-thumbnail","hentry"],"acf":[],"yoast_head":"<!-- This site is optimized with the Yoast SEO plugin v26.5 - https:\/\/yoast.com\/wordpress\/plugins\/seo\/ -->\n<title>Partners and Donors - Le Diamant<\/title>\n<meta name=\"description\" content=\"Un Diamant ancr\u00e9 dans la vie culturelle de Qu\u00e9bec.\" \/>\n<meta name=\"robots\" content=\"index, follow, max-snippet:-1, max-video-preview:-1, noimageindex, noarchive\" \/>\n<link rel=\"canonical\" href=\"https:\/\/www.lediamant.ca\/en\/partners-and-donors\" \/>\n<meta property=\"og:locale\" content=\"en_US\" \/>\n<meta property=\"og:type\" content=\"article\" \/>\n<meta property=\"og:title\" content=\"Partenaires et donateurs-trices | Le Diamant\" \/>\n<meta property=\"og:description\" content=\"Un Diamant ancr\u00e9 dans la vie culturelle de Qu\u00e9bec.\" \/>\n<meta property=\"og:url\" content=\"https:\/\/www.lediamant.ca\/en\/partners-and-donors\" \/>\n<meta property=\"og:site_name\" content=\"Le Diamant\" \/>\n<meta property=\"article:publisher\" content=\"https:\/\/www.facebook.com\/lediamantqc\/\" \/>\n<meta property=\"article:modified_time\" content=\"2026-01-30T16:05:41+00:00\" \/>\n<meta property=\"og:image\" content=\"https:\/\/www.lediamant.ca\/wp-content\/uploads\/2023\/05\/partenaires-opengraph.jpg\" \/>\n\t<meta property=\"og:image:width\" content=\"1200\" \/>\n\t<meta property=\"og:image:height\" content=\"630\" \/>\n\t<meta property=\"og:image:type\" content=\"image\/jpeg\" \/>\n<meta name=\"twitter:card\" content=\"summary_large_image\" \/>\n<meta name=\"twitter:site\" content=\"@lediamant_qc\" \/>\n<meta name=\"twitter:label1\" content=\"Est. reading time\" \/>\n\t<meta name=\"twitter:data1\" content=\"7 minutes\" \/>\n<script type=\"application\/ld+json\" class=\"yoast-schema-graph\">{\"@context\":\"https:\/\/schema.org\",\"@graph\":[{\"@type\":\"WebPage\",\"@id\":\"https:\/\/www.lediamant.ca\/en\/partners-and-donors\",\"url\":\"https:\/\/www.lediamant.ca\/en\/partners-and-donors\",\"name\":\"Partners and Donors - Le Diamant\",\"isPartOf\":{\"@id\":\"https:\/\/www.lediamant.ca\/en#website\"},\"primaryImageOfPage\":{\"@id\":\"https:\/\/www.lediamant.ca\/en\/partners-and-donors#primaryimage\"},\"image\":{\"@id\":\"https:\/\/www.lediamant.ca\/en\/partners-and-donors#primaryimage\"},\"thumbnailUrl\":\"https:\/\/www.lediamant.ca\/wp-content\/uploads\/2023\/05\/partenaires-bandeau-scaled.jpg\",\"datePublished\":\"2023-05-03T20:57:17+00:00\",\"dateModified\":\"2026-01-30T16:05:41+00:00\",\"description\":\"Un Diamant ancr\u00e9 dans la vie culturelle de Qu\u00e9bec.\",\"breadcrumb\":{\"@id\":\"https:\/\/www.lediamant.ca\/en\/partners-and-donors#breadcrumb\"},\"inLanguage\":\"en-US\",\"potentialAction\":[{\"@type\":\"ReadAction\",\"target\":[\"https:\/\/www.lediamant.ca\/en\/partners-and-donors\"]}]},{\"@type\":\"ImageObject\",\"inLanguage\":\"en-US\",\"@id\":\"https:\/\/www.lediamant.ca\/en\/partners-and-donors#primaryimage\",\"url\":\"https:\/\/www.lediamant.ca\/wp-content\/uploads\/2023\/05\/partenaires-bandeau-scaled.jpg\",\"contentUrl\":\"https:\/\/www.lediamant.ca\/wp-content\/uploads\/2023\/05\/partenaires-bandeau-scaled.jpg\",\"width\":2560,\"height\":914},{\"@type\":\"BreadcrumbList\",\"@id\":\"https:\/\/www.lediamant.ca\/en\/partners-and-donors#breadcrumb\",\"itemListElement\":[{\"@type\":\"ListItem\",\"position\":1,\"name\":\"Accueil\",\"item\":\"https:\/\/www.lediamant.ca\/en\"},{\"@type\":\"ListItem\",\"position\":2,\"name\":\"Partners and Donors\"}]},{\"@type\":\"WebSite\",\"@id\":\"https:\/\/www.lediamant.ca\/en#website\",\"url\":\"https:\/\/www.lediamant.ca\/en\",\"name\":\"Le Diamant\",\"description\":\"Salle de spectacle situ\u00e9e \u00e0 place D&#039;Youville, Qu\u00e9bec (Canada). D\u00e9couvrez notre programmation.\",\"publisher\":{\"@id\":\"https:\/\/www.lediamant.ca\/en#organization\"},\"potentialAction\":[{\"@type\":\"SearchAction\",\"target\":{\"@type\":\"EntryPoint\",\"urlTemplate\":\"https:\/\/www.lediamant.ca\/en?s={search_term_string}\"},\"query-input\":{\"@type\":\"PropertyValueSpecification\",\"valueRequired\":true,\"valueName\":\"search_term_string\"}}],\"inLanguage\":\"en-US\"},{\"@type\":\"Organization\",\"@id\":\"https:\/\/www.lediamant.ca\/en#organization\",\"name\":\"Le Diamant\",\"url\":\"https:\/\/www.lediamant.ca\/en\",\"logo\":{\"@type\":\"ImageObject\",\"inLanguage\":\"en-US\",\"@id\":\"https:\/\/www.lediamant.ca\/en#\/schema\/logo\/image\/\",\"url\":\"https:\/\/www.lediamant.ca\/wp-content\/uploads\/2023\/05\/le-diamant-logo.png\",\"contentUrl\":\"https:\/\/www.lediamant.ca\/wp-content\/uploads\/2023\/05\/le-diamant-logo.png\",\"width\":1000,\"height\":750,\"caption\":\"Le Diamant\"},\"image\":{\"@id\":\"https:\/\/www.lediamant.ca\/en#\/schema\/logo\/image\/\"},\"sameAs\":[\"https:\/\/www.facebook.com\/lediamantqc\/\",\"https:\/\/x.com\/lediamant_qc\"]}]}<\/script>\n<!-- \/ Yoast SEO plugin. -->","yoast_head_json":{"title":"Partners and Donors - Le Diamant","description":"Un Diamant ancr\u00e9 dans la vie culturelle de Qu\u00e9bec.","robots":{"index":"index","follow":"follow","max-snippet":"max-snippet:-1","max-video-preview":"max-video-preview:-1","imageindex":"noimageindex","archive":"noarchive"},"canonical":"https:\/\/www.lediamant.ca\/en\/partners-and-donors","og_locale":"en_US","og_type":"article","og_title":"Partenaires et donateurs-trices | Le Diamant","og_description":"Un Diamant ancr\u00e9 dans la vie culturelle de Qu\u00e9bec.","og_url":"https:\/\/www.lediamant.ca\/en\/partners-and-donors","og_site_name":"Le Diamant","article_publisher":"https:\/\/www.facebook.com\/lediamantqc\/","article_modified_time":"2026-01-30T16:05:41+00:00","og_image":[{"width":1200,"height":630,"url":"https:\/\/www.lediamant.ca\/wp-content\/uploads\/2023\/05\/partenaires-opengraph.jpg","type":"image\/jpeg"}],"twitter_card":"summary_large_image","twitter_site":"@lediamant_qc","twitter_misc":{"Est. reading time":"7 minutes"},"schema":{"@context":"https:\/\/schema.org","@graph":[{"@type":"WebPage","@id":"https:\/\/www.lediamant.ca\/en\/partners-and-donors","url":"https:\/\/www.lediamant.ca\/en\/partners-and-donors","name":"Partners and Donors - Le Diamant","isPartOf":{"@id":"https:\/\/www.lediamant.ca\/en#website"},"primaryImageOfPage":{"@id":"https:\/\/www.lediamant.ca\/en\/partners-and-donors#primaryimage"},"image":{"@id":"https:\/\/www.lediamant.ca\/en\/partners-and-donors#primaryimage"},"thumbnailUrl":"https:\/\/www.lediamant.ca\/wp-content\/uploads\/2023\/05\/partenaires-bandeau-scaled.jpg","datePublished":"2023-05-03T20:57:17+00:00","dateModified":"2026-01-30T16:05:41+00:00","description":"Un Diamant ancr\u00e9 dans la vie culturelle de Qu\u00e9bec.","breadcrumb":{"@id":"https:\/\/www.lediamant.ca\/en\/partners-and-donors#breadcrumb"},"inLanguage":"en-US","potentialAction":[{"@type":"ReadAction","target":["https:\/\/www.lediamant.ca\/en\/partners-and-donors"]}]},{"@type":"ImageObject","inLanguage":"en-US","@id":"https:\/\/www.lediamant.ca\/en\/partners-and-donors#primaryimage","url":"https:\/\/www.lediamant.ca\/wp-content\/uploads\/2023\/05\/partenaires-bandeau-scaled.jpg","contentUrl":"https:\/\/www.lediamant.ca\/wp-content\/uploads\/2023\/05\/partenaires-bandeau-scaled.jpg","width":2560,"height":914},{"@type":"BreadcrumbList","@id":"https:\/\/www.lediamant.ca\/en\/partners-and-donors#breadcrumb","itemListElement":[{"@type":"ListItem","position":1,"name":"Accueil","item":"https:\/\/www.lediamant.ca\/en"},{"@type":"ListItem","position":2,"name":"Partners and Donors"}]},{"@type":"WebSite","@id":"https:\/\/www.lediamant.ca\/en#website","url":"https:\/\/www.lediamant.ca\/en","name":"Le Diamant","description":"Salle de spectacle situ\u00e9e \u00e0 place D&#039;Youville, Qu\u00e9bec (Canada). D\u00e9couvrez notre programmation.","publisher":{"@id":"https:\/\/www.lediamant.ca\/en#organization"},"potentialAction":[{"@type":"SearchAction","target":{"@type":"EntryPoint","urlTemplate":"https:\/\/www.lediamant.ca\/en?s={search_term_string}"},"query-input":{"@type":"PropertyValueSpecification","valueRequired":true,"valueName":"search_term_string"}}],"inLanguage":"en-US"},{"@type":"Organization","@id":"https:\/\/www.lediamant.ca\/en#organization","name":"Le Diamant","url":"https:\/\/www.lediamant.ca\/en","logo":{"@type":"ImageObject","inLanguage":"en-US","@id":"https:\/\/www.lediamant.ca\/en#\/schema\/logo\/image\/","url":"https:\/\/www.lediamant.ca\/wp-content\/uploads\/2023\/05\/le-diamant-logo.png","contentUrl":"https:\/\/www.lediamant.ca\/wp-content\/uploads\/2023\/05\/le-diamant-logo.png","width":1000,"height":750,"caption":"Le Diamant"},"image":{"@id":"https:\/\/www.lediamant.ca\/en#\/schema\/logo\/image\/"},"sameAs":["https:\/\/www.facebook.com\/lediamantqc\/","https:\/\/x.com\/lediamant_qc"]}]}},"_links":{"self":[{"href":"https:\/\/www.lediamant.ca\/en\/wp-json\/wp\/v2\/pages\/8007","targetHints":{"allow":["GET"]}}],"collection":[{"href":"https:\/\/www.lediamant.ca\/en\/wp-json\/wp\/v2\/pages"}],"about":[{"href":"https:\/\/www.lediamant.ca\/en\/wp-json\/wp\/v2\/types\/page"}],"author":[{"embeddable":true,"href":"https:\/\/www.lediamant.ca\/en\/wp-json\/wp\/v2\/users\/2"}],"replies":[{"embeddable":true,"href":"https:\/\/www.lediamant.ca\/en\/wp-json\/wp\/v2\/comments?post=8007"}],"version-history":[{"count":19,"href":"https:\/\/www.lediamant.ca\/en\/wp-json\/wp\/v2\/pages\/8007\/revisions"}],"predecessor-version":[{"id":21248,"href":"https:\/\/www.lediamant.ca\/en\/wp-json\/wp\/v2\/pages\/8007\/revisions\/21248"}],"wp:featuredmedia":[{"embeddable":true,"href":"https:\/\/www.lediamant.ca\/en\/wp-json\/wp\/v2\/media\/3080"}],"wp:attachment":[{"href":"https:\/\/www.lediamant.ca\/en\/wp-json\/wp\/v2\/media?parent=8007"}],"curies":[{"name":"wp","href":"https:\/\/api.w.org\/{rel}","templated":true}]}}