{"id":5809,"date":"2023-02-09T13:45:56","date_gmt":"2023-02-09T17:45:56","guid":{"rendered":"https:\/\/www.lediamant.ca\/terrasse"},"modified":"2025-09-22T09:42:22","modified_gmt":"2025-09-22T13:42:22","slug":"rooftop-terrace","status":"publish","type":"page","link":"https:\/\/www.lediamant.ca\/en\/rooftop-terrace","title":{"rendered":"Le Diamant\u2019s Rooftop Terrace"},"content":{"rendered":"<div class=\"item wysiwyg component-heading\" >\n<h1 class=\"wp-block-heading\">Le Diamant\u2019s<br>Rooftop Terrace<\/h1>\n<\/div>\n\n<div class=\"item component-spacer\" ><div class=\"container\">\n<div style=\"height:29px\" aria-hidden=\"true\" class=\"wp-block-spacer\"><\/div>\n<\/div><\/div>\n\n<div class=\"item component-columns\">\n<div class=\"wp-block-columns is-layout-flex wp-container-core-columns-is-layout-9d6595d7 wp-block-columns-is-layout-flex\">\n<div class=\"wp-block-column is-layout-flow wp-block-column-is-layout-flow\"><div class=\"item wysiwyg component-paragraph\" >\n<p>Le Diamant\u2019s Rooftop terrace, located in the heart of Old Quebec, is the perfect place to spend a pleasant moment with the guests of your choice, whether for an aperitif, to experience the atmosphere of Place D\u2019Youville, or for any other event. A place where life is good!<\/p>\n<\/div>\n\n<div class=\"item wysiwyg component-paragraph\" >\n<p><\/p>\n<\/div>\n\n<div class=\"item wysiwyg component-paragraph\" >\n<p>Our venue is accessible to people with reduced mobility. Only assistance dogs are allowed on the Rooftop Terrace.<strong> <a href=\"https:\/\/www.lediamant.ca\/en\/practical-information#accessibility\">Learn more<\/a><\/strong>. <\/p>\n<\/div>\n\n<div class=\"item component-spacer\" ><div class=\"container\">\n<div style=\"height:25px\" aria-hidden=\"true\" class=\"wp-block-spacer\"><\/div>\n<\/div><\/div>\n\n<div class=\"item component-spacer\" ><div class=\"container\">\n<div style=\"height:50px\" aria-hidden=\"true\" class=\"wp-block-spacer\"><\/div>\n<\/div><\/div><\/div>\n\n\n\n<div class=\"wp-block-column is-layout-flow wp-block-column-is-layout-flow\"><div class=\"item wysiwyg component-html\" >\n<h5 style=\"font-size: 1.8em; margin-top: 0px\" class=\"wp-block-heading\">Opening<br>hours<\/h5>\n<\/div>\n\n<div class=\"item wysiwyg component-paragraph\" >\n<p>\u2014 Closed for the season.<\/p>\n<\/div>\n\n<div class=\"item wysiwyg component-html\" >\n<h5 style=\"font-size: 1.8em; margin-top: 2em\" class=\"wp-block-heading\">Adress\n<\/h5>\n<\/div>\n\n<div class=\"item wysiwyg component-html\" >\n<h4 style=\"font-family: DomaineText,serif\" class=\"wp-block-heading\">966 Saint-Jean<\/h4>\n<\/div>\n\n<div class=\"item wysiwyg component-paragraph\" >\n<p>To find out how to get to Le Diamant,<br>visit the <a href=\"https:\/\/www.lediamant.ca\/en\/practical-information\" target=\"_blank\" rel=\"noreferrer noopener\">Practical Information<\/a> page.<\/p>\n<\/div>\n\n<div class=\"item wysiwyg component-html\" >\n<a class=\"btn btn--simple externe\" href=\"https:\/\/maps.app.goo.gl\/YVzBwxaxLtxM7p2r7\" target=\"_blank\" rel=\"noopener\">Show Map<span class=\"visuallyhidden\">undefined<\/span><\/a>\n<\/div><\/div>\n<\/div>\n<\/div>\n\n<div class=\"item component-spacer\" ><div class=\"container\">\n<div style=\"height:40px\" aria-hidden=\"true\" class=\"wp-block-spacer\"><\/div>\n<\/div><\/div>\n\n<div class=\"item wysiwyg component-html\" >\n<video autoplay muted loop playsinline poster=\"https:\/\/www.lediamant.ca\/wp-content\/uploads\/2025\/07\/terrasse-poster.jpg\"\n           style=\"pointer-events: none; width: 100%; height: auto;\" \n           oncontextmenu=\"return false;\">\n        <source src=\"https:\/\/www.lediamant.ca\/wp-content\/uploads\/2025\/07\/Terrasse.mp4\" type=\"video\/mp4\">\n        Your browser does not support this video.\n    <\/video>\n<\/div>\n\n<div class=\"item component-spacer\" ><div class=\"container\">\n<div style=\"height:40px\" aria-hidden=\"true\" class=\"wp-block-spacer\"><\/div>\n<\/div><\/div>\n\n<div class=\"item component-columns\">\n<div class=\"wp-block-columns is-layout-flex wp-container-core-columns-is-layout-9d6595d7 wp-block-columns-is-layout-flex\">\n<div class=\"wp-block-column is-layout-flow wp-block-column-is-layout-flow\"><div class=\"item wysiwyg component-icon-text\" >\n\n<div class=\"bloc-text-icon\">\n            <img decoding=\"async\" src=\"\" alt=\"\" loading=\"lazy\">\n        <strong class=\"bloc-text-icon__title h4\">Menu<\/strong>\n\n            <p><span style=\"font-weight: 400;\">Le Diamant offers a friendly menu with refreshing beverages, cocktails and mocktails, accompanied by a variety of munchies.<\/span><\/p>\n    \n    <\/div><\/div>\n\n<div class=\"item component-spacer\" ><div class=\"container\">\n<div style=\"height:32px\" aria-hidden=\"true\" class=\"wp-block-spacer\"><\/div>\n<\/div><\/div>\n\n<div class=\"item wysiwyg component-images-slider\" >    <div class=\"js-images-slider images-slider images-slider--square\">\n\n        <nav data-slider-nav class=\"images-slider__navigation\" data-aria-label=\"Navigation du carrousel\">\n                            <button type=\"button\" aria-label=\"Pr\u00e9c\u00e9dent\" class=\"images-slider__button images-slider__button--prev\">\n                    <svg aria-hidden=\"true\" focusable=\"false\" width=\"20px\" height=\"19px\">\n                        <use xlink:href=\"#ico-arrow-right\"><\/use>\n                    <\/svg>\n                <\/button>\n                <button type=\"button\" aria-label=\"Suivant\" class=\"images-slider__button images-slider__button--next\">\n                    <svg aria-hidden=\"true\" focusable=\"false\" width=\"20px\" height=\"19px\">\n                        <use xlink:href=\"#ico-arrow-right\"><\/use>\n                    <\/svg>\n                <\/button>\n                    <\/nav>\n        <div class=\"images-slider__wrapper\" data-slider-items role=\"list\">\n                                            <div class=\"images-slider__item\">\n                    <img decoding=\"async\" src=\"https:\/\/www.lediamant.ca\/wp-content\/uploads\/2024\/06\/Terrasse-carrousel-menu-cocktails.jpg\" data-src=\"https:\/\/www.lediamant.ca\/wp-content\/uploads\/2024\/06\/Terrasse-carrousel-menu-cocktails.jpg\" alt=\"\" class=\"images-slider__img tns-lazy-img\" loading=\"lazy\">\n                                    <\/div>\n                                            <div class=\"images-slider__item\">\n                    <img decoding=\"async\" src=\"\" data-src=\"https:\/\/www.lediamant.ca\/wp-content\/uploads\/2024\/07\/Terrasse-carrousel-menu-spritz-scaled.jpg\" alt=\"\" class=\"images-slider__img tns-lazy-img\" loading=\"lazy\">\n                                    <\/div>\n                                            <div class=\"images-slider__item\">\n                    <img decoding=\"async\" src=\"\" data-src=\"https:\/\/www.lediamant.ca\/wp-content\/uploads\/2023\/05\/Terrasse-carrousel-05-1.jpg\" alt=\"\" class=\"images-slider__img tns-lazy-img\" loading=\"lazy\">\n                                            <span class=\"images-slider__copyright\">Photo \u2014 St\u00e9phane Bourgeois<\/span>\n                                    <\/div>\n                                            <div class=\"images-slider__item\">\n                    <img decoding=\"async\" src=\"\" data-src=\"https:\/\/www.lediamant.ca\/wp-content\/uploads\/2023\/05\/Terrasse-carrousel-02.jpg\" alt=\"\" class=\"images-slider__img tns-lazy-img\" loading=\"lazy\">\n                                            <span class=\"images-slider__copyright\">Photo \u2014 St\u00e9phane Bourgeois<\/span>\n                                    <\/div>\n                    <\/div>\n    <\/div>\n<\/div>\n\n<div class=\"item component-spacer\" ><div class=\"container\">\n<div style=\"height:25px\" aria-hidden=\"true\" class=\"wp-block-spacer\"><\/div>\n<\/div><\/div><\/div>\n\n\n\n<div class=\"wp-block-column is-layout-flow wp-block-column-is-layout-flow\"><div class=\"item wysiwyg component-icon-text\" >\n\n<div class=\"bloc-text-icon\">\n            <img decoding=\"async\" src=\"\" alt=\"\" loading=\"lazy\">\n        <strong class=\"bloc-text-icon__title h4\">15% Off<br>for Members<\/strong>\n\n            <p><span style=\"font-weight: 400;\">Members of the Les Amant-e-s du Diamant infidelity program receive a 15% discount on their Toit-terrasse bill upon presentation of their Proof of Attachment.<\/span><\/p>\n    \n            <a class=\"btn btn--simple\" href=\"https:\/\/www.lediamant.ca\/en\/amants\" target=\"\">Learn More<\/a>\n    <\/div><\/div><\/div>\n\n\n\n<div class=\"wp-block-column is-layout-flow wp-block-column-is-layout-flow\"><div class=\"item wysiwyg component-icon-text\" >\n\n<div class=\"bloc-text-icon\">\n            <img decoding=\"async\" src=\"\" alt=\"\" loading=\"lazy\">\n        <strong class=\"bloc-text-icon__title h4\">Groups &#8211; Conditions<\/strong>\n\n            <p><span style=\"font-weight: 400;\">Groups of more than 8 people must make a reservation by<\/span>\u00a0e-mail at <a href=\"mailto:billetterie@lediamant.ca\">billetterie@lediamant.ca<\/a>.<span style=\"font-weight: 400;\">\u00a0If the request is made by Libro, the reservation will be refused.<\/span><\/p>\n<p><span style=\"font-weight: 400;\">Please note that we cannot guarantee a table or a desired location. We will do our best to accommodate your request.<\/span><\/p>\n    \n    <\/div><\/div><\/div>\n<\/div>\n<\/div>","protected":false},"excerpt":{"rendered":"Le Diamant\u2019sRooftop Terrace Le Diamant\u2019s Rooftop terrace, located in the heart of Old Quebec, is the perfect place to spend a pleasant moment with the guests of your choice, whether for an aperitif, to experience the atmosphere of Place D\u2019Youville, or for any other event. A place where life is good! Our venue is accessible [&hellip;]","protected":false},"author":2,"featured_media":1562,"parent":0,"menu_order":0,"comment_status":"closed","ping_status":"closed","template":"","meta":{"_acf_changed":false,"footnotes":""},"class_list":["post-5809","page","type-page","status-publish","has-post-thumbnail","hentry"],"acf":[],"yoast_head":"<!-- This site is optimized with the Yoast SEO plugin v26.5 - https:\/\/yoast.com\/wordpress\/plugins\/seo\/ -->\n<title>Le Diamant\u2019s Rooftop Terrace - Le Diamant<\/title>\n<meta name=\"description\" content=\"Le Diamant reveals one of its most beautiful facets: its rooftop terrace! You will have an exceptional view of Old Quebec.\" \/>\n<meta name=\"robots\" content=\"index, follow, max-snippet:-1, max-image-preview:large, max-video-preview:-1\" \/>\n<link rel=\"canonical\" href=\"https:\/\/www.lediamant.ca\/en\/rooftop-terrace\" \/>\n<meta property=\"og:locale\" content=\"en_US\" \/>\n<meta property=\"og:type\" content=\"article\" \/>\n<meta property=\"og:title\" content=\"Le toit-terrasse du Diamant\" \/>\n<meta property=\"og:description\" content=\"Une vue imprenable sur le Vieux-Qu\u00e9bec\" \/>\n<meta property=\"og:url\" content=\"https:\/\/www.lediamant.ca\/en\/rooftop-terrace\" \/>\n<meta property=\"og:site_name\" content=\"Le Diamant\" \/>\n<meta property=\"article:publisher\" content=\"https:\/\/www.facebook.com\/lediamantqc\/\" \/>\n<meta property=\"article:modified_time\" content=\"2025-09-22T13:42:22+00:00\" \/>\n<meta property=\"og:image\" content=\"https:\/\/www.lediamant.ca\/wp-content\/uploads\/2023\/05\/terrasse-opengraph.jpg\" \/>\n\t<meta property=\"og:image:width\" content=\"1200\" \/>\n\t<meta property=\"og:image:height\" content=\"630\" \/>\n\t<meta property=\"og:image:type\" content=\"image\/jpeg\" \/>\n<meta name=\"twitter:card\" content=\"summary_large_image\" \/>\n<meta name=\"twitter:site\" content=\"@lediamant_qc\" \/>\n<meta name=\"twitter:label1\" content=\"Est. reading time\" \/>\n\t<meta name=\"twitter:data1\" content=\"1 minute\" \/>\n<script type=\"application\/ld+json\" class=\"yoast-schema-graph\">{\"@context\":\"https:\/\/schema.org\",\"@graph\":[{\"@type\":\"WebPage\",\"@id\":\"https:\/\/www.lediamant.ca\/en\/rooftop-terrace\",\"url\":\"https:\/\/www.lediamant.ca\/en\/rooftop-terrace\",\"name\":\"Le Diamant\u2019s Rooftop Terrace - Le Diamant\",\"isPartOf\":{\"@id\":\"https:\/\/www.lediamant.ca\/en#website\"},\"primaryImageOfPage\":{\"@id\":\"https:\/\/www.lediamant.ca\/en\/rooftop-terrace#primaryimage\"},\"image\":{\"@id\":\"https:\/\/www.lediamant.ca\/en\/rooftop-terrace#primaryimage\"},\"thumbnailUrl\":\"https:\/\/www.lediamant.ca\/wp-content\/uploads\/2023\/04\/Terrasse-Bandeau-1-scaled.jpg\",\"datePublished\":\"2023-02-09T17:45:56+00:00\",\"dateModified\":\"2025-09-22T13:42:22+00:00\",\"description\":\"Le Diamant reveals one of its most beautiful facets: its rooftop terrace! You will have an exceptional view of Old Quebec.\",\"breadcrumb\":{\"@id\":\"https:\/\/www.lediamant.ca\/en\/rooftop-terrace#breadcrumb\"},\"inLanguage\":\"en-US\",\"potentialAction\":[{\"@type\":\"ReadAction\",\"target\":[\"https:\/\/www.lediamant.ca\/en\/rooftop-terrace\"]}]},{\"@type\":\"ImageObject\",\"inLanguage\":\"en-US\",\"@id\":\"https:\/\/www.lediamant.ca\/en\/rooftop-terrace#primaryimage\",\"url\":\"https:\/\/www.lediamant.ca\/wp-content\/uploads\/2023\/04\/Terrasse-Bandeau-1-scaled.jpg\",\"contentUrl\":\"https:\/\/www.lediamant.ca\/wp-content\/uploads\/2023\/04\/Terrasse-Bandeau-1-scaled.jpg\",\"width\":2560,\"height\":914},{\"@type\":\"BreadcrumbList\",\"@id\":\"https:\/\/www.lediamant.ca\/en\/rooftop-terrace#breadcrumb\",\"itemListElement\":[{\"@type\":\"ListItem\",\"position\":1,\"name\":\"Accueil\",\"item\":\"https:\/\/www.lediamant.ca\/en\"},{\"@type\":\"ListItem\",\"position\":2,\"name\":\"Le Diamant\u2019s Rooftop Terrace\"}]},{\"@type\":\"WebSite\",\"@id\":\"https:\/\/www.lediamant.ca\/en#website\",\"url\":\"https:\/\/www.lediamant.ca\/en\",\"name\":\"Le Diamant\",\"description\":\"Salle de spectacle situ\u00e9e \u00e0 place D&#039;Youville, Qu\u00e9bec (Canada). D\u00e9couvrez notre programmation.\",\"publisher\":{\"@id\":\"https:\/\/www.lediamant.ca\/en#organization\"},\"potentialAction\":[{\"@type\":\"SearchAction\",\"target\":{\"@type\":\"EntryPoint\",\"urlTemplate\":\"https:\/\/www.lediamant.ca\/en?s={search_term_string}\"},\"query-input\":{\"@type\":\"PropertyValueSpecification\",\"valueRequired\":true,\"valueName\":\"search_term_string\"}}],\"inLanguage\":\"en-US\"},{\"@type\":\"Organization\",\"@id\":\"https:\/\/www.lediamant.ca\/en#organization\",\"name\":\"Le Diamant\",\"url\":\"https:\/\/www.lediamant.ca\/en\",\"logo\":{\"@type\":\"ImageObject\",\"inLanguage\":\"en-US\",\"@id\":\"https:\/\/www.lediamant.ca\/en#\/schema\/logo\/image\/\",\"url\":\"https:\/\/www.lediamant.ca\/wp-content\/uploads\/2023\/05\/le-diamant-logo.png\",\"contentUrl\":\"https:\/\/www.lediamant.ca\/wp-content\/uploads\/2023\/05\/le-diamant-logo.png\",\"width\":1000,\"height\":750,\"caption\":\"Le Diamant\"},\"image\":{\"@id\":\"https:\/\/www.lediamant.ca\/en#\/schema\/logo\/image\/\"},\"sameAs\":[\"https:\/\/www.facebook.com\/lediamantqc\/\",\"https:\/\/x.com\/lediamant_qc\"]}]}<\/script>\n<!-- \/ Yoast SEO plugin. -->","yoast_head_json":{"title":"Le Diamant\u2019s Rooftop Terrace - Le Diamant","description":"Le Diamant reveals one of its most beautiful facets: its rooftop terrace! You will have an exceptional view of Old Quebec.","robots":{"index":"index","follow":"follow","max-snippet":"max-snippet:-1","max-image-preview":"max-image-preview:large","max-video-preview":"max-video-preview:-1"},"canonical":"https:\/\/www.lediamant.ca\/en\/rooftop-terrace","og_locale":"en_US","og_type":"article","og_title":"Le toit-terrasse du Diamant","og_description":"Une vue imprenable sur le Vieux-Qu\u00e9bec","og_url":"https:\/\/www.lediamant.ca\/en\/rooftop-terrace","og_site_name":"Le Diamant","article_publisher":"https:\/\/www.facebook.com\/lediamantqc\/","article_modified_time":"2025-09-22T13:42:22+00:00","og_image":[{"width":1200,"height":630,"url":"https:\/\/www.lediamant.ca\/wp-content\/uploads\/2023\/05\/terrasse-opengraph.jpg","type":"image\/jpeg"}],"twitter_card":"summary_large_image","twitter_site":"@lediamant_qc","twitter_misc":{"Est. reading time":"1 minute"},"schema":{"@context":"https:\/\/schema.org","@graph":[{"@type":"WebPage","@id":"https:\/\/www.lediamant.ca\/en\/rooftop-terrace","url":"https:\/\/www.lediamant.ca\/en\/rooftop-terrace","name":"Le Diamant\u2019s Rooftop Terrace - Le Diamant","isPartOf":{"@id":"https:\/\/www.lediamant.ca\/en#website"},"primaryImageOfPage":{"@id":"https:\/\/www.lediamant.ca\/en\/rooftop-terrace#primaryimage"},"image":{"@id":"https:\/\/www.lediamant.ca\/en\/rooftop-terrace#primaryimage"},"thumbnailUrl":"https:\/\/www.lediamant.ca\/wp-content\/uploads\/2023\/04\/Terrasse-Bandeau-1-scaled.jpg","datePublished":"2023-02-09T17:45:56+00:00","dateModified":"2025-09-22T13:42:22+00:00","description":"Le Diamant reveals one of its most beautiful facets: its rooftop terrace! You will have an exceptional view of Old Quebec.","breadcrumb":{"@id":"https:\/\/www.lediamant.ca\/en\/rooftop-terrace#breadcrumb"},"inLanguage":"en-US","potentialAction":[{"@type":"ReadAction","target":["https:\/\/www.lediamant.ca\/en\/rooftop-terrace"]}]},{"@type":"ImageObject","inLanguage":"en-US","@id":"https:\/\/www.lediamant.ca\/en\/rooftop-terrace#primaryimage","url":"https:\/\/www.lediamant.ca\/wp-content\/uploads\/2023\/04\/Terrasse-Bandeau-1-scaled.jpg","contentUrl":"https:\/\/www.lediamant.ca\/wp-content\/uploads\/2023\/04\/Terrasse-Bandeau-1-scaled.jpg","width":2560,"height":914},{"@type":"BreadcrumbList","@id":"https:\/\/www.lediamant.ca\/en\/rooftop-terrace#breadcrumb","itemListElement":[{"@type":"ListItem","position":1,"name":"Accueil","item":"https:\/\/www.lediamant.ca\/en"},{"@type":"ListItem","position":2,"name":"Le Diamant\u2019s Rooftop Terrace"}]},{"@type":"WebSite","@id":"https:\/\/www.lediamant.ca\/en#website","url":"https:\/\/www.lediamant.ca\/en","name":"Le Diamant","description":"Salle de spectacle situ\u00e9e \u00e0 place D&#039;Youville, Qu\u00e9bec (Canada). D\u00e9couvrez notre programmation.","publisher":{"@id":"https:\/\/www.lediamant.ca\/en#organization"},"potentialAction":[{"@type":"SearchAction","target":{"@type":"EntryPoint","urlTemplate":"https:\/\/www.lediamant.ca\/en?s={search_term_string}"},"query-input":{"@type":"PropertyValueSpecification","valueRequired":true,"valueName":"search_term_string"}}],"inLanguage":"en-US"},{"@type":"Organization","@id":"https:\/\/www.lediamant.ca\/en#organization","name":"Le Diamant","url":"https:\/\/www.lediamant.ca\/en","logo":{"@type":"ImageObject","inLanguage":"en-US","@id":"https:\/\/www.lediamant.ca\/en#\/schema\/logo\/image\/","url":"https:\/\/www.lediamant.ca\/wp-content\/uploads\/2023\/05\/le-diamant-logo.png","contentUrl":"https:\/\/www.lediamant.ca\/wp-content\/uploads\/2023\/05\/le-diamant-logo.png","width":1000,"height":750,"caption":"Le Diamant"},"image":{"@id":"https:\/\/www.lediamant.ca\/en#\/schema\/logo\/image\/"},"sameAs":["https:\/\/www.facebook.com\/lediamantqc\/","https:\/\/x.com\/lediamant_qc"]}]}},"_links":{"self":[{"href":"https:\/\/www.lediamant.ca\/en\/wp-json\/wp\/v2\/pages\/5809","targetHints":{"allow":["GET"]}}],"collection":[{"href":"https:\/\/www.lediamant.ca\/en\/wp-json\/wp\/v2\/pages"}],"about":[{"href":"https:\/\/www.lediamant.ca\/en\/wp-json\/wp\/v2\/types\/page"}],"author":[{"embeddable":true,"href":"https:\/\/www.lediamant.ca\/en\/wp-json\/wp\/v2\/users\/2"}],"replies":[{"embeddable":true,"href":"https:\/\/www.lediamant.ca\/en\/wp-json\/wp\/v2\/comments?post=5809"}],"version-history":[{"count":73,"href":"https:\/\/www.lediamant.ca\/en\/wp-json\/wp\/v2\/pages\/5809\/revisions"}],"predecessor-version":[{"id":19457,"href":"https:\/\/www.lediamant.ca\/en\/wp-json\/wp\/v2\/pages\/5809\/revisions\/19457"}],"wp:featuredmedia":[{"embeddable":true,"href":"https:\/\/www.lediamant.ca\/en\/wp-json\/wp\/v2\/media\/1562"}],"wp:attachment":[{"href":"https:\/\/www.lediamant.ca\/en\/wp-json\/wp\/v2\/media?parent=5809"}],"curies":[{"name":"wp","href":"https:\/\/api.w.org\/{rel}","templated":true}]}}