{"id":5642,"date":"2023-05-09T12:37:29","date_gmt":"2023-05-09T16:37:29","guid":{"rendered":"https:\/\/www.lediamant.ca\/conditions-generales-carte-cadeau"},"modified":"2024-01-24T12:50:19","modified_gmt":"2024-01-24T16:50:19","slug":"terms-and-conditions-gift-card","status":"publish","type":"page","link":"https:\/\/www.lediamant.ca\/en\/terms-and-conditions-gift-card","title":{"rendered":"Terms and conditions of the gift card"},"content":{"rendered":"<div class=\"item wysiwyg component-heading\" >\n<h3 class=\"wp-block-heading\">Terms and conditions<\/h3>\n<\/div>\n\n<div class=\"item wysiwyg component-list\" >\n<ul class=\"wp-block-list\">\n<li>The gift card of Le Diamant is valid for purchasing the following products :<div class=\"item wysiwyg component-list\" >\n<ul class=\"wp-block-list\">\n<li>Show tickets for sale at&nbsp;<a href=\"https:\/\/www.lediamant.ca\/fr\/billetterie\">Le Diamant&#8217;s box office<\/a>&nbsp;<a href=\"http:\/\/www.lediamant.ca\/fr\/billetterie\/\" target=\"_blank\" rel=\"noreferrer noopener\">;<\/a><\/li>\n\n\n\n<li><a href=\"https:\/\/www.lediamant.ca\/fr\/visite-guidee\">Guided visits<\/a> ;<\/li>\n\n\n\n<li>Products from the <a href=\"https:\/\/www.lediamant.ca\/fr\/boutique\/\">boutique<\/a>.<\/li>\n<\/ul>\n<\/div><\/li>\n\n\n\n<li>It can not be redeemed for cash or refunded ;<\/li>\n\n\n\n<li>The gift card is valid until the complete balance has been used, with no expiration date ;<\/li>\n\n\n\n<li>To check the balance on the gift card, visit&nbsp;<a href=\"https:\/\/wwws-canada1.givex.com\/merchant_balcheck\/20168_fr\/\" target=\"_blank\" rel=\"noreferrer noopener\">this link<\/a> ;<\/li>\n\n\n\n<li>To make a purchase using more than one gift card, please call the box office or visit the box office in person ;<\/li>\n\n\n\n<li>The gift card cannot be used to pay bills in the Desjardins lobby bar, on the 2nd floor, or on the rooftop terrace. <\/li>\n<\/ul>\n<\/div>\n\n<div class=\"item wysiwyg component-heading\" >\n<h3 class=\"wp-block-heading\">PURCHASING THE GIFT CARD<\/h3>\n<\/div>\n\n<div class=\"item wysiwyg component-list\" >\n<ul class=\"wp-block-list\">\n<li>You can purchase a gift card from Le Diamant online, by telephone, or in person at the box office (during the box office hours of service).<\/li>\n\n\n\n<li>There are two ways to receive your order: in-person pickup at Le Diamant (no fee) or postal shipping (varying costs).<\/li>\n\n\n\n<li>If applicable, if you haven\u2019t received your gift card in the mail within the 30 days following your purchase, please contact Le Diamant\u2019s box office.<\/li>\n<\/ul>\n<\/div>\n\n<div class=\"item wysiwyg component-heading\" >\n<h3 class=\"wp-block-heading\">uSING A GIFT CARD ONLINE OR BY TELEPHONE<\/h3>\n<\/div>\n\n<div class=\"item wysiwyg component-list\" >\n<ul class=\"wp-block-list\">\n<li>The gift card can be used as a mode of payment for a purchase made online or by telephone. At the payment step, there is a space to enter the 19-digit number and the 3-digit pin that is on the back of your gift card.<\/li>\n\n\n\n<li>If the amount of your transaction is less than the balance of your gift card, the remaining amount will be available on your gift card for your next use, until the balance reaches zero dollars ($0).<\/li>\n\n\n\n<li>If the amount of your transaction is more than the balance of your gift card, you can pay the difference with your credit card.<\/li>\n<\/ul>\n<\/div>\n\n<div class=\"item wysiwyg component-heading\" >\n<h3 class=\"wp-block-heading\">uSING A GIFT CARD AT THE BOX OFFICE<\/h3>\n<\/div>\n\n<div class=\"item wysiwyg component-list\" >\n<ul class=\"wp-block-list\">\n<li>The gift card can be used as a mode of payment for an in-person purchase at the box office. At the time of payment, please present your gift card to the staff person at Le Diamant\u2019s box office.<\/li>\n\n\n\n<li>If the amount of your transaction is less than the balance of your gift card, the remaining amount will be available on your gift card for your next use, until the balance reaches zero dollars ($0).<\/li>\n\n\n\n<li>If the amount of your transaction is more than the balance of your gift card, you can pay the difference with another mode of payment.<\/li>\n<\/ul>\n<\/div>\n\n<div class=\"item wysiwyg component-heading\" >\n<h3 class=\"wp-block-heading\">gIFT CERTIFICATE ISSUED BEFOR AUGUST 30, 2020<\/h3>\n<\/div>\n\n<div class=\"item wysiwyg component-list\" >\n<ul class=\"wp-block-list\">\n<li>Gift certificates that were issued before August 30, 2020, are redeemable by telephone or at the box office of Le Diamant. At the time of payment, mention to our team that you have a gift certificate.<\/li>\n\n\n\n<li>If the amount of your transaction is less than the balance of your gift certificate, the remaining amount will be returned to you on a new gift card.<\/li>\n<\/ul>\n<\/div>\n\n<div class=\"item wysiwyg component-heading\" >\n<h3 class=\"wp-block-heading\">lOSS OF THEFT<\/h3>\n<\/div>\n\n<div class=\"item wysiwyg component-list\" >\n<ul class=\"wp-block-list\">\n<li>The gift card is the responsibility of the person to whom it belongs. Le Diamant is not required to replace a lost or stolen card. Therefore, it is impossible to recover the remaining balance in these cases.<\/li>\n\n\n\n<li>No reimbursement or replacement will be made in the event of use without the owner\u2019s permission, loss or theft.<\/li>\n\n\n\n<li>In the case of a damaged or defective card, if the state of it permits the identification of its number, Le Diamant can replace it with a new gift card.<\/li>\n<\/ul>\n<\/div>\n\n<div class=\"item wysiwyg component-paragraph\" >\n<p><em>Le Diamant reserves the right to modify these terms if necessary, with or without prior notice, to the extent permitted by applicable law.<\/em><\/p>\n<\/div>\n\n<div class=\"item wysiwyg component-link-button\" >\n<p><a class=\"btn btn--regular\" href=\"https:\/\/www.lediamant.ca\/fr\/boutique\/carte-cadeau\/\" target=\"\">Retour<\/a><\/p><\/div>\n\n<div class=\"item wysiwyg component-heading\" >\n<h3 class=\"wp-block-heading\">&nbsp;<\/h3>\n<\/div>","protected":false},"excerpt":{"rendered":"Terms and conditions PURCHASING THE GIFT CARD uSING A GIFT CARD ONLINE OR BY TELEPHONE uSING A GIFT CARD AT THE BOX OFFICE gIFT CERTIFICATE ISSUED BEFOR AUGUST 30, 2020 lOSS OF THEFT Le Diamant reserves the right to modify these terms if necessary, with or without prior notice, to the extent permitted by applicable [&hellip;]","protected":false},"author":2,"featured_media":0,"parent":0,"menu_order":0,"comment_status":"closed","ping_status":"closed","template":"","meta":{"_acf_changed":false,"footnotes":""},"class_list":["post-5642","page","type-page","status-publish","hentry"],"acf":[],"yoast_head":"<!-- This site is optimized with the Yoast SEO plugin v26.5 - https:\/\/yoast.com\/wordpress\/plugins\/seo\/ -->\n<title>Terms and conditions of the gift card - Le Diamant<\/title>\n<meta name=\"robots\" content=\"index, follow, max-snippet:-1, max-image-preview:large, max-video-preview:-1\" \/>\n<link rel=\"canonical\" href=\"https:\/\/www.lediamant.ca\/en\/terms-and-conditions-gift-card\" \/>\n<meta property=\"og:locale\" content=\"en_US\" \/>\n<meta property=\"og:type\" content=\"article\" \/>\n<meta property=\"og:title\" content=\"Conditions g\u00e9n\u00e9rales d&#039;utilisation de la carte-cadeau | Le Diamant\" \/>\n<meta property=\"og:description\" content=\"Terms and conditions PURCHASING THE GIFT CARD uSING A GIFT CARD ONLINE OR BY TELEPHONE uSING A GIFT CARD AT THE BOX OFFICE gIFT CERTIFICATE ISSUED BEFOR AUGUST 30, 2020 lOSS OF THEFT Le Diamant reserves the right to modify these terms if necessary, with or without prior notice, to the extent permitted by applicable [&hellip;]\" \/>\n<meta property=\"og:url\" content=\"https:\/\/www.lediamant.ca\/en\/terms-and-conditions-gift-card\" \/>\n<meta property=\"og:site_name\" content=\"Le Diamant\" \/>\n<meta property=\"article:publisher\" content=\"https:\/\/www.facebook.com\/lediamantqc\/\" \/>\n<meta property=\"article:modified_time\" content=\"2024-01-24T16:50:19+00:00\" \/>\n<meta property=\"og:image\" content=\"https:\/\/www.lediamant.ca\/wp-content\/uploads\/2023\/05\/cartecadeau-opengraph.jpg\" \/>\n\t<meta property=\"og:image:width\" content=\"1200\" \/>\n\t<meta property=\"og:image:height\" content=\"630\" \/>\n\t<meta property=\"og:image:type\" content=\"image\/jpeg\" \/>\n<meta name=\"twitter:card\" content=\"summary_large_image\" \/>\n<meta name=\"twitter:site\" content=\"@lediamant_qc\" \/>\n<meta name=\"twitter:label1\" content=\"Est. reading time\" \/>\n\t<meta name=\"twitter:data1\" content=\"4 minutes\" \/>\n<script type=\"application\/ld+json\" class=\"yoast-schema-graph\">{\"@context\":\"https:\/\/schema.org\",\"@graph\":[{\"@type\":\"WebPage\",\"@id\":\"https:\/\/www.lediamant.ca\/en\/terms-and-conditions-gift-card\",\"url\":\"https:\/\/www.lediamant.ca\/en\/terms-and-conditions-gift-card\",\"name\":\"Terms and conditions of the gift card - Le Diamant\",\"isPartOf\":{\"@id\":\"https:\/\/www.lediamant.ca\/en#website\"},\"datePublished\":\"2023-05-09T16:37:29+00:00\",\"dateModified\":\"2024-01-24T16:50:19+00:00\",\"breadcrumb\":{\"@id\":\"https:\/\/www.lediamant.ca\/en\/terms-and-conditions-gift-card#breadcrumb\"},\"inLanguage\":\"en-US\",\"potentialAction\":[{\"@type\":\"ReadAction\",\"target\":[\"https:\/\/www.lediamant.ca\/en\/terms-and-conditions-gift-card\"]}]},{\"@type\":\"BreadcrumbList\",\"@id\":\"https:\/\/www.lediamant.ca\/en\/terms-and-conditions-gift-card#breadcrumb\",\"itemListElement\":[{\"@type\":\"ListItem\",\"position\":1,\"name\":\"Accueil\",\"item\":\"https:\/\/www.lediamant.ca\/en\"},{\"@type\":\"ListItem\",\"position\":2,\"name\":\"Terms and conditions of the gift card\"}]},{\"@type\":\"WebSite\",\"@id\":\"https:\/\/www.lediamant.ca\/en#website\",\"url\":\"https:\/\/www.lediamant.ca\/en\",\"name\":\"Le Diamant\",\"description\":\"Salle de spectacle situ\u00e9e \u00e0 place D&#039;Youville, Qu\u00e9bec (Canada). D\u00e9couvrez notre programmation.\",\"publisher\":{\"@id\":\"https:\/\/www.lediamant.ca\/en#organization\"},\"potentialAction\":[{\"@type\":\"SearchAction\",\"target\":{\"@type\":\"EntryPoint\",\"urlTemplate\":\"https:\/\/www.lediamant.ca\/en?s={search_term_string}\"},\"query-input\":{\"@type\":\"PropertyValueSpecification\",\"valueRequired\":true,\"valueName\":\"search_term_string\"}}],\"inLanguage\":\"en-US\"},{\"@type\":\"Organization\",\"@id\":\"https:\/\/www.lediamant.ca\/en#organization\",\"name\":\"Le Diamant\",\"url\":\"https:\/\/www.lediamant.ca\/en\",\"logo\":{\"@type\":\"ImageObject\",\"inLanguage\":\"en-US\",\"@id\":\"https:\/\/www.lediamant.ca\/en#\/schema\/logo\/image\/\",\"url\":\"https:\/\/www.lediamant.ca\/wp-content\/uploads\/2023\/05\/le-diamant-logo.png\",\"contentUrl\":\"https:\/\/www.lediamant.ca\/wp-content\/uploads\/2023\/05\/le-diamant-logo.png\",\"width\":1000,\"height\":750,\"caption\":\"Le Diamant\"},\"image\":{\"@id\":\"https:\/\/www.lediamant.ca\/en#\/schema\/logo\/image\/\"},\"sameAs\":[\"https:\/\/www.facebook.com\/lediamantqc\/\",\"https:\/\/x.com\/lediamant_qc\"]}]}<\/script>\n<!-- \/ Yoast SEO plugin. -->","yoast_head_json":{"title":"Terms and conditions of the gift card - Le Diamant","robots":{"index":"index","follow":"follow","max-snippet":"max-snippet:-1","max-image-preview":"max-image-preview:large","max-video-preview":"max-video-preview:-1"},"canonical":"https:\/\/www.lediamant.ca\/en\/terms-and-conditions-gift-card","og_locale":"en_US","og_type":"article","og_title":"Conditions g\u00e9n\u00e9rales d'utilisation de la carte-cadeau | Le Diamant","og_description":"Terms and conditions PURCHASING THE GIFT CARD uSING A GIFT CARD ONLINE OR BY TELEPHONE uSING A GIFT CARD AT THE BOX OFFICE gIFT CERTIFICATE ISSUED BEFOR AUGUST 30, 2020 lOSS OF THEFT Le Diamant reserves the right to modify these terms if necessary, with or without prior notice, to the extent permitted by applicable [&hellip;]","og_url":"https:\/\/www.lediamant.ca\/en\/terms-and-conditions-gift-card","og_site_name":"Le Diamant","article_publisher":"https:\/\/www.facebook.com\/lediamantqc\/","article_modified_time":"2024-01-24T16:50:19+00:00","og_image":[{"width":1200,"height":630,"url":"https:\/\/www.lediamant.ca\/wp-content\/uploads\/2023\/05\/cartecadeau-opengraph.jpg","type":"image\/jpeg"}],"twitter_card":"summary_large_image","twitter_site":"@lediamant_qc","twitter_misc":{"Est. reading time":"4 minutes"},"schema":{"@context":"https:\/\/schema.org","@graph":[{"@type":"WebPage","@id":"https:\/\/www.lediamant.ca\/en\/terms-and-conditions-gift-card","url":"https:\/\/www.lediamant.ca\/en\/terms-and-conditions-gift-card","name":"Terms and conditions of the gift card - Le Diamant","isPartOf":{"@id":"https:\/\/www.lediamant.ca\/en#website"},"datePublished":"2023-05-09T16:37:29+00:00","dateModified":"2024-01-24T16:50:19+00:00","breadcrumb":{"@id":"https:\/\/www.lediamant.ca\/en\/terms-and-conditions-gift-card#breadcrumb"},"inLanguage":"en-US","potentialAction":[{"@type":"ReadAction","target":["https:\/\/www.lediamant.ca\/en\/terms-and-conditions-gift-card"]}]},{"@type":"BreadcrumbList","@id":"https:\/\/www.lediamant.ca\/en\/terms-and-conditions-gift-card#breadcrumb","itemListElement":[{"@type":"ListItem","position":1,"name":"Accueil","item":"https:\/\/www.lediamant.ca\/en"},{"@type":"ListItem","position":2,"name":"Terms and conditions of the gift card"}]},{"@type":"WebSite","@id":"https:\/\/www.lediamant.ca\/en#website","url":"https:\/\/www.lediamant.ca\/en","name":"Le Diamant","description":"Salle de spectacle situ\u00e9e \u00e0 place D&#039;Youville, Qu\u00e9bec (Canada). D\u00e9couvrez notre programmation.","publisher":{"@id":"https:\/\/www.lediamant.ca\/en#organization"},"potentialAction":[{"@type":"SearchAction","target":{"@type":"EntryPoint","urlTemplate":"https:\/\/www.lediamant.ca\/en?s={search_term_string}"},"query-input":{"@type":"PropertyValueSpecification","valueRequired":true,"valueName":"search_term_string"}}],"inLanguage":"en-US"},{"@type":"Organization","@id":"https:\/\/www.lediamant.ca\/en#organization","name":"Le Diamant","url":"https:\/\/www.lediamant.ca\/en","logo":{"@type":"ImageObject","inLanguage":"en-US","@id":"https:\/\/www.lediamant.ca\/en#\/schema\/logo\/image\/","url":"https:\/\/www.lediamant.ca\/wp-content\/uploads\/2023\/05\/le-diamant-logo.png","contentUrl":"https:\/\/www.lediamant.ca\/wp-content\/uploads\/2023\/05\/le-diamant-logo.png","width":1000,"height":750,"caption":"Le Diamant"},"image":{"@id":"https:\/\/www.lediamant.ca\/en#\/schema\/logo\/image\/"},"sameAs":["https:\/\/www.facebook.com\/lediamantqc\/","https:\/\/x.com\/lediamant_qc"]}]}},"_links":{"self":[{"href":"https:\/\/www.lediamant.ca\/en\/wp-json\/wp\/v2\/pages\/5642","targetHints":{"allow":["GET"]}}],"collection":[{"href":"https:\/\/www.lediamant.ca\/en\/wp-json\/wp\/v2\/pages"}],"about":[{"href":"https:\/\/www.lediamant.ca\/en\/wp-json\/wp\/v2\/types\/page"}],"author":[{"embeddable":true,"href":"https:\/\/www.lediamant.ca\/en\/wp-json\/wp\/v2\/users\/2"}],"replies":[{"embeddable":true,"href":"https:\/\/www.lediamant.ca\/en\/wp-json\/wp\/v2\/comments?post=5642"}],"version-history":[{"count":2,"href":"https:\/\/www.lediamant.ca\/en\/wp-json\/wp\/v2\/pages\/5642\/revisions"}],"predecessor-version":[{"id":8347,"href":"https:\/\/www.lediamant.ca\/en\/wp-json\/wp\/v2\/pages\/5642\/revisions\/8347"}],"wp:attachment":[{"href":"https:\/\/www.lediamant.ca\/en\/wp-json\/wp\/v2\/media?parent=5642"}],"curies":[{"name":"wp","href":"https:\/\/api.w.org\/{rel}","templated":true}]}}