{"id":5637,"date":"2023-02-09T13:47:18","date_gmt":"2023-02-09T17:47:18","guid":{"rendered":"https:\/\/www.lediamant.ca\/lieu"},"modified":"2024-01-24T16:45:40","modified_gmt":"2024-01-24T20:45:40","slug":"the-space","status":"publish","type":"page","link":"https:\/\/www.lediamant.ca\/en\/the-space","title":{"rendered":"The Space"},"content":{"rendered":"<div class=\"item wysiwyg component-paragraph\" >\n<p>A unique cultural venue, Le Diamant is committed to presenting the best national and international works of today. This flexible black box theatre is an ideal space for presenting groundbreaking productions and major events in an intimate atmosphere.<\/p>\n<\/div>\n\n<div class=\"item wysiwyg component-paragraph\" >\n<p>Open to the community and located in the heart of the historic city centre, this performing-arts centre is a point of reference for the public, emerging artists, and creators of all kinds.<\/p>\n<\/div>\n\n<div class=\"item wysiwyg component-images-slider\" >    <div class=\"js-images-slider images-slider images-slider--landscape\">\n\n        <nav data-slider-nav class=\"images-slider__navigation\" data-aria-label=\"Navigation du carrousel\">\n                            <button type=\"button\" aria-label=\"Pr\u00e9c\u00e9dent\" class=\"images-slider__button images-slider__button--prev\">\n                    <svg aria-hidden=\"true\" focusable=\"false\" width=\"20px\" height=\"19px\">\n                        <use xlink:href=\"#ico-arrow-right\"><\/use>\n                    <\/svg>\n                <\/button>\n                <button type=\"button\" aria-label=\"Suivant\" class=\"images-slider__button images-slider__button--next\">\n                    <svg aria-hidden=\"true\" focusable=\"false\" width=\"20px\" height=\"19px\">\n                        <use xlink:href=\"#ico-arrow-right\"><\/use>\n                    <\/svg>\n                <\/button>\n                    <\/nav>\n        <div class=\"images-slider__wrapper\" data-slider-items role=\"list\">\n                                            <div class=\"images-slider__item\">\n                    <img decoding=\"async\" src=\"https:\/\/www.lediamant.ca\/wp-content\/uploads\/2023\/05\/lieu-carrousel-stephanegroleau-10.jpg\" data-src=\"https:\/\/www.lediamant.ca\/wp-content\/uploads\/2023\/05\/lieu-carrousel-stephanegroleau-10.jpg\" alt=\"\" class=\"images-slider__img tns-lazy-img\" loading=\"lazy\">\n                                            <span class=\"images-slider__copyright\">Photo \u2014 St\u00e9phane Groleau<\/span>\n                                    <\/div>\n                                            <div class=\"images-slider__item\">\n                    <img decoding=\"async\" src=\"\" data-src=\"https:\/\/www.lediamant.ca\/wp-content\/uploads\/2023\/04\/Batiment-Billetterie-StephaneGroleau-Original-1-scaled.jpg\" alt=\"La billetterie du Diamant\" class=\"images-slider__img tns-lazy-img\" loading=\"lazy\">\n                                            <span class=\"images-slider__copyright\">Photo \u2014 St\u00e9phane Groleau<\/span>\n                                    <\/div>\n                                            <div class=\"images-slider__item\">\n                    <img decoding=\"async\" src=\"\" data-src=\"https:\/\/www.lediamant.ca\/wp-content\/uploads\/2023\/05\/lieu-carrousel-stephanegroleau-02.jpg\" alt=\"\" class=\"images-slider__img tns-lazy-img\" loading=\"lazy\">\n                                            <span class=\"images-slider__copyright\">Photo \u2014 St\u00e9phane Groleau<\/span>\n                                    <\/div>\n                                            <div class=\"images-slider__item\">\n                    <img decoding=\"async\" src=\"\" data-src=\"https:\/\/www.lediamant.ca\/wp-content\/uploads\/2023\/05\/lieu-carrousel-elias-03.jpg\" alt=\"\" class=\"images-slider__img tns-lazy-img\" loading=\"lazy\">\n                                            <span class=\"images-slider__copyright\">Photo \u2014 Elias Djemil<\/span>\n                                    <\/div>\n                                            <div class=\"images-slider__item\">\n                    <img decoding=\"async\" src=\"\" data-src=\"https:\/\/www.lediamant.ca\/wp-content\/uploads\/2023\/04\/Batiment-FoyerBMO5-StephaneGroleau-Original-1-scaled.jpg\" alt=\"Le foyer BMO\" class=\"images-slider__img tns-lazy-img\" loading=\"lazy\">\n                                            <span class=\"images-slider__copyright\">Photo \u2014 St\u00e9phane Groleau<\/span>\n                                    <\/div>\n                                            <div class=\"images-slider__item\">\n                    <img decoding=\"async\" src=\"\" data-src=\"https:\/\/www.lediamant.ca\/wp-content\/uploads\/2023\/05\/lieu-carrousel-stephanegroleau-09.jpg\" alt=\"\" class=\"images-slider__img tns-lazy-img\" loading=\"lazy\">\n                                            <span class=\"images-slider__copyright\">Photo \u2014 St\u00e9phane Groleau<\/span>\n                                    <\/div>\n                                            <div class=\"images-slider__item\">\n                    <img decoding=\"async\" src=\"\" data-src=\"https:\/\/www.lediamant.ca\/wp-content\/uploads\/2023\/05\/lieu-carrousel-elias-01.jpg\" alt=\"\" class=\"images-slider__img tns-lazy-img\" loading=\"lazy\">\n                                            <span class=\"images-slider__copyright\">Photo \u2014 Elias Djemil<\/span>\n                                    <\/div>\n                                            <div class=\"images-slider__item\">\n                    <img decoding=\"async\" src=\"\" data-src=\"https:\/\/www.lediamant.ca\/wp-content\/uploads\/2023\/05\/lieu-carrousel-stephanegroleau-04.jpg\" alt=\"\" class=\"images-slider__img tns-lazy-img\" loading=\"lazy\">\n                                            <span class=\"images-slider__copyright\">Photo \u2014 St\u00e9phane Groleau<\/span>\n                                    <\/div>\n                                            <div class=\"images-slider__item\">\n                    <img decoding=\"async\" src=\"\" data-src=\"https:\/\/www.lediamant.ca\/wp-content\/uploads\/2023\/05\/lieu-carrousel-stephanegroleau-01.jpg\" alt=\"\" class=\"images-slider__img tns-lazy-img\" loading=\"lazy\">\n                                            <span class=\"images-slider__copyright\">Photo \u2014 St\u00e9phane Groleau<\/span>\n                                    <\/div>\n                                            <div class=\"images-slider__item\">\n                    <img decoding=\"async\" src=\"\" data-src=\"https:\/\/www.lediamant.ca\/wp-content\/uploads\/2023\/05\/lieu-carrousel-elias-05.jpg\" alt=\"\" class=\"images-slider__img tns-lazy-img\" loading=\"lazy\">\n                                            <span class=\"images-slider__copyright\">Photo \u2014 Elias Djemil<\/span>\n                                    <\/div>\n                                            <div class=\"images-slider__item\">\n                    <img decoding=\"async\" src=\"\" data-src=\"https:\/\/www.lediamant.ca\/wp-content\/uploads\/2023\/05\/lieu-carrousel-elias-02.jpg\" alt=\"\" class=\"images-slider__img tns-lazy-img\" loading=\"lazy\">\n                                            <span class=\"images-slider__copyright\">Photo \u2014 Elias Djemil<\/span>\n                                    <\/div>\n                                            <div class=\"images-slider__item\">\n                    <img decoding=\"async\" src=\"\" data-src=\"https:\/\/www.lediamant.ca\/wp-content\/uploads\/2023\/05\/lieu-carrousel-stephanegroleau-07.jpg\" alt=\"\" class=\"images-slider__img tns-lazy-img\" loading=\"lazy\">\n                                            <span class=\"images-slider__copyright\">Photo \u2014 St\u00e9phane Groleau<\/span>\n                                    <\/div>\n                                            <div class=\"images-slider__item\">\n                    <img decoding=\"async\" src=\"\" data-src=\"https:\/\/www.lediamant.ca\/wp-content\/uploads\/2023\/05\/lieu-carrousel-stephanegroleau-05-scaled.jpg\" alt=\"\" class=\"images-slider__img tns-lazy-img\" loading=\"lazy\">\n                                            <span class=\"images-slider__copyright\">Photo \u2014 St\u00e9phane Groleau<\/span>\n                                    <\/div>\n                                            <div class=\"images-slider__item\">\n                    <img decoding=\"async\" src=\"\" data-src=\"https:\/\/www.lediamant.ca\/wp-content\/uploads\/2023\/05\/lieu-carrousel-stephanegroleau-06.jpg\" alt=\"\" class=\"images-slider__img tns-lazy-img\" loading=\"lazy\">\n                                            <span class=\"images-slider__copyright\">Photo \u2014 St\u00e9phane Groleau<\/span>\n                                    <\/div>\n                                            <div class=\"images-slider__item\">\n                    <img decoding=\"async\" src=\"\" data-src=\"https:\/\/www.lediamant.ca\/wp-content\/uploads\/2023\/05\/lieu-carrousel-stephanegroleau-08.jpg\" alt=\"\" class=\"images-slider__img tns-lazy-img\" loading=\"lazy\">\n                                            <span class=\"images-slider__copyright\">Photo \u2014 St\u00e9phane Groleau<\/span>\n                                    <\/div>\n                                            <div class=\"images-slider__item\">\n                    <img decoding=\"async\" src=\"\" data-src=\"https:\/\/www.lediamant.ca\/wp-content\/uploads\/2023\/05\/lieu-terrasse-stephanebourgeois.jpg\" alt=\"\" class=\"images-slider__img tns-lazy-img\" loading=\"lazy\">\n                                            <span class=\"images-slider__copyright\">Photo \u2014 St\u00e9phane Bourgeois<\/span>\n                                    <\/div>\n                                            <div class=\"images-slider__item\">\n                    <img decoding=\"async\" src=\"\" data-src=\"https:\/\/www.lediamant.ca\/wp-content\/uploads\/2023\/05\/lieu-batisse-stephanebourgeois.jpg\" alt=\"\" class=\"images-slider__img tns-lazy-img\" loading=\"lazy\">\n                                            <span class=\"images-slider__copyright\">Photo \u2014 St\u00e9phane Bourgeois<\/span>\n                                    <\/div>\n                    <\/div>\n    <\/div>\n<\/div>\n\n<div class=\"item wysiwyg component-heading\" >\n<h3 class=\"wp-block-heading\">5 interesting facts about Le Diamant<\/h3>\n<\/div>\n\n<div class=\"item wysiwyg component-list\" >\n<ol class=\"wp-block-list\">\n<li>Le Diamant is a performing arts presenter as well as the artistic home of Ex Machina, the internationally acclaimed production company led by Robert Lepage. <\/li>\n\n\n\n<li>The space is equipped with a 642-seat flexible black box theatre and a creation studio. <\/li>\n\n\n\n<li>Ex Machina is the resident company of the Lepage Beaulieu Studio, and it shares the space with other companies in residence. Le Diamant also houses Ex Machina\u2019s administrative offices. <\/li>\n\n\n\n<li>The unique architecture of Le Diamant brings together the historical and the contemporary. It was recognized with several awards including ones given by the Ordre des architectes du Qu\u00e9bec and the Architizer A+ Awards.<\/li>\n\n\n\n<li>The exceptional architectural design of Le Diamant is the work of the consortium Coarchitecture, In Situ and Jacques Plante Architecte.<\/li>\n<\/ol>\n<\/div>\n\n<div class=\"item component-spacer\" ><div class=\"container\">\n<div style=\"height:100px\" aria-hidden=\"true\" class=\"wp-block-spacer\"><\/div>\n<\/div><\/div>","protected":false},"excerpt":{"rendered":"A unique cultural venue, Le Diamant is committed to presenting the best national and international works of today. This flexible black box theatre is an ideal space for presenting groundbreaking productions and major events in an intimate atmosphere. Open to the community and located in the heart of the historic city centre, this performing-arts centre [&hellip;]","protected":false},"author":2,"featured_media":2906,"parent":0,"menu_order":0,"comment_status":"closed","ping_status":"closed","template":"","meta":{"_acf_changed":false,"footnotes":""},"class_list":["post-5637","page","type-page","status-publish","has-post-thumbnail","hentry"],"acf":[],"yoast_head":"<!-- This site is optimized with the Yoast SEO plugin v26.5 - https:\/\/yoast.com\/wordpress\/plugins\/seo\/ -->\n<title>The Space - Le Diamant<\/title>\n<meta name=\"description\" content=\"Lieu de diffusion culturelle unique, Le Diamant est vou\u00e9 \u00e0 pr\u00e9senter le meilleur des cr\u00e9ations contemporaines nationales et internationales.\" \/>\n<meta name=\"robots\" content=\"index, follow, max-snippet:-1, max-image-preview:large, max-video-preview:-1\" \/>\n<link rel=\"canonical\" href=\"https:\/\/www.lediamant.ca\/en\/the-space\" \/>\n<meta property=\"og:locale\" content=\"en_US\" \/>\n<meta property=\"og:type\" content=\"article\" \/>\n<meta property=\"og:title\" content=\"Le lieu | Le Diamant\" \/>\n<meta property=\"og:description\" content=\"Lieu de diffusion culturelle unique, Le Diamant est vou\u00e9 \u00e0 pr\u00e9senter le meilleur des cr\u00e9ations contemporaines nationales et internationales.\" \/>\n<meta property=\"og:url\" content=\"https:\/\/www.lediamant.ca\/en\/the-space\" \/>\n<meta property=\"og:site_name\" content=\"Le Diamant\" \/>\n<meta property=\"article:publisher\" content=\"https:\/\/www.facebook.com\/lediamantqc\/\" \/>\n<meta property=\"article:modified_time\" content=\"2024-01-24T20:45:40+00:00\" \/>\n<meta property=\"og:image\" content=\"https:\/\/www.lediamant.ca\/wp-content\/uploads\/2023\/05\/lieu-opengraph.jpg\" \/>\n\t<meta property=\"og:image:width\" content=\"1200\" \/>\n\t<meta property=\"og:image:height\" content=\"630\" \/>\n\t<meta property=\"og:image:type\" content=\"image\/jpeg\" \/>\n<meta name=\"twitter:card\" content=\"summary_large_image\" \/>\n<meta name=\"twitter:site\" content=\"@lediamant_qc\" \/>\n<meta name=\"twitter:label1\" content=\"Est. reading time\" \/>\n\t<meta name=\"twitter:data1\" content=\"2 minutes\" \/>\n<script type=\"application\/ld+json\" class=\"yoast-schema-graph\">{\"@context\":\"https:\/\/schema.org\",\"@graph\":[{\"@type\":\"WebPage\",\"@id\":\"https:\/\/www.lediamant.ca\/en\/the-space\",\"url\":\"https:\/\/www.lediamant.ca\/en\/the-space\",\"name\":\"The Space - Le Diamant\",\"isPartOf\":{\"@id\":\"https:\/\/www.lediamant.ca\/en#website\"},\"primaryImageOfPage\":{\"@id\":\"https:\/\/www.lediamant.ca\/en\/the-space#primaryimage\"},\"image\":{\"@id\":\"https:\/\/www.lediamant.ca\/en\/the-space#primaryimage\"},\"thumbnailUrl\":\"https:\/\/www.lediamant.ca\/wp-content\/uploads\/2023\/05\/lelieu-bandeau-scaled.jpg\",\"datePublished\":\"2023-02-09T17:47:18+00:00\",\"dateModified\":\"2024-01-24T20:45:40+00:00\",\"description\":\"Lieu de diffusion culturelle unique, Le Diamant est vou\u00e9 \u00e0 pr\u00e9senter le meilleur des cr\u00e9ations contemporaines nationales et internationales.\",\"breadcrumb\":{\"@id\":\"https:\/\/www.lediamant.ca\/en\/the-space#breadcrumb\"},\"inLanguage\":\"en-US\",\"potentialAction\":[{\"@type\":\"ReadAction\",\"target\":[\"https:\/\/www.lediamant.ca\/en\/the-space\"]}]},{\"@type\":\"ImageObject\",\"inLanguage\":\"en-US\",\"@id\":\"https:\/\/www.lediamant.ca\/en\/the-space#primaryimage\",\"url\":\"https:\/\/www.lediamant.ca\/wp-content\/uploads\/2023\/05\/lelieu-bandeau-scaled.jpg\",\"contentUrl\":\"https:\/\/www.lediamant.ca\/wp-content\/uploads\/2023\/05\/lelieu-bandeau-scaled.jpg\",\"width\":2560,\"height\":914},{\"@type\":\"BreadcrumbList\",\"@id\":\"https:\/\/www.lediamant.ca\/en\/the-space#breadcrumb\",\"itemListElement\":[{\"@type\":\"ListItem\",\"position\":1,\"name\":\"Accueil\",\"item\":\"https:\/\/www.lediamant.ca\/en\"},{\"@type\":\"ListItem\",\"position\":2,\"name\":\"The Space\"}]},{\"@type\":\"WebSite\",\"@id\":\"https:\/\/www.lediamant.ca\/en#website\",\"url\":\"https:\/\/www.lediamant.ca\/en\",\"name\":\"Le Diamant\",\"description\":\"Salle de spectacle situ\u00e9e \u00e0 place D&#039;Youville, Qu\u00e9bec (Canada). D\u00e9couvrez notre programmation.\",\"publisher\":{\"@id\":\"https:\/\/www.lediamant.ca\/en#organization\"},\"potentialAction\":[{\"@type\":\"SearchAction\",\"target\":{\"@type\":\"EntryPoint\",\"urlTemplate\":\"https:\/\/www.lediamant.ca\/en?s={search_term_string}\"},\"query-input\":{\"@type\":\"PropertyValueSpecification\",\"valueRequired\":true,\"valueName\":\"search_term_string\"}}],\"inLanguage\":\"en-US\"},{\"@type\":\"Organization\",\"@id\":\"https:\/\/www.lediamant.ca\/en#organization\",\"name\":\"Le Diamant\",\"url\":\"https:\/\/www.lediamant.ca\/en\",\"logo\":{\"@type\":\"ImageObject\",\"inLanguage\":\"en-US\",\"@id\":\"https:\/\/www.lediamant.ca\/en#\/schema\/logo\/image\/\",\"url\":\"https:\/\/www.lediamant.ca\/wp-content\/uploads\/2023\/05\/le-diamant-logo.png\",\"contentUrl\":\"https:\/\/www.lediamant.ca\/wp-content\/uploads\/2023\/05\/le-diamant-logo.png\",\"width\":1000,\"height\":750,\"caption\":\"Le Diamant\"},\"image\":{\"@id\":\"https:\/\/www.lediamant.ca\/en#\/schema\/logo\/image\/\"},\"sameAs\":[\"https:\/\/www.facebook.com\/lediamantqc\/\",\"https:\/\/x.com\/lediamant_qc\"]}]}<\/script>\n<!-- \/ Yoast SEO plugin. -->","yoast_head_json":{"title":"The Space - Le Diamant","description":"Lieu de diffusion culturelle unique, Le Diamant est vou\u00e9 \u00e0 pr\u00e9senter le meilleur des cr\u00e9ations contemporaines nationales et internationales.","robots":{"index":"index","follow":"follow","max-snippet":"max-snippet:-1","max-image-preview":"max-image-preview:large","max-video-preview":"max-video-preview:-1"},"canonical":"https:\/\/www.lediamant.ca\/en\/the-space","og_locale":"en_US","og_type":"article","og_title":"Le lieu | Le Diamant","og_description":"Lieu de diffusion culturelle unique, Le Diamant est vou\u00e9 \u00e0 pr\u00e9senter le meilleur des cr\u00e9ations contemporaines nationales et internationales.","og_url":"https:\/\/www.lediamant.ca\/en\/the-space","og_site_name":"Le Diamant","article_publisher":"https:\/\/www.facebook.com\/lediamantqc\/","article_modified_time":"2024-01-24T20:45:40+00:00","og_image":[{"width":1200,"height":630,"url":"https:\/\/www.lediamant.ca\/wp-content\/uploads\/2023\/05\/lieu-opengraph.jpg","type":"image\/jpeg"}],"twitter_card":"summary_large_image","twitter_site":"@lediamant_qc","twitter_misc":{"Est. reading time":"2 minutes"},"schema":{"@context":"https:\/\/schema.org","@graph":[{"@type":"WebPage","@id":"https:\/\/www.lediamant.ca\/en\/the-space","url":"https:\/\/www.lediamant.ca\/en\/the-space","name":"The Space - Le Diamant","isPartOf":{"@id":"https:\/\/www.lediamant.ca\/en#website"},"primaryImageOfPage":{"@id":"https:\/\/www.lediamant.ca\/en\/the-space#primaryimage"},"image":{"@id":"https:\/\/www.lediamant.ca\/en\/the-space#primaryimage"},"thumbnailUrl":"https:\/\/www.lediamant.ca\/wp-content\/uploads\/2023\/05\/lelieu-bandeau-scaled.jpg","datePublished":"2023-02-09T17:47:18+00:00","dateModified":"2024-01-24T20:45:40+00:00","description":"Lieu de diffusion culturelle unique, Le Diamant est vou\u00e9 \u00e0 pr\u00e9senter le meilleur des cr\u00e9ations contemporaines nationales et internationales.","breadcrumb":{"@id":"https:\/\/www.lediamant.ca\/en\/the-space#breadcrumb"},"inLanguage":"en-US","potentialAction":[{"@type":"ReadAction","target":["https:\/\/www.lediamant.ca\/en\/the-space"]}]},{"@type":"ImageObject","inLanguage":"en-US","@id":"https:\/\/www.lediamant.ca\/en\/the-space#primaryimage","url":"https:\/\/www.lediamant.ca\/wp-content\/uploads\/2023\/05\/lelieu-bandeau-scaled.jpg","contentUrl":"https:\/\/www.lediamant.ca\/wp-content\/uploads\/2023\/05\/lelieu-bandeau-scaled.jpg","width":2560,"height":914},{"@type":"BreadcrumbList","@id":"https:\/\/www.lediamant.ca\/en\/the-space#breadcrumb","itemListElement":[{"@type":"ListItem","position":1,"name":"Accueil","item":"https:\/\/www.lediamant.ca\/en"},{"@type":"ListItem","position":2,"name":"The Space"}]},{"@type":"WebSite","@id":"https:\/\/www.lediamant.ca\/en#website","url":"https:\/\/www.lediamant.ca\/en","name":"Le Diamant","description":"Salle de spectacle situ\u00e9e \u00e0 place D&#039;Youville, Qu\u00e9bec (Canada). D\u00e9couvrez notre programmation.","publisher":{"@id":"https:\/\/www.lediamant.ca\/en#organization"},"potentialAction":[{"@type":"SearchAction","target":{"@type":"EntryPoint","urlTemplate":"https:\/\/www.lediamant.ca\/en?s={search_term_string}"},"query-input":{"@type":"PropertyValueSpecification","valueRequired":true,"valueName":"search_term_string"}}],"inLanguage":"en-US"},{"@type":"Organization","@id":"https:\/\/www.lediamant.ca\/en#organization","name":"Le Diamant","url":"https:\/\/www.lediamant.ca\/en","logo":{"@type":"ImageObject","inLanguage":"en-US","@id":"https:\/\/www.lediamant.ca\/en#\/schema\/logo\/image\/","url":"https:\/\/www.lediamant.ca\/wp-content\/uploads\/2023\/05\/le-diamant-logo.png","contentUrl":"https:\/\/www.lediamant.ca\/wp-content\/uploads\/2023\/05\/le-diamant-logo.png","width":1000,"height":750,"caption":"Le Diamant"},"image":{"@id":"https:\/\/www.lediamant.ca\/en#\/schema\/logo\/image\/"},"sameAs":["https:\/\/www.facebook.com\/lediamantqc\/","https:\/\/x.com\/lediamant_qc"]}]}},"_links":{"self":[{"href":"https:\/\/www.lediamant.ca\/en\/wp-json\/wp\/v2\/pages\/5637","targetHints":{"allow":["GET"]}}],"collection":[{"href":"https:\/\/www.lediamant.ca\/en\/wp-json\/wp\/v2\/pages"}],"about":[{"href":"https:\/\/www.lediamant.ca\/en\/wp-json\/wp\/v2\/types\/page"}],"author":[{"embeddable":true,"href":"https:\/\/www.lediamant.ca\/en\/wp-json\/wp\/v2\/users\/2"}],"replies":[{"embeddable":true,"href":"https:\/\/www.lediamant.ca\/en\/wp-json\/wp\/v2\/comments?post=5637"}],"version-history":[{"count":1,"href":"https:\/\/www.lediamant.ca\/en\/wp-json\/wp\/v2\/pages\/5637\/revisions"}],"predecessor-version":[{"id":5786,"href":"https:\/\/www.lediamant.ca\/en\/wp-json\/wp\/v2\/pages\/5637\/revisions\/5786"}],"wp:featuredmedia":[{"embeddable":true,"href":"https:\/\/www.lediamant.ca\/en\/wp-json\/wp\/v2\/media\/2906"}],"wp:attachment":[{"href":"https:\/\/www.lediamant.ca\/en\/wp-json\/wp\/v2\/media?parent=5637"}],"curies":[{"name":"wp","href":"https:\/\/api.w.org\/{rel}","templated":true}]}}