{"id":5389,"date":"2023-04-27T18:46:43","date_gmt":"2023-04-27T22:46:43","guid":{"rendered":"https:\/\/www.lediamant.ca\/mission"},"modified":"2025-08-29T14:14:01","modified_gmt":"2025-08-29T18:14:01","slug":"mission","status":"publish","type":"page","link":"https:\/\/www.lediamant.ca\/en\/mission","title":{"rendered":"The Mission"},"content":{"rendered":"<div class=\"item component-media-text\">\n<div class=\"wp-block-media-text alignwide is-stacked-on-mobile\" style=\"grid-template-columns:30% auto\"><figure class=\"wp-block-media-text__media\"><img decoding=\"async\" width=\"850\" height=\"850\" src=\"https:\/\/www.lediamant.ca\/wp-content\/uploads\/2023\/04\/equipe-robert-lepage.jpg\" alt=\"Robert Lepage\" class=\"wp-image-1332 size-full\"\/ loading=\"lazy\" srcset=\"https:\/\/www.lediamant.ca\/wp-content\/uploads\/2023\/04\/equipe-robert-lepage.jpg 850w, https:\/\/www.lediamant.ca\/wp-content\/uploads\/2023\/04\/equipe-robert-lepage-700x700.jpg 700w, https:\/\/www.lediamant.ca\/wp-content\/uploads\/2023\/04\/equipe-robert-lepage-768x768.jpg 768w, https:\/\/www.lediamant.ca\/wp-content\/uploads\/2023\/04\/equipe-robert-lepage-400x400.jpg 400w\" sizes=\"auto, (max-width: 850px) 100vw, 850px\" \/><\/figure><div class=\"wp-block-media-text__content\"><div class=\"item wysiwyg component-quote\" >\n<blockquote class=\"wp-block-quote is-layout-flow wp-block-quote-is-layout-flow\"><div class=\"item wysiwyg component-paragraph\" >\n<p>\u00ab\u2009My home town is Qu\u00e9bec City, but the world made me grow. After having travelled all over the world for 30 years now, I felt I needed to set down my suitcases and create Le Diamant, a unique meeting place where all forms of art converge to allow the culture and innovation from here and beyond to shine.\u2009\u00bb<\/p>\n<\/div><cite>Robert Lepage, co-founder and artistic director of Le Diamant<\/cite><\/blockquote>\n<\/div><\/div><\/div>\n<\/div>\n\n<div class=\"item component-spacer\" ><div class=\"container\">\n<div style=\"height:100px\" aria-hidden=\"true\" class=\"wp-block-spacer\"><\/div>\n<\/div><\/div>\n\n<div class=\"item wysiwyg component-heading\" >\n<h4 class=\"wp-block-heading\">About<\/h4>\n<\/div>\n\n<div class=\"item wysiwyg component-paragraph\" >\n<p>Le Diamant was inaugurated on August 30, 2019, after fifteen years of work and almost three years of construction. The project was led by co-founders Robert Lepage and Lynda Beaulieu along with instrumental public and private partners. Le Diamant&#8217;s major private fundraising campaign reached its goal of $10 million on <a href=\"https:\/\/www.lediamant.ca\/en\/lobjectif-de-10-millions-est-atteint\">January 25, 2024<\/a>. A nonprofit organization, Le Diamant is led by a board comprised of 12 socio-economic stakeholders from various backgrounds. Le Diamant has more than 30 permanent employees.<\/p>\n<\/div>\n\n<div class=\"item wysiwyg component-images-slider\" >    <div class=\"js-images-slider images-slider images-slider--landscape\">\n\n        <nav data-slider-nav class=\"images-slider__navigation\" data-aria-label=\"Navigation du carrousel\">\n                            <button type=\"button\" aria-label=\"Pr\u00e9c\u00e9dent\" class=\"images-slider__button images-slider__button--prev\">\n                    <svg aria-hidden=\"true\" focusable=\"false\" width=\"20px\" height=\"19px\">\n                        <use xlink:href=\"#ico-arrow-right\"><\/use>\n                    <\/svg>\n                <\/button>\n                <button type=\"button\" aria-label=\"Suivant\" class=\"images-slider__button images-slider__button--next\">\n                    <svg aria-hidden=\"true\" focusable=\"false\" width=\"20px\" height=\"19px\">\n                        <use xlink:href=\"#ico-arrow-right\"><\/use>\n                    <\/svg>\n                <\/button>\n                    <\/nav>\n        <div class=\"images-slider__wrapper\" data-slider-items role=\"list\">\n                                            <div class=\"images-slider__item\">\n                    <img decoding=\"async\" src=\"https:\/\/www.lediamant.ca\/wp-content\/uploads\/2023\/06\/mission-festif.jpg\" data-src=\"https:\/\/www.lediamant.ca\/wp-content\/uploads\/2023\/06\/mission-festif.jpg\" alt=\"\" class=\"images-slider__img tns-lazy-img\" loading=\"lazy\">\n                                            <span class=\"images-slider__copyright\">Photo \u2014 Les Festifs<\/span>\n                                    <\/div>\n                    <\/div>\n    <\/div>\n<\/div>\n\n<div class=\"item component-columns\">\n<div class=\"wp-block-columns is-layout-flex wp-container-core-columns-is-layout-9d6595d7 wp-block-columns-is-layout-flex\">\n<div class=\"wp-block-column is-layout-flow wp-block-column-is-layout-flow\"><div class=\"item wysiwyg component-icon-text\" >\n\n<div class=\"bloc-text-icon\">\n            <img decoding=\"async\" src=\"\" alt=\"\" loading=\"lazy\">\n        <strong class=\"bloc-text-icon__title h4\">Mission<\/strong>\n\n            <p><span style=\"font-weight: 400;\">Inspired by the internationally renowned artist Robert Lepage, Le Diamant is a performing arts presenter as well as the artistic home of the company Ex Machina. Located in the heart of Qu\u00e9bec City, this space with its unique architectural concept invites audiences to discover theatricality in all its forms in an accessible and welcoming environment.<\/span><\/p>\n    \n    <\/div><\/div><\/div>\n\n\n\n<div class=\"wp-block-column is-layout-flow wp-block-column-is-layout-flow\"><div class=\"item wysiwyg component-icon-text\" >\n\n<div class=\"bloc-text-icon\">\n            <img decoding=\"async\" src=\"\" alt=\"\" loading=\"lazy\">\n        <strong class=\"bloc-text-icon__title h4\">Vision<\/strong>\n\n            <p><span style=\"font-weight: 400;\">To transform the experience of the performing arts and become an iconic gathering place, an avant-garde international destination.<\/span><\/p>\n    \n    <\/div><\/div><\/div>\n\n\n\n<div class=\"wp-block-column is-layout-flow wp-block-column-is-layout-flow\"><div class=\"item wysiwyg component-icon-text\" >\n\n<div class=\"bloc-text-icon\">\n            <img decoding=\"async\" src=\"\" alt=\"\" loading=\"lazy\">\n        <strong class=\"bloc-text-icon__title h4\">Values<\/strong>\n\n            <ul>\n<li><span style=\"font-weight: 400;\">Creativity<\/span><\/li>\n<li>Audacity<\/li>\n<li><span style=\"font-weight: 400;\">Accessibility<\/span><\/li>\n<li>Inclusion<\/li>\n<li><span style=\"font-weight: 400;\">Teamwork<\/span><\/li>\n<\/ul>\n    \n    <\/div><\/div><\/div>\n<\/div>\n<\/div>\n\n\n<div class=\"wp-block-group has-light-gray-color has-dark-gray-background-color has-text-color has-background\"><div class=\"wp-block-group__inner-container is-layout-constrained wp-block-group-is-layout-constrained\"><div class=\"item wysiwyg component-heading\" >\n<h3 class=\"wp-block-heading has-light-gray-color has-text-color\">The Artistic vision<\/h3>\n<\/div>\n\n<div class=\"item wysiwyg component-paragraph\" >\n<p>Le Diamant invites audiences to create their own experience of the performing arts by encountering audacious local, national and international works. Numerous of these productions are at the intersection of disciplines and have a powerful scenic language. Influenced by the times, Le Diamant\u2019s programming features renowned artists from here and beyond, giving Qu\u00e9bec audiences access to high-quality works.<\/p>\n<\/div>\n\n<div class=\"item wysiwyg component-paragraph\" >\n<p>By focusing on new theatrical works and contemporary circus while also exploring multidisciplinary arts, lyric arts, and other popular forms, including professional wrestling, Le Diamant is carrying out its mission: helping people discover theatricality in all its forms. The work of culturally diverse artists and Indigenous artists is also included in this mission, and Le Diamant is opening its stage to the important conversations of today.<\/p>\n<\/div>\n\n<div class=\"item wysiwyg component-paragraph\" >\n<p>Behind this artistic vision and openness to multiple disciplines is Viviane Paradis, Director of Programming at Le Diamant. <a style=\"color:white;\" href=\"https:\/\/www.lediamant.ca\/en\/portrait-de-viviane-paradis\">Discover her journey and her approach (text in French)<\/a>.<\/p>\n<\/div><\/div><\/div>\n\n\n<div class=\"item wysiwyg component-paragraph\" >\n<p><\/p>\n<\/div>","protected":false},"excerpt":{"rendered":"About Le Diamant was inaugurated on August 30, 2019, after fifteen years of work and almost three years of construction. The project was led by co-founders Robert Lepage and Lynda Beaulieu along with instrumental public and private partners. Le Diamant&#8217;s major private fundraising campaign reached its goal of $10 million on January 25, 2024. A [&hellip;]","protected":false},"author":2,"featured_media":1966,"parent":0,"menu_order":0,"comment_status":"closed","ping_status":"closed","template":"","meta":{"_acf_changed":false,"footnotes":""},"class_list":["post-5389","page","type-page","status-publish","has-post-thumbnail","hentry"],"acf":[],"yoast_head":"<!-- This site is optimized with the Yoast SEO plugin v26.5 - https:\/\/yoast.com\/wordpress\/plugins\/seo\/ -->\n<title>The Mission - Le Diamant<\/title>\n<meta name=\"description\" content=\"Le projet a \u00e9t\u00e9 port\u00e9 par Robert Lepage et Lynda Beaulieu, cofondateurs, puis par de pr\u00e9cieux partenaires publics et priv\u00e9s.\" \/>\n<meta name=\"robots\" content=\"index, follow, max-snippet:-1, max-image-preview:large, max-video-preview:-1\" \/>\n<link rel=\"canonical\" href=\"https:\/\/www.lediamant.ca\/en\/mission\" \/>\n<meta property=\"og:locale\" content=\"en_US\" \/>\n<meta property=\"og:type\" content=\"article\" \/>\n<meta property=\"og:title\" content=\"La mission | Le Diamant\" \/>\n<meta property=\"og:description\" content=\"Le projet a \u00e9t\u00e9 port\u00e9 par Robert Lepage et Lynda Beaulieu, cofondateurs, puis par de pr\u00e9cieux partenaires publics et priv\u00e9s.\" \/>\n<meta property=\"og:url\" content=\"https:\/\/www.lediamant.ca\/en\/mission\" \/>\n<meta property=\"og:site_name\" content=\"Le Diamant\" \/>\n<meta property=\"article:publisher\" content=\"https:\/\/www.facebook.com\/lediamantqc\/\" \/>\n<meta property=\"article:modified_time\" content=\"2025-08-29T18:14:01+00:00\" \/>\n<meta property=\"og:image\" content=\"https:\/\/www.lediamant.ca\/wp-content\/uploads\/2023\/05\/Le-Diamant-opengraph.jpeg\" \/>\n\t<meta property=\"og:image:width\" content=\"1200\" \/>\n\t<meta property=\"og:image:height\" content=\"630\" \/>\n\t<meta property=\"og:image:type\" content=\"image\/jpeg\" \/>\n<meta name=\"twitter:card\" content=\"summary_large_image\" \/>\n<meta name=\"twitter:site\" content=\"@lediamant_qc\" \/>\n<meta name=\"twitter:label1\" content=\"Est. reading time\" \/>\n\t<meta name=\"twitter:data1\" content=\"2 minutes\" \/>\n<script type=\"application\/ld+json\" class=\"yoast-schema-graph\">{\"@context\":\"https:\/\/schema.org\",\"@graph\":[{\"@type\":[\"WebPage\",\"AboutPage\"],\"@id\":\"https:\/\/www.lediamant.ca\/en\/mission\",\"url\":\"https:\/\/www.lediamant.ca\/en\/mission\",\"name\":\"The Mission - Le Diamant\",\"isPartOf\":{\"@id\":\"https:\/\/www.lediamant.ca\/en#website\"},\"primaryImageOfPage\":{\"@id\":\"https:\/\/www.lediamant.ca\/en\/mission#primaryimage\"},\"image\":{\"@id\":\"https:\/\/www.lediamant.ca\/en\/mission#primaryimage\"},\"thumbnailUrl\":\"https:\/\/www.lediamant.ca\/wp-content\/uploads\/2023\/05\/Batiment-2-StephaneGroleau-Banniere-scaled.jpg\",\"datePublished\":\"2023-04-27T22:46:43+00:00\",\"dateModified\":\"2025-08-29T18:14:01+00:00\",\"description\":\"Le projet a \u00e9t\u00e9 port\u00e9 par Robert Lepage et Lynda Beaulieu, cofondateurs, puis par de pr\u00e9cieux partenaires publics et priv\u00e9s.\",\"breadcrumb\":{\"@id\":\"https:\/\/www.lediamant.ca\/en\/mission#breadcrumb\"},\"inLanguage\":\"en-US\",\"potentialAction\":[{\"@type\":\"ReadAction\",\"target\":[\"https:\/\/www.lediamant.ca\/en\/mission\"]}]},{\"@type\":\"ImageObject\",\"inLanguage\":\"en-US\",\"@id\":\"https:\/\/www.lediamant.ca\/en\/mission#primaryimage\",\"url\":\"https:\/\/www.lediamant.ca\/wp-content\/uploads\/2023\/05\/Batiment-2-StephaneGroleau-Banniere-scaled.jpg\",\"contentUrl\":\"https:\/\/www.lediamant.ca\/wp-content\/uploads\/2023\/05\/Batiment-2-StephaneGroleau-Banniere-scaled.jpg\",\"width\":2560,\"height\":989,\"caption\":\"Photo \u2014 St\u00e9phane Groleau\"},{\"@type\":\"BreadcrumbList\",\"@id\":\"https:\/\/www.lediamant.ca\/en\/mission#breadcrumb\",\"itemListElement\":[{\"@type\":\"ListItem\",\"position\":1,\"name\":\"Accueil\",\"item\":\"https:\/\/www.lediamant.ca\/en\"},{\"@type\":\"ListItem\",\"position\":2,\"name\":\"The Mission\"}]},{\"@type\":\"WebSite\",\"@id\":\"https:\/\/www.lediamant.ca\/en#website\",\"url\":\"https:\/\/www.lediamant.ca\/en\",\"name\":\"Le Diamant\",\"description\":\"Salle de spectacle situ\u00e9e \u00e0 place D&#039;Youville, Qu\u00e9bec (Canada). D\u00e9couvrez notre programmation.\",\"publisher\":{\"@id\":\"https:\/\/www.lediamant.ca\/en#organization\"},\"potentialAction\":[{\"@type\":\"SearchAction\",\"target\":{\"@type\":\"EntryPoint\",\"urlTemplate\":\"https:\/\/www.lediamant.ca\/en?s={search_term_string}\"},\"query-input\":{\"@type\":\"PropertyValueSpecification\",\"valueRequired\":true,\"valueName\":\"search_term_string\"}}],\"inLanguage\":\"en-US\"},{\"@type\":\"Organization\",\"@id\":\"https:\/\/www.lediamant.ca\/en#organization\",\"name\":\"Le Diamant\",\"url\":\"https:\/\/www.lediamant.ca\/en\",\"logo\":{\"@type\":\"ImageObject\",\"inLanguage\":\"en-US\",\"@id\":\"https:\/\/www.lediamant.ca\/en#\/schema\/logo\/image\/\",\"url\":\"https:\/\/www.lediamant.ca\/wp-content\/uploads\/2023\/05\/le-diamant-logo.png\",\"contentUrl\":\"https:\/\/www.lediamant.ca\/wp-content\/uploads\/2023\/05\/le-diamant-logo.png\",\"width\":1000,\"height\":750,\"caption\":\"Le Diamant\"},\"image\":{\"@id\":\"https:\/\/www.lediamant.ca\/en#\/schema\/logo\/image\/\"},\"sameAs\":[\"https:\/\/www.facebook.com\/lediamantqc\/\",\"https:\/\/x.com\/lediamant_qc\"]}]}<\/script>\n<!-- \/ Yoast SEO plugin. -->","yoast_head_json":{"title":"The Mission - Le Diamant","description":"Le projet a \u00e9t\u00e9 port\u00e9 par Robert Lepage et Lynda Beaulieu, cofondateurs, puis par de pr\u00e9cieux partenaires publics et priv\u00e9s.","robots":{"index":"index","follow":"follow","max-snippet":"max-snippet:-1","max-image-preview":"max-image-preview:large","max-video-preview":"max-video-preview:-1"},"canonical":"https:\/\/www.lediamant.ca\/en\/mission","og_locale":"en_US","og_type":"article","og_title":"La mission | Le Diamant","og_description":"Le projet a \u00e9t\u00e9 port\u00e9 par Robert Lepage et Lynda Beaulieu, cofondateurs, puis par de pr\u00e9cieux partenaires publics et priv\u00e9s.","og_url":"https:\/\/www.lediamant.ca\/en\/mission","og_site_name":"Le Diamant","article_publisher":"https:\/\/www.facebook.com\/lediamantqc\/","article_modified_time":"2025-08-29T18:14:01+00:00","og_image":[{"width":1200,"height":630,"url":"https:\/\/www.lediamant.ca\/wp-content\/uploads\/2023\/05\/Le-Diamant-opengraph.jpeg","type":"image\/jpeg"}],"twitter_card":"summary_large_image","twitter_site":"@lediamant_qc","twitter_misc":{"Est. reading time":"2 minutes"},"schema":{"@context":"https:\/\/schema.org","@graph":[{"@type":["WebPage","AboutPage"],"@id":"https:\/\/www.lediamant.ca\/en\/mission","url":"https:\/\/www.lediamant.ca\/en\/mission","name":"The Mission - Le Diamant","isPartOf":{"@id":"https:\/\/www.lediamant.ca\/en#website"},"primaryImageOfPage":{"@id":"https:\/\/www.lediamant.ca\/en\/mission#primaryimage"},"image":{"@id":"https:\/\/www.lediamant.ca\/en\/mission#primaryimage"},"thumbnailUrl":"https:\/\/www.lediamant.ca\/wp-content\/uploads\/2023\/05\/Batiment-2-StephaneGroleau-Banniere-scaled.jpg","datePublished":"2023-04-27T22:46:43+00:00","dateModified":"2025-08-29T18:14:01+00:00","description":"Le projet a \u00e9t\u00e9 port\u00e9 par Robert Lepage et Lynda Beaulieu, cofondateurs, puis par de pr\u00e9cieux partenaires publics et priv\u00e9s.","breadcrumb":{"@id":"https:\/\/www.lediamant.ca\/en\/mission#breadcrumb"},"inLanguage":"en-US","potentialAction":[{"@type":"ReadAction","target":["https:\/\/www.lediamant.ca\/en\/mission"]}]},{"@type":"ImageObject","inLanguage":"en-US","@id":"https:\/\/www.lediamant.ca\/en\/mission#primaryimage","url":"https:\/\/www.lediamant.ca\/wp-content\/uploads\/2023\/05\/Batiment-2-StephaneGroleau-Banniere-scaled.jpg","contentUrl":"https:\/\/www.lediamant.ca\/wp-content\/uploads\/2023\/05\/Batiment-2-StephaneGroleau-Banniere-scaled.jpg","width":2560,"height":989,"caption":"Photo \u2014 St\u00e9phane Groleau"},{"@type":"BreadcrumbList","@id":"https:\/\/www.lediamant.ca\/en\/mission#breadcrumb","itemListElement":[{"@type":"ListItem","position":1,"name":"Accueil","item":"https:\/\/www.lediamant.ca\/en"},{"@type":"ListItem","position":2,"name":"The Mission"}]},{"@type":"WebSite","@id":"https:\/\/www.lediamant.ca\/en#website","url":"https:\/\/www.lediamant.ca\/en","name":"Le Diamant","description":"Salle de spectacle situ\u00e9e \u00e0 place D&#039;Youville, Qu\u00e9bec (Canada). D\u00e9couvrez notre programmation.","publisher":{"@id":"https:\/\/www.lediamant.ca\/en#organization"},"potentialAction":[{"@type":"SearchAction","target":{"@type":"EntryPoint","urlTemplate":"https:\/\/www.lediamant.ca\/en?s={search_term_string}"},"query-input":{"@type":"PropertyValueSpecification","valueRequired":true,"valueName":"search_term_string"}}],"inLanguage":"en-US"},{"@type":"Organization","@id":"https:\/\/www.lediamant.ca\/en#organization","name":"Le Diamant","url":"https:\/\/www.lediamant.ca\/en","logo":{"@type":"ImageObject","inLanguage":"en-US","@id":"https:\/\/www.lediamant.ca\/en#\/schema\/logo\/image\/","url":"https:\/\/www.lediamant.ca\/wp-content\/uploads\/2023\/05\/le-diamant-logo.png","contentUrl":"https:\/\/www.lediamant.ca\/wp-content\/uploads\/2023\/05\/le-diamant-logo.png","width":1000,"height":750,"caption":"Le Diamant"},"image":{"@id":"https:\/\/www.lediamant.ca\/en#\/schema\/logo\/image\/"},"sameAs":["https:\/\/www.facebook.com\/lediamantqc\/","https:\/\/x.com\/lediamant_qc"]}]}},"_links":{"self":[{"href":"https:\/\/www.lediamant.ca\/en\/wp-json\/wp\/v2\/pages\/5389","targetHints":{"allow":["GET"]}}],"collection":[{"href":"https:\/\/www.lediamant.ca\/en\/wp-json\/wp\/v2\/pages"}],"about":[{"href":"https:\/\/www.lediamant.ca\/en\/wp-json\/wp\/v2\/types\/page"}],"author":[{"embeddable":true,"href":"https:\/\/www.lediamant.ca\/en\/wp-json\/wp\/v2\/users\/2"}],"replies":[{"embeddable":true,"href":"https:\/\/www.lediamant.ca\/en\/wp-json\/wp\/v2\/comments?post=5389"}],"version-history":[{"count":12,"href":"https:\/\/www.lediamant.ca\/en\/wp-json\/wp\/v2\/pages\/5389\/revisions"}],"predecessor-version":[{"id":18986,"href":"https:\/\/www.lediamant.ca\/en\/wp-json\/wp\/v2\/pages\/5389\/revisions\/18986"}],"wp:featuredmedia":[{"embeddable":true,"href":"https:\/\/www.lediamant.ca\/en\/wp-json\/wp\/v2\/media\/1966"}],"wp:attachment":[{"href":"https:\/\/www.lediamant.ca\/en\/wp-json\/wp\/v2\/media?parent=5389"}],"curies":[{"name":"wp","href":"https:\/\/api.w.org\/{rel}","templated":true}]}}