{"id":4290,"date":"2023-05-03T15:27:04","date_gmt":"2023-05-03T19:27:04","guid":{"rendered":"https:\/\/www.lediamant.ca\/guide-utilisation-mon-compte"},"modified":"2024-02-01T17:48:04","modified_gmt":"2024-02-01T21:48:04","slug":"user-guide-my-account","status":"publish","type":"page","link":"https:\/\/www.lediamant.ca\/en\/box-office\/user-guide-my-account","title":{"rendered":"User Guide for My Account"},"content":{"rendered":"<div class=\"item wysiwyg component-paragraph\" >\n<p>The <strong>My Account<\/strong> portal allows you to access a wealth of information about your transactions at Le Diamant, your purchased tickets and the credit available on your account. You can create your account when you make your first online purchase.<\/p>\n<\/div>\n\n<div class=\"item wysiwyg component-paragraph\" >\n<p>After completing your transaction, you will receive an email with the subject \u201cYour purchase confirmation \u2013 001-000X XXXX.\u201d After that, by following the steps below, you will be able to connect to your account and find your order history.&nbsp;<\/p>\n<\/div>\n\n<div class=\"item wysiwyg component-heading\" >\n<h3 class=\"wp-block-heading\">1 \u2014 Connect to \u201c<strong>My Account<\/strong>\u201d<\/h3>\n<\/div>\n\n<div class=\"item component-spacer\" ><div class=\"container\">\n<div style=\"height:30px\" aria-hidden=\"true\" class=\"wp-block-spacer\"><\/div>\n<\/div><\/div>\n\n<div class=\"item component-columns\">\n<div class=\"wp-block-columns is-layout-flex wp-container-core-columns-is-layout-9d6595d7 wp-block-columns-is-layout-flex\">\n<div class=\"wp-block-column is-layout-flow wp-block-column-is-layout-flow\" style=\"flex-basis:50%\"><div class=\"item wysiwyg component-image\" >\n<figure class=\"wp-block-image size-large\"><img decoding=\"async\" width=\"1024\" height=\"733\" src=\"https:\/\/www.lediamant.ca\/wp-content\/uploads\/2024\/02\/Connexion_EN_Home-1024x733.jpg\" alt=\"\" class=\"wp-image-8877\"\/ loading=\"lazy\" srcset=\"https:\/\/www.lediamant.ca\/wp-content\/uploads\/2024\/02\/Connexion_EN_Home-1024x733.jpg 1024w, https:\/\/www.lediamant.ca\/wp-content\/uploads\/2024\/02\/Connexion_EN_Home-700x501.jpg 700w, https:\/\/www.lediamant.ca\/wp-content\/uploads\/2024\/02\/Connexion_EN_Home-768x550.jpg 768w, https:\/\/www.lediamant.ca\/wp-content\/uploads\/2024\/02\/Connexion_EN_Home-1536x1100.jpg 1536w, https:\/\/www.lediamant.ca\/wp-content\/uploads\/2024\/02\/Connexion_EN_Home-2048x1466.jpg 2048w, https:\/\/www.lediamant.ca\/wp-content\/uploads\/2024\/02\/Connexion_EN_Home-400x286.jpg 400w\" sizes=\"auto, (max-width: 1024px) 100vw, 1024px\" \/><\/figure>\n<\/div><\/div>\n\n\n\n<div class=\"wp-block-column is-layout-flow wp-block-column-is-layout-flow\" style=\"flex-basis:50%\"><div class=\"item wysiwyg component-paragraph\" >\n<p>From the main menu on the home page, click on \u201c<strong><a href=\"https:\/\/moncompte.lediamant.ca\/?lang=en\">My Account<\/a><\/strong>,\u201d located in the upper right corner of the page.<\/p>\n<\/div>\n\n<div class=\"item wysiwyg component-paragraph\" >\n<p>If you are on a mobile device, click on the three horizontal bars in the upper right corner of the page, and then select \u201c<strong><a href=\"https:\/\/moncompte.lediamant.ca\/?lang=en\">My Account<\/a><\/strong>\u201d at the very bottom.<\/p>\n<\/div><\/div>\n<\/div>\n<\/div>\n\n<div class=\"item wysiwyg component-heading\" >\n<h3 class=\"wp-block-heading\">2 \u2014 Welcome to Your Portal<\/h3>\n<\/div>\n\n<div class=\"item component-spacer\" ><div class=\"container\">\n<div style=\"height:32px\" aria-hidden=\"true\" class=\"wp-block-spacer\"><\/div>\n<\/div><\/div>\n\n<div class=\"item component-columns\">\n<div class=\"wp-block-columns is-layout-flex wp-container-core-columns-is-layout-9d6595d7 wp-block-columns-is-layout-flex\">\n<div class=\"wp-block-column is-layout-flow wp-block-column-is-layout-flow\" style=\"flex-basis:50%\"><div class=\"item wysiwyg component-image\" >\n<figure class=\"wp-block-image size-large\"><img decoding=\"async\" width=\"1024\" height=\"752\" src=\"https:\/\/www.lediamant.ca\/wp-content\/uploads\/2024\/02\/Connexion_EN_Connexion-1024x752.jpg\" alt=\"\" class=\"wp-image-8905\"\/ loading=\"lazy\" srcset=\"https:\/\/www.lediamant.ca\/wp-content\/uploads\/2024\/02\/Connexion_EN_Connexion-1024x752.jpg 1024w, https:\/\/www.lediamant.ca\/wp-content\/uploads\/2024\/02\/Connexion_EN_Connexion-700x514.jpg 700w, https:\/\/www.lediamant.ca\/wp-content\/uploads\/2024\/02\/Connexion_EN_Connexion-768x564.jpg 768w, https:\/\/www.lediamant.ca\/wp-content\/uploads\/2024\/02\/Connexion_EN_Connexion-1536x1128.jpg 1536w, https:\/\/www.lediamant.ca\/wp-content\/uploads\/2024\/02\/Connexion_EN_Connexion-2048x1504.jpg 2048w, https:\/\/www.lediamant.ca\/wp-content\/uploads\/2024\/02\/Connexion_EN_Connexion-400x294.jpg 400w\" sizes=\"auto, (max-width: 1024px) 100vw, 1024px\" \/><\/figure>\n<\/div><\/div>\n\n\n\n<div class=\"wp-block-column is-layout-flow wp-block-column-is-layout-flow\" style=\"flex-basis:50%\"><div class=\"item wysiwyg component-paragraph\" >\n<p>If it\u2019s your first time to connect to this portal:<\/p>\n<\/div>\n\n<div class=\"item wysiwyg component-list\" >\n<ul class=\"wp-block-list\">\n<li>Click on \u201c<strong>First Time User?<\/strong>\u201d to activate your account, and you will be redirected to the second window.<\/li>\n<\/ul>\n<\/div>\n\n<div class=\"item wysiwyg component-paragraph\" >\n<p>If you are a regular, enter the email you used for the transaction and your usual password, and then proceed to Step 3.<\/p>\n<\/div><\/div>\n<\/div>\n<\/div>\n\n<div class=\"item component-columns\">\n<div class=\"wp-block-columns is-layout-flex wp-container-core-columns-is-layout-9d6595d7 wp-block-columns-is-layout-flex\">\n<div class=\"wp-block-column is-layout-flow wp-block-column-is-layout-flow\" style=\"flex-basis:50%\"><div class=\"item wysiwyg component-image\" >\n<figure class=\"wp-block-image size-large\"><img decoding=\"async\" width=\"1024\" height=\"752\" src=\"https:\/\/www.lediamant.ca\/wp-content\/uploads\/2024\/02\/Connexion_EN_Inscription-1024x752.jpg\" alt=\"\" class=\"wp-image-8901\"\/ loading=\"lazy\" srcset=\"https:\/\/www.lediamant.ca\/wp-content\/uploads\/2024\/02\/Connexion_EN_Inscription-1024x752.jpg 1024w, https:\/\/www.lediamant.ca\/wp-content\/uploads\/2024\/02\/Connexion_EN_Inscription-700x514.jpg 700w, https:\/\/www.lediamant.ca\/wp-content\/uploads\/2024\/02\/Connexion_EN_Inscription-768x564.jpg 768w, https:\/\/www.lediamant.ca\/wp-content\/uploads\/2024\/02\/Connexion_EN_Inscription-1536x1128.jpg 1536w, https:\/\/www.lediamant.ca\/wp-content\/uploads\/2024\/02\/Connexion_EN_Inscription-2048x1504.jpg 2048w, https:\/\/www.lediamant.ca\/wp-content\/uploads\/2024\/02\/Connexion_EN_Inscription-400x294.jpg 400w\" sizes=\"auto, (max-width: 1024px) 100vw, 1024px\" \/><\/figure>\n<\/div><\/div>\n\n\n\n<div class=\"wp-block-column is-layout-flow wp-block-column-is-layout-flow\" style=\"flex-basis:50%\"><div class=\"item wysiwyg component-paragraph\" >\n<p>Enter the email you used for the transaction.<\/p>\n<\/div><\/div>\n<\/div>\n<\/div>\n\n<div class=\"item component-columns\">\n<div class=\"wp-block-columns is-layout-flex wp-container-core-columns-is-layout-9d6595d7 wp-block-columns-is-layout-flex\">\n<div class=\"wp-block-column is-layout-flow wp-block-column-is-layout-flow\" style=\"flex-basis:50%\"><div class=\"item wysiwyg component-image\" >\n<figure class=\"wp-block-image size-large\"><img decoding=\"async\" width=\"1024\" height=\"752\" src=\"https:\/\/www.lediamant.ca\/wp-content\/uploads\/2024\/02\/Connexion_EN_Email-Sent-1024x752.jpg\" alt=\"\" class=\"wp-image-8897\"\/ loading=\"lazy\" srcset=\"https:\/\/www.lediamant.ca\/wp-content\/uploads\/2024\/02\/Connexion_EN_Email-Sent-1024x752.jpg 1024w, https:\/\/www.lediamant.ca\/wp-content\/uploads\/2024\/02\/Connexion_EN_Email-Sent-700x514.jpg 700w, https:\/\/www.lediamant.ca\/wp-content\/uploads\/2024\/02\/Connexion_EN_Email-Sent-768x564.jpg 768w, https:\/\/www.lediamant.ca\/wp-content\/uploads\/2024\/02\/Connexion_EN_Email-Sent-1536x1128.jpg 1536w, https:\/\/www.lediamant.ca\/wp-content\/uploads\/2024\/02\/Connexion_EN_Email-Sent-2048x1504.jpg 2048w, https:\/\/www.lediamant.ca\/wp-content\/uploads\/2024\/02\/Connexion_EN_Email-Sent-400x294.jpg 400w\" sizes=\"auto, (max-width: 1024px) 100vw, 1024px\" \/><\/figure>\n<\/div><\/div>\n\n\n\n<div class=\"wp-block-column is-layout-flow wp-block-column-is-layout-flow\" style=\"flex-basis:50%\"><div class=\"item wysiwyg component-paragraph\" >\n<p>Click on \u201c<strong>Send the Email<\/strong>.\u201d To create your password, follow the instructions you will receive in your inbox.<\/p>\n<\/div><\/div>\n<\/div>\n<\/div>\n\n<div class=\"item wysiwyg component-heading\" >\n<h3 class=\"wp-block-heading\">3 \u2014 Once In  \u201c<strong>My Account<\/strong>\u201d (Dashboard)<\/h3>\n<\/div>\n\n<div class=\"item component-spacer\" ><div class=\"container\">\n<div style=\"height:30px\" aria-hidden=\"true\" class=\"wp-block-spacer\"><\/div>\n<\/div><\/div>\n\n<div class=\"item component-columns\">\n<div class=\"wp-block-columns is-layout-flex wp-container-core-columns-is-layout-9d6595d7 wp-block-columns-is-layout-flex\">\n<div class=\"wp-block-column is-layout-flow wp-block-column-is-layout-flow\" style=\"flex-basis:50%\"><div class=\"item wysiwyg component-image\" >\n<figure class=\"wp-block-image size-large\"><img decoding=\"async\" width=\"1024\" height=\"752\" src=\"https:\/\/www.lediamant.ca\/wp-content\/uploads\/2024\/02\/Connexion_EN_Dashboard-1024x752.jpg\" alt=\"\" class=\"wp-image-8893\"\/ loading=\"lazy\" srcset=\"https:\/\/www.lediamant.ca\/wp-content\/uploads\/2024\/02\/Connexion_EN_Dashboard-1024x752.jpg 1024w, https:\/\/www.lediamant.ca\/wp-content\/uploads\/2024\/02\/Connexion_EN_Dashboard-700x514.jpg 700w, https:\/\/www.lediamant.ca\/wp-content\/uploads\/2024\/02\/Connexion_EN_Dashboard-768x564.jpg 768w, https:\/\/www.lediamant.ca\/wp-content\/uploads\/2024\/02\/Connexion_EN_Dashboard-1536x1128.jpg 1536w, https:\/\/www.lediamant.ca\/wp-content\/uploads\/2024\/02\/Connexion_EN_Dashboard-2048x1504.jpg 2048w, https:\/\/www.lediamant.ca\/wp-content\/uploads\/2024\/02\/Connexion_EN_Dashboard-400x294.jpg 400w\" sizes=\"auto, (max-width: 1024px) 100vw, 1024px\" \/><\/figure>\n<\/div><\/div>\n\n\n\n<div class=\"wp-block-column is-layout-flow wp-block-column-is-layout-flow\" style=\"flex-basis:50%\"><div class=\"item wysiwyg component-paragraph\" >\n<p>Access your events from the dashboard, under \u201c<strong>Upcoming Events<\/strong>\u201d or by clicking on \u201c<strong>Events<\/strong>\u201d in the menu on the left.<\/p>\n<\/div><\/div>\n<\/div>\n<\/div>\n\n<div class=\"item wysiwyg component-heading\" >\n<h3 class=\"wp-block-heading\">4 \u2014 Your Events<\/h3>\n<\/div>\n\n<div class=\"item component-spacer\" ><div class=\"container\">\n<div style=\"height:30px\" aria-hidden=\"true\" class=\"wp-block-spacer\"><\/div>\n<\/div><\/div>\n\n<div class=\"item component-columns\">\n<div class=\"wp-block-columns is-layout-flex wp-container-core-columns-is-layout-9d6595d7 wp-block-columns-is-layout-flex\">\n<div class=\"wp-block-column is-layout-flow wp-block-column-is-layout-flow\" style=\"flex-basis:50%\"><div class=\"item wysiwyg component-image\" >\n<figure class=\"wp-block-image size-large\"><img decoding=\"async\" width=\"1024\" height=\"752\" src=\"https:\/\/www.lediamant.ca\/wp-content\/uploads\/2024\/02\/Connexion_EN_Events-1024x752.jpg\" alt=\"\" class=\"wp-image-8889\"\/ loading=\"lazy\" srcset=\"https:\/\/www.lediamant.ca\/wp-content\/uploads\/2024\/02\/Connexion_EN_Events-1024x752.jpg 1024w, https:\/\/www.lediamant.ca\/wp-content\/uploads\/2024\/02\/Connexion_EN_Events-700x514.jpg 700w, https:\/\/www.lediamant.ca\/wp-content\/uploads\/2024\/02\/Connexion_EN_Events-768x564.jpg 768w, https:\/\/www.lediamant.ca\/wp-content\/uploads\/2024\/02\/Connexion_EN_Events-1536x1128.jpg 1536w, https:\/\/www.lediamant.ca\/wp-content\/uploads\/2024\/02\/Connexion_EN_Events-2048x1504.jpg 2048w, https:\/\/www.lediamant.ca\/wp-content\/uploads\/2024\/02\/Connexion_EN_Events-400x294.jpg 400w\" sizes=\"auto, (max-width: 1024px) 100vw, 1024px\" \/><\/figure>\n<\/div><\/div>\n\n\n\n<div class=\"wp-block-column is-layout-flow wp-block-column-is-layout-flow\" style=\"flex-basis:50%\"><div class=\"item wysiwyg component-paragraph\" >\n<p>In this section, you can see all your upcoming events and your past events.<\/p>\n<\/div>\n\n<div class=\"item wysiwyg component-paragraph\" >\n<p>You can also offer the show to a loved one by clicking on \u201c<strong>Transfer<\/strong>.\u201d<\/p>\n<\/div><\/div>\n<\/div>\n<\/div>\n\n<div class=\"item wysiwyg component-heading\" >\n<h3 class=\"wp-block-heading\">5 \u2014 My Account<\/h3>\n<\/div>\n\n<div class=\"item component-columns\">\n<div class=\"wp-block-columns is-layout-flex wp-container-core-columns-is-layout-9d6595d7 wp-block-columns-is-layout-flex\">\n<div class=\"wp-block-column is-layout-flow wp-block-column-is-layout-flow\" style=\"flex-basis:50%\"><div class=\"item wysiwyg component-image\" >\n<figure class=\"wp-block-image size-large\"><img decoding=\"async\" width=\"1024\" height=\"752\" src=\"https:\/\/www.lediamant.ca\/wp-content\/uploads\/2024\/02\/Connexion_EN_Account-1024x752.jpg\" alt=\"\" class=\"wp-image-8910\"\/ loading=\"lazy\" srcset=\"https:\/\/www.lediamant.ca\/wp-content\/uploads\/2024\/02\/Connexion_EN_Account-1024x752.jpg 1024w, https:\/\/www.lediamant.ca\/wp-content\/uploads\/2024\/02\/Connexion_EN_Account-700x514.jpg 700w, https:\/\/www.lediamant.ca\/wp-content\/uploads\/2024\/02\/Connexion_EN_Account-768x564.jpg 768w, https:\/\/www.lediamant.ca\/wp-content\/uploads\/2024\/02\/Connexion_EN_Account-1536x1128.jpg 1536w, https:\/\/www.lediamant.ca\/wp-content\/uploads\/2024\/02\/Connexion_EN_Account-2048x1504.jpg 2048w, https:\/\/www.lediamant.ca\/wp-content\/uploads\/2024\/02\/Connexion_EN_Account-400x294.jpg 400w\" sizes=\"auto, (max-width: 1024px) 100vw, 1024px\" \/><\/figure>\n<\/div><\/div>\n\n\n\n<div class=\"wp-block-column is-layout-flow wp-block-column-is-layout-flow\" style=\"flex-basis:50%\"><div class=\"item wysiwyg component-paragraph\" >\n<p>In the <strong>My Account<\/strong> section, you will find information on your account and the amount of credit in your account. You can also modify your password and your preferences.<\/p>\n<\/div><\/div>\n<\/div>\n<\/div>\n\n<div class=\"item component-spacer\" ><div class=\"container\">\n<div style=\"height:100px\" aria-hidden=\"true\" class=\"wp-block-spacer\"><\/div>\n<\/div><\/div>","protected":false},"excerpt":{"rendered":"The My Account portal allows you to access a wealth of information about your transactions at Le Diamant, your purchased tickets and the credit available on your account. You can create your account when you make your first online purchase. After completing your transaction, you will receive an email with the subject \u201cYour purchase confirmation [&hellip;]","protected":false},"author":2,"featured_media":1966,"parent":8539,"menu_order":0,"comment_status":"closed","ping_status":"closed","template":"","meta":{"_acf_changed":false,"footnotes":""},"class_list":["post-4290","page","type-page","status-publish","has-post-thumbnail","hentry"],"acf":[],"yoast_head":"<!-- This site is optimized with the Yoast SEO plugin v26.5 - https:\/\/yoast.com\/wordpress\/plugins\/seo\/ -->\n<title>User Guide for My Account - Le Diamant<\/title>\n<meta name=\"description\" content=\"Le portail Mon compte vous permet d\u2019avoir acc\u00e8s \u00e0 une foule d\u2019informations sur vos transactions avec Le Diamant.\" \/>\n<meta name=\"robots\" content=\"index, follow, max-snippet:-1, max-image-preview:large, max-video-preview:-1\" \/>\n<link rel=\"canonical\" href=\"https:\/\/www.lediamant.ca\/en\/box-office\/user-guide-my-account\" \/>\n<meta property=\"og:locale\" content=\"en_US\" \/>\n<meta property=\"og:type\" content=\"article\" \/>\n<meta property=\"og:title\" content=\"Guide d&#039;utilisation \u00e0 mon compte | Le Diamant\" \/>\n<meta property=\"og:description\" content=\"Le portail Mon compte vous permet d\u2019avoir acc\u00e8s \u00e0 une foule d\u2019informations sur vos transactions avec Le Diamant\" \/>\n<meta property=\"og:url\" content=\"https:\/\/www.lediamant.ca\/en\/box-office\/user-guide-my-account\" \/>\n<meta property=\"og:site_name\" content=\"Le Diamant\" \/>\n<meta property=\"article:publisher\" content=\"https:\/\/www.facebook.com\/lediamantqc\/\" \/>\n<meta property=\"article:modified_time\" content=\"2024-02-01T21:48:04+00:00\" \/>\n<meta property=\"og:image\" content=\"https:\/\/www.lediamant.ca\/wp-content\/uploads\/2023\/05\/Le-Diamant-opengraph.jpeg\" \/>\n\t<meta property=\"og:image:width\" content=\"1200\" \/>\n\t<meta property=\"og:image:height\" content=\"630\" \/>\n\t<meta property=\"og:image:type\" content=\"image\/jpeg\" \/>\n<meta name=\"twitter:card\" content=\"summary_large_image\" \/>\n<meta name=\"twitter:site\" content=\"@lediamant_qc\" \/>\n<meta name=\"twitter:label1\" content=\"Est. reading time\" \/>\n\t<meta name=\"twitter:data1\" content=\"3 minutes\" \/>\n<script type=\"application\/ld+json\" class=\"yoast-schema-graph\">{\"@context\":\"https:\/\/schema.org\",\"@graph\":[{\"@type\":\"WebPage\",\"@id\":\"https:\/\/www.lediamant.ca\/en\/box-office\/user-guide-my-account\",\"url\":\"https:\/\/www.lediamant.ca\/en\/box-office\/user-guide-my-account\",\"name\":\"User Guide for My Account - Le Diamant\",\"isPartOf\":{\"@id\":\"https:\/\/www.lediamant.ca\/en#website\"},\"primaryImageOfPage\":{\"@id\":\"https:\/\/www.lediamant.ca\/en\/box-office\/user-guide-my-account#primaryimage\"},\"image\":{\"@id\":\"https:\/\/www.lediamant.ca\/en\/box-office\/user-guide-my-account#primaryimage\"},\"thumbnailUrl\":\"https:\/\/www.lediamant.ca\/wp-content\/uploads\/2023\/05\/Batiment-2-StephaneGroleau-Banniere-scaled.jpg\",\"datePublished\":\"2023-05-03T19:27:04+00:00\",\"dateModified\":\"2024-02-01T21:48:04+00:00\",\"description\":\"Le portail Mon compte vous permet d\u2019avoir acc\u00e8s \u00e0 une foule d\u2019informations sur vos transactions avec Le Diamant.\",\"breadcrumb\":{\"@id\":\"https:\/\/www.lediamant.ca\/en\/box-office\/user-guide-my-account#breadcrumb\"},\"inLanguage\":\"en-US\",\"potentialAction\":[{\"@type\":\"ReadAction\",\"target\":[\"https:\/\/www.lediamant.ca\/en\/box-office\/user-guide-my-account\"]}]},{\"@type\":\"ImageObject\",\"inLanguage\":\"en-US\",\"@id\":\"https:\/\/www.lediamant.ca\/en\/box-office\/user-guide-my-account#primaryimage\",\"url\":\"https:\/\/www.lediamant.ca\/wp-content\/uploads\/2023\/05\/Batiment-2-StephaneGroleau-Banniere-scaled.jpg\",\"contentUrl\":\"https:\/\/www.lediamant.ca\/wp-content\/uploads\/2023\/05\/Batiment-2-StephaneGroleau-Banniere-scaled.jpg\",\"width\":2560,\"height\":989,\"caption\":\"Photo \u2014 St\u00e9phane Groleau\"},{\"@type\":\"BreadcrumbList\",\"@id\":\"https:\/\/www.lediamant.ca\/en\/box-office\/user-guide-my-account#breadcrumb\",\"itemListElement\":[{\"@type\":\"ListItem\",\"position\":1,\"name\":\"Accueil\",\"item\":\"https:\/\/www.lediamant.ca\/en\"},{\"@type\":\"ListItem\",\"position\":2,\"name\":\"Box Office Info\",\"item\":\"https:\/\/www.lediamant.ca\/en\/box-office\"},{\"@type\":\"ListItem\",\"position\":3,\"name\":\"User Guide for My Account\"}]},{\"@type\":\"WebSite\",\"@id\":\"https:\/\/www.lediamant.ca\/en#website\",\"url\":\"https:\/\/www.lediamant.ca\/en\",\"name\":\"Le Diamant\",\"description\":\"Salle de spectacle situ\u00e9e \u00e0 place D&#039;Youville, Qu\u00e9bec (Canada). D\u00e9couvrez notre programmation.\",\"publisher\":{\"@id\":\"https:\/\/www.lediamant.ca\/en#organization\"},\"potentialAction\":[{\"@type\":\"SearchAction\",\"target\":{\"@type\":\"EntryPoint\",\"urlTemplate\":\"https:\/\/www.lediamant.ca\/en?s={search_term_string}\"},\"query-input\":{\"@type\":\"PropertyValueSpecification\",\"valueRequired\":true,\"valueName\":\"search_term_string\"}}],\"inLanguage\":\"en-US\"},{\"@type\":\"Organization\",\"@id\":\"https:\/\/www.lediamant.ca\/en#organization\",\"name\":\"Le Diamant\",\"url\":\"https:\/\/www.lediamant.ca\/en\",\"logo\":{\"@type\":\"ImageObject\",\"inLanguage\":\"en-US\",\"@id\":\"https:\/\/www.lediamant.ca\/en#\/schema\/logo\/image\/\",\"url\":\"https:\/\/www.lediamant.ca\/wp-content\/uploads\/2023\/05\/le-diamant-logo.png\",\"contentUrl\":\"https:\/\/www.lediamant.ca\/wp-content\/uploads\/2023\/05\/le-diamant-logo.png\",\"width\":1000,\"height\":750,\"caption\":\"Le Diamant\"},\"image\":{\"@id\":\"https:\/\/www.lediamant.ca\/en#\/schema\/logo\/image\/\"},\"sameAs\":[\"https:\/\/www.facebook.com\/lediamantqc\/\",\"https:\/\/x.com\/lediamant_qc\"]}]}<\/script>\n<!-- \/ Yoast SEO plugin. -->","yoast_head_json":{"title":"User Guide for My Account - Le Diamant","description":"Le portail Mon compte vous permet d\u2019avoir acc\u00e8s \u00e0 une foule d\u2019informations sur vos transactions avec Le Diamant.","robots":{"index":"index","follow":"follow","max-snippet":"max-snippet:-1","max-image-preview":"max-image-preview:large","max-video-preview":"max-video-preview:-1"},"canonical":"https:\/\/www.lediamant.ca\/en\/box-office\/user-guide-my-account","og_locale":"en_US","og_type":"article","og_title":"Guide d'utilisation \u00e0 mon compte | Le Diamant","og_description":"Le portail Mon compte vous permet d\u2019avoir acc\u00e8s \u00e0 une foule d\u2019informations sur vos transactions avec Le Diamant","og_url":"https:\/\/www.lediamant.ca\/en\/box-office\/user-guide-my-account","og_site_name":"Le Diamant","article_publisher":"https:\/\/www.facebook.com\/lediamantqc\/","article_modified_time":"2024-02-01T21:48:04+00:00","og_image":[{"width":1200,"height":630,"url":"https:\/\/www.lediamant.ca\/wp-content\/uploads\/2023\/05\/Le-Diamant-opengraph.jpeg","type":"image\/jpeg"}],"twitter_card":"summary_large_image","twitter_site":"@lediamant_qc","twitter_misc":{"Est. reading time":"3 minutes"},"schema":{"@context":"https:\/\/schema.org","@graph":[{"@type":"WebPage","@id":"https:\/\/www.lediamant.ca\/en\/box-office\/user-guide-my-account","url":"https:\/\/www.lediamant.ca\/en\/box-office\/user-guide-my-account","name":"User Guide for My Account - Le Diamant","isPartOf":{"@id":"https:\/\/www.lediamant.ca\/en#website"},"primaryImageOfPage":{"@id":"https:\/\/www.lediamant.ca\/en\/box-office\/user-guide-my-account#primaryimage"},"image":{"@id":"https:\/\/www.lediamant.ca\/en\/box-office\/user-guide-my-account#primaryimage"},"thumbnailUrl":"https:\/\/www.lediamant.ca\/wp-content\/uploads\/2023\/05\/Batiment-2-StephaneGroleau-Banniere-scaled.jpg","datePublished":"2023-05-03T19:27:04+00:00","dateModified":"2024-02-01T21:48:04+00:00","description":"Le portail Mon compte vous permet d\u2019avoir acc\u00e8s \u00e0 une foule d\u2019informations sur vos transactions avec Le Diamant.","breadcrumb":{"@id":"https:\/\/www.lediamant.ca\/en\/box-office\/user-guide-my-account#breadcrumb"},"inLanguage":"en-US","potentialAction":[{"@type":"ReadAction","target":["https:\/\/www.lediamant.ca\/en\/box-office\/user-guide-my-account"]}]},{"@type":"ImageObject","inLanguage":"en-US","@id":"https:\/\/www.lediamant.ca\/en\/box-office\/user-guide-my-account#primaryimage","url":"https:\/\/www.lediamant.ca\/wp-content\/uploads\/2023\/05\/Batiment-2-StephaneGroleau-Banniere-scaled.jpg","contentUrl":"https:\/\/www.lediamant.ca\/wp-content\/uploads\/2023\/05\/Batiment-2-StephaneGroleau-Banniere-scaled.jpg","width":2560,"height":989,"caption":"Photo \u2014 St\u00e9phane Groleau"},{"@type":"BreadcrumbList","@id":"https:\/\/www.lediamant.ca\/en\/box-office\/user-guide-my-account#breadcrumb","itemListElement":[{"@type":"ListItem","position":1,"name":"Accueil","item":"https:\/\/www.lediamant.ca\/en"},{"@type":"ListItem","position":2,"name":"Box Office Info","item":"https:\/\/www.lediamant.ca\/en\/box-office"},{"@type":"ListItem","position":3,"name":"User Guide for My Account"}]},{"@type":"WebSite","@id":"https:\/\/www.lediamant.ca\/en#website","url":"https:\/\/www.lediamant.ca\/en","name":"Le Diamant","description":"Salle de spectacle situ\u00e9e \u00e0 place D&#039;Youville, Qu\u00e9bec (Canada). D\u00e9couvrez notre programmation.","publisher":{"@id":"https:\/\/www.lediamant.ca\/en#organization"},"potentialAction":[{"@type":"SearchAction","target":{"@type":"EntryPoint","urlTemplate":"https:\/\/www.lediamant.ca\/en?s={search_term_string}"},"query-input":{"@type":"PropertyValueSpecification","valueRequired":true,"valueName":"search_term_string"}}],"inLanguage":"en-US"},{"@type":"Organization","@id":"https:\/\/www.lediamant.ca\/en#organization","name":"Le Diamant","url":"https:\/\/www.lediamant.ca\/en","logo":{"@type":"ImageObject","inLanguage":"en-US","@id":"https:\/\/www.lediamant.ca\/en#\/schema\/logo\/image\/","url":"https:\/\/www.lediamant.ca\/wp-content\/uploads\/2023\/05\/le-diamant-logo.png","contentUrl":"https:\/\/www.lediamant.ca\/wp-content\/uploads\/2023\/05\/le-diamant-logo.png","width":1000,"height":750,"caption":"Le Diamant"},"image":{"@id":"https:\/\/www.lediamant.ca\/en#\/schema\/logo\/image\/"},"sameAs":["https:\/\/www.facebook.com\/lediamantqc\/","https:\/\/x.com\/lediamant_qc"]}]}},"_links":{"self":[{"href":"https:\/\/www.lediamant.ca\/en\/wp-json\/wp\/v2\/pages\/4290","targetHints":{"allow":["GET"]}}],"collection":[{"href":"https:\/\/www.lediamant.ca\/en\/wp-json\/wp\/v2\/pages"}],"about":[{"href":"https:\/\/www.lediamant.ca\/en\/wp-json\/wp\/v2\/types\/page"}],"author":[{"embeddable":true,"href":"https:\/\/www.lediamant.ca\/en\/wp-json\/wp\/v2\/users\/2"}],"replies":[{"embeddable":true,"href":"https:\/\/www.lediamant.ca\/en\/wp-json\/wp\/v2\/comments?post=4290"}],"version-history":[{"count":5,"href":"https:\/\/www.lediamant.ca\/en\/wp-json\/wp\/v2\/pages\/4290\/revisions"}],"predecessor-version":[{"id":8914,"href":"https:\/\/www.lediamant.ca\/en\/wp-json\/wp\/v2\/pages\/4290\/revisions\/8914"}],"up":[{"embeddable":true,"href":"https:\/\/www.lediamant.ca\/en\/wp-json\/wp\/v2\/pages\/8539"}],"wp:featuredmedia":[{"embeddable":true,"href":"https:\/\/www.lediamant.ca\/en\/wp-json\/wp\/v2\/media\/1966"}],"wp:attachment":[{"href":"https:\/\/www.lediamant.ca\/en\/wp-json\/wp\/v2\/media?parent=4290"}],"curies":[{"name":"wp","href":"https:\/\/api.w.org\/{rel}","templated":true}]}}